{"id":17464,"date":"2022-01-17T02:03:32","date_gmt":"2022-01-17T00:03:32","guid":{"rendered":"https:\/\/www.aosr.ro\/information-of-public-interest\/"},"modified":"2023-10-12T14:34:47","modified_gmt":"2023-10-12T11:34:47","slug":"information-of-public-interest","status":"publish","type":"page","link":"https:\/\/www.aosr.ro\/en\/information-of-public-interest\/","title":{"rendered":"Information of public interest"},"content":{"rendered":"<p>Law 544\/2001<\/p>\n<p><strong>Inform<\/strong><strong>\u00de<\/strong><strong>ie of public interest &#8211; any information<\/strong><strong>\u00de<\/strong><strong>ie regarding<\/strong><strong>et<\/strong><strong>activity<\/strong><strong>ACROSS<\/strong><strong>or results<\/strong><strong>complicated<\/strong><strong> from activity<\/strong><strong>ACROSS<\/strong><strong>of an authority<\/strong><strong>ACROSS<\/strong><strong>and public or instituted<\/strong><strong>\u00de<\/strong><strong>ii public, regardless of the medium or the form or manner of expression of information<\/strong><strong>\u00de<\/strong><strong>iei.<\/strong><\/p>\n<p><strong>Solving<\/strong> <strong>requests<\/strong> <strong>for<\/strong> <strong>information<\/strong> <strong>of<\/strong> <strong>public<\/strong> <strong>interest is done with<\/strong><strong> <\/strong><strong>compliance with the requirements<\/strong> of Law <strong>544\/2001<\/strong> <strong>, art. 6, paragraph 3:<\/strong><\/p>\n<p><em>3. The written request for information<\/em> <em>of<\/em> <em>public<\/em> <em>interest shall include<\/em> <em>the following:<\/em><br \/>\n <em>a) authority or institution<\/em><em>the public<\/em> <em>address<\/em> <em>to<\/em> which the <em>request<\/em> <em>is addressed<\/em> <em>;<\/em><br \/>\n <em>b) inform<\/em><em>\u0163<\/em><em>he asked<\/em><em>complicated<\/em><em>, so <\/em><em>t<\/em><em>nc<\/em><em>\u00e2<\/em><em>ts<\/em><em>complicated<\/em><em> allow<\/em><em>complicated<\/em><em> authorities<\/em><em>ACROSS<\/em><em>ii or institut<\/em><em>\u0163<\/em><em>take public identification information<\/em><em>\u0163<\/em><em>of public interest;<\/em><em><br \/>\nc) name, surname <\/em><em>and<\/em> <em>the signature<\/em> of the <em>applicant, as well as<\/em> <em>the<\/em> <em>address at which<\/em> <em>the<\/em> <em>reply<\/em> <em>is<\/em> <em>requested<\/em> <em>.<\/em><\/p>\n<p>Contact information Public Information:<\/p>\n<ul>\n<li>The person responsible for Law 544\/2001 Irina Pasvantu<\/li>\n<\/ul>\n<ul>\n<li>E-mail: informatiipublice@aosr.ro<\/li>\n<li>Phone: (031) 107. 06.59<\/li>\n<li>Address: str. Ilfov no. 3, sector 5, Bucharest<\/li>\n<\/ul>\n<p><em>Requests<\/em> <em>that<\/em> <em>do not<\/em> <em>fall<\/em> <em>within<\/em> the <em>specifics provided<\/em> <em>by Law<\/em> <em>544\/2001<\/em> <em>will<\/em> <em>be<\/em> <em>redirected<\/em> <em>.<\/em><em> <\/em><\/p>\n<p>formulation<\/p>\n<ul>\n<li>Application form for law 544\/2001<\/li>\n<li>Administrative complaint model I &#8211; negative answer<\/li>\n<li>Administrative complaint model II &#8211; not answered in time<\/li>\n<\/ul>\n<p><strong><br \/>\n<a href=\"https:\/\/www.aosr.ro\/raport-de-evaluare-legea-544\/\">Evaluation report Law 544<\/a><\/strong><\/p>\n<p><strong><a href=\"https:\/\/www.aosr.ro\/wp-content\/uploads\/2022\/06\/Model-AOSR-solicitare-legea-544-2001.doc\">Model AOSR request law 544-2001<\/a><\/strong><\/p>\n<p><strong><a href=\"https:\/\/www.aosr.ro\/wp-content\/uploads\/2022\/06\/Model-AOSR-reclamatie-administrativa-I-raspuns-negativ.doc\">Model AOSR administrative complaint I &#8211; negative reply<\/a><\/strong><\/p>\n<p><strong><a href=\"https:\/\/www.aosr.ro\/wp-content\/uploads\/2022\/06\/Model-AOSR-reclamatie-administrativa-II-nu-s-a-raspuns-in-termen.doc\">Model AOSR Administrative Complaint II &#8211; not replied within the deadline<\/a><\/strong><\/p>\n<p><strong><a href=\"https:\/\/www.aosr.ro\/executie\/\">Execution<\/a><\/strong><\/p>\n<p><strong><a href=\"https:\/\/www.aosr.ro\/paap\/\">PAAP<\/a><\/strong><\/p>\n<p><strong><a href=\"https:\/\/www.aosr.ro\/buget-3\/\">Budget<\/a><\/strong><\/p>\n<p><strong><a href=\"https:\/\/www.aosr.ro\/bilant\/\">Balance sheets<\/a><\/strong><\/p>\n<p><strong><a href=\"https:\/\/www.aosr.ro\/achizitii\/\">Public procurement<\/a><\/strong><\/p>\n<p><strong><a href=\"https:\/\/www.aosr.ro\/declaratii-de-avere\/\">Wealth statements<\/a><\/strong><\/p>\n<p><strong><a href=\"https:\/\/www.aosr.ro\/lista-functiilor-personalului-platit-din-fonduri-publice\/\">List of staff positions paid from public funds<\/a><\/strong><\/p>\n<p><a href=\"https:\/\/www.aosr.ro\/wp-content\/uploads\/2022\/09\/Scan_20220928_115844-indemnizatie.pdf\"><strong>Membership allowance<\/strong><\/a><\/p>\n<p><a href=\"https:\/\/www.aosr.ro\/integritate-institutionala\/\"><strong>Institutional integrity<\/strong><\/a><\/p>\n<p><strong><a href=\"https:\/\/www.aosr.ro\/wp-content\/uploads\/2019\/01\/nota-privind-protectia-datelor-cu-caracter-personal.pdf\">Information note on the protection of personal data<\/a><\/strong><\/p>\n","protected":false},"excerpt":{"rendered":"<p>Law 544\/2001 Inform\u00deie of public interest &#8211; any information\u00deie regardingetactivityACROSSor resultscomplicated from activityACROSSof an authorityACROSSand public or instituted\u00deii public, regardless of the medium or the form or manner of expression of information\u00deiei. Solving requests for information of public interest is done with compliance with the requirements of Law 544\/2001 , art. 6, paragraph 3: 3. [&hellip;]<\/p>\n","protected":false},"author":1,"featured_media":0,"parent":0,"menu_order":0,"comment_status":"closed","ping_status":"closed","template":"","meta":{"inline_featured_image":false,"footnotes":""},"class_list":["post-17464","page","type-page","status-publish"],"yoast_head":"<!-- This site is optimized with the Yoast SEO plugin v27.0 - https:\/\/yoast.com\/product\/yoast-seo-wordpress\/ -->\n<title>Information of public interest - The Academy of Romanian Scientists<\/title>\n<meta name=\"robots\" content=\"index, follow, max-snippet:-1, max-image-preview:large, max-video-preview:-1\" \/>\n<link rel=\"canonical\" href=\"https:\/\/www.aosr.ro\/en\/information-of-public-interest\/\" \/>\n<meta property=\"og:locale\" content=\"en_US\" \/>\n<meta property=\"og:type\" content=\"article\" \/>\n<meta property=\"og:title\" content=\"Information of public interest - The Academy of Romanian Scientists\" \/>\n<meta property=\"og:description\" content=\"Law 544\/2001 Inform\u00deie of public interest &#8211; any information\u00deie regardingetactivityACROSSor resultscomplicated from activityACROSSof an authorityACROSSand public or instituted\u00deii public, regardless of the medium or the form or manner of expression of information\u00deiei. Solving requests for information of public interest is done with compliance with the requirements of Law 544\/2001 , art. 6, paragraph 3: 3. [&hellip;]\" \/>\n<meta property=\"og:url\" content=\"https:\/\/www.aosr.ro\/en\/information-of-public-interest\/\" \/>\n<meta property=\"og:site_name\" content=\"The Academy of Romanian Scientists\" \/>\n<meta property=\"article:modified_time\" content=\"2023-10-12T11:34:47+00:00\" \/>\n<meta name=\"twitter:card\" content=\"summary_large_image\" \/>\n<meta name=\"twitter:label1\" content=\"Est. reading time\" \/>\n\t<meta name=\"twitter:data1\" content=\"1 minute\" \/>\n<script type=\"application\/ld+json\" class=\"yoast-schema-graph\">{\"@context\":\"https:\/\/schema.org\",\"@graph\":[{\"@type\":\"WebPage\",\"@id\":\"https:\/\/www.aosr.ro\/en\/information-of-public-interest\/\",\"url\":\"https:\/\/www.aosr.ro\/en\/information-of-public-interest\/\",\"name\":\"Information of public interest - The Academy of Romanian Scientists\",\"isPartOf\":{\"@id\":\"\/#website\"},\"datePublished\":\"2022-01-17T00:03:32+00:00\",\"dateModified\":\"2023-10-12T11:34:47+00:00\",\"breadcrumb\":{\"@id\":\"https:\/\/www.aosr.ro\/en\/information-of-public-interest\/#breadcrumb\"},\"inLanguage\":\"en-US\",\"potentialAction\":[{\"@type\":\"ReadAction\",\"target\":[\"https:\/\/www.aosr.ro\/en\/information-of-public-interest\/\"]}]},{\"@type\":\"BreadcrumbList\",\"@id\":\"https:\/\/www.aosr.ro\/en\/information-of-public-interest\/#breadcrumb\",\"itemListElement\":[{\"@type\":\"ListItem\",\"position\":1,\"name\":\"Home\",\"item\":\"https:\/\/www.aosr.ro\/en\/\"},{\"@type\":\"ListItem\",\"position\":2,\"name\":\"Information of public interest\"}]},{\"@type\":\"WebSite\",\"@id\":\"\/#website\",\"url\":\"\/\",\"name\":\"The Academy of Romanian Scientists\",\"description\":\"The Academy of Romanian Scientists | Official website of AOSR\",\"potentialAction\":[{\"@type\":\"SearchAction\",\"target\":{\"@type\":\"EntryPoint\",\"urlTemplate\":\"\/?s={search_term_string}\"},\"query-input\":{\"@type\":\"PropertyValueSpecification\",\"valueRequired\":true,\"valueName\":\"search_term_string\"}}],\"inLanguage\":\"en-US\"}]}<\/script>\n<!-- \/ Yoast SEO plugin. -->","yoast_head_json":{"title":"Information of public interest - The Academy of Romanian Scientists","robots":{"index":"index","follow":"follow","max-snippet":"max-snippet:-1","max-image-preview":"max-image-preview:large","max-video-preview":"max-video-preview:-1"},"canonical":"https:\/\/www.aosr.ro\/en\/information-of-public-interest\/","og_locale":"en_US","og_type":"article","og_title":"Information of public interest - The Academy of Romanian Scientists","og_description":"Law 544\/2001 Inform\u00deie of public interest &#8211; any information\u00deie regardingetactivityACROSSor resultscomplicated from activityACROSSof an authorityACROSSand public or instituted\u00deii public, regardless of the medium or the form or manner of expression of information\u00deiei. Solving requests for information of public interest is done with compliance with the requirements of Law 544\/2001 , art. 6, paragraph 3: 3. [&hellip;]","og_url":"https:\/\/www.aosr.ro\/en\/information-of-public-interest\/","og_site_name":"The Academy of Romanian Scientists","article_modified_time":"2023-10-12T11:34:47+00:00","twitter_card":"summary_large_image","twitter_misc":{"Est. reading time":"1 minute"},"schema":{"@context":"https:\/\/schema.org","@graph":[{"@type":"WebPage","@id":"https:\/\/www.aosr.ro\/en\/information-of-public-interest\/","url":"https:\/\/www.aosr.ro\/en\/information-of-public-interest\/","name":"Information of public interest - The Academy of Romanian Scientists","isPartOf":{"@id":"\/#website"},"datePublished":"2022-01-17T00:03:32+00:00","dateModified":"2023-10-12T11:34:47+00:00","breadcrumb":{"@id":"https:\/\/www.aosr.ro\/en\/information-of-public-interest\/#breadcrumb"},"inLanguage":"en-US","potentialAction":[{"@type":"ReadAction","target":["https:\/\/www.aosr.ro\/en\/information-of-public-interest\/"]}]},{"@type":"BreadcrumbList","@id":"https:\/\/www.aosr.ro\/en\/information-of-public-interest\/#breadcrumb","itemListElement":[{"@type":"ListItem","position":1,"name":"Home","item":"https:\/\/www.aosr.ro\/en\/"},{"@type":"ListItem","position":2,"name":"Information of public interest"}]},{"@type":"WebSite","@id":"\/#website","url":"\/","name":"The Academy of Romanian Scientists","description":"The Academy of Romanian Scientists | Official website of AOSR","potentialAction":[{"@type":"SearchAction","target":{"@type":"EntryPoint","urlTemplate":"\/?s={search_term_string}"},"query-input":{"@type":"PropertyValueSpecification","valueRequired":true,"valueName":"search_term_string"}}],"inLanguage":"en-US"}]}},"_links":{"self":[{"href":"https:\/\/www.aosr.ro\/en\/wp-json\/wp\/v2\/pages\/17464","targetHints":{"allow":["GET"]}}],"collection":[{"href":"https:\/\/www.aosr.ro\/en\/wp-json\/wp\/v2\/pages"}],"about":[{"href":"https:\/\/www.aosr.ro\/en\/wp-json\/wp\/v2\/types\/page"}],"author":[{"embeddable":true,"href":"https:\/\/www.aosr.ro\/en\/wp-json\/wp\/v2\/users\/1"}],"replies":[{"embeddable":true,"href":"https:\/\/www.aosr.ro\/en\/wp-json\/wp\/v2\/comments?post=17464"}],"version-history":[{"count":29,"href":"https:\/\/www.aosr.ro\/en\/wp-json\/wp\/v2\/pages\/17464\/revisions"}],"predecessor-version":[{"id":30146,"href":"https:\/\/www.aosr.ro\/en\/wp-json\/wp\/v2\/pages\/17464\/revisions\/30146"}],"wp:attachment":[{"href":"https:\/\/www.aosr.ro\/en\/wp-json\/wp\/v2\/media?parent=17464"}],"curies":[{"name":"wp","href":"https:\/\/api.w.org\/{rel}","templated":true}]}}