{"id":17379,"date":"2022-01-17T02:02:06","date_gmt":"2022-01-17T00:02:06","guid":{"rendered":"https:\/\/www.aosr.ro\/result-33\/"},"modified":"2022-01-17T02:02:06","modified_gmt":"2022-01-17T00:02:06","slug":"result-33","status":"publish","type":"page","link":"https:\/\/www.aosr.ro\/en\/result-33\/","title":{"rendered":"result"},"content":{"rendered":"<p><a href=\"https:\/\/www.aosr.ro\/wp-content\/uploads\/2019\/03\/Elena-lazar-rap-partial-I-cu-semnatura-Mihai-Badescu.pdf\">Report 1 Elena Lazar <\/a><\/p>\n<p><a href=\"https:\/\/www.aosr.ro\/wp-content\/uploads\/2019\/03\/Elena-Lazar-Raport-intermediar-2-20181.pdf\">Report 2 Elena Laz\u0103r<\/a><\/p>\n<p><a href=\"https:\/\/www.aosr.ro\/wp-content\/uploads\/2019\/03\/Elena-Lazar-raport-3-dec-2018.pdf\">Report 3 Elena Laz\u0103r<\/a><\/p>\n<p><a href=\"https:\/\/www.aosr.ro\/wp-content\/uploads\/2019\/03\/Raport-de-cercetare-2.pdf\">Report 2 Diana D\u0103ni\u0219or<\/a><\/p>\n<p><a href=\"https:\/\/www.aosr.ro\/wp-content\/uploads\/2019\/03\/Diana-Danisor-raport-3-dec-2018.pdf\">Report 3 Diana D\u0103ni\u0219or<\/a><\/p>\n<p>&nbsp;<\/p>\n","protected":false},"excerpt":{"rendered":"<p>Report 1 Elena Lazar Report 2 Elena Laz\u0103r Report 3 Elena Laz\u0103r Report 2 Diana D\u0103ni\u0219or Report 3 Diana D\u0103ni\u0219or &nbsp;<\/p>\n","protected":false},"author":1,"featured_media":0,"parent":0,"menu_order":0,"comment_status":"closed","ping_status":"closed","template":"","meta":{"inline_featured_image":false,"footnotes":""},"class_list":["post-17379","page","type-page","status-publish"],"yoast_head":"<!-- This site is optimized with the Yoast SEO plugin v27.0 - https:\/\/yoast.com\/product\/yoast-seo-wordpress\/ -->\n<title>result - The Academy of Romanian Scientists<\/title>\n<meta name=\"robots\" content=\"index, follow, max-snippet:-1, max-image-preview:large, max-video-preview:-1\" \/>\n<link rel=\"canonical\" href=\"https:\/\/www.aosr.ro\/en\/result-33\/\" \/>\n<meta property=\"og:locale\" content=\"en_US\" \/>\n<meta property=\"og:type\" content=\"article\" \/>\n<meta property=\"og:title\" content=\"result - The Academy of Romanian Scientists\" \/>\n<meta property=\"og:description\" content=\"Report 1 Elena Lazar Report 2 Elena Laz\u0103r Report 3 Elena Laz\u0103r Report 2 Diana D\u0103ni\u0219or Report 3 Diana D\u0103ni\u0219or &nbsp;\" \/>\n<meta property=\"og:url\" content=\"https:\/\/www.aosr.ro\/en\/result-33\/\" \/>\n<meta property=\"og:site_name\" content=\"The Academy of Romanian Scientists\" \/>\n<meta name=\"twitter:card\" content=\"summary_large_image\" \/>\n<script type=\"application\/ld+json\" class=\"yoast-schema-graph\">{\"@context\":\"https:\/\/schema.org\",\"@graph\":[{\"@type\":\"WebPage\",\"@id\":\"https:\/\/www.aosr.ro\/en\/result-33\/\",\"url\":\"https:\/\/www.aosr.ro\/en\/result-33\/\",\"name\":\"result - The Academy of Romanian Scientists\",\"isPartOf\":{\"@id\":\"\/#website\"},\"datePublished\":\"2022-01-17T00:02:06+00:00\",\"breadcrumb\":{\"@id\":\"https:\/\/www.aosr.ro\/en\/result-33\/#breadcrumb\"},\"inLanguage\":\"en-US\",\"potentialAction\":[{\"@type\":\"ReadAction\",\"target\":[\"https:\/\/www.aosr.ro\/en\/result-33\/\"]}]},{\"@type\":\"BreadcrumbList\",\"@id\":\"https:\/\/www.aosr.ro\/en\/result-33\/#breadcrumb\",\"itemListElement\":[{\"@type\":\"ListItem\",\"position\":1,\"name\":\"Home\",\"item\":\"https:\/\/www.aosr.ro\/en\/\"},{\"@type\":\"ListItem\",\"position\":2,\"name\":\"result\"}]},{\"@type\":\"WebSite\",\"@id\":\"\/#website\",\"url\":\"\/\",\"name\":\"The Academy of Romanian Scientists\",\"description\":\"The Academy of Romanian Scientists | Official website of AOSR\",\"potentialAction\":[{\"@type\":\"SearchAction\",\"target\":{\"@type\":\"EntryPoint\",\"urlTemplate\":\"\/?s={search_term_string}\"},\"query-input\":{\"@type\":\"PropertyValueSpecification\",\"valueRequired\":true,\"valueName\":\"search_term_string\"}}],\"inLanguage\":\"en-US\"}]}<\/script>\n<!-- \/ Yoast SEO plugin. -->","yoast_head_json":{"title":"result - The Academy of Romanian Scientists","robots":{"index":"index","follow":"follow","max-snippet":"max-snippet:-1","max-image-preview":"max-image-preview:large","max-video-preview":"max-video-preview:-1"},"canonical":"https:\/\/www.aosr.ro\/en\/result-33\/","og_locale":"en_US","og_type":"article","og_title":"result - The Academy of Romanian Scientists","og_description":"Report 1 Elena Lazar Report 2 Elena Laz\u0103r Report 3 Elena Laz\u0103r Report 2 Diana D\u0103ni\u0219or Report 3 Diana D\u0103ni\u0219or &nbsp;","og_url":"https:\/\/www.aosr.ro\/en\/result-33\/","og_site_name":"The Academy of Romanian Scientists","twitter_card":"summary_large_image","schema":{"@context":"https:\/\/schema.org","@graph":[{"@type":"WebPage","@id":"https:\/\/www.aosr.ro\/en\/result-33\/","url":"https:\/\/www.aosr.ro\/en\/result-33\/","name":"result - The Academy of Romanian Scientists","isPartOf":{"@id":"\/#website"},"datePublished":"2022-01-17T00:02:06+00:00","breadcrumb":{"@id":"https:\/\/www.aosr.ro\/en\/result-33\/#breadcrumb"},"inLanguage":"en-US","potentialAction":[{"@type":"ReadAction","target":["https:\/\/www.aosr.ro\/en\/result-33\/"]}]},{"@type":"BreadcrumbList","@id":"https:\/\/www.aosr.ro\/en\/result-33\/#breadcrumb","itemListElement":[{"@type":"ListItem","position":1,"name":"Home","item":"https:\/\/www.aosr.ro\/en\/"},{"@type":"ListItem","position":2,"name":"result"}]},{"@type":"WebSite","@id":"\/#website","url":"\/","name":"The Academy of Romanian Scientists","description":"The Academy of Romanian Scientists | Official website of AOSR","potentialAction":[{"@type":"SearchAction","target":{"@type":"EntryPoint","urlTemplate":"\/?s={search_term_string}"},"query-input":{"@type":"PropertyValueSpecification","valueRequired":true,"valueName":"search_term_string"}}],"inLanguage":"en-US"}]}},"_links":{"self":[{"href":"https:\/\/www.aosr.ro\/en\/wp-json\/wp\/v2\/pages\/17379","targetHints":{"allow":["GET"]}}],"collection":[{"href":"https:\/\/www.aosr.ro\/en\/wp-json\/wp\/v2\/pages"}],"about":[{"href":"https:\/\/www.aosr.ro\/en\/wp-json\/wp\/v2\/types\/page"}],"author":[{"embeddable":true,"href":"https:\/\/www.aosr.ro\/en\/wp-json\/wp\/v2\/users\/1"}],"replies":[{"embeddable":true,"href":"https:\/\/www.aosr.ro\/en\/wp-json\/wp\/v2\/comments?post=17379"}],"version-history":[{"count":0,"href":"https:\/\/www.aosr.ro\/en\/wp-json\/wp\/v2\/pages\/17379\/revisions"}],"wp:attachment":[{"href":"https:\/\/www.aosr.ro\/en\/wp-json\/wp\/v2\/media?parent=17379"}],"curies":[{"name":"wp","href":"https:\/\/api.w.org\/{rel}","templated":true}]}}