{"id":17324,"date":"2022-01-17T01:57:19","date_gmt":"2022-01-16T23:57:19","guid":{"rendered":"https:\/\/www.aosr.ro\/constantin-angelescu-interdisciplinary-advanced-research-institute-icai\/"},"modified":"2022-05-05T15:15:35","modified_gmt":"2022-05-05T12:15:35","slug":"constantin-angelescu-interdisciplinary-advanced-research-institute-icai","status":"publish","type":"page","link":"https:\/\/www.aosr.ro\/en\/constantin-angelescu-interdisciplinary-advanced-research-institute-icai\/","title":{"rendered":"&#8220;CONSTANTIN ANGELESCU&#8221; INTERDISCIPLINARY ADVANCED RESEARCH INSTITUTE (ICAI)"},"content":{"rendered":"\n<p style=\"text-align: left;\"><span style=\"color: #000000;\"><a href=\"http:\/\/www.icai.ro\"><span style=\"color: #0000ff;\"><strong>ICAI<\/strong><\/span><\/a> a fost constituit \u00een temeiul prevederilor <strong>Legii nr. 31\/2007<\/strong> privind reorganizarea \u0219i func\u021bionarea <strong>Academiei Oamenilor de \u0218tiin\u021b\u0103 din Rom\u00e2nia<\/strong>, <strong>HG nr.641\/2007<\/strong> pentru aprobarea <strong>Statutului Academiei Oamenilor de \u0218tiin\u021b\u0103 din Rom\u00e2nia <\/strong>\u015fi <strong>Hot\u0103r\u00e2rii Adun\u0103rii Generale a Academiei Oamenilor de \u0218tiin\u021b\u0103 din Rom\u00e2nia<\/strong> din 18.12.2017.<\/span><\/p>\n<p style=\"text-align: left;\"><span style=\"color: #000000;\">Conform art.7 alin.c din OG nr.57\/2002 privind cercetarea \u0219tiin\u021bific\u0103 \u0219i dezvoltarea tehnologic\u0103 <strong>Institutului de Cercet\u0103ri Avansate Interdisciplinare \u201eConstantin Angelescu\u201d<\/strong> este institu\u021bie de drept public, cu personalitate juridic\u0103, parte a sistemului na\u021bional de cercetare dezvoltare, \u00een subordinea <strong>Academiei Oamenilor de \u0218tiin\u021b\u0103 din Rom\u00e2nia<\/strong>.<\/span><\/p>\n<p style=\"text-align: left;\"><span style=\"color: #000000;\"><strong>ICAI<\/strong> are drept scop dezvoltarea \u0219tiin\u021belor fundamentale \u0219i aplicate prin cercet\u0103ri inter-trans \u0219i multidisciplinare, prin producere \u0219i transfer de cunoa\u0219tere \u0219tiin\u021bific\u0103 la nivel academic.<\/span><\/p>\n<p style=\"text-align: left;\"><span style=\"color: #000000;\"><strong>ICAI<\/strong> are drept obiective reprezentarea la nivel na\u021bional a unor domenii de activitate \u0219tiin\u021bific\u0103, afilierea la uniunile \u0219tiin\u021bifice interna\u021bionale \u0219i coordonarea unor programe\u00a0 \u0219tiin\u021bifice interna\u021bionale.<\/span><\/p>\n<ul>\n<li><span style=\"color: #bf1313;\">Mai multe detalii despre ICAI la<\/span> <a href=\"http:\/\/www.icai.ro\"><span style=\"color: #0000ff;\"><strong>www.icai.ro<\/strong><\/span><\/a><\/li>\n<\/ul>\n\n<p style=\"text-align: center;\"><strong>ACTIVITY REPORT 2021<\/strong><\/p>\n<a href=\"https:\/\/www.aosr.ro\/wp-content\/uploads\/2022\/05\/PPT-Raport-ICAI-2021-5MAI2022.pdf\" class=\"pdfemb-viewer\" style=\"\" data-width=\"max\" data-height=\"max\" data-toolbar=\"bottom\" data-toolbar-fixed=\"off\">PPT-Raport-ICAI-2021-5MAI2022<\/a>\n<p class=\"wp-block-pdfemb-pdf-embedder-viewer\"><\/p>\n<h3 class=\"entry-title\" style=\"text-align: center;\"><span style=\"color: #000080;\"><strong>The crisis of classical reading versus the crisis of digital reading<\/strong><\/span><\/h3>\n<div class=\"td-post-featured-image\"><a class=\"td-modal-image\" href=\"https:\/\/comunic.ro\/wp-content\/uploads\/2022\/02\/Doina-Banciu-Biblioteca-.jpg\" data-caption=\"\"><img loading=\"lazy\" decoding=\"async\" class=\"entry-thumb aligncenter\" title=\"Doina Banciu - Biblioteca -\" src=\"https:\/\/comunic.ro\/wp-content\/uploads\/2022\/02\/Doina-Banciu-Biblioteca--696x472.jpg\" sizes=\"auto, (max-width: 696px) 100vw, 696px\" srcset=\"https:\/\/comunic.ro\/wp-content\/uploads\/2022\/02\/Doina-Banciu-Biblioteca--696x472.jpg 696w, https:\/\/comunic.ro\/wp-content\/uploads\/2022\/02\/Doina-Banciu-Biblioteca--300x204.jpg 300w, https:\/\/comunic.ro\/wp-content\/uploads\/2022\/02\/Doina-Banciu-Biblioteca--1024x695.jpg 1024w, https:\/\/comunic.ro\/wp-content\/uploads\/2022\/02\/Doina-Banciu-Biblioteca--768x521.jpg 768w, https:\/\/comunic.ro\/wp-content\/uploads\/2022\/02\/Doina-Banciu-Biblioteca--1068x725.jpg 1068w, https:\/\/comunic.ro\/wp-content\/uploads\/2022\/02\/Doina-Banciu-Biblioteca--619x420.jpg 619w, https:\/\/comunic.ro\/wp-content\/uploads\/2022\/02\/Doina-Banciu-Biblioteca-.jpg 1388w\" alt=\"\" width=\"696\" height=\"472\"><\/a><br \/><em>By Prof. Univ. Dr. Eng. <strong>Doina Banciu<\/strong> &#8211; Vice President of the Academy of Romanian Scientists<\/em><\/div>\n<p>It is already known that EUROSTAT statistics from recent years show that 90% of Romanians do not read even one book a year. The reality in question is known by those involved in education, and the press reflects this fact. In the 2019 Education Tribune it was written &#8220;The crisis of reading in school, a problem of education that should not be ignored&#8221;, and in 2021 in an article entitled &#8220;The crisis of reading&#8221; the author asks &#8220;Why not read&#8221; and &#8220;Why we have so much by many functionally illiterate \u201d. The Education Review &#8211; EDICT of August 2018 states that &#8220;We are at a point where the reading crisis has taken over most people.&#8221;<\/p>\n<p>UNESCO was talking about the reading crisis of 25 years ago. The COVID pandemic deepened this crisis, which merged with the education crisis. On January 22, 2022, on the occasion of the International Day of Education, Antonio Guterres, Secretary General of the United Nations, said that in the last 2 years, due to the COVID-19 pandemic, more than 31 million young people have been affected by school closures, which means , in fact, a global crisis of education (\u201ca global learning crisis\u201d).<\/p>\n<p>In 1990, at the Faculty of Letters, in the department of Library Science and Information Science, just re-established, Gabriel \u0218trempel, then the director of the Academy Library, who taught about the old Romanian Bibliography, told me, who taught Computer Science (Library Automation), very convinced that no matter how much digital information develops, the pleasure of browsing a book cannot be replaced by any computer. I did not dare to contradict him, but I was skeptical and told him that perhaps future generations would not think the same. Professor Ion Stoica, also present, tended to agree with me. Today&#8217;s reality shows that this is so! Today&#8217;s young people (and not only) prefer information in digital form! If digital information has won, I believe that digital libraries and e-books should be the counterweight to the classic reading crisis.<\/p>\n<p>I remembered that in the Hall of the Carol l Central University Library in Bucharest (BCU), in April 2016, at the Conference <em>&#8220;Education and Culture in the Digital Age&#8221;<\/em> , organized by the National Institute for Research and Development in Informatics, professionals in the field have launched a manifesto for the national project for the construction of a <strong>National Digital Libraries<\/strong> , as have all the culturally evolved countries &#8211; USA, England, France, Germany, Russia, Japan, South Korea, etc. Then there were directors of large county libraries, representatives of the Ministry of Communications and Information Technology, but also foreign experts, including delegates from the National Information Agency in South Korea, who also funded a pilot project for BCU. <a href=\"https:\/\/comunic.ro\/emagazine.\/editia137\/mobile\/index.html#p=45\">Mobile Communications magazine<\/a> reflected <a href=\"https:\/\/www.comunic.ro\/emagazine\/digieducult2016\/mobile\/index.html#p=1\">the event<\/a> in <a href=\"http:\/\/arhiva.comunic.ro\/article\/biblioteca-central%C4%83-universitar%C4%83-%E2%80%9Dcarol-i%E2%80%9D-infrastructur%C4%83-critic%C4%83-educa%C8%9Bional-cultural%C4%83\">the May 2016 edition<\/a> with pertinent comments on the debated ones.<\/p>\n<p><img loading=\"lazy\" decoding=\"async\" class=\"wp-image-80861 alignright\" src=\"https:\/\/comunic.ro\/wp-content\/uploads\/2022\/02\/carti-digitale-1024x576.jpg\" alt=\"\" width=\"504\" height=\"273\"><\/p>\n<p>Since then, over the next five years, many projects on digitizing documents and creating digital collections have been funded, but we cannot say that we have a national digital library in the true sense of the concept.<\/p>\n<p>The events related to the National Reading Day made me reflect on what Gabriel \u015etrempel said and I understood that there are other people who think the same, after 25 years, and this feeling of the joy of reading must be transmitted and reconstructed by any means. , including the declaration of a <strong>National Reading Days<\/strong> .<\/p>\n<p>It is true that digital reading does not allow you to browse pages written on paper, but you can have other advantages, you can also browse a book in a foreign language and a dictionary, an art album and a bibliography of the author of a painting on which you see it on your computer or tablet. The joy of reading can be the same, and young people can be closer to what they like, digital technology !! I think that we could include digital reading as part, in another form, of reading that can generate the joy of reading!<\/p>\n<p>I know many library directors and absolutely all of them confirmed to me that they organized events on reading day to revive reading! It&#8217;s great, but it&#8217;s a continuous process, the taste and education for reading is not done in a day! The attraction for reading is the same, whether it&#8217;s on a classic or digital medium. And, as they say, education starts in the library, be it digital. The coherent construction of the digital library, with digital books, with free access but well managed, with easy to read and navigate document systems, with the involvement of content providers but also of decision makers can be a solution for the reading crisis and <em>&#8220;Learning crisis&#8221;<\/em> , especially in the face of unpredictable unwanted events, such as the COVID-19 pandemic.<\/p>\n","protected":false},"excerpt":{"rendered":"<p>ICAI a fost constituit \u00een temeiul prevederilor Legii nr. 31\/2007 privind reorganizarea \u0219i func\u021bionarea Academiei Oamenilor de \u0218tiin\u021b\u0103 din Rom\u00e2nia, HG nr.641\/2007 pentru aprobarea Statutului Academiei Oamenilor de \u0218tiin\u021b\u0103 din Rom\u00e2nia \u015fi Hot\u0103r\u00e2rii Adun\u0103rii Generale a Academiei Oamenilor de \u0218tiin\u021b\u0103 din Rom\u00e2nia din 18.12.2017. Conform art.7 alin.c din OG nr.57\/2002 privind cercetarea \u0219tiin\u021bific\u0103 \u0219i dezvoltarea [&hellip;]<\/p>\n","protected":false},"author":1,"featured_media":0,"parent":0,"menu_order":0,"comment_status":"closed","ping_status":"closed","template":"","meta":{"inline_featured_image":false,"footnotes":""},"class_list":["post-17324","page","type-page","status-publish"],"yoast_head":"<!-- This site is optimized with the Yoast SEO plugin v27.0 - https:\/\/yoast.com\/product\/yoast-seo-wordpress\/ -->\n<title>&quot;CONSTANTIN ANGELESCU&quot; INTERDISCIPLINARY ADVANCED RESEARCH INSTITUTE (ICAI) - The Academy of Romanian Scientists<\/title>\n<meta name=\"robots\" content=\"index, follow, max-snippet:-1, max-image-preview:large, max-video-preview:-1\" \/>\n<link rel=\"canonical\" href=\"https:\/\/www.aosr.ro\/en\/constantin-angelescu-interdisciplinary-advanced-research-institute-icai\/\" \/>\n<meta property=\"og:locale\" content=\"en_US\" \/>\n<meta property=\"og:type\" content=\"article\" \/>\n<meta property=\"og:title\" content=\"&quot;CONSTANTIN ANGELESCU&quot; INTERDISCIPLINARY ADVANCED RESEARCH INSTITUTE (ICAI) - The Academy of Romanian Scientists\" \/>\n<meta property=\"og:description\" content=\"ICAI a fost constituit \u00een temeiul prevederilor Legii nr. 31\/2007 privind reorganizarea \u0219i func\u021bionarea Academiei Oamenilor de \u0218tiin\u021b\u0103 din Rom\u00e2nia, HG nr.641\/2007 pentru aprobarea Statutului Academiei Oamenilor de \u0218tiin\u021b\u0103 din Rom\u00e2nia \u015fi Hot\u0103r\u00e2rii Adun\u0103rii Generale a Academiei Oamenilor de \u0218tiin\u021b\u0103 din Rom\u00e2nia din 18.12.2017. Conform art.7 alin.c din OG nr.57\/2002 privind cercetarea \u0219tiin\u021bific\u0103 \u0219i dezvoltarea [&hellip;]\" \/>\n<meta property=\"og:url\" content=\"https:\/\/www.aosr.ro\/en\/constantin-angelescu-interdisciplinary-advanced-research-institute-icai\/\" \/>\n<meta property=\"og:site_name\" content=\"The Academy of Romanian Scientists\" \/>\n<meta property=\"article:modified_time\" content=\"2022-05-05T12:15:35+00:00\" \/>\n<meta property=\"og:image\" content=\"https:\/\/comunic.ro\/wp-content\/uploads\/2022\/02\/Doina-Banciu-Biblioteca--696x472.jpg\" \/>\n<meta name=\"twitter:card\" content=\"summary_large_image\" \/>\n<meta name=\"twitter:label1\" content=\"Est. reading time\" \/>\n\t<meta name=\"twitter:data1\" content=\"5 minutes\" \/>\n<script type=\"application\/ld+json\" class=\"yoast-schema-graph\">{\"@context\":\"https:\/\/schema.org\",\"@graph\":[{\"@type\":\"WebPage\",\"@id\":\"https:\/\/www.aosr.ro\/en\/constantin-angelescu-interdisciplinary-advanced-research-institute-icai\/\",\"url\":\"https:\/\/www.aosr.ro\/en\/constantin-angelescu-interdisciplinary-advanced-research-institute-icai\/\",\"name\":\"\\\"CONSTANTIN ANGELESCU\\\" INTERDISCIPLINARY ADVANCED RESEARCH INSTITUTE (ICAI) - The Academy of Romanian Scientists\",\"isPartOf\":{\"@id\":\"\/#website\"},\"primaryImageOfPage\":{\"@id\":\"https:\/\/www.aosr.ro\/en\/constantin-angelescu-interdisciplinary-advanced-research-institute-icai\/#primaryimage\"},\"image\":{\"@id\":\"https:\/\/www.aosr.ro\/en\/constantin-angelescu-interdisciplinary-advanced-research-institute-icai\/#primaryimage\"},\"thumbnailUrl\":\"https:\/\/comunic.ro\/wp-content\/uploads\/2022\/02\/Doina-Banciu-Biblioteca--696x472.jpg\",\"datePublished\":\"2022-01-16T23:57:19+00:00\",\"dateModified\":\"2022-05-05T12:15:35+00:00\",\"breadcrumb\":{\"@id\":\"https:\/\/www.aosr.ro\/en\/constantin-angelescu-interdisciplinary-advanced-research-institute-icai\/#breadcrumb\"},\"inLanguage\":\"en-US\",\"potentialAction\":[{\"@type\":\"ReadAction\",\"target\":[\"https:\/\/www.aosr.ro\/en\/constantin-angelescu-interdisciplinary-advanced-research-institute-icai\/\"]}]},{\"@type\":\"ImageObject\",\"inLanguage\":\"en-US\",\"@id\":\"https:\/\/www.aosr.ro\/en\/constantin-angelescu-interdisciplinary-advanced-research-institute-icai\/#primaryimage\",\"url\":\"https:\/\/comunic.ro\/wp-content\/uploads\/2022\/02\/Doina-Banciu-Biblioteca--696x472.jpg\",\"contentUrl\":\"https:\/\/comunic.ro\/wp-content\/uploads\/2022\/02\/Doina-Banciu-Biblioteca--696x472.jpg\"},{\"@type\":\"BreadcrumbList\",\"@id\":\"https:\/\/www.aosr.ro\/en\/constantin-angelescu-interdisciplinary-advanced-research-institute-icai\/#breadcrumb\",\"itemListElement\":[{\"@type\":\"ListItem\",\"position\":1,\"name\":\"Home\",\"item\":\"https:\/\/www.aosr.ro\/en\/\"},{\"@type\":\"ListItem\",\"position\":2,\"name\":\"&#8220;CONSTANTIN ANGELESCU&#8221; INTERDISCIPLINARY ADVANCED RESEARCH INSTITUTE (ICAI)\"}]},{\"@type\":\"WebSite\",\"@id\":\"\/#website\",\"url\":\"\/\",\"name\":\"The Academy of Romanian Scientists\",\"description\":\"The Academy of Romanian Scientists | Official website of AOSR\",\"potentialAction\":[{\"@type\":\"SearchAction\",\"target\":{\"@type\":\"EntryPoint\",\"urlTemplate\":\"\/?s={search_term_string}\"},\"query-input\":{\"@type\":\"PropertyValueSpecification\",\"valueRequired\":true,\"valueName\":\"search_term_string\"}}],\"inLanguage\":\"en-US\"}]}<\/script>\n<!-- \/ Yoast SEO plugin. -->","yoast_head_json":{"title":"\"CONSTANTIN ANGELESCU\" INTERDISCIPLINARY ADVANCED RESEARCH INSTITUTE (ICAI) - The Academy of Romanian Scientists","robots":{"index":"index","follow":"follow","max-snippet":"max-snippet:-1","max-image-preview":"max-image-preview:large","max-video-preview":"max-video-preview:-1"},"canonical":"https:\/\/www.aosr.ro\/en\/constantin-angelescu-interdisciplinary-advanced-research-institute-icai\/","og_locale":"en_US","og_type":"article","og_title":"\"CONSTANTIN ANGELESCU\" INTERDISCIPLINARY ADVANCED RESEARCH INSTITUTE (ICAI) - The Academy of Romanian Scientists","og_description":"ICAI a fost constituit \u00een temeiul prevederilor Legii nr. 31\/2007 privind reorganizarea \u0219i func\u021bionarea Academiei Oamenilor de \u0218tiin\u021b\u0103 din Rom\u00e2nia, HG nr.641\/2007 pentru aprobarea Statutului Academiei Oamenilor de \u0218tiin\u021b\u0103 din Rom\u00e2nia \u015fi Hot\u0103r\u00e2rii Adun\u0103rii Generale a Academiei Oamenilor de \u0218tiin\u021b\u0103 din Rom\u00e2nia din 18.12.2017. Conform art.7 alin.c din OG nr.57\/2002 privind cercetarea \u0219tiin\u021bific\u0103 \u0219i dezvoltarea [&hellip;]","og_url":"https:\/\/www.aosr.ro\/en\/constantin-angelescu-interdisciplinary-advanced-research-institute-icai\/","og_site_name":"The Academy of Romanian Scientists","article_modified_time":"2022-05-05T12:15:35+00:00","og_image":[{"url":"https:\/\/comunic.ro\/wp-content\/uploads\/2022\/02\/Doina-Banciu-Biblioteca--696x472.jpg","type":"","width":"","height":""}],"twitter_card":"summary_large_image","twitter_misc":{"Est. reading time":"5 minutes"},"schema":{"@context":"https:\/\/schema.org","@graph":[{"@type":"WebPage","@id":"https:\/\/www.aosr.ro\/en\/constantin-angelescu-interdisciplinary-advanced-research-institute-icai\/","url":"https:\/\/www.aosr.ro\/en\/constantin-angelescu-interdisciplinary-advanced-research-institute-icai\/","name":"\"CONSTANTIN ANGELESCU\" INTERDISCIPLINARY ADVANCED RESEARCH INSTITUTE (ICAI) - The Academy of Romanian Scientists","isPartOf":{"@id":"\/#website"},"primaryImageOfPage":{"@id":"https:\/\/www.aosr.ro\/en\/constantin-angelescu-interdisciplinary-advanced-research-institute-icai\/#primaryimage"},"image":{"@id":"https:\/\/www.aosr.ro\/en\/constantin-angelescu-interdisciplinary-advanced-research-institute-icai\/#primaryimage"},"thumbnailUrl":"https:\/\/comunic.ro\/wp-content\/uploads\/2022\/02\/Doina-Banciu-Biblioteca--696x472.jpg","datePublished":"2022-01-16T23:57:19+00:00","dateModified":"2022-05-05T12:15:35+00:00","breadcrumb":{"@id":"https:\/\/www.aosr.ro\/en\/constantin-angelescu-interdisciplinary-advanced-research-institute-icai\/#breadcrumb"},"inLanguage":"en-US","potentialAction":[{"@type":"ReadAction","target":["https:\/\/www.aosr.ro\/en\/constantin-angelescu-interdisciplinary-advanced-research-institute-icai\/"]}]},{"@type":"ImageObject","inLanguage":"en-US","@id":"https:\/\/www.aosr.ro\/en\/constantin-angelescu-interdisciplinary-advanced-research-institute-icai\/#primaryimage","url":"https:\/\/comunic.ro\/wp-content\/uploads\/2022\/02\/Doina-Banciu-Biblioteca--696x472.jpg","contentUrl":"https:\/\/comunic.ro\/wp-content\/uploads\/2022\/02\/Doina-Banciu-Biblioteca--696x472.jpg"},{"@type":"BreadcrumbList","@id":"https:\/\/www.aosr.ro\/en\/constantin-angelescu-interdisciplinary-advanced-research-institute-icai\/#breadcrumb","itemListElement":[{"@type":"ListItem","position":1,"name":"Home","item":"https:\/\/www.aosr.ro\/en\/"},{"@type":"ListItem","position":2,"name":"&#8220;CONSTANTIN ANGELESCU&#8221; INTERDISCIPLINARY ADVANCED RESEARCH INSTITUTE (ICAI)"}]},{"@type":"WebSite","@id":"\/#website","url":"\/","name":"The Academy of Romanian Scientists","description":"The Academy of Romanian Scientists | Official website of AOSR","potentialAction":[{"@type":"SearchAction","target":{"@type":"EntryPoint","urlTemplate":"\/?s={search_term_string}"},"query-input":{"@type":"PropertyValueSpecification","valueRequired":true,"valueName":"search_term_string"}}],"inLanguage":"en-US"}]}},"_links":{"self":[{"href":"https:\/\/www.aosr.ro\/en\/wp-json\/wp\/v2\/pages\/17324","targetHints":{"allow":["GET"]}}],"collection":[{"href":"https:\/\/www.aosr.ro\/en\/wp-json\/wp\/v2\/pages"}],"about":[{"href":"https:\/\/www.aosr.ro\/en\/wp-json\/wp\/v2\/types\/page"}],"author":[{"embeddable":true,"href":"https:\/\/www.aosr.ro\/en\/wp-json\/wp\/v2\/users\/1"}],"replies":[{"embeddable":true,"href":"https:\/\/www.aosr.ro\/en\/wp-json\/wp\/v2\/comments?post=17324"}],"version-history":[{"count":3,"href":"https:\/\/www.aosr.ro\/en\/wp-json\/wp\/v2\/pages\/17324\/revisions"}],"predecessor-version":[{"id":20342,"href":"https:\/\/www.aosr.ro\/en\/wp-json\/wp\/v2\/pages\/17324\/revisions\/20342"}],"wp:attachment":[{"href":"https:\/\/www.aosr.ro\/en\/wp-json\/wp\/v2\/media?parent=17324"}],"curies":[{"name":"wp","href":"https:\/\/api.w.org\/{rel}","templated":true}]}}