{"id":17216,"date":"2022-01-17T01:56:49","date_gmt":"2022-01-16T23:56:49","guid":{"rendered":"https:\/\/www.aosr.ro\/production-session-dacia-renault\/"},"modified":"2022-01-17T01:56:49","modified_gmt":"2022-01-16T23:56:49","slug":"production-session-dacia-renault","status":"publish","type":"page","link":"https:\/\/www.aosr.ro\/en\/production-session-dacia-renault\/","title":{"rendered":"Production Session &#8211; Dacia &amp; Renault"},"content":{"rendered":"<hr>\n<p><span style=\"color: #000000;\">On April 23, 2010 &#8211; the Communications Session took place at the AOSR headquarters<\/span><br \/>\n<span style=\"color: #000000;\">Productica Group, during which the video chat took place for the first time<\/span><br \/>\n<span style=\"color: #000000;\">online with 3 university centers: UPB, Technical University of Timisoara and<\/span><br \/>\n<span style=\"color: #000000;\">Baia Mare North University, so the impact of the session extended to<\/span><br \/>\n<span style=\"color: #000000;\">these centers, eliminating the need for those who travel to Bucharest<\/span><br \/>\n<span style=\"color: #000000;\">they had work to do.<\/span><\/p>\n<hr>\n<p><span style=\"color: #000000;\">Productica Group and Dacia-Renault<\/span><br \/>\n<span style=\"color: #000000;\"> FRIDAY, SEPTEMBER 24, 2010, 9:00 a.m. &#8211; 12:30 p.m.<\/span><br \/>\n<span style=\"color: #000000;\"> Local Council meeting room, MIOVENI City Hall<\/span><br \/>\n<span style=\"color: #000000;\"> Miron Zapciu, Ion CHIU\u0162\u0102, Gheorghe DIDI\u0162\u0102, Costel FRAN\u0162ESCU,<\/span><br \/>\n<span style=\"color: #000000;\"> Ion MANDU, Ion MARTALOGU, Marin SCURTU, Jan V\u0102LIM\u0102REANU<\/span><br \/>\n<span style=\"color: #000000;\"> Dacia Renault representatives<\/span><br \/>\n<span style=\"color: #000000;\"> Moderators: Miron Zapciu, Ion Chiu\u0163\u0103<\/span><\/p>\n<hr>\n<p><span style=\"color: #000000;\">Between May 5-7, 2011, in Mioveni &#8211; Arge\u015f, it took place under the aegis<\/span><br \/>\n<span style=\"color: #000000;\"> AOSR, The Spring Scientific Session of the &#8220;UNIVERSUL&#8221; CENTER<\/span><br \/>\n<span style=\"color: #000000;\"> OF SCIENCE &#8220;- Product Commission &#8211; Dacia Renault, with the support of Mioveni City Hall,<\/span><br \/>\n<span style=\"color: #000000;\"> at the House of Culture of Mioveni. The session took place under the auspices<\/span><br \/>\n<span style=\"color: #000000;\"> Academy of Scientists, in the cycle \u201cThe Universe of Science at Home at<\/span><br \/>\n<span style=\"color: #000000;\"> Romanians \u201d. 33 scientific papers were presented in plenary and 6<\/span><br \/>\n<span style=\"color: #000000;\"> sections: Modern Manufacturing and Control Systems, Automation Systems and<\/span><br \/>\n<span style=\"color: #000000;\"> mechatronics, Optimizations and new technologies for the production of mechanical energy,<\/span><br \/>\n<span style=\"color: #000000;\"> Sustainable Development, Nuclear Technology Applications in Industry, Production &#8211;<\/span><br \/>\n<span style=\"color: #000000;\"> Student scientific research. The papers were published in English in<\/span><br \/>\n<span style=\"color: #000000;\"> volume Conference Proceedings of the Academy of Romanian Scientists.<\/span><br \/>\n<span style=\"color: #000000;\"> PRODUCTICA Scientific Session, Volume 3, Number 1\/2011.<\/span><br \/>\n<span style=\"color: #000000;\"> Scientific report of the Academy of Romanian Scientists<\/span><br \/>\n<span style=\"color: #000000;\">  2010<\/span><br \/>\n<span style=\"color: #000000;\">  47<\/span><br \/>\n<span style=\"color: #000000;\"> On behalf of AOSR, the organizers were: Ion Chiu\u0163\u0103, Miron Zapciu<\/span><br \/>\n<span style=\"color: #000000;\"> At the opening of the session, the following spoke: Prof. emeritus Dr. Alain G\u00e9rard (1),<\/span><br \/>\n<span style=\"color: #000000;\"> univ. prof. dr. Vasile C\u00e2ndea (2), MBA Jos\u00e9 Pietri (3), dr. eng. Constantin Stroe<\/span><br \/>\n<span style=\"color: #000000;\"> (4), prof. Univ. Dr. \u015eerban Valeca (5), Deputy Mayor Dr. ec. Aureliu Costache (6),<\/span><br \/>\n<span style=\"color: #000000;\"> univ. prof. dr. eng. Ion Chiu\u0163\u0103 (7), deputy Ion Burnei (8), prof. univ. Dr. Eng.<\/span><br \/>\n<span style=\"color: #000000;\"> Gheorghe Amza (9), CS1 Ph.D. Ilie Turcu (10), univ. Prof. Dr. Eng. Miron<\/span><br \/>\n<span style=\"color: #000000;\"> Snow.<\/span><\/p>\n<hr>\n<p><span style=\"color: #000000;\">On September 8-10, 2011, the Scientific Session of<\/span><br \/>\n<span style=\"color: #000000;\">autumn of the CENTER \u201eUNIVERSUL \u015eTIIN\u0162EI LA ROM\u00c2NI\u201d within<\/span><br \/>\n<span style=\"color: #000000;\">of the cycle \u201cThe universe of science at home with Romanians\u201d, in the city of Mioveni, with the participation<\/span><br \/>\n<span style=\"color: #000000;\">PRODUCTICS commission.<\/span><\/p>\n<p>&nbsp;<\/p>\n<hr>\n<p><span style=\"color: #000000;\"> Between March 20-22, 2012, the Dacia-Renault Production Commission, under the auspices<\/span><br \/>\n<span style=\"color: #000000;\">of the AOSR Technical Sciences Department, organized with the support of Siemens Romania,<\/span><br \/>\n<span style=\"color: #000000;\">Sinutrain Jobshop training, with Mr Matja\u017e Mlin\u0161ek (from<\/span><br \/>\n<span style=\"color: #000000;\">Slovenia), Siemens DT MC SEE, Manager for SEE MC Market Development<\/span><br \/>\n<span style=\"color: #000000;\">Production Machines \/ Machine Tools, at the IMST Faculty within UPB. <\/span><\/p>\n<hr>\n<p><span style=\"color: #000000;\"> In November 2012, the Workshop \u201cInformation Technology Transfer of<\/span><br \/>\n<span style=\"color: #000000;\">innovative ideas \u201dby Productica Group &#8211; Dacia Renault, science department<\/span><br \/>\n<span style=\"color: #000000;\">technically<\/span><\/p>\n<hr>\n<p><span style=\"color: #000000;\"> On January 17, 2013 it took place in the organization of the DaciaRenault Production Commission,<\/span><br \/>\n<span style=\"color: #000000;\">at UPB, the hall of the IMST Faculty, within the Department of Cars and<\/span><br \/>\n<span style=\"color: #000000;\">Production Systems from the Polytechnic University of Bucharest, inauguration<\/span><br \/>\n<span style=\"color: #000000;\">official of the OKUMA Training Laboratory. The lab is dedicated<\/span><br \/>\n<span style=\"color: #000000;\">training of students from the POLITEHNICA University of Bucharest in<\/span><br \/>\n<span style=\"color: #000000;\">the field of operation, programming and assisted realization of processing technologies<\/span><br \/>\n<span style=\"color: #000000;\">on OKUMA numerically controlled machine tools. A contribution to this project<\/span><br \/>\n<span style=\"color: #000000;\">The AO\u015eR PRODUCTICS Commission, led by Prof. Dr. Eng.<\/span><br \/>\n<span style=\"color: #000000;\">Miron Zapciu, mc and scientific secretary of the Technical Sciences section of AO\u015eR. <\/span><\/p>\n<hr>\n<p><span style=\"color: #000000;\">On May 18, 2013, the Dacia-Renault Production Commission organized two sections<\/span><br \/>\n<span style=\"color: #000000;\">of Student Scientific Circles, within the IMST faculty, UPB: section of<\/span><br \/>\n<span style=\"color: #000000;\">Conception and Management in Production and Lean and Quality Management<\/span><br \/>\n<span style=\"color: #000000;\">in Production. 42 scientific papers in the field of activity were presented<\/span><br \/>\n<span style=\"color: #000000;\">of the Commission<\/span><\/p>\n<hr>\n<p><span style=\"color: #000000;\">Between October 6-9, 2013, Prof. Dr. Eng. Miron Zapciu presented<\/span><br \/>\n<span style=\"color: #000000;\">the activity of the Dacia-Renault Production Commission during a trip to Ireland,<\/span><br \/>\n<span style=\"color: #000000;\">within the IT &#8211; Innovative Trainer project (beneficiary Newry and Morne<\/span><br \/>\n<span style=\"color: #000000;\">Enterprise Agency &#8211; UK). The aim was to stimulate collaboration in<\/span><br \/>\n<span style=\"color: #000000;\">the field of innovation and to attract scientific papers to be presented on the occasion<\/span><br \/>\n<span style=\"color: #000000;\">scientific sessions of the AOSR.<\/span><\/p>\n<hr>\n<p><span style=\"color: #000000;\">Organizing the Spring Scientific Session of the Productica-Dacia Commission<\/span><br \/>\n<span style=\"color: #000000;\"> Renault on May 9, 2014, held at POLITEHNICA University of<\/span><br \/>\n<span style=\"color: #000000;\"> Bucharest, Splaiul Independenceei no. 313, Central Library, Entrance A, 2nd floor.<\/span><br \/>\n<span style=\"color: #000000;\"> In this edition, with international participation, under the name From<\/span><br \/>\n<span style=\"color: #000000;\"> Productivity to Innovation in Global Competitiveness, were presented the most<\/span><br \/>\n<span style=\"color: #000000;\"> relevant scientific results from universities, research institutes and companies from<\/span><br \/>\n<span style=\"color: #000000;\"> country and abroad, being of interest topics from the following thematic areas:<\/span><br \/>\n<span style=\"color: #000000;\"> \uf0b7 Open Innovation and Business Competitiveness<\/span><br \/>\n<span style=\"color: #000000;\"> \uf0b7 Industrial Automation and Control Solutions<\/span><br \/>\n<span style=\"color: #000000;\"> \uf0b7 Productivity Continuous Improvement<\/span><br \/>\n<span style=\"color: #000000;\"> \uf0b7 Innovative Materials and Devices<\/span><br \/>\n<span style=\"color: #000000;\"> Presidium of the Scientific Section &#8211; Production<\/span><\/p>\n<p><span style=\"color: #000000;\">The papers presented were published in the volume Conference Proceedings<\/span><br \/>\n<span style=\"color: #000000;\"> of the Academy of Romanian Scientists, PRODUCTICA Scientific Session ISSN<\/span><br \/>\n<span style=\"color: #000000;\"> 2067-2160, Vol.6, No.1 \/ 2014<\/span><br \/>\n<span style=\"color: #000000;\"> The conference was attended by representatives of various companies<\/span><br \/>\n<span style=\"color: #000000;\"> sectors of activity, academic institutions, research institutes, etc. This one<\/span><br \/>\n<span style=\"color: #000000;\"> cooperation will initiate valuable suggestions for further action<\/span><br \/>\n<span style=\"color: #000000;\"> consolidating practices at the level of companies and at the level of academic institutions<\/span><\/p>\n<hr>\n<p><span style=\"color: #000000;\">On November 20, 2014, the members of the Productica Group (students, PhD students,<\/span><br \/>\n<span style=\"color: #000000;\"> postdoctoral fellows and professors) made a personalized visit to the Technical Center<\/span><br \/>\n<span style=\"color: #000000;\"> Titu, which is the last link to complete Renault&#8217;s car development chain<\/span><br \/>\n<span style=\"color: #000000;\"> in Romania. The Titu Center is the only center of its kind in Eastern Europe<\/span><br \/>\n<span style=\"color: #000000;\"> and complements the Renault centers in Aubevoye and Lardy (France). Were<\/span><br \/>\n<span style=\"color: #000000;\"> visited HIL jokes. HIL tests use internal Renault, Matlab programs<\/span><br \/>\n<span style=\"color: #000000;\"> Simulink and AMESIM.<\/span><\/p>\n<hr>\n<p><span style=\"color: #000000;\">Between December 8 and 9, 2014, Prof. Dr. Eng. Miron Zapciu introduced<\/span><br \/>\n<span style=\"color: #000000;\"> the activity of the Dacia-Renault Production Commission, on the occasion of a trip to<\/span><br \/>\n<span style=\"color: #000000;\"> Amsterdam &#8211; The Netherlands, within the Erasmus project, no. 554187-EPP-1-2014-1-<\/span><br \/>\n<span style=\"color: #000000;\"> IE-EPPKA2-KA, SHIP- SMEs and HEIs in Innovation Partnerships, (Beneficiary<\/span><br \/>\n<span style=\"color: #000000;\"> LCEB &#8211; Ireland). The aim of the presentation was to stimulate collaboration in<\/span><br \/>\n<span style=\"color: #000000;\"> the field of innovation and to attract scientific papers to be presented on the occasion<\/span><br \/>\n<span style=\"color: #000000;\"> scientific sessions of AO\u0218R.<\/span><\/p>\n<hr>\n<p><span style=\"color: #000000;\"> On May 29, 2015, at the UPB Central Library, the Scientific Session of<\/span><br \/>\n<span style=\"color: #000000;\">Spring 2015 of the Production Commission &#8211; Dacia Renault, under the auspices of AOSR: Integration<\/span><br \/>\n<span style=\"color: #000000;\">of Research and Innovation in Business Environment. At the festive opening they have<\/span><br \/>\n<span style=\"color: #000000;\">speeches by: Vasile C\u00e2ndea &#8211; President of AOSR, Adrian Badea &#8211; Vice President<\/span><br \/>\n<span style=\"color: #000000;\">AOSR, Ion Basgan &#8211; AOSR Vice President Pierre Borne &#8211; University of Lille,<\/span><br \/>\n<span style=\"color: #000000;\">France, MO-AOSR, Constantin Stroe &#8211; ACAROM President, Ion Chiu\u0163\u0103 &#8211; President<\/span><br \/>\n<span style=\"color: #000000;\">of the AOSR Technical Sciences Section, Anton Had\u0103r &#8211; Vice President of the UPB Senate,<\/span><br \/>\n<span style=\"color: #000000;\">Cristian Doicin &#8211; Dean of the IMST faculty, Tiberiu Dobrescu &#8211; Director of<\/span><br \/>\n<span style=\"color: #000000;\">MSP Department. During the session, more than 20 papers were presented with<\/span><br \/>\n<span style=\"color: #000000;\">TCM engineering topics and more. <\/span><\/p>\n<hr>\n<p>&nbsp;<\/p>\n","protected":false},"excerpt":{"rendered":"<p>On April 23, 2010 &#8211; the Communications Session took place at the AOSR headquarters Productica Group, during which the video chat took place for the first time online with 3 university centers: UPB, Technical University of Timisoara and Baia Mare North University, so the impact of the session extended to these centers, eliminating the need [&hellip;]<\/p>\n","protected":false},"author":1,"featured_media":0,"parent":0,"menu_order":0,"comment_status":"closed","ping_status":"closed","template":"","meta":{"inline_featured_image":false,"footnotes":""},"class_list":["post-17216","page","type-page","status-publish"],"yoast_head":"<!-- This site is optimized with the Yoast SEO plugin v27.0 - https:\/\/yoast.com\/product\/yoast-seo-wordpress\/ -->\n<title>Production Session - Dacia &amp; Renault - The Academy of Romanian Scientists<\/title>\n<meta name=\"robots\" content=\"index, follow, max-snippet:-1, max-image-preview:large, max-video-preview:-1\" \/>\n<link rel=\"canonical\" href=\"https:\/\/www.aosr.ro\/en\/production-session-dacia-renault\/\" \/>\n<meta property=\"og:locale\" content=\"en_US\" \/>\n<meta property=\"og:type\" content=\"article\" \/>\n<meta property=\"og:title\" content=\"Production Session - Dacia &amp; Renault - The Academy of Romanian Scientists\" \/>\n<meta property=\"og:description\" content=\"On April 23, 2010 &#8211; the Communications Session took place at the AOSR headquarters Productica Group, during which the video chat took place for the first time online with 3 university centers: UPB, Technical University of Timisoara and Baia Mare North University, so the impact of the session extended to these centers, eliminating the need [&hellip;]\" \/>\n<meta property=\"og:url\" content=\"https:\/\/www.aosr.ro\/en\/production-session-dacia-renault\/\" \/>\n<meta property=\"og:site_name\" content=\"The Academy of Romanian Scientists\" \/>\n<meta name=\"twitter:card\" content=\"summary_large_image\" \/>\n<meta name=\"twitter:label1\" content=\"Est. reading time\" \/>\n\t<meta name=\"twitter:data1\" content=\"5 minutes\" \/>\n<script type=\"application\/ld+json\" class=\"yoast-schema-graph\">{\"@context\":\"https:\/\/schema.org\",\"@graph\":[{\"@type\":\"WebPage\",\"@id\":\"https:\/\/www.aosr.ro\/en\/production-session-dacia-renault\/\",\"url\":\"https:\/\/www.aosr.ro\/en\/production-session-dacia-renault\/\",\"name\":\"Production Session - Dacia &amp; Renault - The Academy of Romanian Scientists\",\"isPartOf\":{\"@id\":\"\/#website\"},\"datePublished\":\"2022-01-16T23:56:49+00:00\",\"breadcrumb\":{\"@id\":\"https:\/\/www.aosr.ro\/en\/production-session-dacia-renault\/#breadcrumb\"},\"inLanguage\":\"en-US\",\"potentialAction\":[{\"@type\":\"ReadAction\",\"target\":[\"https:\/\/www.aosr.ro\/en\/production-session-dacia-renault\/\"]}]},{\"@type\":\"BreadcrumbList\",\"@id\":\"https:\/\/www.aosr.ro\/en\/production-session-dacia-renault\/#breadcrumb\",\"itemListElement\":[{\"@type\":\"ListItem\",\"position\":1,\"name\":\"Home\",\"item\":\"https:\/\/www.aosr.ro\/en\/\"},{\"@type\":\"ListItem\",\"position\":2,\"name\":\"Production Session &#8211; Dacia &amp; Renault\"}]},{\"@type\":\"WebSite\",\"@id\":\"\/#website\",\"url\":\"\/\",\"name\":\"The Academy of Romanian Scientists\",\"description\":\"The Academy of Romanian Scientists | Official website of AOSR\",\"potentialAction\":[{\"@type\":\"SearchAction\",\"target\":{\"@type\":\"EntryPoint\",\"urlTemplate\":\"\/?s={search_term_string}\"},\"query-input\":{\"@type\":\"PropertyValueSpecification\",\"valueRequired\":true,\"valueName\":\"search_term_string\"}}],\"inLanguage\":\"en-US\"}]}<\/script>\n<!-- \/ Yoast SEO plugin. -->","yoast_head_json":{"title":"Production Session - Dacia &amp; Renault - The Academy of Romanian Scientists","robots":{"index":"index","follow":"follow","max-snippet":"max-snippet:-1","max-image-preview":"max-image-preview:large","max-video-preview":"max-video-preview:-1"},"canonical":"https:\/\/www.aosr.ro\/en\/production-session-dacia-renault\/","og_locale":"en_US","og_type":"article","og_title":"Production Session - Dacia &amp; Renault - The Academy of Romanian Scientists","og_description":"On April 23, 2010 &#8211; the Communications Session took place at the AOSR headquarters Productica Group, during which the video chat took place for the first time online with 3 university centers: UPB, Technical University of Timisoara and Baia Mare North University, so the impact of the session extended to these centers, eliminating the need [&hellip;]","og_url":"https:\/\/www.aosr.ro\/en\/production-session-dacia-renault\/","og_site_name":"The Academy of Romanian Scientists","twitter_card":"summary_large_image","twitter_misc":{"Est. reading time":"5 minutes"},"schema":{"@context":"https:\/\/schema.org","@graph":[{"@type":"WebPage","@id":"https:\/\/www.aosr.ro\/en\/production-session-dacia-renault\/","url":"https:\/\/www.aosr.ro\/en\/production-session-dacia-renault\/","name":"Production Session - Dacia &amp; Renault - The Academy of Romanian Scientists","isPartOf":{"@id":"\/#website"},"datePublished":"2022-01-16T23:56:49+00:00","breadcrumb":{"@id":"https:\/\/www.aosr.ro\/en\/production-session-dacia-renault\/#breadcrumb"},"inLanguage":"en-US","potentialAction":[{"@type":"ReadAction","target":["https:\/\/www.aosr.ro\/en\/production-session-dacia-renault\/"]}]},{"@type":"BreadcrumbList","@id":"https:\/\/www.aosr.ro\/en\/production-session-dacia-renault\/#breadcrumb","itemListElement":[{"@type":"ListItem","position":1,"name":"Home","item":"https:\/\/www.aosr.ro\/en\/"},{"@type":"ListItem","position":2,"name":"Production Session &#8211; Dacia &amp; Renault"}]},{"@type":"WebSite","@id":"\/#website","url":"\/","name":"The Academy of Romanian Scientists","description":"The Academy of Romanian Scientists | Official website of AOSR","potentialAction":[{"@type":"SearchAction","target":{"@type":"EntryPoint","urlTemplate":"\/?s={search_term_string}"},"query-input":{"@type":"PropertyValueSpecification","valueRequired":true,"valueName":"search_term_string"}}],"inLanguage":"en-US"}]}},"_links":{"self":[{"href":"https:\/\/www.aosr.ro\/en\/wp-json\/wp\/v2\/pages\/17216","targetHints":{"allow":["GET"]}}],"collection":[{"href":"https:\/\/www.aosr.ro\/en\/wp-json\/wp\/v2\/pages"}],"about":[{"href":"https:\/\/www.aosr.ro\/en\/wp-json\/wp\/v2\/types\/page"}],"author":[{"embeddable":true,"href":"https:\/\/www.aosr.ro\/en\/wp-json\/wp\/v2\/users\/1"}],"replies":[{"embeddable":true,"href":"https:\/\/www.aosr.ro\/en\/wp-json\/wp\/v2\/comments?post=17216"}],"version-history":[{"count":0,"href":"https:\/\/www.aosr.ro\/en\/wp-json\/wp\/v2\/pages\/17216\/revisions"}],"wp:attachment":[{"href":"https:\/\/www.aosr.ro\/en\/wp-json\/wp\/v2\/media?parent=17216"}],"curies":[{"name":"wp","href":"https:\/\/api.w.org\/{rel}","templated":true}]}}