{"id":17198,"date":"2022-01-17T01:56:44","date_gmt":"2022-01-16T23:56:44","guid":{"rendered":"https:\/\/www.aosr.ro\/the-valences-of-femininity\/"},"modified":"2022-07-20T13:40:47","modified_gmt":"2022-07-20T10:40:47","slug":"the-valences-of-femininity","status":"publish","type":"page","link":"https:\/\/www.aosr.ro\/en\/the-valences-of-femininity\/","title":{"rendered":"The valences of femininity"},"content":{"rendered":"<p style=\"text-align: center;\"><strong><span style=\"color: #000080;\"><br \/>\nACCESA\u0162I<\/span> <a href=\"https:\/\/www.aosr.ro\/category\/valentele-feminitatii\/\">AICI<\/a> <span style=\"color: #000080;\">CONFERIN\u0162ELE VALEN\u0162ELE FEMINIT\u0102\u0162II<\/span><\/strong><\/p>\n<p style=\"text-align: left;\"><strong>ACADEMIA OAMENILOR DE \u0218TIIN\u021a\u0102 DIN ROM\u00c2NIA <\/strong><strong>organizeaz\u0103 seria de conferin\u021be lunare\u00a0<\/strong><strong>Valen\u021bele Feminit\u0103\u021bii<\/strong><\/p>\n<p>La conferin\u021b\u0103 sunt invitate doamne cu realiz\u0103ri \u00een domeniile: \u0219tiin\u021b\u0103, cercetare, crea\u021bie, art\u0103, inovare, life style, business, dezvoltare personal\u0103<\/p>\n<p>Deschiderea seriei de conferin\u021be a avut loc la data de 31 ianuarie 2018, orele 16:00, la sediului Academiei Oamenilor de \u0218tiin\u021b\u0103 din Rom\u00e2nia &#8211; Sala \u201eDrepturile Omului\u201d, Splaiul Independen\u021bei nr. 54, sector 5, Bucure\u0219ti.<\/p>\n<p>\u201eValen\u021bele Feminit\u0103\u021bii\u201d, proiect al Academiei Oamenilor de \u0218tiin\u021b\u0103 din Rom\u00e2nia, reprezint\u0103 o serie de conferin\u021be dedicate femeii \u0219i statutului ei \u00een lumea de azi. Situate sub egida principiilor \u0219i valorilor fondatoare ale umanismului contemporan, conferin\u021bele promoveaz\u0103 rolul fundamental al femeii \u00een societatea de azi \u0219i de m\u00e2ine.<\/p>\n<p>Abord\u0103rile conceptuale sunt \u00eenso\u021bite de exemple de succes, prin femei care au ob\u021binut performan\u021be \u00een domeniile lor de activitate \u0219i care, astfel, pot constitui repere, modele de reu\u0219it\u0103 \u0219i surse de inspira\u021bie.<\/p>\n<p>Conferin\u021bele sunt sus\u021binute de personalit\u0103\u021bi din \u0219tiin\u021b\u0103, cercetare, educa\u021bie, cultur\u0103, business, dezvoltare personal\u0103 etc. \u00eentr-un cadru de elit\u0103 al dialogului \u0219i schimbului de idei.<\/p>\n<p>Desf\u0103\u0219urate la nivel academic, Conferin\u021bele \u201eValen\u021bele Feminit\u0103\u021bii\u201d reprezint\u0103 o pledoarie pentru valoare \u0219i merit, pentru educa\u021bie, respect, echitate \u0219i empatie, pentru comuniune de idei \u0219i de aspira\u021bii \u0219i armonie social\u0103, \u00eentr-o viziune de esen\u021b\u0103 european\u0103, deschis\u0103 spre viitor.<\/p>\n<p style=\"text-align: center;\"><strong><span style=\"color: #000080;\"><br \/>\n<\/span><\/strong><strong><a href=\"https:\/\/www.aosr.ro\/wp-content\/uploads\/2015\/04\/Page1-18.jpg\"><img loading=\"lazy\" decoding=\"async\" class=\"alignleft wp-image-13217 \" src=\"https:\/\/www.aosr.ro\/wp-content\/uploads\/2015\/04\/Page1-18.jpg\" alt=\"\" width=\"1062\" height=\"1502\" \/><\/a><\/strong><\/p>\n<hr \/>\n<hr \/>\n","protected":false},"excerpt":{"rendered":"<p>ACCESA\u0162I AICI CONFERIN\u0162ELE VALEN\u0162ELE FEMINIT\u0102\u0162II ACADEMIA OAMENILOR DE \u0218TIIN\u021a\u0102 DIN ROM\u00c2NIA organizeaz\u0103 seria de conferin\u021be lunare\u00a0Valen\u021bele Feminit\u0103\u021bii La conferin\u021b\u0103 sunt invitate doamne cu realiz\u0103ri \u00een domeniile: \u0219tiin\u021b\u0103, cercetare, crea\u021bie, art\u0103, inovare, life style, business, dezvoltare personal\u0103 Deschiderea seriei de conferin\u021be a avut loc la data de 31 ianuarie 2018, orele 16:00, la sediului Academiei Oamenilor [&hellip;]<\/p>\n","protected":false},"author":1,"featured_media":0,"parent":0,"menu_order":0,"comment_status":"closed","ping_status":"closed","template":"","meta":{"inline_featured_image":false,"footnotes":""},"class_list":["post-17198","page","type-page","status-publish"],"yoast_head":"<!-- This site is optimized with the Yoast SEO plugin v27.0 - https:\/\/yoast.com\/product\/yoast-seo-wordpress\/ -->\n<title>The valences of femininity - The Academy of Romanian Scientists<\/title>\n<meta name=\"robots\" content=\"index, follow, max-snippet:-1, max-image-preview:large, max-video-preview:-1\" \/>\n<link rel=\"canonical\" href=\"https:\/\/www.aosr.ro\/en\/the-valences-of-femininity\/\" \/>\n<meta property=\"og:locale\" content=\"en_US\" \/>\n<meta property=\"og:type\" content=\"article\" \/>\n<meta property=\"og:title\" content=\"The valences of femininity - The Academy of Romanian Scientists\" \/>\n<meta property=\"og:description\" content=\"ACCESA\u0162I AICI CONFERIN\u0162ELE VALEN\u0162ELE FEMINIT\u0102\u0162II ACADEMIA OAMENILOR DE \u0218TIIN\u021a\u0102 DIN ROM\u00c2NIA organizeaz\u0103 seria de conferin\u021be lunare\u00a0Valen\u021bele Feminit\u0103\u021bii La conferin\u021b\u0103 sunt invitate doamne cu realiz\u0103ri \u00een domeniile: \u0219tiin\u021b\u0103, cercetare, crea\u021bie, art\u0103, inovare, life style, business, dezvoltare personal\u0103 Deschiderea seriei de conferin\u021be a avut loc la data de 31 ianuarie 2018, orele 16:00, la sediului Academiei Oamenilor [&hellip;]\" \/>\n<meta property=\"og:url\" content=\"https:\/\/www.aosr.ro\/en\/the-valences-of-femininity\/\" \/>\n<meta property=\"og:site_name\" content=\"The Academy of Romanian Scientists\" \/>\n<meta property=\"article:modified_time\" content=\"2022-07-20T10:40:47+00:00\" \/>\n<meta property=\"og:image\" content=\"https:\/\/www.aosr.ro\/wp-content\/uploads\/2015\/04\/Page1-18.jpg\" \/>\n<meta name=\"twitter:card\" content=\"summary_large_image\" \/>\n<meta name=\"twitter:label1\" content=\"Est. reading time\" \/>\n\t<meta name=\"twitter:data1\" content=\"1 minute\" \/>\n<script type=\"application\/ld+json\" class=\"yoast-schema-graph\">{\"@context\":\"https:\/\/schema.org\",\"@graph\":[{\"@type\":\"WebPage\",\"@id\":\"https:\/\/www.aosr.ro\/en\/the-valences-of-femininity\/\",\"url\":\"https:\/\/www.aosr.ro\/en\/the-valences-of-femininity\/\",\"name\":\"The valences of femininity - The Academy of Romanian Scientists\",\"isPartOf\":{\"@id\":\"\/#website\"},\"primaryImageOfPage\":{\"@id\":\"https:\/\/www.aosr.ro\/en\/the-valences-of-femininity\/#primaryimage\"},\"image\":{\"@id\":\"https:\/\/www.aosr.ro\/en\/the-valences-of-femininity\/#primaryimage\"},\"thumbnailUrl\":\"https:\/\/www.aosr.ro\/wp-content\/uploads\/2015\/04\/Page1-18.jpg\",\"datePublished\":\"2022-01-16T23:56:44+00:00\",\"dateModified\":\"2022-07-20T10:40:47+00:00\",\"breadcrumb\":{\"@id\":\"https:\/\/www.aosr.ro\/en\/the-valences-of-femininity\/#breadcrumb\"},\"inLanguage\":\"en-US\",\"potentialAction\":[{\"@type\":\"ReadAction\",\"target\":[\"https:\/\/www.aosr.ro\/en\/the-valences-of-femininity\/\"]}]},{\"@type\":\"ImageObject\",\"inLanguage\":\"en-US\",\"@id\":\"https:\/\/www.aosr.ro\/en\/the-valences-of-femininity\/#primaryimage\",\"url\":\"https:\/\/www.aosr.ro\/wp-content\/uploads\/2015\/04\/Page1-18.jpg\",\"contentUrl\":\"https:\/\/www.aosr.ro\/wp-content\/uploads\/2015\/04\/Page1-18.jpg\"},{\"@type\":\"BreadcrumbList\",\"@id\":\"https:\/\/www.aosr.ro\/en\/the-valences-of-femininity\/#breadcrumb\",\"itemListElement\":[{\"@type\":\"ListItem\",\"position\":1,\"name\":\"Home\",\"item\":\"https:\/\/www.aosr.ro\/en\/\"},{\"@type\":\"ListItem\",\"position\":2,\"name\":\"The valences of femininity\"}]},{\"@type\":\"WebSite\",\"@id\":\"\/#website\",\"url\":\"\/\",\"name\":\"The Academy of Romanian Scientists\",\"description\":\"The Academy of Romanian Scientists | Official website of AOSR\",\"potentialAction\":[{\"@type\":\"SearchAction\",\"target\":{\"@type\":\"EntryPoint\",\"urlTemplate\":\"\/?s={search_term_string}\"},\"query-input\":{\"@type\":\"PropertyValueSpecification\",\"valueRequired\":true,\"valueName\":\"search_term_string\"}}],\"inLanguage\":\"en-US\"}]}<\/script>\n<!-- \/ Yoast SEO plugin. -->","yoast_head_json":{"title":"The valences of femininity - The Academy of Romanian Scientists","robots":{"index":"index","follow":"follow","max-snippet":"max-snippet:-1","max-image-preview":"max-image-preview:large","max-video-preview":"max-video-preview:-1"},"canonical":"https:\/\/www.aosr.ro\/en\/the-valences-of-femininity\/","og_locale":"en_US","og_type":"article","og_title":"The valences of femininity - The Academy of Romanian Scientists","og_description":"ACCESA\u0162I AICI CONFERIN\u0162ELE VALEN\u0162ELE FEMINIT\u0102\u0162II ACADEMIA OAMENILOR DE \u0218TIIN\u021a\u0102 DIN ROM\u00c2NIA organizeaz\u0103 seria de conferin\u021be lunare\u00a0Valen\u021bele Feminit\u0103\u021bii La conferin\u021b\u0103 sunt invitate doamne cu realiz\u0103ri \u00een domeniile: \u0219tiin\u021b\u0103, cercetare, crea\u021bie, art\u0103, inovare, life style, business, dezvoltare personal\u0103 Deschiderea seriei de conferin\u021be a avut loc la data de 31 ianuarie 2018, orele 16:00, la sediului Academiei Oamenilor [&hellip;]","og_url":"https:\/\/www.aosr.ro\/en\/the-valences-of-femininity\/","og_site_name":"The Academy of Romanian Scientists","article_modified_time":"2022-07-20T10:40:47+00:00","og_image":[{"url":"https:\/\/www.aosr.ro\/wp-content\/uploads\/2015\/04\/Page1-18.jpg","type":"","width":"","height":""}],"twitter_card":"summary_large_image","twitter_misc":{"Est. reading time":"1 minute"},"schema":{"@context":"https:\/\/schema.org","@graph":[{"@type":"WebPage","@id":"https:\/\/www.aosr.ro\/en\/the-valences-of-femininity\/","url":"https:\/\/www.aosr.ro\/en\/the-valences-of-femininity\/","name":"The valences of femininity - The Academy of Romanian Scientists","isPartOf":{"@id":"\/#website"},"primaryImageOfPage":{"@id":"https:\/\/www.aosr.ro\/en\/the-valences-of-femininity\/#primaryimage"},"image":{"@id":"https:\/\/www.aosr.ro\/en\/the-valences-of-femininity\/#primaryimage"},"thumbnailUrl":"https:\/\/www.aosr.ro\/wp-content\/uploads\/2015\/04\/Page1-18.jpg","datePublished":"2022-01-16T23:56:44+00:00","dateModified":"2022-07-20T10:40:47+00:00","breadcrumb":{"@id":"https:\/\/www.aosr.ro\/en\/the-valences-of-femininity\/#breadcrumb"},"inLanguage":"en-US","potentialAction":[{"@type":"ReadAction","target":["https:\/\/www.aosr.ro\/en\/the-valences-of-femininity\/"]}]},{"@type":"ImageObject","inLanguage":"en-US","@id":"https:\/\/www.aosr.ro\/en\/the-valences-of-femininity\/#primaryimage","url":"https:\/\/www.aosr.ro\/wp-content\/uploads\/2015\/04\/Page1-18.jpg","contentUrl":"https:\/\/www.aosr.ro\/wp-content\/uploads\/2015\/04\/Page1-18.jpg"},{"@type":"BreadcrumbList","@id":"https:\/\/www.aosr.ro\/en\/the-valences-of-femininity\/#breadcrumb","itemListElement":[{"@type":"ListItem","position":1,"name":"Home","item":"https:\/\/www.aosr.ro\/en\/"},{"@type":"ListItem","position":2,"name":"The valences of femininity"}]},{"@type":"WebSite","@id":"\/#website","url":"\/","name":"The Academy of Romanian Scientists","description":"The Academy of Romanian Scientists | Official website of AOSR","potentialAction":[{"@type":"SearchAction","target":{"@type":"EntryPoint","urlTemplate":"\/?s={search_term_string}"},"query-input":{"@type":"PropertyValueSpecification","valueRequired":true,"valueName":"search_term_string"}}],"inLanguage":"en-US"}]}},"_links":{"self":[{"href":"https:\/\/www.aosr.ro\/en\/wp-json\/wp\/v2\/pages\/17198","targetHints":{"allow":["GET"]}}],"collection":[{"href":"https:\/\/www.aosr.ro\/en\/wp-json\/wp\/v2\/pages"}],"about":[{"href":"https:\/\/www.aosr.ro\/en\/wp-json\/wp\/v2\/types\/page"}],"author":[{"embeddable":true,"href":"https:\/\/www.aosr.ro\/en\/wp-json\/wp\/v2\/users\/1"}],"replies":[{"embeddable":true,"href":"https:\/\/www.aosr.ro\/en\/wp-json\/wp\/v2\/comments?post=17198"}],"version-history":[{"count":6,"href":"https:\/\/www.aosr.ro\/en\/wp-json\/wp\/v2\/pages\/17198\/revisions"}],"predecessor-version":[{"id":23380,"href":"https:\/\/www.aosr.ro\/en\/wp-json\/wp\/v2\/pages\/17198\/revisions\/23380"}],"wp:attachment":[{"href":"https:\/\/www.aosr.ro\/en\/wp-json\/wp\/v2\/media?parent=17198"}],"curies":[{"name":"wp","href":"https:\/\/api.w.org\/{rel}","templated":true}]}}