{"id":17174,"date":"2022-01-17T01:56:40","date_gmt":"2022-01-16T23:56:40","guid":{"rendered":"https:\/\/www.aosr.ro\/eminescu-the-man-of-romanian-culture\/"},"modified":"2022-01-17T01:56:40","modified_gmt":"2022-01-16T23:56:40","slug":"eminescu-the-man-of-romanian-culture","status":"publish","type":"page","link":"https:\/\/www.aosr.ro\/en\/eminescu-the-man-of-romanian-culture\/","title":{"rendered":"Eminescu &#8211; the man of Romanian culture"},"content":{"rendered":"<hr>\n<p><a href=\"https:\/\/www.aosr.ro\/wp-content\/uploads\/2018\/11\/eminescu-2011.png\"><span style=\"color: #000000;\"><img loading=\"lazy\" decoding=\"async\" class=\"wp-image-13899 alignleft\" src=\"https:\/\/www.aosr.ro\/wp-content\/uploads\/2018\/11\/eminescu-2011.png\" alt=\"\" width=\"196\" height=\"276\"><\/span><\/a><\/p>\n<p><strong><span style=\"color: #000000;\">First edition<\/span><\/strong><\/p>\n<p><span style=\"color: #000000;\">On June 15, 2011, the tribute session \u201cEMINESCU,<\/span><br \/>\n<span style=\"color: #000000;\"> THE FULL MAN OF ROMANIAN CULTURE \u201d, organized by the Section of<\/span><br \/>\n<span style=\"color: #000000;\"> Philosophy, Psychology, Theology and Journalism of AOSR. The event included<\/span><br \/>\n<span style=\"color: #000000;\"> exhibitions that evoked the personality of Mihai Eminescu, recital of verses from<\/span><br \/>\n<span style=\"color: #000000;\"> Eminescu&#8217;s lyric and International Painting Salon.<\/span><\/p>\n<p>&nbsp;<\/p>\n<p>&nbsp;<\/p>\n<p>&nbsp;<\/p>\n<p>&nbsp;<\/p>\n<hr>\n<p><a href=\"https:\/\/www.aosr.ro\/wp-content\/uploads\/2018\/11\/eminescu-2012-1.jpg\"><span style=\"color: #000000;\"><img loading=\"lazy\" decoding=\"async\" class=\"wp-image-13905 alignleft\" src=\"https:\/\/www.aosr.ro\/wp-content\/uploads\/2018\/11\/eminescu-2012-1.jpg\" alt=\"\" width=\"196\" height=\"276\"><\/span><\/a><\/p>\n<p><span style=\"color: #000000;\"><strong>Second edition<\/strong><\/span><\/p>\n<p><span style=\"color: #000000;\">On June 15, 2012, the Philosophy Department organized the Session in the AOSR Hall<\/span><br \/>\n<span style=\"color: #000000;\"> Tribute, &#8220;Eminescu, the full man of Romanian culture&#8221;, 2nd Edition. Among those<\/span><br \/>\n<span style=\"color: #000000;\"> who gave lectures, we mention: Alexandru Surdu, IPS Teodosie, Angela Botez<\/span><br \/>\n<span style=\"color: #000000;\"> Nicolae Georgescu, Victor Cr\u0103ciun.<\/span><\/p>\n<p>&nbsp;<\/p>\n<p>&nbsp;<\/p>\n<p>&nbsp;<\/p>\n<p>&nbsp;<\/p>\n<p>&nbsp;<\/p>\n<hr>\n<p><span style=\"color: #000000;\"><strong>3rd edition<\/strong><\/span><\/p>\n<p><span style=\"color: #000000;\">On June 18, 2013, the Department of Philosophy, Psychology and Theology organized in the Hall<\/span><br \/>\n<span style=\"color: #000000;\"> AOSR, Tribute Session &#8220;Eminescu, the full man of Romanian culture&#8221;, edition<\/span><br \/>\n<span style=\"color: #000000;\"> a III. Among those who lectured, we mention: His Eminence Theodosius, Angela<\/span><br \/>\n<span style=\"color: #000000;\"> Botez, Dan Zamfirescu, Dan Riga, Henrieta Ani\u015foara \u015eerban.<\/span><\/p>\n<hr>\n<p><span style=\"color: #000000;\"><strong><a href=\"https:\/\/www.aosr.ro\/wp-content\/uploads\/2018\/11\/eminescu-2012-1.jpg\"> <img loading=\"lazy\" decoding=\"async\" class=\"size-medium wp-image-13909 alignleft\" src=\"https:\/\/www.aosr.ro\/wp-content\/uploads\/2018\/11\/eminescu-2014.jpg\" alt=\"\" width=\"212\" height=\"300\"><\/a>4th edition<\/strong><\/span><\/p>\n<p><span style=\"color: #000000;\">On June 17, 2014, the Tribute Session took place at the AO\u0218R headquarters:<\/span><br \/>\n<span style=\"color: #000000;\"> &#8220;Eminescu. The full man of Romanian culture &#8220;, 4th edition. Were<\/span><br \/>\n<span style=\"color: #000000;\"> presented the following lectures and communications: \u2022 Prof. univ. Dr. Gen. (r.)<\/span><br \/>\n<span style=\"color: #000000;\"> Vasile C\u00e2ndea, \u2022 Academician Leon D\u0103n\u0103il\u0103, MO, \u2022 Prof. univ. dr.<\/span><br \/>\n<span style=\"color: #000000;\"> Nicolae M. Constantinescu, MO &#8211; Do we still deserve Eminescu? \u2022<\/span><br \/>\n<span style=\"color: #000000;\"> Prof.univ. Dr. Dan Riga, MT, prof.univ. Dr. Sorin Riga, MT &#8211; Report<\/span><br \/>\n<span style=\"color: #000000;\"> to Pilate from Pontus to Emperor Tiberius. Parallel to the attitude towards<\/span><br \/>\n<span style=\"color: #000000;\"> Eminescu \u2022 Prof. univ. dr. Narcis Z\u0103rnescu, MC &#8211; Cognitive models as<\/span><br \/>\n<span style=\"color: #000000;\"> possible strategies for receiving Eminescu&#8217;s work \u2022 Prof.univ. Dr. Angela<\/span><br \/>\n<span style=\"color: #000000;\"> Baptism, and Henrieta Ani\u015foara \u015eerban, PhD researcher, &#8211; &#8220;Revue roumaine&#8221;,<\/span><br \/>\n<span style=\"color: #000000;\"> &#8220;Annalele AO\u015eR&#8221; and &#8220;Revista de filosofie&#8221; about Mihai Eminescu<\/span><\/p>\n<p>&nbsp;<\/p>\n<hr>\n<p><strong><span style=\"color: #000000;\"><a href=\"https:\/\/www.aosr.ro\/wp-content\/uploads\/2018\/11\/afis-18-iunie-2015-Omagiere-Mihai-Eminescu.jpg\"><img loading=\"lazy\" decoding=\"async\" class=\"wp-image-13907 alignleft\" src=\"https:\/\/www.aosr.ro\/wp-content\/uploads\/2018\/11\/afis-18-iunie-2015-Omagiere-Mihai-Eminescu.jpg\" alt=\"\" width=\"197\" height=\"278\"><\/a>Fifth edition<\/span><\/strong><\/p>\n<p><span style=\"color: #000000;\">It took place on June 18, 2015, at the AOSR headquarters<\/span><br \/>\n<span style=\"color: #000000;\"> EMINESCU Tribute Session &#8211; The full man of culture<\/span><br \/>\n<span style=\"color: #000000;\"> Romanian, 5th edition, in organizing the organization of the section of<\/span><br \/>\n<span style=\"color: #000000;\"> Philosophy, Psychology, Theology at AOSR.<\/span><br \/>\n<span style=\"color: #000000;\"> The session was structured in several parts. received<\/span><br \/>\n<span style=\"color: #000000;\"> part entitled Personalities about the life and work of Michael<\/span><br \/>\n<span style=\"color: #000000;\"> Eminescu began by listening to his own lecture<\/span><br \/>\n<span style=\"color: #000000;\"> George C\u0103linescu on June 10, 1965, on the occasion of the fulfillment<\/span><br \/>\n<span style=\"color: #000000;\"> 75 years since the poet&#8217;s death, entitled Eminescu, poet<\/span><br \/>\n<span style=\"color: #000000;\"> national. The radio CD was presented by Ioan Laz\u0103r.<\/span><br \/>\n<span style=\"color: #000000;\"> Medallions dedicated to personalities of Romanian culture followed:<\/span><br \/>\n<span style=\"color: #000000;\"> Constantin R\u0103dulescu-Motru, Ion Petrovici, Constantin Noica &#8211; Prof. Dr. Angela<\/span><br \/>\n<span style=\"color: #000000;\"> Botez and Lucian Blaga, Mircea Eliade, Bazil Munteanu &#8211; Dr. Victor Botez.<\/span><br \/>\n<span style=\"color: #000000;\"> Prof. Dr. Angela Botez presented studies dedicated to Eminescu by<\/span><br \/>\n<span style=\"color: #000000;\"> Rosa Del Conte, Amita Bhose, Alain Guillermou from Romanian Review.<\/span><br \/>\n<span style=\"color: #000000;\"> In the part entitled Eminescu in art and music, were presented:<\/span><br \/>\n<span style=\"color: #000000;\"> monuments and busts of Mihai Eminescu in the world (France, Switzerland, United States<\/span><br \/>\n<span style=\"color: #000000;\"> of America, Canada, Venezuela) &#8211; Gabriela Petrescu; music on lyrics by Mihai<\/span><br \/>\n<span style=\"color: #000000;\"> Eminescu &#8211; Doru Popovici &#8211; comments by Prof. Dr. Angela Botez; musical illustrations.<\/span><\/p>\n<hr>\n<p><span style=\"color: #000000;\"><strong><a href=\"https:\/\/www.aosr.ro\/wp-content\/uploads\/2018\/11\/eminescu-2016.jpg\"><img loading=\"lazy\" decoding=\"async\" class=\"wp-image-13911 alignleft\" src=\"https:\/\/www.aosr.ro\/wp-content\/uploads\/2018\/11\/eminescu-2016.jpg\" alt=\"\" width=\"219\" height=\"309\"><\/a>6th edition<\/strong><\/span><\/p>\n<p><span style=\"color: #000000;\">On June 16, 2016, the 6th edition of the Session took place at the AOSR headquarters<\/span><br \/>\n<span style=\"color: #000000;\">homage EMINESCU &#8211; The full man of Romanian culture, organized by the Section of<\/span><br \/>\n<span style=\"color: #000000;\">philosophy, psychology, theology of AOSR.<\/span><br \/>\n<span style=\"color: #000000;\">After the opening remarks by Mr. have<\/span><br \/>\n<span style=\"color: #000000;\">Prof. Dr. Vasile C\u00e2ndea, lectured by: HE Theodosius,<\/span><br \/>\n<span style=\"color: #000000;\">The spiritual significance of Eminescu&#8217;s work; Angela<\/span><br \/>\n<span style=\"color: #000000;\">Baptism, Eminescu &#8211; only romantic poet or \u201cquintessence<\/span><br \/>\n<span style=\"color: #000000;\">the Romanian soul \u201d?; Victor Botez, Eminescu Meditations<\/span><br \/>\n<span style=\"color: #000000;\">on the Romanian language; Ioan N. Ro\u0219ca, Clarity and<\/span><br \/>\n<span style=\"color: #000000;\">depth in Eminescu&#8217;s poetry; Henrieta Ani\u0219oara<\/span><br \/>\n<span style=\"color: #000000;\">Serban, New interpretations in Eminescu&#8217;s poetry; Sorin Ivan,<\/span><br \/>\n<span style=\"color: #000000;\">Eminescu&#8217;s poetry in the didactic life; Ioan Laz\u0103r, Poetry<\/span><br \/>\n<span style=\"color: #000000;\">of Eminescu&#8217;s love &#8211; recitations and the movie &#8220;Blanca&#8221;<\/span><br \/>\n<span style=\"color: #000000;\">(1955).  <\/span><\/p>\n<p>&nbsp;<\/p>\n<hr>\n<p><span style=\"color: #000000;\"><strong><a href=\"https:\/\/www.aosr.ro\/wp-content\/uploads\/2018\/11\/afis-21-iunie-2017-Sesiune-Eminescu.jpg\"><img loading=\"lazy\" decoding=\"async\" class=\"wp-image-13913 alignleft\" src=\"https:\/\/www.aosr.ro\/wp-content\/uploads\/2018\/11\/afis-21-iunie-2017-Sesiune-Eminescu.jpg\" alt=\"\" width=\"193\" height=\"272\"><\/a>7th edition<\/strong><\/span><\/p>\n<p><span style=\"color: #000000;\">The Academy of Romanian Scientists also dedicated in<\/span><br \/>\n<span style=\"color: #000000;\"> 2017, a special event for the poet Mihai Eminescu, on the occasion<\/span><br \/>\n<span style=\"color: #000000;\"> to commemorate the 128th anniversary of the poet&#8217;s passing away<\/span><br \/>\n<span style=\"color: #000000;\"> national. On June 21, 2017, in the Hall of the institution, it took place<\/span><br \/>\n<span style=\"color: #000000;\"> Tribute Session &#8220;Eminescu, the full man of Romanian culture&#8221;,<\/span><br \/>\n<span style=\"color: #000000;\"> 7th edition, emblematic academic event for the field<\/span><br \/>\n<span style=\"color: #000000;\"> eminescology, organized by the Department of Philosophy, Theology,<\/span><br \/>\n<span style=\"color: #000000;\"> psychology. This year&#8217;s edition was under the sign of &#8220;Luceaf\u0103rului&#8221;,<\/span><br \/>\n<span style=\"color: #000000;\"> in the generic formula: &#8220;Luceaf\u0103rul, a romantic hypostasis of genius&#8221;.<\/span><br \/>\n<span style=\"color: #000000;\"> During the Tribute Session, the following were presented<\/span><br \/>\n<span style=\"color: #000000;\"> scientific communications: IPS Teodosie, Luceaf\u0103rul, in vision<\/span><br \/>\n<span style=\"color: #000000;\"> theological; Angela Botez, Luceaf\u0103rul, in books and comments; Victor<\/span><br \/>\n<span style=\"color: #000000;\"> Baptism, Eminescu, in the vision of Tudor Vianu; Ioan N. Ro\u015fca,<\/span><br \/>\n<span style=\"color: #000000;\"> Cosmological and cosmogonic thoughts and images in the Eminescu poem Luceaf\u0103rul; Henrietta<\/span><br \/>\n<span style=\"color: #000000;\"> Ani\u015foara \u015eerban, The Image of the Morning Star as an Aspirational Paradigm; Dan Riga, Sorin Riga,<\/span><\/p>\n<hr>\n<p><strong><span style=\"color: #000000;\"><a href=\"https:\/\/www.aosr.ro\/wp-content\/uploads\/2018\/11\/afis-28-iunie-2018-Sesiune-Eminescu-1-1.jpg\"><img loading=\"lazy\" decoding=\"async\" class=\"wp-image-13915 alignleft\" src=\"https:\/\/www.aosr.ro\/wp-content\/uploads\/2018\/11\/afis-28-iunie-2018-Sesiune-Eminescu-1-1.jpg\" alt=\"\" width=\"192\" height=\"271\"><\/a>8th edition<\/span><\/strong><\/p>\n<p><span style=\"color: #000000;\">The Academy of Romanian Scientists also dedicated in<\/span><br \/>\n<span style=\"color: #000000;\"> 2018, a special event for the poet Mihai Eminescu, on the occasion<\/span><br \/>\n<span style=\"color: #000000;\"> to commemorate the 129th anniversary of the poet&#8217;s passing away<\/span><br \/>\n<span style=\"color: #000000;\"> national. On June 28, 2018, in the Hall of the institution, it took place<\/span><br \/>\n<span style=\"color: #000000;\"> Tribute Session &#8220;Eminescu, the full man of Romanian culture&#8221;,<\/span><br \/>\n<span style=\"color: #000000;\"> 8th edition, emblematic academic event for the field<\/span><br \/>\n<span style=\"color: #000000;\"> eminescology, organized by the Department of Philosophy, Theology,<\/span><br \/>\n<span style=\"color: #000000;\"> psychology. <\/span><\/p>\n<p>&nbsp;<\/p>\n<p>&nbsp;<\/p>\n<hr>\n","protected":false},"excerpt":{"rendered":"<p>First edition On June 15, 2011, the tribute session \u201cEMINESCU, THE FULL MAN OF ROMANIAN CULTURE \u201d, organized by the Section of Philosophy, Psychology, Theology and Journalism of AOSR. The event included exhibitions that evoked the personality of Mihai Eminescu, recital of verses from Eminescu&#8217;s lyric and International Painting Salon. &nbsp; &nbsp; &nbsp; &nbsp; Second [&hellip;]<\/p>\n","protected":false},"author":1,"featured_media":0,"parent":0,"menu_order":0,"comment_status":"closed","ping_status":"closed","template":"","meta":{"inline_featured_image":false,"footnotes":""},"class_list":["post-17174","page","type-page","status-publish"],"yoast_head":"<!-- This site is optimized with the Yoast SEO plugin v27.0 - https:\/\/yoast.com\/product\/yoast-seo-wordpress\/ -->\n<title>Eminescu - the man of Romanian culture - The Academy of Romanian Scientists<\/title>\n<meta name=\"robots\" content=\"index, follow, max-snippet:-1, max-image-preview:large, max-video-preview:-1\" \/>\n<link rel=\"canonical\" href=\"https:\/\/www.aosr.ro\/en\/eminescu-the-man-of-romanian-culture\/\" \/>\n<meta property=\"og:locale\" content=\"en_US\" \/>\n<meta property=\"og:type\" content=\"article\" \/>\n<meta property=\"og:title\" content=\"Eminescu - the man of Romanian culture - The Academy of Romanian Scientists\" \/>\n<meta property=\"og:description\" content=\"First edition On June 15, 2011, the tribute session \u201cEMINESCU, THE FULL MAN OF ROMANIAN CULTURE \u201d, organized by the Section of Philosophy, Psychology, Theology and Journalism of AOSR. The event included exhibitions that evoked the personality of Mihai Eminescu, recital of verses from Eminescu&#8217;s lyric and International Painting Salon. &nbsp; &nbsp; &nbsp; &nbsp; Second [&hellip;]\" \/>\n<meta property=\"og:url\" content=\"https:\/\/www.aosr.ro\/en\/eminescu-the-man-of-romanian-culture\/\" \/>\n<meta property=\"og:site_name\" content=\"The Academy of Romanian Scientists\" \/>\n<meta property=\"og:image\" content=\"https:\/\/www.aosr.ro\/wp-content\/uploads\/2018\/11\/eminescu-2011.png\" \/>\n<meta name=\"twitter:card\" content=\"summary_large_image\" \/>\n<meta name=\"twitter:label1\" content=\"Est. reading time\" \/>\n\t<meta name=\"twitter:data1\" content=\"4 minutes\" \/>\n<script type=\"application\/ld+json\" class=\"yoast-schema-graph\">{\"@context\":\"https:\/\/schema.org\",\"@graph\":[{\"@type\":\"WebPage\",\"@id\":\"https:\/\/www.aosr.ro\/en\/eminescu-the-man-of-romanian-culture\/\",\"url\":\"https:\/\/www.aosr.ro\/en\/eminescu-the-man-of-romanian-culture\/\",\"name\":\"Eminescu - the man of Romanian culture - The Academy of Romanian Scientists\",\"isPartOf\":{\"@id\":\"\/#website\"},\"primaryImageOfPage\":{\"@id\":\"https:\/\/www.aosr.ro\/en\/eminescu-the-man-of-romanian-culture\/#primaryimage\"},\"image\":{\"@id\":\"https:\/\/www.aosr.ro\/en\/eminescu-the-man-of-romanian-culture\/#primaryimage\"},\"thumbnailUrl\":\"https:\/\/www.aosr.ro\/wp-content\/uploads\/2018\/11\/eminescu-2011.png\",\"datePublished\":\"2022-01-16T23:56:40+00:00\",\"breadcrumb\":{\"@id\":\"https:\/\/www.aosr.ro\/en\/eminescu-the-man-of-romanian-culture\/#breadcrumb\"},\"inLanguage\":\"en-US\",\"potentialAction\":[{\"@type\":\"ReadAction\",\"target\":[\"https:\/\/www.aosr.ro\/en\/eminescu-the-man-of-romanian-culture\/\"]}]},{\"@type\":\"ImageObject\",\"inLanguage\":\"en-US\",\"@id\":\"https:\/\/www.aosr.ro\/en\/eminescu-the-man-of-romanian-culture\/#primaryimage\",\"url\":\"https:\/\/www.aosr.ro\/wp-content\/uploads\/2018\/11\/eminescu-2011.png\",\"contentUrl\":\"https:\/\/www.aosr.ro\/wp-content\/uploads\/2018\/11\/eminescu-2011.png\"},{\"@type\":\"BreadcrumbList\",\"@id\":\"https:\/\/www.aosr.ro\/en\/eminescu-the-man-of-romanian-culture\/#breadcrumb\",\"itemListElement\":[{\"@type\":\"ListItem\",\"position\":1,\"name\":\"Home\",\"item\":\"https:\/\/www.aosr.ro\/en\/\"},{\"@type\":\"ListItem\",\"position\":2,\"name\":\"Eminescu &#8211; the man of Romanian culture\"}]},{\"@type\":\"WebSite\",\"@id\":\"\/#website\",\"url\":\"\/\",\"name\":\"The Academy of Romanian Scientists\",\"description\":\"The Academy of Romanian Scientists | Official website of AOSR\",\"potentialAction\":[{\"@type\":\"SearchAction\",\"target\":{\"@type\":\"EntryPoint\",\"urlTemplate\":\"\/?s={search_term_string}\"},\"query-input\":{\"@type\":\"PropertyValueSpecification\",\"valueRequired\":true,\"valueName\":\"search_term_string\"}}],\"inLanguage\":\"en-US\"}]}<\/script>\n<!-- \/ Yoast SEO plugin. -->","yoast_head_json":{"title":"Eminescu - the man of Romanian culture - The Academy of Romanian Scientists","robots":{"index":"index","follow":"follow","max-snippet":"max-snippet:-1","max-image-preview":"max-image-preview:large","max-video-preview":"max-video-preview:-1"},"canonical":"https:\/\/www.aosr.ro\/en\/eminescu-the-man-of-romanian-culture\/","og_locale":"en_US","og_type":"article","og_title":"Eminescu - the man of Romanian culture - The Academy of Romanian Scientists","og_description":"First edition On June 15, 2011, the tribute session \u201cEMINESCU, THE FULL MAN OF ROMANIAN CULTURE \u201d, organized by the Section of Philosophy, Psychology, Theology and Journalism of AOSR. The event included exhibitions that evoked the personality of Mihai Eminescu, recital of verses from Eminescu&#8217;s lyric and International Painting Salon. &nbsp; &nbsp; &nbsp; &nbsp; Second [&hellip;]","og_url":"https:\/\/www.aosr.ro\/en\/eminescu-the-man-of-romanian-culture\/","og_site_name":"The Academy of Romanian Scientists","og_image":[{"url":"https:\/\/www.aosr.ro\/wp-content\/uploads\/2018\/11\/eminescu-2011.png","type":"","width":"","height":""}],"twitter_card":"summary_large_image","twitter_misc":{"Est. reading time":"4 minutes"},"schema":{"@context":"https:\/\/schema.org","@graph":[{"@type":"WebPage","@id":"https:\/\/www.aosr.ro\/en\/eminescu-the-man-of-romanian-culture\/","url":"https:\/\/www.aosr.ro\/en\/eminescu-the-man-of-romanian-culture\/","name":"Eminescu - the man of Romanian culture - The Academy of Romanian Scientists","isPartOf":{"@id":"\/#website"},"primaryImageOfPage":{"@id":"https:\/\/www.aosr.ro\/en\/eminescu-the-man-of-romanian-culture\/#primaryimage"},"image":{"@id":"https:\/\/www.aosr.ro\/en\/eminescu-the-man-of-romanian-culture\/#primaryimage"},"thumbnailUrl":"https:\/\/www.aosr.ro\/wp-content\/uploads\/2018\/11\/eminescu-2011.png","datePublished":"2022-01-16T23:56:40+00:00","breadcrumb":{"@id":"https:\/\/www.aosr.ro\/en\/eminescu-the-man-of-romanian-culture\/#breadcrumb"},"inLanguage":"en-US","potentialAction":[{"@type":"ReadAction","target":["https:\/\/www.aosr.ro\/en\/eminescu-the-man-of-romanian-culture\/"]}]},{"@type":"ImageObject","inLanguage":"en-US","@id":"https:\/\/www.aosr.ro\/en\/eminescu-the-man-of-romanian-culture\/#primaryimage","url":"https:\/\/www.aosr.ro\/wp-content\/uploads\/2018\/11\/eminescu-2011.png","contentUrl":"https:\/\/www.aosr.ro\/wp-content\/uploads\/2018\/11\/eminescu-2011.png"},{"@type":"BreadcrumbList","@id":"https:\/\/www.aosr.ro\/en\/eminescu-the-man-of-romanian-culture\/#breadcrumb","itemListElement":[{"@type":"ListItem","position":1,"name":"Home","item":"https:\/\/www.aosr.ro\/en\/"},{"@type":"ListItem","position":2,"name":"Eminescu &#8211; the man of Romanian culture"}]},{"@type":"WebSite","@id":"\/#website","url":"\/","name":"The Academy of Romanian Scientists","description":"The Academy of Romanian Scientists | Official website of AOSR","potentialAction":[{"@type":"SearchAction","target":{"@type":"EntryPoint","urlTemplate":"\/?s={search_term_string}"},"query-input":{"@type":"PropertyValueSpecification","valueRequired":true,"valueName":"search_term_string"}}],"inLanguage":"en-US"}]}},"_links":{"self":[{"href":"https:\/\/www.aosr.ro\/en\/wp-json\/wp\/v2\/pages\/17174","targetHints":{"allow":["GET"]}}],"collection":[{"href":"https:\/\/www.aosr.ro\/en\/wp-json\/wp\/v2\/pages"}],"about":[{"href":"https:\/\/www.aosr.ro\/en\/wp-json\/wp\/v2\/types\/page"}],"author":[{"embeddable":true,"href":"https:\/\/www.aosr.ro\/en\/wp-json\/wp\/v2\/users\/1"}],"replies":[{"embeddable":true,"href":"https:\/\/www.aosr.ro\/en\/wp-json\/wp\/v2\/comments?post=17174"}],"version-history":[{"count":0,"href":"https:\/\/www.aosr.ro\/en\/wp-json\/wp\/v2\/pages\/17174\/revisions"}],"wp:attachment":[{"href":"https:\/\/www.aosr.ro\/en\/wp-json\/wp\/v2\/media?parent=17174"}],"curies":[{"name":"wp","href":"https:\/\/api.w.org\/{rel}","templated":true}]}}