{"id":16892,"date":"2022-01-17T01:55:48","date_gmt":"2022-01-16T23:55:48","guid":{"rendered":"https:\/\/www.aosr.ro\/studied\/"},"modified":"2022-01-17T01:55:48","modified_gmt":"2022-01-16T23:55:48","slug":"studied","status":"publish","type":"page","link":"https:\/\/www.aosr.ro\/en\/studied\/","title":{"rendered":"studied"},"content":{"rendered":"<p class=\"entry-title\"><strong><a title=\"Intrarea Rom\u00e2niei \u00een r\u0103zboiul pentru unitate na\u0163ional\u0103\" href=\"http:\/\/www.ioanscurtu.ro\/intrarea-romaniei-in-razboiul-pentru-unitate-nationala\/\" rel=\"bookmark\">Romania&#8217;s entry into the war for national unity<\/a><\/strong><\/p>\n<p class=\"entry-title\"><strong><a title=\"\u201eUnda de \u015foc a Revolu\u0163iei Ruse \u00een Rom\u00e2nia\u201d la RRA\" href=\"http:\/\/www.ioanscurtu.ro\/unda-de-soc-a-revolutiei-ruse-in-romania-la-rra\/\" rel=\"bookmark\">The shock wave of the Russian Revolution in Romania<\/a><\/strong><\/p>\n<p><a href=\"https:\/\/www.aosr.ro\/wp-content\/uploads\/2018\/02\/articol-C.M.-Lungu-1.pdf\"><strong>&#8220;BATTLE OF MOLDOVA&#8221; &#8211; a century since the salvation<\/strong> <strong>of the national being (1917-2017)<\/strong><\/a><\/p>\n<p><a href=\"https:\/\/www.aosr.ro\/wp-content\/uploads\/2018\/02\/articol-C.M.-Lungu-2.pdf\"><strong>Armed resistance and saving the national being,<\/strong> <strong>stages of the process of Romania&#8217;s integration<\/strong><\/a><br \/>\n<a href=\"https:\/\/www.aosr.ro\/wp-content\/uploads\/2018\/02\/articol-C.M.-Lungu-2.pdf\"><strong>(1916-1918)<\/strong><\/a><\/p>\n<p><a href=\"https:\/\/www.aosr.ro\/wp-content\/uploads\/2018\/02\/Articol-dl-Hlihor-pdf-site.pdf\"><strong>Romania<\/strong> <strong>in the years of the First World War:<\/strong> <strong>Between the geopolitics of the great powers and the ideals of the<\/strong> <strong>revolution<\/strong> <strong>of full national unity<\/strong><\/a><\/p>\n<p><a href=\"https:\/\/www.aosr.ro\/wp-content\/uploads\/2018\/02\/Articol-dl-Opris-pdf-site.pdf\"><strong>About the dramas<\/strong> <strong>of the Macedonian aromas in the First World War<\/strong> <\/a><\/p>\n<p><a href=\"https:\/\/www.aosr.ro\/wp-content\/uploads\/2018\/02\/Articol-dl-Scurtu-pdf-site.pdf\"><strong>&#8220;Having as ideal the national unity&#8221; &#8211; Romania&#8217;s entry into the First World War<\/strong><\/a><\/p>\n<p>&nbsp;<\/p>\n","protected":false},"excerpt":{"rendered":"<p>Romania&#8217;s entry into the war for national unity The shock wave of the Russian Revolution in Romania &#8220;BATTLE OF MOLDOVA&#8221; &#8211; a century since the salvation of the national being (1917-2017) Armed resistance and saving the national being, stages of the process of Romania&#8217;s integration (1916-1918) Romania in the years of the First World War: [&hellip;]<\/p>\n","protected":false},"author":1,"featured_media":0,"parent":0,"menu_order":0,"comment_status":"closed","ping_status":"closed","template":"","meta":{"inline_featured_image":false,"footnotes":""},"class_list":["post-16892","page","type-page","status-publish"],"yoast_head":"<!-- This site is optimized with the Yoast SEO plugin v27.0 - https:\/\/yoast.com\/product\/yoast-seo-wordpress\/ -->\n<title>studied - The Academy of Romanian Scientists<\/title>\n<meta name=\"robots\" content=\"index, follow, max-snippet:-1, max-image-preview:large, max-video-preview:-1\" \/>\n<link rel=\"canonical\" href=\"https:\/\/www.aosr.ro\/en\/studied\/\" \/>\n<meta property=\"og:locale\" content=\"en_US\" \/>\n<meta property=\"og:type\" content=\"article\" \/>\n<meta property=\"og:title\" content=\"studied - The Academy of Romanian Scientists\" \/>\n<meta property=\"og:description\" content=\"Romania&#8217;s entry into the war for national unity The shock wave of the Russian Revolution in Romania &#8220;BATTLE OF MOLDOVA&#8221; &#8211; a century since the salvation of the national being (1917-2017) Armed resistance and saving the national being, stages of the process of Romania&#8217;s integration (1916-1918) Romania in the years of the First World War: [&hellip;]\" \/>\n<meta property=\"og:url\" content=\"https:\/\/www.aosr.ro\/en\/studied\/\" \/>\n<meta property=\"og:site_name\" content=\"The Academy of Romanian Scientists\" \/>\n<meta name=\"twitter:card\" content=\"summary_large_image\" \/>\n<script type=\"application\/ld+json\" class=\"yoast-schema-graph\">{\"@context\":\"https:\/\/schema.org\",\"@graph\":[{\"@type\":\"WebPage\",\"@id\":\"https:\/\/www.aosr.ro\/en\/studied\/\",\"url\":\"https:\/\/www.aosr.ro\/en\/studied\/\",\"name\":\"studied - The Academy of Romanian Scientists\",\"isPartOf\":{\"@id\":\"\/#website\"},\"datePublished\":\"2022-01-16T23:55:48+00:00\",\"breadcrumb\":{\"@id\":\"https:\/\/www.aosr.ro\/en\/studied\/#breadcrumb\"},\"inLanguage\":\"en-US\",\"potentialAction\":[{\"@type\":\"ReadAction\",\"target\":[\"https:\/\/www.aosr.ro\/en\/studied\/\"]}]},{\"@type\":\"BreadcrumbList\",\"@id\":\"https:\/\/www.aosr.ro\/en\/studied\/#breadcrumb\",\"itemListElement\":[{\"@type\":\"ListItem\",\"position\":1,\"name\":\"Home\",\"item\":\"https:\/\/www.aosr.ro\/en\/\"},{\"@type\":\"ListItem\",\"position\":2,\"name\":\"studied\"}]},{\"@type\":\"WebSite\",\"@id\":\"\/#website\",\"url\":\"\/\",\"name\":\"The Academy of Romanian Scientists\",\"description\":\"The Academy of Romanian Scientists | Official website of AOSR\",\"potentialAction\":[{\"@type\":\"SearchAction\",\"target\":{\"@type\":\"EntryPoint\",\"urlTemplate\":\"\/?s={search_term_string}\"},\"query-input\":{\"@type\":\"PropertyValueSpecification\",\"valueRequired\":true,\"valueName\":\"search_term_string\"}}],\"inLanguage\":\"en-US\"}]}<\/script>\n<!-- \/ Yoast SEO plugin. -->","yoast_head_json":{"title":"studied - The Academy of Romanian Scientists","robots":{"index":"index","follow":"follow","max-snippet":"max-snippet:-1","max-image-preview":"max-image-preview:large","max-video-preview":"max-video-preview:-1"},"canonical":"https:\/\/www.aosr.ro\/en\/studied\/","og_locale":"en_US","og_type":"article","og_title":"studied - The Academy of Romanian Scientists","og_description":"Romania&#8217;s entry into the war for national unity The shock wave of the Russian Revolution in Romania &#8220;BATTLE OF MOLDOVA&#8221; &#8211; a century since the salvation of the national being (1917-2017) Armed resistance and saving the national being, stages of the process of Romania&#8217;s integration (1916-1918) Romania in the years of the First World War: [&hellip;]","og_url":"https:\/\/www.aosr.ro\/en\/studied\/","og_site_name":"The Academy of Romanian Scientists","twitter_card":"summary_large_image","schema":{"@context":"https:\/\/schema.org","@graph":[{"@type":"WebPage","@id":"https:\/\/www.aosr.ro\/en\/studied\/","url":"https:\/\/www.aosr.ro\/en\/studied\/","name":"studied - The Academy of Romanian Scientists","isPartOf":{"@id":"\/#website"},"datePublished":"2022-01-16T23:55:48+00:00","breadcrumb":{"@id":"https:\/\/www.aosr.ro\/en\/studied\/#breadcrumb"},"inLanguage":"en-US","potentialAction":[{"@type":"ReadAction","target":["https:\/\/www.aosr.ro\/en\/studied\/"]}]},{"@type":"BreadcrumbList","@id":"https:\/\/www.aosr.ro\/en\/studied\/#breadcrumb","itemListElement":[{"@type":"ListItem","position":1,"name":"Home","item":"https:\/\/www.aosr.ro\/en\/"},{"@type":"ListItem","position":2,"name":"studied"}]},{"@type":"WebSite","@id":"\/#website","url":"\/","name":"The Academy of Romanian Scientists","description":"The Academy of Romanian Scientists | Official website of AOSR","potentialAction":[{"@type":"SearchAction","target":{"@type":"EntryPoint","urlTemplate":"\/?s={search_term_string}"},"query-input":{"@type":"PropertyValueSpecification","valueRequired":true,"valueName":"search_term_string"}}],"inLanguage":"en-US"}]}},"_links":{"self":[{"href":"https:\/\/www.aosr.ro\/en\/wp-json\/wp\/v2\/pages\/16892","targetHints":{"allow":["GET"]}}],"collection":[{"href":"https:\/\/www.aosr.ro\/en\/wp-json\/wp\/v2\/pages"}],"about":[{"href":"https:\/\/www.aosr.ro\/en\/wp-json\/wp\/v2\/types\/page"}],"author":[{"embeddable":true,"href":"https:\/\/www.aosr.ro\/en\/wp-json\/wp\/v2\/users\/1"}],"replies":[{"embeddable":true,"href":"https:\/\/www.aosr.ro\/en\/wp-json\/wp\/v2\/comments?post=16892"}],"version-history":[{"count":0,"href":"https:\/\/www.aosr.ro\/en\/wp-json\/wp\/v2\/pages\/16892\/revisions"}],"wp:attachment":[{"href":"https:\/\/www.aosr.ro\/en\/wp-json\/wp\/v2\/media?parent=16892"}],"curies":[{"name":"wp","href":"https:\/\/api.w.org\/{rel}","templated":true}]}}