{"id":16879,"date":"2022-01-17T01:55:47","date_gmt":"2022-01-16T23:55:47","guid":{"rendered":"https:\/\/www.aosr.ro\/video\/"},"modified":"2024-05-28T12:25:28","modified_gmt":"2024-05-28T09:25:28","slug":"video","status":"publish","type":"page","link":"https:\/\/www.aosr.ro\/en\/video\/","title":{"rendered":"Video Library of the Romanian Academy of Scientists"},"content":{"rendered":"\n<figure class=\"wp-block-embed is-type-video is-provider-youtube wp-block-embed-youtube wp-embed-aspect-16-9 wp-has-aspect-ratio\"><div class=\"wp-block-embed__wrapper\">\n<iframe loading=\"lazy\" title=\"Lansarea Proiectului Na\u021bional \u201eRom\u00e2nia Cunoa\u0219terii\u201d\u2013eveniment de elit\u0103 al mediului academic rom\u00e2nesc\" width=\"696\" height=\"392\" src=\"https:\/\/www.youtube.com\/embed\/KF5KlHGQQHs?feature=oembed\" frameborder=\"0\" allow=\"accelerometer; autoplay; clipboard-write; encrypted-media; gyroscope; picture-in-picture; web-share\" referrerpolicy=\"strict-origin-when-cross-origin\" allowfullscreen><\/iframe>\n<\/div><\/figure>\n\n<figure class=\"wp-block-embed is-type-video is-provider-youtube wp-block-embed-youtube wp-embed-aspect-16-9 wp-has-aspect-ratio\"><div class=\"wp-block-embed__wrapper\">\n<iframe loading=\"lazy\" title=\"Prof. univ. dr. ing. Adrian Badea: \u201cCunoa\u0219terea se ob\u021bine prin educa\u021bie\u201d\" width=\"696\" height=\"392\" src=\"https:\/\/www.youtube.com\/embed\/rLYASKEKfWk?feature=oembed\" frameborder=\"0\" allow=\"accelerometer; autoplay; clipboard-write; encrypted-media; gyroscope; picture-in-picture; web-share\" allowfullscreen><\/iframe>\n<\/div><\/figure>\n\n<figure class=\"wp-block-embed is-type-video is-provider-youtube wp-block-embed-youtube wp-embed-aspect-16-9 wp-has-aspect-ratio\"><div class=\"wp-block-embed__wrapper\">\n<iframe loading=\"lazy\" title=\"Ce \u0219tim \u0219i ce nu \u0219tim despre cutremurele din Vrancea - Prezentare Mircea Radulian, Mihaela Popa\" width=\"696\" height=\"392\" src=\"https:\/\/www.youtube.com\/embed\/TXsfaGcKUlA?feature=oembed\" frameborder=\"0\" allow=\"accelerometer; autoplay; clipboard-write; encrypted-media; gyroscope; picture-in-picture; web-share\" allowfullscreen><\/iframe>\n<\/div><\/figure>\n\n<figure class=\"wp-block-embed is-type-video is-provider-youtube wp-block-embed-youtube wp-embed-aspect-16-9 wp-has-aspect-ratio\"><div class=\"wp-block-embed__wrapper\">\n<iframe loading=\"lazy\" title=\"Anton Ficai, membru AOSR, premiat la Gala Cercet\u0103rii Rom\u00e2ne\u015fti 2023\" width=\"696\" height=\"392\" src=\"https:\/\/www.youtube.com\/embed\/aFR2v2BL0PY?feature=oembed\" frameborder=\"0\" allow=\"accelerometer; autoplay; clipboard-write; encrypted-media; gyroscope; picture-in-picture; web-share\" allowfullscreen><\/iframe>\n<\/div><\/figure>\n\n<figure class=\"wp-block-embed is-type-video is-provider-youtube wp-block-embed-youtube wp-embed-aspect-16-9 wp-has-aspect-ratio\"><div class=\"wp-block-embed__wrapper\">\n<iframe loading=\"lazy\" title=\"Reducerea impactului schimb\u0103rilor climatice - Dr. Bogdan Antonescu, Prof. Univ Dr. Em. Sabina \u0218tefan\" width=\"696\" height=\"392\" src=\"https:\/\/www.youtube.com\/embed\/keu53pxsd0w?feature=oembed\" frameborder=\"0\" allow=\"accelerometer; autoplay; clipboard-write; encrypted-media; gyroscope; picture-in-picture; web-share\" allowfullscreen><\/iframe>\n<\/div><\/figure>\n\n<div style=\"width: 696px;\" class=\"wp-video\"><video class=\"wp-video-shortcode\" id=\"video-16879-1\" width=\"696\" height=\"392\" preload=\"metadata\" controls=\"controls\"><source type=\"video\/mp4\" src=\"https:\/\/www.aosr.ro\/wp-content\/uploads\/2023\/01\/Ziua-Culturii-AOSR-12.01.2023.mp4?_=1\" \/><a href=\"https:\/\/www.aosr.ro\/wp-content\/uploads\/2023\/01\/Ziua-Culturii-AOSR-12.01.2023.mp4\">https:\/\/www.aosr.ro\/wp-content\/uploads\/2023\/01\/Ziua-Culturii-AOSR-12.01.2023.mp4<\/a><\/video><\/div>\n\n<figure class=\"wp-block-embed is-type-video is-provider-youtube wp-block-embed-youtube wp-embed-aspect-16-9 wp-has-aspect-ratio\"><div class=\"wp-block-embed__wrapper\">\n<iframe loading=\"lazy\" title=\"Pre\u0219edintele AOSR, Prof.univ.dr.ing Adrian Badea, la conferin\u021ba dedicat\u0103 Zilei Culturii Na\u021bionale\" width=\"696\" height=\"392\" src=\"https:\/\/www.youtube.com\/embed\/XsQnJgXnnjw?feature=oembed\" frameborder=\"0\" allow=\"accelerometer; autoplay; clipboard-write; encrypted-media; gyroscope; picture-in-picture; web-share\" allowfullscreen><\/iframe>\n<\/div><\/figure>\n\n<figure class=\"wp-block-embed is-type-video is-provider-youtube wp-block-embed-youtube wp-embed-aspect-16-9 wp-has-aspect-ratio\"><div class=\"wp-block-embed__wrapper\">\n<iframe loading=\"lazy\" title=\"IPS Teodosie, arhiepiscopul Tomisului, la conferin\u0163a AOSR dedicat\u0103 Zilei Culturii Na\u0163ionale 2023\" width=\"696\" height=\"392\" src=\"https:\/\/www.youtube.com\/embed\/Qm_k_0YIYM4?feature=oembed\" frameborder=\"0\" allow=\"accelerometer; autoplay; clipboard-write; encrypted-media; gyroscope; picture-in-picture; web-share\" allowfullscreen><\/iframe>\n<\/div><\/figure>\n<p><div class=\"youtube-embed\" data-video_id=\"W8pyKnS-X3M\"><iframe loading=\"lazy\" title=\"Gen dr. Vasile Candea, Presedinte al Academiei Oamenilor de Stiinta din Romania - ICI 45 ani\" width=\"696\" height=\"392\" src=\"https:\/\/www.youtube.com\/embed\/W8pyKnS-X3M?feature=oembed&#038;enablejsapi=1\" frameborder=\"0\" allow=\"accelerometer; autoplay; clipboard-write; encrypted-media; gyroscope; picture-in-picture; web-share\" allowfullscreen><\/iframe><\/div><\/p>\n<p style=\"text-align: center;\"><strong>FILM PERSONALITIES<\/strong><\/p>\n<p style=\"text-align: center;\"><strong><span style=\"color: #ff0000;\">ROMANIAN INVENTORS<\/span><\/strong><\/p>\n<p><strong><a href=\"http:\/\/www.youtube.com\/watch?v=yOgMOZMGASQ\">Aurel Vlaicu<\/a>                                  <\/strong><br \/><iframe loading=\"lazy\" src=\"\/\/www.youtube.com\/embed\/yOgMOZMGASQ\" width=\"560\" height=\"314\" allowfullscreen=\"allowfullscreen\"><\/iframe><br \/><strong><br \/><a href=\"http:\/\/www.youtube.com\/watch?v=6LmYmEzYH8Q\">Traian Vuia<\/a><br \/><iframe loading=\"lazy\" src=\"\/\/www.youtube.com\/embed\/6LmYmEzYH8Q\" width=\"560\" height=\"314\" allowfullscreen=\"allowfullscreen\"><\/iframe><\/strong><\/p>\n<p><strong><a href=\"http:\/\/www.youtube.com\/watch?v=eCdSRvG-Lw0\">Anghel Saligny<\/a><\/strong><br \/><iframe loading=\"lazy\" src=\"\/\/www.youtube.com\/embed\/eCdSRvG-Lw0\" width=\"560\" height=\"314\" allowfullscreen=\"allowfullscreen\"><\/iframe><\/p>\n<p><strong><a href=\"http:\/\/www.youtube.com\/watch?v=uhlpju33twA\">Nicolae Paulescu<\/a><\/strong><br \/><iframe loading=\"lazy\" src=\"\/\/www.youtube.com\/embed\/uhlpju33twA\" width=\"560\" height=\"314\" allowfullscreen=\"allowfullscreen\"><\/iframe><\/p>\n<p><strong><a href=\"http:\/\/www.youtube.com\/watch?v=jiknXMnlWHc\">Nicolae Vasilescu Karpen <\/a><\/strong><br \/><iframe loading=\"lazy\" src=\"\/\/www.youtube.com\/embed\/jiknXMnlWHc\" width=\"560\" height=\"314\" allowfullscreen=\"allowfullscreen\"><\/iframe><\/p>\n<p><a href=\"http:\/\/www.youtube.com\/watch?v=-jeocJx1DMU\"><strong>Petrache Poenaru<\/strong> <\/a><br \/><iframe loading=\"lazy\" src=\"\/\/www.youtube.com\/embed\/-jeocJx1DMU\" width=\"560\" height=\"314\" allowfullscreen=\"allowfullscreen\"><\/iframe><\/p>\n<p><strong><a href=\"http:\/\/www.youtube.com\/watch?v=b3_XMrAVARc\">George Emil Palade<\/a><br \/><iframe loading=\"lazy\" src=\"\/\/www.youtube.com\/embed\/b3_XMrAVARc\" width=\"560\" height=\"314\" allowfullscreen=\"allowfullscreen\"><\/iframe><br \/><\/strong><\/p>\n<p><a href=\"http:\/\/www.youtube.com\/watch?v=LQD-BXERNnE\"><strong>Ana Aslan<\/strong> <\/a><br \/><iframe loading=\"lazy\" src=\"\/\/www.youtube.com\/embed\/LQD-BXERNnE\" width=\"560\" height=\"314\" allowfullscreen=\"allowfullscreen\"><\/iframe><\/p>\n<p><a href=\"http:\/\/www.youtube.com\/watch?v=tkG5IVpjmhk\"><strong>Victor Babe\u0219<\/strong> <\/a><br \/><iframe loading=\"lazy\" src=\"\/\/www.youtube.com\/embed\/tkG5IVpjmhk\" width=\"560\" height=\"314\" allowfullscreen=\"allowfullscreen\"><\/iframe><\/p>\n<p><a href=\"http:\/\/www.youtube.com\/watch?v=P78Ie41ndSo\"><strong>Henri Coanda<\/strong> <\/a><br \/><iframe loading=\"lazy\" src=\"\/\/www.youtube.com\/embed\/P78Ie41ndSo\" width=\"560\" height=\"314\" allowfullscreen=\"allowfullscreen\"><\/iframe><\/p>\n<p><strong><a href=\"http:\/\/www.youtube.com\/watch?v=EezOyWn6Nto&amp;list=PLnjeQZHEqyrPQZ0UZOYSJ46pMzod8nj29&amp;index=10\">Hermann Oberth <\/a><br \/><iframe loading=\"lazy\" src=\"\/\/www.youtube.com\/embed\/EezOyWn6Nto\" width=\"560\" height=\"314\" allowfullscreen=\"allowfullscreen\"><\/iframe><\/strong><\/p>\n<p><strong><a href=\"http:\/\/www.youtube.com\/watch?v=EsAkmHoCd1E&amp;index=5&amp;list=PLnjeQZHEqyrPQZ0UZOYSJ46pMzod8nj29\">Gogu Constantinescu<\/a><br \/><iframe loading=\"lazy\" src=\"\/\/www.youtube.com\/embed\/EsAkmHoCd1E\" width=\"560\" height=\"314\" allowfullscreen=\"allowfullscreen\"><\/iframe><\/strong><\/p>\n<p style=\"text-align: center;\"><span style=\"color: #ff0000; background-color: #ffffff;\"><strong><br \/>GREAT ROMANIAN DOCTORS<\/strong><\/span><\/p>\n<p><strong><a href=\"http:\/\/www.youtube.com\/watch?v=Q7eJGbrRkDI\">Constantine I. Parhon<\/a><br \/><iframe loading=\"lazy\" src=\"\/\/www.youtube.com\/embed\/Q7eJGbrRkDI\" width=\"560\" height=\"314\" allowfullscreen=\"allowfullscreen\"><\/iframe><\/strong><\/p>\n<p><a href=\"http:\/\/www.youtube.com\/watch?v=SoBmfb9FPdE\">Ion Cantacuzino<\/a><br \/><iframe loading=\"lazy\" src=\"\/\/www.youtube.com\/embed\/SoBmfb9FPdE\" width=\"560\" height=\"314\" allowfullscreen=\"allowfullscreen\"><\/iframe><\/p>\n<p><a href=\"http:\/\/www.youtube.com\/watch?v=p2zVjtbn1io&amp;t=40s\">George Emil Palade<\/a><br \/><iframe loading=\"lazy\" src=\"\/\/www.youtube.com\/embed\/p2zVjtbn1io\" width=\"560\" height=\"314\" allowfullscreen=\"allowfullscreen\"><\/iframe><\/p>\n<p><a href=\"http:\/\/www.youtube.com\/watch?v=s0ms3-zr2RI\">Ana Aslan<\/a><br \/><iframe loading=\"lazy\" src=\"\/\/www.youtube.com\/embed\/s0ms3-zr2RI\" width=\"560\" height=\"314\" allowfullscreen=\"allowfullscreen\"><\/iframe><\/p>\n<p><a href=\"http:\/\/www.youtube.com\/watch?v=3BTmte6bcxA\">Carol Davila<\/a><br \/><iframe loading=\"lazy\" src=\"\/\/www.youtube.com\/embed\/3BTmte6bcxA\" width=\"560\" height=\"314\" allowfullscreen=\"allowfullscreen\"><\/iframe><\/p>\n<p><a href=\"http:\/\/www.youtube.com\/watch?v=iX0E4_OcmAQ\">Stefan Minovici<\/a><br \/><iframe loading=\"lazy\" src=\"\/\/www.youtube.com\/embed\/iX0E4_OcmAQ\" width=\"560\" height=\"314\" allowfullscreen=\"allowfullscreen\"><\/iframe><\/p>\n<p><a href=\"http:\/\/www.youtube.com\/watch?v=5I5mEsKxgWY\">Thoma Ionescu<\/a><br \/><iframe loading=\"lazy\" src=\"\/\/www.youtube.com\/embed\/5I5mEsKxgWY\" width=\"560\" height=\"314\" allowfullscreen=\"allowfullscreen\"><\/iframe><\/p>\n<p><strong><a href=\"http:\/\/www.youtube.com\/watch?v=Z0GAX5M6OIA\">Victor Babe\u0219<\/a><br \/><iframe loading=\"lazy\" src=\"\/\/www.youtube.com\/embed\/Z0GAX5M6OIA\" width=\"560\" height=\"314\" allowfullscreen=\"allowfullscreen\"><\/iframe><br \/><\/strong><\/p>\n<p style=\"text-align: center;\"><span style=\"color: #ff0000;\"><strong>THE GREAT UNION&#8217;S HEROES<\/strong><\/span><\/p>\n<p><strong><a href=\"http:\/\/www.youtube.com\/watch?v=mWiZrCRHuoE\">A Century from the Great Union (Prof. Univ. Dr. Ioan Scurtu)<\/a><\/strong><\/p>\n<p><strong><a href=\"http:\/\/youtu.be\/XffjWZ08F6g\">Great Union Coryphaeus \/ Episode 1. King Ferdinand<\/a><br \/><iframe loading=\"lazy\" src=\"\/\/www.youtube.com\/embed\/XffjWZ08F6g\" width=\"560\" height=\"314\" allowfullscreen=\"allowfullscreen\"><\/iframe><br \/><\/strong><\/p>\n<p><a href=\"http:\/\/youtu.be\/2CZzjyVZtng\"><strong>Coryphaeus of the Great Union \/ Episode 2. queen Mary<\/strong> <\/a><br \/><iframe loading=\"lazy\" src=\"\/\/www.youtube.com\/embed\/2CZzjyVZtng\" width=\"560\" height=\"314\" allowfullscreen=\"allowfullscreen\"><\/iframe><\/p>\n<p><a href=\"http:\/\/youtu.be\/ii6perwymJM\"><strong>Great Union Coryphaeus \/ Episode 3. IC Bratianu<br \/><iframe loading=\"lazy\" src=\"\/\/www.youtube.com\/embed\/ii6perwymJM\" width=\"560\" height=\"314\" allowfullscreen=\"allowfullscreen\"><\/iframe><\/strong>  <\/a><\/p>\n<p><a href=\"http:\/\/youtu.be\/Siikhm2DzAU\"><strong>Coryphaeus of the Great Union \/ Episode 4. Iuliu Hossu<\/strong><br \/><iframe loading=\"lazy\" src=\"\/\/www.youtube.com\/embed\/Siikhm2DzAU\" width=\"560\" height=\"314\" allowfullscreen=\"allowfullscreen\"><\/iframe>  <\/a><\/p>\n<p><a href=\"http:\/\/youtu.be\/xpLJTOk3LDQ\"><strong>Coryphaeus of the Great Union \/ Episode 5. Take Ionescu<br \/><iframe loading=\"lazy\" src=\"\/\/www.youtube.com\/embed\/xpLJTOk3LDQ\" width=\"560\" height=\"314\" allowfullscreen=\"allowfullscreen\"><\/iframe><\/strong> <\/a><\/p>\n<p><a href=\"http:\/\/youtu.be\/65OKtO7XN6w\"><strong>Coryphaeus of the Great Union \/ Episode 6. Vasile Goldis<\/strong><br \/><iframe loading=\"lazy\" src=\"\/\/www.youtube.com\/embed\/65OKtO7XN6w\" width=\"560\" height=\"314\" allowfullscreen=\"allowfullscreen\"><\/iframe>   <\/a><\/p>\n<p><a href=\"http:\/\/youtu.be\/iLjD6gElgUA\"><strong>Coryphaeus of the Great Union \/ Episode 7. Alexandru Vaida Voievod<\/strong><br \/><iframe loading=\"lazy\" src=\"\/\/www.youtube.com\/embed\/iLjD6gElgUA\" width=\"560\" height=\"314\" allowfullscreen=\"allowfullscreen\"><\/iframe> <\/a><\/p>\n<p><strong><a href=\"http:\/\/youtu.be\/JH2-4i9lYq0\">Coryphaeus of the Great Union \/ Episode 8. Iancu of Flondor<br \/><iframe loading=\"lazy\" src=\"\/\/www.youtube.com\/embed\/JH2-4i9lYq0\" width=\"560\" height=\"314\" allowfullscreen=\"allowfullscreen\"><\/iframe>  <\/a>                           <\/strong><\/p>\n<p><a href=\"http:\/\/youtu.be\/ii1zNFk2-BU\"><strong>Coryphaeus of the Great Union \/ Episode 9. Eremia Grigorescu<br \/><iframe loading=\"lazy\" src=\"\/\/www.youtube.com\/embed\/ii1zNFk2-BU\" width=\"560\" height=\"314\" allowfullscreen=\"allowfullscreen\"><\/iframe><\/strong> <\/a><\/p>\n<p><a href=\"http:\/\/youtu.be\/x8OUhtwbXsQ\"><strong>Coryphaeus of the Great Union \/ Episode 10. Henri Mathias Berthelot<\/strong> <\/a><br \/><iframe loading=\"lazy\" src=\"\/\/www.youtube.com\/embed\/x8OUhtwbXsQ\" width=\"560\" height=\"314\" allowfullscreen=\"allowfullscreen\"><\/iframe><\/p>\n<p><a href=\"http:\/\/youtu.be\/OB15fUanplk\"><strong>Coryphaeus of the Great Union \/ Episode 11. Miron Cristea<br \/><iframe loading=\"lazy\" src=\"\/\/www.youtube.com\/embed\/OB15fUanplk\" width=\"560\" height=\"314\" allowfullscreen=\"allowfullscreen\"><\/iframe>  <\/strong><\/a><\/p>\n<p><strong><a href=\"http:\/\/youtu.be\/DMHS6elOW2c\">Coryphaeus of the Great Union \/ Episode 12. Iuliu Maniu<br \/><iframe loading=\"lazy\" src=\"\/\/www.youtube.com\/embed\/DMHS6elOW2c\" width=\"560\" height=\"314\" allowfullscreen=\"allowfullscreen\"><\/iframe> <\/a>                                   <\/strong><\/p>\n<p><strong>      <\/strong><\/p>\n","protected":false},"excerpt":{"rendered":"<p>FILM PERSONALITIES ROMANIAN INVENTORS Aurel Vlaicu Traian Vuia Anghel Saligny Nicolae Paulescu Nicolae Vasilescu Karpen Petrache Poenaru George Emil Palade Ana Aslan Victor Babe\u0219 Henri Coanda Hermann Oberth Gogu Constantinescu GREAT ROMANIAN DOCTORS Constantine I. Parhon Ion Cantacuzino George Emil Palade Ana Aslan Carol Davila Stefan Minovici Thoma Ionescu Victor Babe\u0219 THE GREAT UNION&#8217;S HEROES [&hellip;]<\/p>\n","protected":false},"author":1,"featured_media":0,"parent":0,"menu_order":0,"comment_status":"closed","ping_status":"closed","template":"","meta":{"inline_featured_image":false,"footnotes":""},"class_list":["post-16879","page","type-page","status-publish"],"yoast_head":"<!-- This site is optimized with the Yoast SEO plugin v27.0 - https:\/\/yoast.com\/product\/yoast-seo-wordpress\/ -->\n<title>Video Library of the Romanian Academy of Scientists - The Academy of Romanian Scientists<\/title>\n<meta name=\"robots\" content=\"index, follow, max-snippet:-1, max-image-preview:large, max-video-preview:-1\" \/>\n<link rel=\"canonical\" href=\"https:\/\/www.aosr.ro\/en\/video\/\" \/>\n<meta property=\"og:locale\" content=\"en_US\" \/>\n<meta property=\"og:type\" content=\"article\" \/>\n<meta property=\"og:title\" content=\"Video Library of the Romanian Academy of Scientists - The Academy of Romanian Scientists\" \/>\n<meta property=\"og:description\" content=\"FILM PERSONALITIES ROMANIAN INVENTORS Aurel Vlaicu Traian Vuia Anghel Saligny Nicolae Paulescu Nicolae Vasilescu Karpen Petrache Poenaru George Emil Palade Ana Aslan Victor Babe\u0219 Henri Coanda Hermann Oberth Gogu Constantinescu GREAT ROMANIAN DOCTORS Constantine I. Parhon Ion Cantacuzino George Emil Palade Ana Aslan Carol Davila Stefan Minovici Thoma Ionescu Victor Babe\u0219 THE GREAT UNION&#8217;S HEROES [&hellip;]\" \/>\n<meta property=\"og:url\" content=\"https:\/\/www.aosr.ro\/en\/video\/\" \/>\n<meta property=\"og:site_name\" content=\"The Academy of Romanian Scientists\" \/>\n<meta property=\"article:modified_time\" content=\"2024-05-28T09:25:28+00:00\" \/>\n<meta name=\"twitter:card\" content=\"summary_large_image\" \/>\n<meta name=\"twitter:label1\" content=\"Est. reading time\" \/>\n\t<meta name=\"twitter:data1\" content=\"1 minute\" \/>\n<script type=\"application\/ld+json\" class=\"yoast-schema-graph\">{\"@context\":\"https:\/\/schema.org\",\"@graph\":[{\"@type\":\"WebPage\",\"@id\":\"https:\/\/www.aosr.ro\/en\/video\/\",\"url\":\"https:\/\/www.aosr.ro\/en\/video\/\",\"name\":\"Video Library of the Romanian Academy of Scientists - The Academy of Romanian Scientists\",\"isPartOf\":{\"@id\":\"\/#website\"},\"datePublished\":\"2022-01-16T23:55:47+00:00\",\"dateModified\":\"2024-05-28T09:25:28+00:00\",\"breadcrumb\":{\"@id\":\"https:\/\/www.aosr.ro\/en\/video\/#breadcrumb\"},\"inLanguage\":\"en-US\",\"potentialAction\":[{\"@type\":\"ReadAction\",\"target\":[\"https:\/\/www.aosr.ro\/en\/video\/\"]}]},{\"@type\":\"BreadcrumbList\",\"@id\":\"https:\/\/www.aosr.ro\/en\/video\/#breadcrumb\",\"itemListElement\":[{\"@type\":\"ListItem\",\"position\":1,\"name\":\"Home\",\"item\":\"https:\/\/www.aosr.ro\/en\/\"},{\"@type\":\"ListItem\",\"position\":2,\"name\":\"Video Library of the Romanian Academy of Scientists\"}]},{\"@type\":\"WebSite\",\"@id\":\"\/#website\",\"url\":\"\/\",\"name\":\"The Academy of Romanian Scientists\",\"description\":\"The Academy of Romanian Scientists | Official website of AOSR\",\"potentialAction\":[{\"@type\":\"SearchAction\",\"target\":{\"@type\":\"EntryPoint\",\"urlTemplate\":\"\/?s={search_term_string}\"},\"query-input\":{\"@type\":\"PropertyValueSpecification\",\"valueRequired\":true,\"valueName\":\"search_term_string\"}}],\"inLanguage\":\"en-US\"}]}<\/script>\n<!-- \/ Yoast SEO plugin. -->","yoast_head_json":{"title":"Video Library of the Romanian Academy of Scientists - The Academy of Romanian Scientists","robots":{"index":"index","follow":"follow","max-snippet":"max-snippet:-1","max-image-preview":"max-image-preview:large","max-video-preview":"max-video-preview:-1"},"canonical":"https:\/\/www.aosr.ro\/en\/video\/","og_locale":"en_US","og_type":"article","og_title":"Video Library of the Romanian Academy of Scientists - The Academy of Romanian Scientists","og_description":"FILM PERSONALITIES ROMANIAN INVENTORS Aurel Vlaicu Traian Vuia Anghel Saligny Nicolae Paulescu Nicolae Vasilescu Karpen Petrache Poenaru George Emil Palade Ana Aslan Victor Babe\u0219 Henri Coanda Hermann Oberth Gogu Constantinescu GREAT ROMANIAN DOCTORS Constantine I. Parhon Ion Cantacuzino George Emil Palade Ana Aslan Carol Davila Stefan Minovici Thoma Ionescu Victor Babe\u0219 THE GREAT UNION&#8217;S HEROES [&hellip;]","og_url":"https:\/\/www.aosr.ro\/en\/video\/","og_site_name":"The Academy of Romanian Scientists","article_modified_time":"2024-05-28T09:25:28+00:00","twitter_card":"summary_large_image","twitter_misc":{"Est. reading time":"1 minute"},"schema":{"@context":"https:\/\/schema.org","@graph":[{"@type":"WebPage","@id":"https:\/\/www.aosr.ro\/en\/video\/","url":"https:\/\/www.aosr.ro\/en\/video\/","name":"Video Library of the Romanian Academy of Scientists - The Academy of Romanian Scientists","isPartOf":{"@id":"\/#website"},"datePublished":"2022-01-16T23:55:47+00:00","dateModified":"2024-05-28T09:25:28+00:00","breadcrumb":{"@id":"https:\/\/www.aosr.ro\/en\/video\/#breadcrumb"},"inLanguage":"en-US","potentialAction":[{"@type":"ReadAction","target":["https:\/\/www.aosr.ro\/en\/video\/"]}]},{"@type":"BreadcrumbList","@id":"https:\/\/www.aosr.ro\/en\/video\/#breadcrumb","itemListElement":[{"@type":"ListItem","position":1,"name":"Home","item":"https:\/\/www.aosr.ro\/en\/"},{"@type":"ListItem","position":2,"name":"Video Library of the Romanian Academy of Scientists"}]},{"@type":"WebSite","@id":"\/#website","url":"\/","name":"The Academy of Romanian Scientists","description":"The Academy of Romanian Scientists | Official website of AOSR","potentialAction":[{"@type":"SearchAction","target":{"@type":"EntryPoint","urlTemplate":"\/?s={search_term_string}"},"query-input":{"@type":"PropertyValueSpecification","valueRequired":true,"valueName":"search_term_string"}}],"inLanguage":"en-US"}]}},"_links":{"self":[{"href":"https:\/\/www.aosr.ro\/en\/wp-json\/wp\/v2\/pages\/16879","targetHints":{"allow":["GET"]}}],"collection":[{"href":"https:\/\/www.aosr.ro\/en\/wp-json\/wp\/v2\/pages"}],"about":[{"href":"https:\/\/www.aosr.ro\/en\/wp-json\/wp\/v2\/types\/page"}],"author":[{"embeddable":true,"href":"https:\/\/www.aosr.ro\/en\/wp-json\/wp\/v2\/users\/1"}],"replies":[{"embeddable":true,"href":"https:\/\/www.aosr.ro\/en\/wp-json\/wp\/v2\/comments?post=16879"}],"version-history":[{"count":7,"href":"https:\/\/www.aosr.ro\/en\/wp-json\/wp\/v2\/pages\/16879\/revisions"}],"predecessor-version":[{"id":33152,"href":"https:\/\/www.aosr.ro\/en\/wp-json\/wp\/v2\/pages\/16879\/revisions\/33152"}],"wp:attachment":[{"href":"https:\/\/www.aosr.ro\/en\/wp-json\/wp\/v2\/media?parent=16879"}],"curies":[{"name":"wp","href":"https:\/\/api.w.org\/{rel}","templated":true}]}}