{"id":16426,"date":"2022-01-17T01:54:21","date_gmt":"2022-01-16T23:54:21","guid":{"rendered":"https:\/\/www.aosr.ro\/research-centers\/"},"modified":"2024-03-12T16:25:35","modified_gmt":"2024-03-12T14:25:35","slug":"research-centers","status":"publish","type":"page","link":"https:\/\/www.aosr.ro\/en\/research-centers\/","title":{"rendered":"RESEARCH CENTERS"},"content":{"rendered":"<h4><a href=\"https:\/\/www.aosr.ro\/comisia-de-inventica-si-transfer-tehnologic\/\">Comisia de Inventic\u0103 \u0219i Transfer Tehnologic<\/a><\/h4>\n<h4><a href=\"http:\/\/sites.google.com\/site\/ccagrprotmedcrisana\/\">Centrul de Cercetare pentru Agricultur\u0103 \u0219i Protec\u021bia Mediului Cri\u0219ana<\/a><\/h4>\n<div class=\"entry-content\">\n<h4><a href=\"http:\/\/grupuldereflectie.unblog.fr\/a-propos\/\" target=\"blank\" rel=\"noopener\">Centrul de Studii privind dialogul dintre \u015ftiin\u0163\u0103 \u015fi religie<\/a><\/h4>\n<h4><a href=\"https:\/\/www.aosr.ro\/wp-content\/uploads\/2023\/10\/CSSM-AOSR.pdf\">Comisia pentru Securitate \u015fi S\u0103n\u0103tate \u00een Munc\u0103<\/a><\/h4>\n<h4><a href=\"https:\/\/www.aosr.ro\/centrul-de-studii-privind-dreptul-uniunii-europene\/\">Centrul de studii privind Dreptul Uniunii Europene<\/a><\/h4>\n<h4><a href=\"https:\/\/www.aosr.ro\/wp-content\/uploads\/2018\/06\/Comisie-si-grupuri-lucru.pdf\">Comisia Tehnologii \u0219i Instala\u021bii Hiperbare<\/a><\/h4>\n<h4 class=\"r\"><a href=\"http:\/\/www.romai.ro\/\">Societatea Rom\u00e2na de Matematica Aplicata si Industriala ROMAI<\/a><\/h4>\n<\/div>\n","protected":false},"excerpt":{"rendered":"<p>Comisia de Inventic\u0103 \u0219i Transfer Tehnologic Centrul de Cercetare pentru Agricultur\u0103 \u0219i Protec\u021bia Mediului Cri\u0219ana Centrul de Studii privind dialogul dintre \u015ftiin\u0163\u0103 \u015fi religie Comisia pentru Securitate \u015fi S\u0103n\u0103tate \u00een Munc\u0103 Centrul de studii privind Dreptul Uniunii Europene Comisia Tehnologii \u0219i Instala\u021bii Hiperbare Societatea Rom\u00e2na de Matematica Aplicata si Industriala ROMAI<\/p>\n","protected":false},"author":1,"featured_media":0,"parent":0,"menu_order":0,"comment_status":"closed","ping_status":"closed","template":"","meta":{"inline_featured_image":false,"footnotes":""},"class_list":["post-16426","page","type-page","status-publish"],"yoast_head":"<!-- This site is optimized with the Yoast SEO plugin v27.0 - https:\/\/yoast.com\/product\/yoast-seo-wordpress\/ -->\n<title>RESEARCH CENTERS - The Academy of Romanian Scientists<\/title>\n<meta name=\"robots\" content=\"index, follow, max-snippet:-1, max-image-preview:large, max-video-preview:-1\" \/>\n<link rel=\"canonical\" href=\"https:\/\/www.aosr.ro\/en\/research-centers\/\" \/>\n<meta property=\"og:locale\" content=\"en_US\" \/>\n<meta property=\"og:type\" content=\"article\" \/>\n<meta property=\"og:title\" content=\"RESEARCH CENTERS - The Academy of Romanian Scientists\" \/>\n<meta property=\"og:description\" content=\"Comisia de Inventic\u0103 \u0219i Transfer Tehnologic Centrul de Cercetare pentru Agricultur\u0103 \u0219i Protec\u021bia Mediului Cri\u0219ana Centrul de Studii privind dialogul dintre \u015ftiin\u0163\u0103 \u015fi religie Comisia pentru Securitate \u015fi S\u0103n\u0103tate \u00een Munc\u0103 Centrul de studii privind Dreptul Uniunii Europene Comisia Tehnologii \u0219i Instala\u021bii Hiperbare Societatea Rom\u00e2na de Matematica Aplicata si Industriala ROMAI\" \/>\n<meta property=\"og:url\" content=\"https:\/\/www.aosr.ro\/en\/research-centers\/\" \/>\n<meta property=\"og:site_name\" content=\"The Academy of Romanian Scientists\" \/>\n<meta property=\"article:modified_time\" content=\"2024-03-12T14:25:35+00:00\" \/>\n<meta name=\"twitter:card\" content=\"summary_large_image\" \/>\n<script type=\"application\/ld+json\" class=\"yoast-schema-graph\">{\"@context\":\"https:\/\/schema.org\",\"@graph\":[{\"@type\":\"WebPage\",\"@id\":\"https:\/\/www.aosr.ro\/en\/research-centers\/\",\"url\":\"https:\/\/www.aosr.ro\/en\/research-centers\/\",\"name\":\"RESEARCH CENTERS - The Academy of Romanian Scientists\",\"isPartOf\":{\"@id\":\"\/#website\"},\"datePublished\":\"2022-01-16T23:54:21+00:00\",\"dateModified\":\"2024-03-12T14:25:35+00:00\",\"breadcrumb\":{\"@id\":\"https:\/\/www.aosr.ro\/en\/research-centers\/#breadcrumb\"},\"inLanguage\":\"en-US\",\"potentialAction\":[{\"@type\":\"ReadAction\",\"target\":[\"https:\/\/www.aosr.ro\/en\/research-centers\/\"]}]},{\"@type\":\"BreadcrumbList\",\"@id\":\"https:\/\/www.aosr.ro\/en\/research-centers\/#breadcrumb\",\"itemListElement\":[{\"@type\":\"ListItem\",\"position\":1,\"name\":\"Home\",\"item\":\"https:\/\/www.aosr.ro\/en\/\"},{\"@type\":\"ListItem\",\"position\":2,\"name\":\"RESEARCH CENTERS\"}]},{\"@type\":\"WebSite\",\"@id\":\"\/#website\",\"url\":\"\/\",\"name\":\"The Academy of Romanian Scientists\",\"description\":\"The Academy of Romanian Scientists | Official website of AOSR\",\"potentialAction\":[{\"@type\":\"SearchAction\",\"target\":{\"@type\":\"EntryPoint\",\"urlTemplate\":\"\/?s={search_term_string}\"},\"query-input\":{\"@type\":\"PropertyValueSpecification\",\"valueRequired\":true,\"valueName\":\"search_term_string\"}}],\"inLanguage\":\"en-US\"}]}<\/script>\n<!-- \/ Yoast SEO plugin. -->","yoast_head_json":{"title":"RESEARCH CENTERS - The Academy of Romanian Scientists","robots":{"index":"index","follow":"follow","max-snippet":"max-snippet:-1","max-image-preview":"max-image-preview:large","max-video-preview":"max-video-preview:-1"},"canonical":"https:\/\/www.aosr.ro\/en\/research-centers\/","og_locale":"en_US","og_type":"article","og_title":"RESEARCH CENTERS - The Academy of Romanian Scientists","og_description":"Comisia de Inventic\u0103 \u0219i Transfer Tehnologic Centrul de Cercetare pentru Agricultur\u0103 \u0219i Protec\u021bia Mediului Cri\u0219ana Centrul de Studii privind dialogul dintre \u015ftiin\u0163\u0103 \u015fi religie Comisia pentru Securitate \u015fi S\u0103n\u0103tate \u00een Munc\u0103 Centrul de studii privind Dreptul Uniunii Europene Comisia Tehnologii \u0219i Instala\u021bii Hiperbare Societatea Rom\u00e2na de Matematica Aplicata si Industriala ROMAI","og_url":"https:\/\/www.aosr.ro\/en\/research-centers\/","og_site_name":"The Academy of Romanian Scientists","article_modified_time":"2024-03-12T14:25:35+00:00","twitter_card":"summary_large_image","schema":{"@context":"https:\/\/schema.org","@graph":[{"@type":"WebPage","@id":"https:\/\/www.aosr.ro\/en\/research-centers\/","url":"https:\/\/www.aosr.ro\/en\/research-centers\/","name":"RESEARCH CENTERS - The Academy of Romanian Scientists","isPartOf":{"@id":"\/#website"},"datePublished":"2022-01-16T23:54:21+00:00","dateModified":"2024-03-12T14:25:35+00:00","breadcrumb":{"@id":"https:\/\/www.aosr.ro\/en\/research-centers\/#breadcrumb"},"inLanguage":"en-US","potentialAction":[{"@type":"ReadAction","target":["https:\/\/www.aosr.ro\/en\/research-centers\/"]}]},{"@type":"BreadcrumbList","@id":"https:\/\/www.aosr.ro\/en\/research-centers\/#breadcrumb","itemListElement":[{"@type":"ListItem","position":1,"name":"Home","item":"https:\/\/www.aosr.ro\/en\/"},{"@type":"ListItem","position":2,"name":"RESEARCH CENTERS"}]},{"@type":"WebSite","@id":"\/#website","url":"\/","name":"The Academy of Romanian Scientists","description":"The Academy of Romanian Scientists | Official website of AOSR","potentialAction":[{"@type":"SearchAction","target":{"@type":"EntryPoint","urlTemplate":"\/?s={search_term_string}"},"query-input":{"@type":"PropertyValueSpecification","valueRequired":true,"valueName":"search_term_string"}}],"inLanguage":"en-US"}]}},"_links":{"self":[{"href":"https:\/\/www.aosr.ro\/en\/wp-json\/wp\/v2\/pages\/16426","targetHints":{"allow":["GET"]}}],"collection":[{"href":"https:\/\/www.aosr.ro\/en\/wp-json\/wp\/v2\/pages"}],"about":[{"href":"https:\/\/www.aosr.ro\/en\/wp-json\/wp\/v2\/types\/page"}],"author":[{"embeddable":true,"href":"https:\/\/www.aosr.ro\/en\/wp-json\/wp\/v2\/users\/1"}],"replies":[{"embeddable":true,"href":"https:\/\/www.aosr.ro\/en\/wp-json\/wp\/v2\/comments?post=16426"}],"version-history":[{"count":9,"href":"https:\/\/www.aosr.ro\/en\/wp-json\/wp\/v2\/pages\/16426\/revisions"}],"predecessor-version":[{"id":32322,"href":"https:\/\/www.aosr.ro\/en\/wp-json\/wp\/v2\/pages\/16426\/revisions\/32322"}],"wp:attachment":[{"href":"https:\/\/www.aosr.ro\/en\/wp-json\/wp\/v2\/media?parent=16426"}],"curies":[{"name":"wp","href":"https:\/\/api.w.org\/{rel}","templated":true}]}}