{"id":16410,"date":"2022-01-17T01:54:19","date_gmt":"2022-01-16T23:54:19","guid":{"rendered":"https:\/\/www.aosr.ro\/manifestations-2011\/"},"modified":"2022-01-17T01:54:19","modified_gmt":"2022-01-16T23:54:19","slug":"manifestations-2011","status":"publish","type":"page","link":"https:\/\/www.aosr.ro\/en\/manifestations-2011\/","title":{"rendered":"MANIFESTATIONS 2011"},"content":{"rendered":"<p><strong><a href=\"http:\/\/www.aos.ro\/site_mod\/Primapagina\/2011\/3dec2011.pdf\" target=\"_blank\">The Nineteenth Ecumenical<\/a> <a href=\"http:\/\/www.aos.ro\/site_mod\/Primapagina\/2011\/3dec2011.pdf\" target=\"_blank\">Interdisciplinary Symposium<\/a> <a href=\"http:\/\/www.aos.ro\/site_mod\/Primapagina\/2011\/3dec2011.pdf\" target=\"_blank\">Alienation and Authenticity<\/a> in <a href=\"http:\/\/www.aos.ro\/site_mod\/Primapagina\/2011\/3dec2011.pdf\" target=\"_blank\">21st Century<\/a> <a href=\"http:\/\/www.aos.ro\/site_mod\/Primapagina\/2011\/3dec2011.pdf\" target=\"_blank\">Environments<\/a> : <a href=\"http:\/\/www.aos.ro\/site_mod\/Primapagina\/2011\/3dec2011.pdf\" target=\"_blank\">Technology, Person and<\/a> <a href=\"http:\/\/www.aos.ro\/site_mod\/Primapagina\/2011\/3dec2011.pdf\" target=\"_blank\">Transcendence<\/a> <a href=\"http:\/\/www.aos.ro\/site_mod\/Primapagina\/2011\/3dec2011.pdf\" target=\"_blank\">Saturday, December 3, 2011,<\/a> <a href=\"http:\/\/www.aos.ro\/site_mod\/Primapagina\/2011\/3dec2011.pdf\" target=\"_blank\">10:00 AM<\/a><br \/>\n<a href=\"http:\/\/www.aos.ro\/site_mod\/Primapagina\/2011\/3dec2011.pdf\" target=\"_blank\">TIME SCHEDULE<\/a><\/strong><\/p>\n<p><strong><a href=\"http:\/\/www.aos.ro\/site_mod\/invitatie%20CIEM.pdf\" target=\"_blank\">ICES 2011 &#8211; Energy for a better life<\/a><\/strong><\/p>\n<p><strong><em><a href=\"http:\/\/www.aos.ro\/site_mod\/invitatie%20CIEM.pdf\" target=\"_blank\">The round table &#8220;Critical Infrastructure Protection &#8211; Research, Education and Training&#8221; will take place at the international conference &#8220;ENERGY &#8211; ENVIRONMENT&#8221; ICES 2011<\/a><\/em><\/strong><\/p>\n<p><strong><em><a href=\"http:\/\/www.aos.ro\/site_mod\/invitatie%20CIEM.pdf\" target=\"_blank\">INVITATION<\/a><\/em><\/strong><br \/>\n<a href=\"http:\/\/www.aos.ro\/site_mod\/SESIUNEA%2013%20creativitat%20Invitatie.pdf\" target=\"_blank\">Saturday, October 8, 2011, 8:00 a.m., at<br \/>\nPolytechnic University of Bucharest, room EC 104, will take place<br \/>\nXIII Session of the Commission for the Development of Creativity<br \/>\nof the Academy of Romanian Scientists<\/a><br \/>\n<a href=\"http:\/\/www.aos.ro\/site_mod\/SESIUNEA%2013%20creativitat%20Invitatie.pdf\" target=\"_blank\">INVITATION<\/a><\/p>\n<p><a href=\"http:\/\/absoluttv.ro\/stiri\/universul-tiin-ei-la-mioveni\" target=\"_blank\"><strong>AOSR- Universul \u015etiin\u0163ei Center, MIOVENI city, Arge\u015f county<\/strong><\/a><br \/>\n <a href=\"http:\/\/absoluttv.ro\/stiri\/universul-tiin-ei-la-mioveni\" target=\"_blank\"><strong>Autumn Session, September 8-10, 2011<\/strong><\/a><br \/>\n<a href=\"http:\/\/absoluttv.ro\/stiri\/universul-tiin-ei-la-mioveni\" target=\"_blank\"><strong>Session result<\/strong><\/a><\/p>\n<p><a href=\"http:\/\/absoluttv.ro\/stiri\/coala-de-var-in-mioveni\" target=\"_blank\"><strong>AOSR &#8211; Universul \u015etiin\u0163ei Center, MIOVENI City String Center,<\/strong><\/a><br \/>\n<a href=\"http:\/\/absoluttv.ro\/stiri\/coala-de-var-in-mioveni\" target=\"_blank\"><strong>Arge\u015f County<\/strong><\/a> <strong><a href=\"http:\/\/absoluttv.ro\/stiri\/coala-de-var-in-mioveni\" target=\"_blank\">Summer School, September 5 &#8211; 10, 2011<\/a><\/strong><br \/>\n <strong><a href=\"http:\/\/absoluttv.ro\/stiri\/coala-de-var-in-mioveni\" target=\"_blank\">Session result<\/a><\/strong><\/p>\n<p><strong>September 28, 2011, 11:00 a.m.<br \/>\n<\/strong><\/p>\n<p><strong>GENERAL ASSEMBLY <\/strong><\/p>\n<p><strong>of AOSR members<br \/>\nBucharest headquarters<\/strong><\/p>\n<p><strong>AGENDA<br \/>\n1. Report on the activity of AOSR for the year 2010,<br \/>\n2. Presentation of the situation regarding the promulgation of GEO 79\/2010,<br \/>\n3. Validation <a href=\"http:\/\/www.aos.ro\/site_mod\/Primapagina\/2011\/Listapropuneri.pdf\">of proposals for new correspondent and full members<\/a> ,<br \/>\n4. Miscellaneous.<\/strong><\/p>\n<p><strong>For full members and honorary members, the official AOSR costume is mandatory.<\/strong><\/p>\n<p><strong><em><a href=\"http:\/\/www.aos.ro\/site_mod\/Primapagina\/2011\/Listapropuneri.pdf\" target=\"_BLANK\">LIST OF PROPOSALS for<\/a><\/em><\/strong><\/p>\n<p><em><strong><a href=\"http:\/\/www.aos.ro\/site_mod\/Primapagina\/2011\/Listapropuneri.pdf\" target=\"_BLANK\">NEW AOSR MEMBERS for AG from September 28, 2011<\/a><\/strong><\/em><\/p>\n<p><strong><a href=\"http:\/\/www.aos.ro\/site_mod\/cetatean%20de%20onoare%20mioveni.pdf\" target=\"_blank\">Granting the title of HONORARY CITIZEN of the city of Mioveni<\/a><\/strong><br \/>\n <strong><a href=\"http:\/\/www.aos.ro\/site_mod\/cetatean%20de%20onoare%20mioveni.pdf\" target=\"_blank\">Mr. G-ral (r) Dr. HC prof. Univ. Dr. Vasile Candea<\/a><\/strong><\/p>\n<p><strong><a href=\"http:\/\/www.curier.ro\/index.php?option=com_content&amp;task=view&amp;id=25464&amp;Itemid=418\" target=\"_blank\">http:\/\/www.curier.ro\/index.php?option=com_content&amp;task=view&amp;id=25464&amp;Itemid=418<\/a><\/strong><\/p>\n<p><a href=\"http:\/\/www.aos.ro\/site_mod\/Primapagina\/2011\/Afis23sept.pdf\" target=\"_blank\">September 23 &#8211; 24, 2011,<br \/>\nThe Shrine of the Mother of God,<br \/>\nDorna Arini, jud. Suceava<\/a><br \/>\n<em><a href=\"http:\/\/www.aos.ro\/site_mod\/Primapagina\/2011\/Afis23sept.pdf\" target=\"_blank\">Autumn Scientific Session 2011<\/a><\/em><br \/>\n <em><a href=\"http:\/\/www.aos.ro\/site_mod\/Primapagina\/2011\/Afis23sept.pdf\" target=\"{wpml_trans_unit_1_0_24_1_-1_1}\">of the Academy of Romanian Scientists<\/a><\/em><br \/>\n <strong><a href=\"http:\/\/www.aos.ro\/site_mod\/Primapagina\/2011\/Afis23sept.pdf\" target=\"_blank\">SCIENCE, RELIGION AND SOCIETY<\/a><\/strong> <strong><em><a href=\"http:\/\/www.aos.ro\/site_mod\/Primapagina\/2011\/Primulanunt23sept.pdf\" target=\"_blank\">First Announcement<\/a><\/em><\/strong><br \/>\n <strong><em>The registration period closed on August 29, 2011.<\/em><\/strong><\/p>\n<p><strong><a href=\"http:\/\/www.aos.ro\/site_mod\/Primapagina\/2011\/SesiuneadeToamnaaCentruluiUniversulStiintei8-10sept2011-1anunt.doc\">AOSR- Universul \u015etiin\u0163ei Center, MIOVENI city, Arge\u015f county<\/a><\/strong> <a href=\"http:\/\/www.aos.ro\/site_mod\/Primapagina\/2011\/SesiuneadeToamnaaCentruluiUniversulStiintei8-10sept2011-1anunt.doc\"><strong>Autumn session, September 8-10, 2011<\/strong><\/a> <a href=\"http:\/\/www.aos.ro\/site_mod\/Primapagina\/2011\/SesiuneadeToamnaaCentruluiUniversulStiintei8-10sept2011-1program.doc\"><strong>PROGRAM<\/strong><\/a><\/p>\n<p><strong><a href=\"http:\/\/www.aos.ro\/site_mod\/Primapagina\/2011\/ScoaladevaraMioveni5-10sept2011-1anunt.doc\">AOSR &#8211; Universul \u015etiin\u0163ei Center, MIOVENI city, Arge\u015f county<\/a><\/strong> <strong><a href=\"http:\/\/www.aos.ro\/site_mod\/Primapagina\/2011\/ScoaladevaraMioveni5-10sept2011-1anunt.doc\">Summer school, September 5 &#8211; 10, 2011<\/a><\/strong> <strong><a href=\"http:\/\/www.aos.ro\/site_mod\/Primapagina\/2011\/ScoaladevaraMioveni5-10sept2011-1program.doc\">PROGRAM<\/a><\/strong><\/p>\n<p><strong><a href=\"http:\/\/www.aos.ro\/site_mod\/Primapagina\/2011\/Afis15iunie2011.doc\">Wednesday, June 15, 2011. 10.00, <\/a><\/strong><a href=\"http:\/\/www.aos.ro\/site_mod\/Primapagina\/2011\/Afis15iunie2011.doc\">at the AOSR Headquarters, Conference Hall, homage meeting<\/a> <strong><a href=\"http:\/\/www.aos.ro\/site_mod\/Primapagina\/2011\/Afis15iunie2011.doc\">EMINESCU<\/a><\/strong> <strong><a href=\"http:\/\/www.aos.ro\/site_mod\/Primapagina\/2011\/Afis15iunie2011.doc\">THE FULL MAN OF ROMANIAN CULTURE<\/a><\/strong><strong><br \/>\n<\/strong><strong><br \/>\n<\/strong><strong><a href=\"http:\/\/www.theory.nipne.ro\/Constanta-Meso2011\/Program.html\" target=\"_blank\">June 27 &#8211; July 2, 2011, Constanta, Romania<\/a> <em><a href=\"http:\/\/www.theory.nipne.ro\/Constanta-Meso2011\/Program.html\" target=\"_blank\">Advanced many-body and statistical methods in mesoscopic system<\/a><\/em> <em><a href=\"http:\/\/www.theory.nipne.ro\/Constanta-Meso2011\/Announcement2.txt\" target=\"_blank\">Second Announcement<\/a><\/em><em><br \/>\n<\/em><\/strong><\/p>\n<p><strong>June 3, 2011, Bucharest, AO\u015eR Headquarters<br \/>\n <em>Spring Scientific Session 2011<\/em><br \/>\n <em>of the Academy of Romanian Scientists<\/em><br \/>\n DANUBE: Past, Present and Future.<br \/>\n<a href=\"http:\/\/www.aos.ro\/site_mod\/Primapagina\/2011\/ProgramsesiuneIUNIE.pdf\" target=\"_blank\">Session Program<\/a> <a href=\"http:\/\/www.aos.ro\/site_mod\/Primapagina\/2011\/Volumrezumateiunie.pdf\" target=\"_blank\">Volume Sessions summaries<\/a><\/strong><\/p>\n<p><strong>Sunday, 22 May 2011, at 10:00, at the AOSR headquarters, <\/strong><\/p>\n<p><strong>Conference Room, basement,<br \/>\n<\/strong><\/p>\n<p><strong><em>Festive meeting on the occasion of his 30th birthday<br \/>\n<\/em><\/strong><\/p>\n<p><em><strong>from the first space flight<br \/>\n<\/strong><\/em><\/p>\n<p><em><strong>with the participation of a Romanian citizen.<\/strong><\/em><\/p>\n<p><em><strong>C<\/strong><\/em><\/p>\n<p><em><strong>On this occasion, Mr. Gen.-Mr. (r) Dr. Eng. Cosmonaut<br \/>\nDumitru-Dorin Prunariu, full member of AOSR,<br \/>\nwill make a presentation related to the event.<br \/>\n<\/strong><\/em><\/p>\n<p><strong><em><a href=\"http:\/\/www.aos.ro\/site_mod\/Primapagina\/2011\/Afis22mai.pdf\" target=\"_blank\">POSTER<\/a><br \/>\n<a href=\"http:\/\/www.aos.ro\/site_mod\/Primapagina\/2011\/Invitatie22mai.ppt\" target=\"_blank\">Invitation<\/a><\/em><\/strong><\/p>\n<p>Between May 23-27, 2011, i<\/p>\n<p><strong>Within the Faculty of Automatics and Computers, from the Polytechnic University of Bucharest, \u015e<\/strong><\/p>\n<p>summer school &#8220;Advanced Control of Systems and New Computer Technologies&#8221;<\/p>\n<p>Under the patronage<\/p>\n<p><strong>Academy of Romanian Scientists,<br \/>\nSection VI Technical Sciences<\/strong><\/p>\n<p><a href=\"http:\/\/www.aos.ro\/site_mod\/Primapagina\/2011\/ProgramscaladevaraUPB.pdf\"><em>Invitation &#8211; Schedule<\/em><\/a><\/p>\n<p><strong>You are invited to participate in the opening ceremony that will take place on May 23, 2011, at 9.30, in the Senate Hall.<\/strong><\/p>\n<p><strong>We look forward to seeing you.<\/strong><\/p>\n<p><strong><br \/>\n<\/strong><strong>May 14, 2011, 8:00 a.m. &#8211; 2:00 p.m.,<\/strong><br \/>\n <strong>Polytechnic University of Bucharest,<\/strong><br \/>\n <strong>EC 104 hall, <em>Constantin Dinculescu<\/em> amphitheater<\/strong> <strong>12th session of the Center for the Development of Creativity of the Academy of Romanian Scientists<\/strong> <strong><em><a href=\"http:\/\/www.aos.ro\/site_mod\/Primapagina\/2011\/Invitatie14mai.pdf\" target=\"_blank\">Invitation<\/a><\/em><\/strong><strong><br \/>\n<\/strong><strong><br \/>\n<\/strong><strong><br \/>\n<\/strong><strong>May 5 &#8211; 7, 2011, Mioveni &#8211; Arge\u015f, House of Culture<\/strong> <strong>Spring session of<\/strong> <strong><em>the Production Commission &#8211; Dacia Renault<\/em><\/strong><br \/>\n <strong><a href=\"http:\/\/www.aos.ro\/site_mod\/Primapagina\/2011\/Mioveni%205-7%20Mai_program_final%20si%20comitete%20stiintifice.pdf\" target=\"_blank\">Final program<\/a><\/strong><strong><br \/>\n<\/strong><strong><br \/>\n<\/strong><strong>March 31, 2011, Bucharest, AO\u015eR Headquarters AO\u015eR <em>Awards Ceremony, 2008 and 2009<\/em> <a href=\"http:\/\/www.aos.ro\/site_mod\/Primapagina\/2011\/ListapremiilorAOSR2008si2009.pdf\" target=\"_blank\">List of awards<\/a><\/strong><br \/>\n<strong><a href=\"http:\/\/www.theory.nipne.ro\/Constanta-Meso2011\/Program.html\" target=\"_blank\">June 27 &#8211; July 2, 2011, Constanta, Romania<\/a><\/strong><br \/>\n <strong><em><a href=\"http:\/\/www.theory.nipne.ro\/Constanta-Meso2011\/Program.html\" target=\"_blank\">Advanced many-body and statistical methods in mesoscopic system<\/a><\/em><\/strong> <em><strong><a href=\"http:\/\/www.theory.nipne.ro\/Constanta-Meso2011\/Announcement2.txt\" target=\"_blank\">Second Announcement<\/a><\/strong><\/em><br \/>\n<strong><a href=\"http:\/\/www.univ-ovidius.ro\/ibwap2011\/home.htm\" target=\"_blank\">6 &#8211; 8 July, 2011, Constanta, Romania<\/a><\/strong> <strong><em><a href=\"http:\/\/www.univ-ovidius.ro\/ibwap2011\/home.htm\" target=\"_blank\">IBWAP &#8211; 12th International Workshop Balkan on Applied Physics<\/a><\/em><\/strong> <em><strong><a href=\"http:\/\/www.aos.ro\/site_mod\/Primapagina\/2011\/FirstAnnouncementIBWAP2011.pdf\" target=\"_blank\">First Announcement IBWAP 2011<\/a><\/strong><\/em><\/p>\n<p><strong><a href=\"http:\/\/www.ciem2011.energ.pub.ro\/\" target=\"_blank\">November 3 &#8211; 4, 2011, Bucharest, Romania<\/a><\/strong><br \/>\n <em><strong><a href=\"http:\/\/www.ciem2011.energ.pub.ro\/\" target=\"_blank\">ICES &#8211; 5th International Conference on Energy and Environment<\/a><\/strong><\/em><br \/>\n <em><strong><a href=\"http:\/\/www.aos.ro\/site_mod\/Primapagina\/2011\/FirstAnnouncementCIEM2011.pdf\" target=\"_blank\">First Announcement ICES 2011<\/a><\/strong><\/em><\/p>\n","protected":false},"excerpt":{"rendered":"<p>The Nineteenth Ecumenical Interdisciplinary Symposium Alienation and Authenticity in 21st Century Environments : Technology, Person and Transcendence Saturday, December 3, 2011, 10:00 AM TIME SCHEDULE ICES 2011 &#8211; Energy for a better life The round table &#8220;Critical Infrastructure Protection &#8211; Research, Education and Training&#8221; will take place at the international conference &#8220;ENERGY &#8211; ENVIRONMENT&#8221; ICES [&hellip;]<\/p>\n","protected":false},"author":1,"featured_media":0,"parent":0,"menu_order":0,"comment_status":"closed","ping_status":"closed","template":"","meta":{"inline_featured_image":false,"footnotes":""},"class_list":["post-16410","page","type-page","status-publish"],"yoast_head":"<!-- This site is optimized with the Yoast SEO plugin v27.0 - https:\/\/yoast.com\/product\/yoast-seo-wordpress\/ -->\n<title>MANIFESTATIONS 2011 - The Academy of Romanian Scientists<\/title>\n<meta name=\"robots\" content=\"index, follow, max-snippet:-1, max-image-preview:large, max-video-preview:-1\" \/>\n<link rel=\"canonical\" href=\"https:\/\/www.aosr.ro\/en\/manifestations-2011\/\" \/>\n<meta property=\"og:locale\" content=\"en_US\" \/>\n<meta property=\"og:type\" content=\"article\" \/>\n<meta property=\"og:title\" content=\"MANIFESTATIONS 2011 - The Academy of Romanian Scientists\" \/>\n<meta property=\"og:description\" content=\"The Nineteenth Ecumenical Interdisciplinary Symposium Alienation and Authenticity in 21st Century Environments : Technology, Person and Transcendence Saturday, December 3, 2011, 10:00 AM TIME SCHEDULE ICES 2011 &#8211; Energy for a better life The round table &#8220;Critical Infrastructure Protection &#8211; Research, Education and Training&#8221; will take place at the international conference &#8220;ENERGY &#8211; ENVIRONMENT&#8221; ICES [&hellip;]\" \/>\n<meta property=\"og:url\" content=\"https:\/\/www.aosr.ro\/en\/manifestations-2011\/\" \/>\n<meta property=\"og:site_name\" content=\"The Academy of Romanian Scientists\" \/>\n<meta name=\"twitter:card\" content=\"summary_large_image\" \/>\n<meta name=\"twitter:label1\" content=\"Est. reading time\" \/>\n\t<meta name=\"twitter:data1\" content=\"3 minutes\" \/>\n<script type=\"application\/ld+json\" class=\"yoast-schema-graph\">{\"@context\":\"https:\/\/schema.org\",\"@graph\":[{\"@type\":\"WebPage\",\"@id\":\"https:\/\/www.aosr.ro\/en\/manifestations-2011\/\",\"url\":\"https:\/\/www.aosr.ro\/en\/manifestations-2011\/\",\"name\":\"MANIFESTATIONS 2011 - The Academy of Romanian Scientists\",\"isPartOf\":{\"@id\":\"\/#website\"},\"datePublished\":\"2022-01-16T23:54:19+00:00\",\"breadcrumb\":{\"@id\":\"https:\/\/www.aosr.ro\/en\/manifestations-2011\/#breadcrumb\"},\"inLanguage\":\"en-US\",\"potentialAction\":[{\"@type\":\"ReadAction\",\"target\":[\"https:\/\/www.aosr.ro\/en\/manifestations-2011\/\"]}]},{\"@type\":\"BreadcrumbList\",\"@id\":\"https:\/\/www.aosr.ro\/en\/manifestations-2011\/#breadcrumb\",\"itemListElement\":[{\"@type\":\"ListItem\",\"position\":1,\"name\":\"Home\",\"item\":\"https:\/\/www.aosr.ro\/en\/\"},{\"@type\":\"ListItem\",\"position\":2,\"name\":\"MANIFESTATIONS 2011\"}]},{\"@type\":\"WebSite\",\"@id\":\"\/#website\",\"url\":\"\/\",\"name\":\"The Academy of Romanian Scientists\",\"description\":\"The Academy of Romanian Scientists | Official website of AOSR\",\"potentialAction\":[{\"@type\":\"SearchAction\",\"target\":{\"@type\":\"EntryPoint\",\"urlTemplate\":\"\/?s={search_term_string}\"},\"query-input\":{\"@type\":\"PropertyValueSpecification\",\"valueRequired\":true,\"valueName\":\"search_term_string\"}}],\"inLanguage\":\"en-US\"}]}<\/script>\n<!-- \/ Yoast SEO plugin. -->","yoast_head_json":{"title":"MANIFESTATIONS 2011 - The Academy of Romanian Scientists","robots":{"index":"index","follow":"follow","max-snippet":"max-snippet:-1","max-image-preview":"max-image-preview:large","max-video-preview":"max-video-preview:-1"},"canonical":"https:\/\/www.aosr.ro\/en\/manifestations-2011\/","og_locale":"en_US","og_type":"article","og_title":"MANIFESTATIONS 2011 - The Academy of Romanian Scientists","og_description":"The Nineteenth Ecumenical Interdisciplinary Symposium Alienation and Authenticity in 21st Century Environments : Technology, Person and Transcendence Saturday, December 3, 2011, 10:00 AM TIME SCHEDULE ICES 2011 &#8211; Energy for a better life The round table &#8220;Critical Infrastructure Protection &#8211; Research, Education and Training&#8221; will take place at the international conference &#8220;ENERGY &#8211; ENVIRONMENT&#8221; ICES [&hellip;]","og_url":"https:\/\/www.aosr.ro\/en\/manifestations-2011\/","og_site_name":"The Academy of Romanian Scientists","twitter_card":"summary_large_image","twitter_misc":{"Est. reading time":"3 minutes"},"schema":{"@context":"https:\/\/schema.org","@graph":[{"@type":"WebPage","@id":"https:\/\/www.aosr.ro\/en\/manifestations-2011\/","url":"https:\/\/www.aosr.ro\/en\/manifestations-2011\/","name":"MANIFESTATIONS 2011 - The Academy of Romanian Scientists","isPartOf":{"@id":"\/#website"},"datePublished":"2022-01-16T23:54:19+00:00","breadcrumb":{"@id":"https:\/\/www.aosr.ro\/en\/manifestations-2011\/#breadcrumb"},"inLanguage":"en-US","potentialAction":[{"@type":"ReadAction","target":["https:\/\/www.aosr.ro\/en\/manifestations-2011\/"]}]},{"@type":"BreadcrumbList","@id":"https:\/\/www.aosr.ro\/en\/manifestations-2011\/#breadcrumb","itemListElement":[{"@type":"ListItem","position":1,"name":"Home","item":"https:\/\/www.aosr.ro\/en\/"},{"@type":"ListItem","position":2,"name":"MANIFESTATIONS 2011"}]},{"@type":"WebSite","@id":"\/#website","url":"\/","name":"The Academy of Romanian Scientists","description":"The Academy of Romanian Scientists | Official website of AOSR","potentialAction":[{"@type":"SearchAction","target":{"@type":"EntryPoint","urlTemplate":"\/?s={search_term_string}"},"query-input":{"@type":"PropertyValueSpecification","valueRequired":true,"valueName":"search_term_string"}}],"inLanguage":"en-US"}]}},"_links":{"self":[{"href":"https:\/\/www.aosr.ro\/en\/wp-json\/wp\/v2\/pages\/16410","targetHints":{"allow":["GET"]}}],"collection":[{"href":"https:\/\/www.aosr.ro\/en\/wp-json\/wp\/v2\/pages"}],"about":[{"href":"https:\/\/www.aosr.ro\/en\/wp-json\/wp\/v2\/types\/page"}],"author":[{"embeddable":true,"href":"https:\/\/www.aosr.ro\/en\/wp-json\/wp\/v2\/users\/1"}],"replies":[{"embeddable":true,"href":"https:\/\/www.aosr.ro\/en\/wp-json\/wp\/v2\/comments?post=16410"}],"version-history":[{"count":0,"href":"https:\/\/www.aosr.ro\/en\/wp-json\/wp\/v2\/pages\/16410\/revisions"}],"wp:attachment":[{"href":"https:\/\/www.aosr.ro\/en\/wp-json\/wp\/v2\/media?parent=16410"}],"curies":[{"name":"wp","href":"https:\/\/api.w.org\/{rel}","templated":true}]}}