{"id":16382,"date":"2022-01-17T01:54:14","date_gmt":"2022-01-16T23:54:14","guid":{"rendered":"https:\/\/www.aosr.ro\/manifestari-2010\/"},"modified":"2022-01-17T01:54:14","modified_gmt":"2022-01-16T23:54:14","slug":"manifestari-2010","status":"publish","type":"page","link":"https:\/\/www.aosr.ro\/en\/manifestari-2010\/","title":{"rendered":"MANIFESTARI 2010"},"content":{"rendered":"<p><strong><em><a href=\"http:\/\/www.aos.ro\/site_mod\/2010\/Primapagina\/invitatie%20finala%2008%2012%202010.pdf\" target=\"_blank\">Wednesday, December 8, 2010,<\/a> <a href=\"http:\/\/www.aos.ro\/site_mod\/2010\/Primapagina\/invitatie%20finala%2008%2012%202010.pdf\" target=\"_blank\">4:00 pm,<\/a> <a href=\"http:\/\/www.aos.ro\/site_mod\/2010\/Primapagina\/invitatie%20finala%2008%2012%202010.pdf\" target=\"_blank\">Great Hall,<\/a><\/em><\/strong><\/p>\n<p><strong><em><a href=\"http:\/\/www.aos.ro\/site_mod\/2010\/Primapagina\/invitatie%20finala%2008%2012%202010.pdf\" target=\"_blank\">recovery<\/a><br \/>\n <a href=\"http:\/\/www.aos.ro\/site_mod\/2010\/Primapagina\/invitatie%20finala%2008%2012%202010.pdf\" target=\"{wpml_trans_unit_1_0_1_0_0_-1_1}\">OF THE CENTER FOR SCIENCE, PERSPECTIVE, CREATIVITY AND FICTION &#8220;StrING<\/a> <a href=\"http:\/\/www.aos.ro\/site_mod\/2010\/Primapagina\/invitatie%20finala%2008%2012%202010.pdf\" target=\"_blank\">&#8220;<\/a><\/em><\/strong><\/p>\n<p><em><strong><a href=\"http:\/\/www.aos.ro\/site_mod\/2010\/Primapagina\/De%20ce%20acest%20eveniment%2008%2012%202010.pdf\" target=\"_blank\">Why this event ..<\/a><\/strong><\/em><\/p>\n<p><strong><em>Saturday, December 4, 2010, 3:00 PM, Metropolitan College of New York<\/em><\/strong><\/p>\n<p><em><strong><a href=\"http:\/\/www.aos.ro\/site_mod\/2010\/Primapagina\/18thEcumenical.pdf\" target=\"_blank\">The 18th Ecumenical Theological Symposium<\/a><\/strong><\/em><\/p>\n<p><em><strong><a href=\"http:\/\/www.aos.ro\/site_mod\/2010\/Primapagina\/18thEcumenical.pdf\" target=\"_blank\">Meaning and Mystery: <\/a><br \/>\n<\/strong><\/em><\/p>\n<p><strong><em><br \/>\n<a href=\"http:\/\/www.aos.ro\/site_mod\/2010\/Primapagina\/18thEcumenical.pdf\" target=\"_blank\">From the Philosophy of Knowledge to the Theology of Person<\/a><\/em><\/strong><\/p>\n<p><strong><br \/>\nNovember 11-13, 2010, Bucharest, National Institute of Statistics<br \/>\n <a href=\"http:\/\/www.stam2010.ro\/\" target=\"_blank\">Advanced Technology Symposium in Medicine 2010<\/a><\/strong><\/p>\n<p><strong><br \/>\n<\/strong><strong>November 10, 2010, 11 am, AO\u015eR headquarters<\/strong><br \/>\n <strong><a href=\"http:\/\/www.aos.ro\/site_mod\/2010\/Primapagina\/SesiunecomisiaProducticaDacia.pdf\" target=\"_blank\">Product Commission Session &#8211; Dacia Renault<\/a><\/strong><\/p>\n<p><strong>4 &#8211; 7 Nov 2010, Ia\u015fi, <em>Gheorghe Asachi<\/em> Technical University<br \/>\n <em><a href=\"http:\/\/www.rotrib10.tuiasi.ro\/\" target=\"_blank\">ROTRIB 2010 &#8211; 11 th International Conference on Tribology<\/a><\/em><\/strong><\/p>\n<p><strong>October 29-30, 2010, Bucharest, <em>Titu Maiorescu<\/em> University<br \/>\nInternational Conference<br \/>\n<a href=\"http:\/\/www.utm.ro\/index.php?module=static&amp;id=42\" target=\"_blank\">EDUCATION and CREATIVITY for a SOCIETY<br \/>\nbased on KNOWLEDGE<\/a><\/strong><\/p>\n<p><strong>October 14-17, 2010, Ia\u015fi, <em>Alexandru Ioan Cuza University<\/em><br \/>\n <a href=\"http:\/\/www.math.uaic.ro\/%7Ecaim2010\/index.php\" target=\"_blank\">THE 18th CONFERENCE<\/a><br \/>\n <a href=\"http:\/\/www.math.uaic.ro\/%7Ecaim2010\/index.php\" target=\"{wpml_trans_unit_1_0_13_2_-1_1}\">ON APPLEID AND INDUSTRIAL MATHEMATICS<\/a><\/p>\n<p><\/strong><\/p>\n<p><a href=\"http:\/\/www.cnfr2010.ro\/\" target=\"_blank\">October 13-16, 2010, T\u00e2rgu-Mure\u015f<br \/>\nNational Congress of Pharmacy<\/a><\/p>\n<p><strong>OCTOBER 7-9, 2010<\/strong><br \/>\n <strong>UNIVERSITY \u201cPOLITEHNICA\u201d OF BUCHAREST<\/strong><br \/>\n <strong>The 6-th edition of the International Colloquium<\/strong><br \/>\n <strong>\u201c <em>Mathematics And Physics In Engineering,<\/em><\/strong><br \/>\n <strong><em>Numerical Physics And Complexity<\/em> \u201d(MENP-6)<\/strong><br \/>\n <strong>Joint with<\/strong><br \/>\n <strong>The Second Edition of the International Colloquium<\/strong><br \/>\n <strong><em>Physics of Materials<\/em> (PM-2)<\/strong><br \/>\n <strong><a href=\"http:\/\/www.aos.ro\/site_mod\/2010\/Primapagina\/ProgramsesiunePolitehnica9octombrie.pdf\" target=\"_blank\">TIME SCHEDULE<\/a><\/strong><\/p>\n<p><strong>Saturday, 9 October 2010, from 8 am to 1 pm,<\/strong><br \/>\n <strong>in room EC 104 &#8211; \u201cConstantin Dinculescu\u201d Amphitheater,<\/strong> at POLITEHNICA University, Bucharest, Faculty of Energy, will take place:<br \/>\n<strong>11th Session of the Commission for the Development of Creativity<\/strong><br \/>\n <strong>of the Academy of Romanian Scientists.<\/strong> <strong><a href=\"http:\/\/www.aos.ro\/site_mod\/2010\/Primapagina\/Programsesiune9octombrie.pdf\" target=\"_blank\">Invitation &#8211; Schedule for the 11th Session<\/a><\/strong><a href=\"http:\/\/www.ecouvt.ro\/component\/content\/article\/72\/160.html\" target=\"_blank\"><strong><br \/>\n<\/strong><\/a><\/p>\n<p><strong><a href=\"http:\/\/www.ecouvt.ro\/component\/content\/article\/72\/160.html\" target=\"_blank\">Targoviste, October 8-9, 2010.<\/a><\/strong><br \/>\n <strong><a href=\"http:\/\/www.ecouvt.ro\/component\/content\/article\/72\/160.html\" target=\"_blank\">The International Seminar European Spaces<\/a><\/strong><br \/>\n <strong><a href=\"http:\/\/www.ecouvt.ro\/component\/content\/article\/72\/160.html\" target=\"{wpml_trans_unit_1_0_24_0_-1_1}\">European Economic Policies<\/a><\/strong><\/p>\n<p><strong>Thursday, Sept. 30 2010, 10:00, headquarters,<\/strong> <em><strong>Human Rights Hall,<\/strong><\/em><br \/>\n <em><strong>Reception speech by <a href=\"http:\/\/www.aos.ro\/site_mod\/2010\/Primapagina\/CVdrBLOCH.pdf\">Prof. Univ. Dr. G\u00e9rard BLOCH<\/a><\/strong><\/em><\/p>\n<p><em><strong><a href=\"http:\/\/www.srmlcongres.ro\/\">September 8 &#8211; 11, 2010, T\u00e2rgu-Jiu<br \/>\n17th National Congress of Laboratory Medicine,<br \/>\n5th National Congress of Laboratory Nurses<br \/>\n4th Symposium on Immunopathology<\/a><\/strong><\/em><\/p>\n<p><strong><a href=\"http:\/\/www.aos.ro\/site_mod\/2010\/Primapagina\/Programsesiunemioveni.pdf\" target=\"_blank\">PROGRAM<\/a><br \/>\n <a href=\"http:\/\/www.aos.ro\/site_mod\/2010\/Primapagina\/Programsesiunemioveni.pdf\" target=\"_blank\">Autumn Scientific Session<\/a><br \/>\n <a href=\"http:\/\/www.aos.ro\/site_mod\/2010\/Primapagina\/Programsesiunemioveni.pdf\" target=\"_blank\">SEPTEMBER 22-24, 2010, Mioveni, Arge\u015f,<\/a><br \/>\n <em><a href=\"http:\/\/www.aos.ro\/site_mod\/2010\/Primapagina\/Programsesiunemioveni.pdf\" target=\"_blank\">THE UNIVERSE OF SCIENCE AT HOME IN ROMANIA<\/a><\/em><\/strong><\/p>\n<p><a href=\"http:\/\/www.aos.ro\/site_mod\/2010\/Primapagina\/Lucrarisesiuneamioveni.pdf\" target=\"_blank\"><strong>List of papers submitted to the session<\/strong><\/a><br \/>\n<a href=\"http:\/\/www.aos.ro\/site_mod\/2010\/Primapagina\/VolumrezumatesesiuneMioveni.pdf\" target=\"_blank\">Volume summaries<br \/>\n<\/a><br \/>\n<a href=\"http:\/\/www.aos.ro\/site_mod\/2010\/Primapagina\/TabelpremiiIdei.pdf\" target=\"_blank\">SCIENTIFIC FOUNDATION<\/a><\/p>\n<p><a href=\"http:\/\/www.aos.ro\/site_mod\/2010\/Primapagina\/TabelpremiiIdei.pdf\" target=\"_blank\">AWARDS AWARDED IN THE INNOVATIVE SCIENTIFIC IDEA CONTEST<\/a><br \/>\n<a href=\"http:\/\/www.aos.ro\/site_mod\/2010\/Primapagina\/CVMirescu.pdf\" target=\"_blank\">Second Prize &#8211; Mirescu \u015etefan Claudiu<\/a><br \/>\n<a href=\"http:\/\/www.aos.ro\/site_mod\/2010\/Primapagina\/CVSzabo.pdf\" target=\"_blank\">Third Prize &#8211; Laslo Szabo<\/a><br \/>\n<a href=\"http:\/\/www.aos.ro\/site_mod\/2010\/Primapagina\/CVMihasan.pdf\" target=\"_blank\">Mention &#8211; Mih\u0103\u015fan Marius<\/a><\/p>\n<p><strong><em><a href=\"http:\/\/www.univ-ovidius.ro\/IBWAP2010\/\">July 7-9, 2010, Constanta, Romania<\/a><br \/>\n <a href=\"http:\/\/www.univ-ovidius.ro\/IBWAP2010\/\">11 <sup>th<\/sup> INTERNATIONAL BALKAN WORKSHOP ON<\/a> <a href=\"http:\/\/www.univ-ovidius.ro\/IBWAP2010\/\">APPLIED PHYSICS<\/a><\/em><\/strong><\/p>\n<p><em>National Agency for Qualifications in Higher Education and Partnership with the Economic and Social Environment (ACPART)<\/em><\/p>\n<p>and<\/p>\n<p><em>West University of Timi\u015foara<\/em><\/p>\n<p>invites you to participate, <strong>July 7-11, 2010<\/strong> ,<\/p>\n<p>at the 9th edition of <strong>the Summer University &#8220;UNIVERSITY IN SOCIETY &#8211; <a href=\"http:\/\/www.nou.uniso.ro\/\">UNISO 2010<\/a> &#8220;,<\/strong><\/p>\n<p>with the theme <strong><em>&#8220;Lifelong learning &#8211; support for growth&#8221;<\/em><\/strong> .<\/p>\n<p>The event will take place in <strong>Timi\u015foara,<\/strong> being organized with the support of the Timi\u015f County Council, the Timi\u015foara City Hall, the Academy of Romanian Scientists, the Timi\u015foara University Horizons Association,<\/p>\n<p>Association for Knowledge Transfer in Romania (ATCR), &#8220;Politehnica&#8221; University of Timisoara,<\/p>\n<p>&#8220;Vasile Goldi\u015f&#8221; Western University of Arad, University of Versailles (France).<\/p>\n<p><strong>The main objective<\/strong> of the Summer University is the <strong>development of partnerships between universities<\/strong><\/p>\n<p><strong>and enterprises in the field of education and training in the context of sustainable development<\/strong> .<\/p>\n<p><a href=\"http:\/\/www.aos.ro\/site_mod\/2010\/Primapagina\/ProgramUNISO2010.pdf\">TIME SCHEDULE<\/a><\/p>\n<p><strong><em><a href=\"http:\/\/www.aos.ro\/site_mod\/2010\/Primapagina\/NEPTUN.pdf\">Spring Scientific Session MAN AND NATURE, May 21-22, 2010<\/a><\/em><\/strong><\/p>\n<p><strong><a href=\"http:\/\/www.aos.ro\/site_mod\/2010\/Primapagina\/NEPTUN.pdf\"><em>organized by the Academy of Romanian Scientists and Bioterra University<\/em><\/a><\/strong><\/p>\n<p><a href=\"http:\/\/www.aos.ro\/site_mod\/2010\/Primapagina\/ProgramsesiuneNeptun.pdf\"><strong><em>Session Schedule<\/em><\/strong><\/a><\/p>\n<p><strong><em><a href=\"http:\/\/www.aos.ro\/site_mod\/2010\/Primapagina\/BOAPROGRAM.pdf\">BOOK OF ABSTRACT<\/a><\/em><\/strong><\/p>\n<p><a href=\"http:\/\/www.aos.ro\/site_mod\/2010\/Primapagina\/PozeNeptun.pdf\">PHOTOGRAPHS from the Spring Scientific Session <em>MAN<\/em> <em>AND<\/em> <em>NATURE<\/em><br \/>\n<\/a><\/p>\n<p><strong><em><a href=\"http:\/\/www.aos.ro\/site_mod\/2010\/Primapagina\/Ecoledete2010,24-28mai.pdf\">May 24 &#8211; May 28, 2010, FRANCOPHONE SUMMER SCHOOL, 2010 Edition<\/a><\/em><\/strong><\/p>\n<p><strong><em><a href=\"http:\/\/www.aos.ro\/site_mod\/2010\/Primapagina\/Ecoledete2010,24-28mai.pdf\">AUTOMATION AND COMPUTING<\/a><\/em><\/strong><\/p>\n<p><strong><em><a href=\"http:\/\/www.aos.ro\/site_mod\/2010\/Primapagina\/Ecoledete2010,24-28mai.pdf\">Advanced system control and<\/a><\/em><\/strong><\/p>\n<p><strong><em><a href=\"http:\/\/www.aos.ro\/site_mod\/2010\/Primapagina\/Ecoledete2010,24-28mai.pdf\">new computer technologies<\/a><\/em><\/strong><\/p>\n<h2><strong><em><a href=\"http:\/\/www.aos.ro\/site_mod\/2010\/Primapagina\/Ecoledete2010,24-28mai.pdf\">Francophone Teaching Module of the<\/a><\/em><\/strong><\/h2>\n<p><strong><em><a href=\"http:\/\/www.aos.ro\/site_mod\/2010\/Primapagina\/Ecoledete2010,24-28mai.pdf\">Faculty<\/a><\/em><\/strong> <em><strong><a href=\"http:\/\/www.aos.ro\/site_mod\/2010\/Primapagina\/Ecoledete2010,24-28mai.pdf\">of Automation and Computers of Bucharest<\/a><\/strong><\/em><br \/>\n<a href=\"http:\/\/www.aos.ro\/site_mod\/scoala%20franceza.pdf\">Program<\/a><\/p>\n<p><strong><em>April 29, 2010, 10.00 &#8211; 13.00<\/em><\/strong> <strong><em>,<\/em> <em>Chamber of Commerce and Industry of Bucharest, Dacia Hall<\/em><\/strong><br \/>\n<em><a href=\"http:\/\/www.aos.ro\/site_mod\/2010\/Primapagina\/AnuntConferintaprotectiainfrastructurilorcriticeinSEN.pdf\"><strong>Conference<\/strong><\/a><\/em><br \/>\n <em><a href=\"http:\/\/www.aos.ro\/site_mod\/2010\/Primapagina\/AnuntConferintaprotectiainfrastructurilorcriticeinSEN.pdf\"><strong>CRITICAL INFRASTRUCTURE PROTECTION IN THE NATIONAL ELECTROENERGY SYSTEM<\/strong><\/a><\/em><br \/>\n <em><a href=\"http:\/\/www.aos.ro\/site_mod\/2010\/Primapagina\/FormularparticipareConferintaprotectiainfrastructurilorcriticeinSEN.pdf\"><strong>Participation form<\/strong><\/a><\/em><\/p>\n<p><strong><em><a href=\"http:\/\/www.aos.ro\/site_mod\/2010\/Primapagina\/Imaginiconferintainfrastructura.pdf\">Images from the conference<\/a><\/em><em><br \/>\n<\/em><\/strong><\/p>\n<p><strong><em>April 28-30, 2010,<\/em><\/strong><\/p>\n<p><strong>Targoviste<br \/>\n<a href=\"http:\/\/www.aos.ro\/site_mod\/PLIANT_TARGOVISTE.pdf\">the second National Conference of:<\/a><br \/>\n <em><a href=\"http:\/\/www.aos.ro\/site_mod\/PLIANT_TARGOVISTE.pdf\">Applied Sciences in the Study of the Environment and Materials<\/a><\/em><br \/>\n <a href=\"http:\/\/www.aos.ro\/site_mod\/PLIANT_TARGOVISTE.pdf\">with international participation<\/a><\/strong><\/p>\n<p><strong><em>May 12, 2010, 14.00, AO\u015eR headquarters, Human Rights Hall,<br \/>\nScientific communication on:<br \/>\nPETABYTE capacity optical disc<br \/>\npresents: Dr. Eugen PAVEL<\/em><\/strong><\/p>\n<p><a href=\"http:\/\/www.aos.ro\/site_mod\/T.NEGRESCU.pdf\"><strong>JANUARY 19, 2010<\/strong><\/a><\/p>\n<p><a href=\"http:\/\/www.aos.ro\/site_mod\/T.NEGRESCU.pdf\"><strong>AOSR T\u00e2rgovi\u015fte Branch \u201cValahia\u201d University<\/strong><\/a> <a href=\"http:\/\/www.aos.ro\/site_mod\/T.NEGRESCU.pdf\"><strong>IN MEMORIAM<\/strong><\/a> <a href=\"http:\/\/www.aos.ro\/site_mod\/T.NEGRESCU.pdf\"><strong>Evocation of the life and personality of Professor Doctor Academician TRAIAN NEGRESCU<\/strong><\/a><\/p>\n","protected":false},"excerpt":{"rendered":"<p>Wednesday, December 8, 2010, 4:00 pm, Great Hall, recovery OF THE CENTER FOR SCIENCE, PERSPECTIVE, CREATIVITY AND FICTION &#8220;StrING &#8220; Why this event .. Saturday, December 4, 2010, 3:00 PM, Metropolitan College of New York The 18th Ecumenical Theological Symposium Meaning and Mystery: From the Philosophy of Knowledge to the Theology of Person November 11-13, [&hellip;]<\/p>\n","protected":false},"author":1,"featured_media":0,"parent":0,"menu_order":0,"comment_status":"closed","ping_status":"closed","template":"","meta":{"inline_featured_image":false,"footnotes":""},"class_list":["post-16382","page","type-page","status-publish"],"yoast_head":"<!-- This site is optimized with the Yoast SEO plugin v27.0 - https:\/\/yoast.com\/product\/yoast-seo-wordpress\/ -->\n<title>MANIFESTARI 2010 - The Academy of Romanian Scientists<\/title>\n<meta name=\"robots\" content=\"index, follow, max-snippet:-1, max-image-preview:large, max-video-preview:-1\" \/>\n<link rel=\"canonical\" href=\"https:\/\/www.aosr.ro\/en\/manifestari-2010\/\" \/>\n<meta property=\"og:locale\" content=\"en_US\" \/>\n<meta property=\"og:type\" content=\"article\" \/>\n<meta property=\"og:title\" content=\"MANIFESTARI 2010 - The Academy of Romanian Scientists\" \/>\n<meta property=\"og:description\" content=\"Wednesday, December 8, 2010, 4:00 pm, Great Hall, recovery OF THE CENTER FOR SCIENCE, PERSPECTIVE, CREATIVITY AND FICTION &#8220;StrING &#8220; Why this event .. Saturday, December 4, 2010, 3:00 PM, Metropolitan College of New York The 18th Ecumenical Theological Symposium Meaning and Mystery: From the Philosophy of Knowledge to the Theology of Person November 11-13, [&hellip;]\" \/>\n<meta property=\"og:url\" content=\"https:\/\/www.aosr.ro\/en\/manifestari-2010\/\" \/>\n<meta property=\"og:site_name\" content=\"The Academy of Romanian Scientists\" \/>\n<meta name=\"twitter:card\" content=\"summary_large_image\" \/>\n<meta name=\"twitter:label1\" content=\"Est. reading time\" \/>\n\t<meta name=\"twitter:data1\" content=\"3 minutes\" \/>\n<script type=\"application\/ld+json\" class=\"yoast-schema-graph\">{\"@context\":\"https:\/\/schema.org\",\"@graph\":[{\"@type\":\"WebPage\",\"@id\":\"https:\/\/www.aosr.ro\/en\/manifestari-2010\/\",\"url\":\"https:\/\/www.aosr.ro\/en\/manifestari-2010\/\",\"name\":\"MANIFESTARI 2010 - The Academy of Romanian Scientists\",\"isPartOf\":{\"@id\":\"\/#website\"},\"datePublished\":\"2022-01-16T23:54:14+00:00\",\"breadcrumb\":{\"@id\":\"https:\/\/www.aosr.ro\/en\/manifestari-2010\/#breadcrumb\"},\"inLanguage\":\"en-US\",\"potentialAction\":[{\"@type\":\"ReadAction\",\"target\":[\"https:\/\/www.aosr.ro\/en\/manifestari-2010\/\"]}]},{\"@type\":\"BreadcrumbList\",\"@id\":\"https:\/\/www.aosr.ro\/en\/manifestari-2010\/#breadcrumb\",\"itemListElement\":[{\"@type\":\"ListItem\",\"position\":1,\"name\":\"Home\",\"item\":\"https:\/\/www.aosr.ro\/en\/\"},{\"@type\":\"ListItem\",\"position\":2,\"name\":\"MANIFESTARI 2010\"}]},{\"@type\":\"WebSite\",\"@id\":\"\/#website\",\"url\":\"\/\",\"name\":\"The Academy of Romanian Scientists\",\"description\":\"The Academy of Romanian Scientists | Official website of AOSR\",\"potentialAction\":[{\"@type\":\"SearchAction\",\"target\":{\"@type\":\"EntryPoint\",\"urlTemplate\":\"\/?s={search_term_string}\"},\"query-input\":{\"@type\":\"PropertyValueSpecification\",\"valueRequired\":true,\"valueName\":\"search_term_string\"}}],\"inLanguage\":\"en-US\"}]}<\/script>\n<!-- \/ Yoast SEO plugin. -->","yoast_head_json":{"title":"MANIFESTARI 2010 - The Academy of Romanian Scientists","robots":{"index":"index","follow":"follow","max-snippet":"max-snippet:-1","max-image-preview":"max-image-preview:large","max-video-preview":"max-video-preview:-1"},"canonical":"https:\/\/www.aosr.ro\/en\/manifestari-2010\/","og_locale":"en_US","og_type":"article","og_title":"MANIFESTARI 2010 - The Academy of Romanian Scientists","og_description":"Wednesday, December 8, 2010, 4:00 pm, Great Hall, recovery OF THE CENTER FOR SCIENCE, PERSPECTIVE, CREATIVITY AND FICTION &#8220;StrING &#8220; Why this event .. Saturday, December 4, 2010, 3:00 PM, Metropolitan College of New York The 18th Ecumenical Theological Symposium Meaning and Mystery: From the Philosophy of Knowledge to the Theology of Person November 11-13, [&hellip;]","og_url":"https:\/\/www.aosr.ro\/en\/manifestari-2010\/","og_site_name":"The Academy of Romanian Scientists","twitter_card":"summary_large_image","twitter_misc":{"Est. reading time":"3 minutes"},"schema":{"@context":"https:\/\/schema.org","@graph":[{"@type":"WebPage","@id":"https:\/\/www.aosr.ro\/en\/manifestari-2010\/","url":"https:\/\/www.aosr.ro\/en\/manifestari-2010\/","name":"MANIFESTARI 2010 - The Academy of Romanian Scientists","isPartOf":{"@id":"\/#website"},"datePublished":"2022-01-16T23:54:14+00:00","breadcrumb":{"@id":"https:\/\/www.aosr.ro\/en\/manifestari-2010\/#breadcrumb"},"inLanguage":"en-US","potentialAction":[{"@type":"ReadAction","target":["https:\/\/www.aosr.ro\/en\/manifestari-2010\/"]}]},{"@type":"BreadcrumbList","@id":"https:\/\/www.aosr.ro\/en\/manifestari-2010\/#breadcrumb","itemListElement":[{"@type":"ListItem","position":1,"name":"Home","item":"https:\/\/www.aosr.ro\/en\/"},{"@type":"ListItem","position":2,"name":"MANIFESTARI 2010"}]},{"@type":"WebSite","@id":"\/#website","url":"\/","name":"The Academy of Romanian Scientists","description":"The Academy of Romanian Scientists | Official website of AOSR","potentialAction":[{"@type":"SearchAction","target":{"@type":"EntryPoint","urlTemplate":"\/?s={search_term_string}"},"query-input":{"@type":"PropertyValueSpecification","valueRequired":true,"valueName":"search_term_string"}}],"inLanguage":"en-US"}]}},"_links":{"self":[{"href":"https:\/\/www.aosr.ro\/en\/wp-json\/wp\/v2\/pages\/16382","targetHints":{"allow":["GET"]}}],"collection":[{"href":"https:\/\/www.aosr.ro\/en\/wp-json\/wp\/v2\/pages"}],"about":[{"href":"https:\/\/www.aosr.ro\/en\/wp-json\/wp\/v2\/types\/page"}],"author":[{"embeddable":true,"href":"https:\/\/www.aosr.ro\/en\/wp-json\/wp\/v2\/users\/1"}],"replies":[{"embeddable":true,"href":"https:\/\/www.aosr.ro\/en\/wp-json\/wp\/v2\/comments?post=16382"}],"version-history":[{"count":0,"href":"https:\/\/www.aosr.ro\/en\/wp-json\/wp\/v2\/pages\/16382\/revisions"}],"wp:attachment":[{"href":"https:\/\/www.aosr.ro\/en\/wp-json\/wp\/v2\/media?parent=16382"}],"curies":[{"name":"wp","href":"https:\/\/api.w.org\/{rel}","templated":true}]}}