{"id":16371,"date":"2022-01-17T01:54:13","date_gmt":"2022-01-16T23:54:13","guid":{"rendered":"https:\/\/www.aosr.ro\/manifestari-2008\/"},"modified":"2022-01-17T01:54:13","modified_gmt":"2022-01-16T23:54:13","slug":"manifestari-2008","status":"publish","type":"page","link":"https:\/\/www.aosr.ro\/en\/manifestari-2008\/","title":{"rendered":"MANIFESTARI 2008"},"content":{"rendered":"<p><a href=\"http:\/\/www.aos.ro\/site_mod\/conferinte1.htm\">Spring 2008 scientific session<br \/>\n<\/a><\/p>\n<p><a href=\"http:\/\/www.aos.ro\/site_mod\/conferinte2.html\">Scientific session organized by the physics section &#8220;Applied sciences in the study of the environment and materials&#8221; 2008<\/a><\/p>\n<p><a title=\"Scrie la Alexandru-Ionu\u0163 Chiu\u0163\u0103\" href=\"http:\/\/www.aos.ro\/site_mod\/alba_iulia.html\">AOSR autumn scientific session &#8211; Alba Iulia \u201cAlba Iulia &#8211; the city of the Great Union 90 years since the Great Union from 1918 \u2033 &#8211; October 17-18, 2008<\/a><\/p>\n<p><a href=\"http:\/\/www.aos.ro\/site_mod\/colloquim.html\">The 5th International Colloquium \u201cMathematics in Engineering, Numerical Physics and Complexity\u201d October 9-11, 2008, Bucharest, Romania<\/a><\/p>\n","protected":false},"excerpt":{"rendered":"<p>Spring 2008 scientific session Scientific session organized by the physics section &#8220;Applied sciences in the study of the environment and materials&#8221; 2008 AOSR autumn scientific session &#8211; Alba Iulia \u201cAlba Iulia &#8211; the city of the Great Union 90 years since the Great Union from 1918 \u2033 &#8211; October 17-18, 2008 The 5th International Colloquium [&hellip;]<\/p>\n","protected":false},"author":1,"featured_media":0,"parent":0,"menu_order":0,"comment_status":"closed","ping_status":"closed","template":"","meta":{"inline_featured_image":false,"footnotes":""},"class_list":["post-16371","page","type-page","status-publish"],"yoast_head":"<!-- This site is optimized with the Yoast SEO plugin v27.0 - https:\/\/yoast.com\/product\/yoast-seo-wordpress\/ -->\n<title>MANIFESTARI 2008 - The Academy of Romanian Scientists<\/title>\n<meta name=\"robots\" content=\"index, follow, max-snippet:-1, max-image-preview:large, max-video-preview:-1\" \/>\n<link rel=\"canonical\" href=\"https:\/\/www.aosr.ro\/en\/manifestari-2008\/\" \/>\n<meta property=\"og:locale\" content=\"en_US\" \/>\n<meta property=\"og:type\" content=\"article\" \/>\n<meta property=\"og:title\" content=\"MANIFESTARI 2008 - The Academy of Romanian Scientists\" \/>\n<meta property=\"og:description\" content=\"Spring 2008 scientific session Scientific session organized by the physics section &#8220;Applied sciences in the study of the environment and materials&#8221; 2008 AOSR autumn scientific session &#8211; Alba Iulia \u201cAlba Iulia &#8211; the city of the Great Union 90 years since the Great Union from 1918 \u2033 &#8211; October 17-18, 2008 The 5th International Colloquium [&hellip;]\" \/>\n<meta property=\"og:url\" content=\"https:\/\/www.aosr.ro\/en\/manifestari-2008\/\" \/>\n<meta property=\"og:site_name\" content=\"The Academy of Romanian Scientists\" \/>\n<meta name=\"twitter:card\" content=\"summary_large_image\" \/>\n<script type=\"application\/ld+json\" class=\"yoast-schema-graph\">{\"@context\":\"https:\/\/schema.org\",\"@graph\":[{\"@type\":\"WebPage\",\"@id\":\"https:\/\/www.aosr.ro\/en\/manifestari-2008\/\",\"url\":\"https:\/\/www.aosr.ro\/en\/manifestari-2008\/\",\"name\":\"MANIFESTARI 2008 - The Academy of Romanian Scientists\",\"isPartOf\":{\"@id\":\"\/#website\"},\"datePublished\":\"2022-01-16T23:54:13+00:00\",\"breadcrumb\":{\"@id\":\"https:\/\/www.aosr.ro\/en\/manifestari-2008\/#breadcrumb\"},\"inLanguage\":\"en-US\",\"potentialAction\":[{\"@type\":\"ReadAction\",\"target\":[\"https:\/\/www.aosr.ro\/en\/manifestari-2008\/\"]}]},{\"@type\":\"BreadcrumbList\",\"@id\":\"https:\/\/www.aosr.ro\/en\/manifestari-2008\/#breadcrumb\",\"itemListElement\":[{\"@type\":\"ListItem\",\"position\":1,\"name\":\"Home\",\"item\":\"https:\/\/www.aosr.ro\/en\/\"},{\"@type\":\"ListItem\",\"position\":2,\"name\":\"MANIFESTARI 2008\"}]},{\"@type\":\"WebSite\",\"@id\":\"\/#website\",\"url\":\"\/\",\"name\":\"The Academy of Romanian Scientists\",\"description\":\"The Academy of Romanian Scientists | Official website of AOSR\",\"potentialAction\":[{\"@type\":\"SearchAction\",\"target\":{\"@type\":\"EntryPoint\",\"urlTemplate\":\"\/?s={search_term_string}\"},\"query-input\":{\"@type\":\"PropertyValueSpecification\",\"valueRequired\":true,\"valueName\":\"search_term_string\"}}],\"inLanguage\":\"en-US\"}]}<\/script>\n<!-- \/ Yoast SEO plugin. -->","yoast_head_json":{"title":"MANIFESTARI 2008 - The Academy of Romanian Scientists","robots":{"index":"index","follow":"follow","max-snippet":"max-snippet:-1","max-image-preview":"max-image-preview:large","max-video-preview":"max-video-preview:-1"},"canonical":"https:\/\/www.aosr.ro\/en\/manifestari-2008\/","og_locale":"en_US","og_type":"article","og_title":"MANIFESTARI 2008 - The Academy of Romanian Scientists","og_description":"Spring 2008 scientific session Scientific session organized by the physics section &#8220;Applied sciences in the study of the environment and materials&#8221; 2008 AOSR autumn scientific session &#8211; Alba Iulia \u201cAlba Iulia &#8211; the city of the Great Union 90 years since the Great Union from 1918 \u2033 &#8211; October 17-18, 2008 The 5th International Colloquium [&hellip;]","og_url":"https:\/\/www.aosr.ro\/en\/manifestari-2008\/","og_site_name":"The Academy of Romanian Scientists","twitter_card":"summary_large_image","schema":{"@context":"https:\/\/schema.org","@graph":[{"@type":"WebPage","@id":"https:\/\/www.aosr.ro\/en\/manifestari-2008\/","url":"https:\/\/www.aosr.ro\/en\/manifestari-2008\/","name":"MANIFESTARI 2008 - The Academy of Romanian Scientists","isPartOf":{"@id":"\/#website"},"datePublished":"2022-01-16T23:54:13+00:00","breadcrumb":{"@id":"https:\/\/www.aosr.ro\/en\/manifestari-2008\/#breadcrumb"},"inLanguage":"en-US","potentialAction":[{"@type":"ReadAction","target":["https:\/\/www.aosr.ro\/en\/manifestari-2008\/"]}]},{"@type":"BreadcrumbList","@id":"https:\/\/www.aosr.ro\/en\/manifestari-2008\/#breadcrumb","itemListElement":[{"@type":"ListItem","position":1,"name":"Home","item":"https:\/\/www.aosr.ro\/en\/"},{"@type":"ListItem","position":2,"name":"MANIFESTARI 2008"}]},{"@type":"WebSite","@id":"\/#website","url":"\/","name":"The Academy of Romanian Scientists","description":"The Academy of Romanian Scientists | Official website of AOSR","potentialAction":[{"@type":"SearchAction","target":{"@type":"EntryPoint","urlTemplate":"\/?s={search_term_string}"},"query-input":{"@type":"PropertyValueSpecification","valueRequired":true,"valueName":"search_term_string"}}],"inLanguage":"en-US"}]}},"_links":{"self":[{"href":"https:\/\/www.aosr.ro\/en\/wp-json\/wp\/v2\/pages\/16371","targetHints":{"allow":["GET"]}}],"collection":[{"href":"https:\/\/www.aosr.ro\/en\/wp-json\/wp\/v2\/pages"}],"about":[{"href":"https:\/\/www.aosr.ro\/en\/wp-json\/wp\/v2\/types\/page"}],"author":[{"embeddable":true,"href":"https:\/\/www.aosr.ro\/en\/wp-json\/wp\/v2\/users\/1"}],"replies":[{"embeddable":true,"href":"https:\/\/www.aosr.ro\/en\/wp-json\/wp\/v2\/comments?post=16371"}],"version-history":[{"count":0,"href":"https:\/\/www.aosr.ro\/en\/wp-json\/wp\/v2\/pages\/16371\/revisions"}],"wp:attachment":[{"href":"https:\/\/www.aosr.ro\/en\/wp-json\/wp\/v2\/media?parent=16371"}],"curies":[{"name":"wp","href":"https:\/\/api.w.org\/{rel}","templated":true}]}}