{"id":16305,"date":"2022-01-17T01:53:40","date_gmt":"2022-01-16T23:53:40","guid":{"rendered":"https:\/\/www.aosr.ro\/megan-mihail\/"},"modified":"2022-01-17T01:53:40","modified_gmt":"2022-01-16T23:53:40","slug":"megan-mihail","status":"publish","type":"page","link":"https:\/\/www.aosr.ro\/en\/megan-mihail\/","title":{"rendered":"MEGAN MIHAIL"},"content":{"rendered":"<p><strong> <img loading=\"lazy\" decoding=\"async\" class=\"wp-image-4103 alignleft\" src=\"https:\/\/www.aosr.ro\/wp-content\/uploads\/2016\/06\/MEGAN-MIHAIL.jpg\" alt=\"MEGAN MIHAIL\" width=\"232\" height=\"267\"><\/strong><strong>Full member<\/strong><\/p>\n<p><strong>Prof. univ. dr., mathematician<\/strong><\/p>\n<p><strong>Date and place of birth: January 2, 1947, Zegaia, Mehedinti County<\/strong><\/p>\n<p><strong> <\/strong><\/p>\n<p><strong>Education:<\/strong> University of Timi\u015foara, Faculty of Mathematics-Mechanics (1969); PhD with the thesis <em>Asymptotic behaviors and controllability in linear differential equations<\/em> , Timi\u015foara (1977).<\/p>\n<p><strong>Professional activity<\/strong> : trainee assistant (1969-1972), university assistant (1972-1977), university lecturer (1977-1990), associate professor (1990-1992), university professor (since 1992). 1981-1990, vice dean of the Faculty of Natural Sciences in Timi\u015foara, 1996-2004, dean of the Faculty of Mathematics at the West University of Timi\u015foara, 2004-2008, vice-rector of the West University of Timi\u015foara, since 2008 director of the Department of Mathematics from the West University of Timi\u015foara, 1992-1996 and 2003-2007. Doctoral supervisor from 1990 until now having completed 18 doctoral theses (two of which are co-supervised), as well as 11 other doctoral students (6 in internships and 5 in the thesis writing phase).<\/p>\n<p><strong>Areas of interest:<\/strong> differential equations in abstract spaces, stability, dichotomy, trichotomy, controllability, hyperstability.<\/p>\n<p><strong>Scientific activity:<\/strong> list of courses taught <em>:<\/em> mathematical analysis, real analysis, convex analysis, linear control systems, qualitative theory for control systems, structure theory, optimal control, model theory. Participation in research grants: International Grant &#8220;RTN Analysis and Operators&#8221;, FP6 Program, director: Prof. Dr. Jean Esterle, University of Bordeaux, CNCSIS type four grants as director (1990-2001, 2002-2004, 2005- 2007) and member of a grant funded by MEC (1995-1998). Director of Research Grants with CNCSIS: Asymptotic Behaviors of Linear Systems with Control in Infinite Dimensional Spaces (1999-2001), Qualitative Properties of Evolutionary Processes with Control in Banach Spaces (2002-2004), Asymptotic Behaviors for Deterministic and Stochastic Evolutionary Equations in infinitely dimensional spaces (2005-2007), Advanced research on the asymptotic behaviors of evolution equations (2008-2010).<\/p>\n<p><strong>Publications<\/strong>: author of over 130 scientific papers in the field of qualitative theory of differential equations in infinitely dimensional spaces, of which 47 in foreign journals (24 ISI listed), 48 in national journals (accredited by CNCSIS), 25 in national conference proceedings and international, 26 books published in the country, five of which are scientific monographs.<\/p>\n<p><strong>Affiliation:<\/strong> member of professional associations: Romanian Society of Mathematical Sciences, Academy of Romanian Scientists. Member of the publishing teams of the magazines: <em>Annals of the University of Timi\u015foara<\/em> , <em>Annals of the University of Craiova<\/em> , <em>Didactica Mathematica &#8211; UBB<\/em> . Cluj-Napoca, <em>Carpathian Journal of Mathematics<\/em> (North University, Baia Mare), <em>Seminar on Mathematical Analysis and Applications in Control Theory<\/em> (UVT), <em>Revista matematic\u0103 din Timi\u015foara<\/em> . Organizer and editor of the papers of the National Conferences<em> <\/em>of the Romanian Mathematical Sciences Society, in 2005,<em> <\/em>and Mathematical Analysis and Applications, in 2000 and 2006. Member of the editorial board of four specialized journals accredited by CNCSIS. Referring to <em>Mathematical Reviews<\/em> and <em>Zentralblat without Mathematics<\/em> . President of the Timi\u015f Branch of SSMR, 1997-2006, member of the Mathematics and Natural Sciences Commission within CNCSIS, 1997-2007, member of the Council of the Timi\u015f Branch of AO\u015eR, 2006 &#8211; present, member of the permanent experts commission of ARACIS. Member of the Center for Research in Analysis and Geometry at the West University of Timisoara, accredited by CNCSIS. Founding member of the Timi\u015f Branch of AO\u015eR, president of the Exact Science Section of the Timi\u015f Branch of AO\u015eR, the organization within the Program of activities of the Timi\u015f Branch of AO\u015eR of three conferences dedicated to important personalities in science.<\/p>\n<p><strong>References<\/strong> : 3rd place in <em>the Ad Astra Register of Romanian Scientists<\/em> based on ISI indexed articles in the period 2002-2006, with an impact score of 30,287 with 67 citations. Over 80 citations in scientific journals and monographs from abroad (with wide international circulation), of which 25 in ISI classified journals. The results were cited in the monographs of world-renowned specialists such as R. Conti (1982) and J. Klamka (1995) in the field of optimal control theory, SG Krein (1983), C. Chicone and Y. Latushkin (1999). ) in the field of stability theory. Citations in ISI journals such as the <em>International Journal of Control<\/em> , <em>Journal of Differential Equations<\/em> , <em>Systems Control Letters<\/em> , <em>Journal of<\/em> <em>Mathematical Analysis<\/em> <em>and Applications<\/em> <em>Integral Equations and Operator Theory<\/em> , belong to world-renowned mathematicians such as AJ Pritchard, R. Curtain, KJ Palmer , J. Zabczyk et al. Also noteworthy is the article by Polish mathematician KM Przyluski entitled <em>On a Theorem of Megan,<\/em> published in the <em>International Journal of Control<\/em> in 1988.<\/p>\n","protected":false},"excerpt":{"rendered":"<p>Full member Prof. univ. dr., mathematician Date and place of birth: January 2, 1947, Zegaia, Mehedinti County Education: University of Timi\u015foara, Faculty of Mathematics-Mechanics (1969); PhD with the thesis Asymptotic behaviors and controllability in linear differential equations , Timi\u015foara (1977). Professional activity : trainee assistant (1969-1972), university assistant (1972-1977), university lecturer (1977-1990), associate professor (1990-1992), [&hellip;]<\/p>\n","protected":false},"author":3,"featured_media":0,"parent":0,"menu_order":0,"comment_status":"closed","ping_status":"closed","template":"","meta":{"inline_featured_image":false,"footnotes":""},"class_list":["post-16305","page","type-page","status-publish"],"yoast_head":"<!-- This site is optimized with the Yoast SEO plugin v27.0 - https:\/\/yoast.com\/product\/yoast-seo-wordpress\/ -->\n<title>MEGAN MIHAIL - The Academy of Romanian Scientists<\/title>\n<meta name=\"robots\" content=\"index, follow, max-snippet:-1, max-image-preview:large, max-video-preview:-1\" \/>\n<link rel=\"canonical\" href=\"https:\/\/www.aosr.ro\/en\/megan-mihail\/\" \/>\n<meta property=\"og:locale\" content=\"en_US\" \/>\n<meta property=\"og:type\" content=\"article\" \/>\n<meta property=\"og:title\" content=\"MEGAN MIHAIL - The Academy of Romanian Scientists\" \/>\n<meta property=\"og:description\" content=\"Full member Prof. univ. dr., mathematician Date and place of birth: January 2, 1947, Zegaia, Mehedinti County Education: University of Timi\u015foara, Faculty of Mathematics-Mechanics (1969); PhD with the thesis Asymptotic behaviors and controllability in linear differential equations , Timi\u015foara (1977). Professional activity : trainee assistant (1969-1972), university assistant (1972-1977), university lecturer (1977-1990), associate professor (1990-1992), [&hellip;]\" \/>\n<meta property=\"og:url\" content=\"https:\/\/www.aosr.ro\/en\/megan-mihail\/\" \/>\n<meta property=\"og:site_name\" content=\"The Academy of Romanian Scientists\" \/>\n<meta property=\"og:image\" content=\"https:\/\/www.aosr.ro\/wp-content\/uploads\/2016\/06\/MEGAN-MIHAIL.jpg\" \/>\n<meta name=\"twitter:card\" content=\"summary_large_image\" \/>\n<meta name=\"twitter:label1\" content=\"Est. reading time\" \/>\n\t<meta name=\"twitter:data1\" content=\"3 minutes\" \/>\n<script type=\"application\/ld+json\" class=\"yoast-schema-graph\">{\"@context\":\"https:\/\/schema.org\",\"@graph\":[{\"@type\":\"WebPage\",\"@id\":\"https:\/\/www.aosr.ro\/en\/megan-mihail\/\",\"url\":\"https:\/\/www.aosr.ro\/en\/megan-mihail\/\",\"name\":\"MEGAN MIHAIL - The Academy of Romanian Scientists\",\"isPartOf\":{\"@id\":\"\/#website\"},\"primaryImageOfPage\":{\"@id\":\"https:\/\/www.aosr.ro\/en\/megan-mihail\/#primaryimage\"},\"image\":{\"@id\":\"https:\/\/www.aosr.ro\/en\/megan-mihail\/#primaryimage\"},\"thumbnailUrl\":\"https:\/\/www.aosr.ro\/wp-content\/uploads\/2016\/06\/MEGAN-MIHAIL.jpg\",\"datePublished\":\"2022-01-16T23:53:40+00:00\",\"breadcrumb\":{\"@id\":\"https:\/\/www.aosr.ro\/en\/megan-mihail\/#breadcrumb\"},\"inLanguage\":\"en-US\",\"potentialAction\":[{\"@type\":\"ReadAction\",\"target\":[\"https:\/\/www.aosr.ro\/en\/megan-mihail\/\"]}]},{\"@type\":\"ImageObject\",\"inLanguage\":\"en-US\",\"@id\":\"https:\/\/www.aosr.ro\/en\/megan-mihail\/#primaryimage\",\"url\":\"https:\/\/www.aosr.ro\/wp-content\/uploads\/2016\/06\/MEGAN-MIHAIL.jpg\",\"contentUrl\":\"https:\/\/www.aosr.ro\/wp-content\/uploads\/2016\/06\/MEGAN-MIHAIL.jpg\"},{\"@type\":\"BreadcrumbList\",\"@id\":\"https:\/\/www.aosr.ro\/en\/megan-mihail\/#breadcrumb\",\"itemListElement\":[{\"@type\":\"ListItem\",\"position\":1,\"name\":\"Home\",\"item\":\"https:\/\/www.aosr.ro\/en\/\"},{\"@type\":\"ListItem\",\"position\":2,\"name\":\"MEGAN MIHAIL\"}]},{\"@type\":\"WebSite\",\"@id\":\"\/#website\",\"url\":\"\/\",\"name\":\"The Academy of Romanian Scientists\",\"description\":\"The Academy of Romanian Scientists | Official website of AOSR\",\"potentialAction\":[{\"@type\":\"SearchAction\",\"target\":{\"@type\":\"EntryPoint\",\"urlTemplate\":\"\/?s={search_term_string}\"},\"query-input\":{\"@type\":\"PropertyValueSpecification\",\"valueRequired\":true,\"valueName\":\"search_term_string\"}}],\"inLanguage\":\"en-US\"}]}<\/script>\n<!-- \/ Yoast SEO plugin. -->","yoast_head_json":{"title":"MEGAN MIHAIL - The Academy of Romanian Scientists","robots":{"index":"index","follow":"follow","max-snippet":"max-snippet:-1","max-image-preview":"max-image-preview:large","max-video-preview":"max-video-preview:-1"},"canonical":"https:\/\/www.aosr.ro\/en\/megan-mihail\/","og_locale":"en_US","og_type":"article","og_title":"MEGAN MIHAIL - The Academy of Romanian Scientists","og_description":"Full member Prof. univ. dr., mathematician Date and place of birth: January 2, 1947, Zegaia, Mehedinti County Education: University of Timi\u015foara, Faculty of Mathematics-Mechanics (1969); PhD with the thesis Asymptotic behaviors and controllability in linear differential equations , Timi\u015foara (1977). Professional activity : trainee assistant (1969-1972), university assistant (1972-1977), university lecturer (1977-1990), associate professor (1990-1992), [&hellip;]","og_url":"https:\/\/www.aosr.ro\/en\/megan-mihail\/","og_site_name":"The Academy of Romanian Scientists","og_image":[{"url":"https:\/\/www.aosr.ro\/wp-content\/uploads\/2016\/06\/MEGAN-MIHAIL.jpg","type":"","width":"","height":""}],"twitter_card":"summary_large_image","twitter_misc":{"Est. reading time":"3 minutes"},"schema":{"@context":"https:\/\/schema.org","@graph":[{"@type":"WebPage","@id":"https:\/\/www.aosr.ro\/en\/megan-mihail\/","url":"https:\/\/www.aosr.ro\/en\/megan-mihail\/","name":"MEGAN MIHAIL - The Academy of Romanian Scientists","isPartOf":{"@id":"\/#website"},"primaryImageOfPage":{"@id":"https:\/\/www.aosr.ro\/en\/megan-mihail\/#primaryimage"},"image":{"@id":"https:\/\/www.aosr.ro\/en\/megan-mihail\/#primaryimage"},"thumbnailUrl":"https:\/\/www.aosr.ro\/wp-content\/uploads\/2016\/06\/MEGAN-MIHAIL.jpg","datePublished":"2022-01-16T23:53:40+00:00","breadcrumb":{"@id":"https:\/\/www.aosr.ro\/en\/megan-mihail\/#breadcrumb"},"inLanguage":"en-US","potentialAction":[{"@type":"ReadAction","target":["https:\/\/www.aosr.ro\/en\/megan-mihail\/"]}]},{"@type":"ImageObject","inLanguage":"en-US","@id":"https:\/\/www.aosr.ro\/en\/megan-mihail\/#primaryimage","url":"https:\/\/www.aosr.ro\/wp-content\/uploads\/2016\/06\/MEGAN-MIHAIL.jpg","contentUrl":"https:\/\/www.aosr.ro\/wp-content\/uploads\/2016\/06\/MEGAN-MIHAIL.jpg"},{"@type":"BreadcrumbList","@id":"https:\/\/www.aosr.ro\/en\/megan-mihail\/#breadcrumb","itemListElement":[{"@type":"ListItem","position":1,"name":"Home","item":"https:\/\/www.aosr.ro\/en\/"},{"@type":"ListItem","position":2,"name":"MEGAN MIHAIL"}]},{"@type":"WebSite","@id":"\/#website","url":"\/","name":"The Academy of Romanian Scientists","description":"The Academy of Romanian Scientists | Official website of AOSR","potentialAction":[{"@type":"SearchAction","target":{"@type":"EntryPoint","urlTemplate":"\/?s={search_term_string}"},"query-input":{"@type":"PropertyValueSpecification","valueRequired":true,"valueName":"search_term_string"}}],"inLanguage":"en-US"}]}},"_links":{"self":[{"href":"https:\/\/www.aosr.ro\/en\/wp-json\/wp\/v2\/pages\/16305","targetHints":{"allow":["GET"]}}],"collection":[{"href":"https:\/\/www.aosr.ro\/en\/wp-json\/wp\/v2\/pages"}],"about":[{"href":"https:\/\/www.aosr.ro\/en\/wp-json\/wp\/v2\/types\/page"}],"author":[{"embeddable":true,"href":"https:\/\/www.aosr.ro\/en\/wp-json\/wp\/v2\/users\/3"}],"replies":[{"embeddable":true,"href":"https:\/\/www.aosr.ro\/en\/wp-json\/wp\/v2\/comments?post=16305"}],"version-history":[{"count":0,"href":"https:\/\/www.aosr.ro\/en\/wp-json\/wp\/v2\/pages\/16305\/revisions"}],"wp:attachment":[{"href":"https:\/\/www.aosr.ro\/en\/wp-json\/wp\/v2\/media?parent=16305"}],"curies":[{"name":"wp","href":"https:\/\/api.w.org\/{rel}","templated":true}]}}