{"id":16295,"date":"2022-01-17T01:53:39","date_gmt":"2022-01-16T23:53:39","guid":{"rendered":"https:\/\/www.aosr.ro\/fetecau-constantin\/"},"modified":"2022-01-17T01:53:39","modified_gmt":"2022-01-16T23:53:39","slug":"fetecau-constantin","status":"publish","type":"page","link":"https:\/\/www.aosr.ro\/en\/fetecau-constantin\/","title":{"rendered":"FETEC\u0102U CONSTANTIN"},"content":{"rendered":"<p><strong><img loading=\"lazy\" decoding=\"async\" class=\"size-full wp-image-4087 alignleft\" src=\"https:\/\/www.aosr.ro\/wp-content\/uploads\/2016\/06\/Constantin-Fetecau-1.png\" alt=\"Constantin Fetecau\" width=\"200\" height=\"286\">Full member<\/strong><\/p>\n<p><strong>Prof. univ. dr., CS I, mathematician<\/strong><\/p>\n<p><strong>Date and place of birth: January 4, 1946, Scor\u0163oasa, Buz\u0103u County<\/strong><\/p>\n<p>&nbsp;<\/p>\n<p><strong>Education:<\/strong> Faculty of Mathematics, University <em>Al. I. Cuza<\/em>, Ia\u015fi (1963-1968), mathematics, specialization elasticity, doctor in mathematics (1979) with the thesis <em>Study of the constitutive equations and of the motions of some particular continuous environments.<\/em> Research Fellowships: Institute of Fundamental Technical Research, Polish Academy of Sciences (Sept. 20 &#8211; Dec. 21, 1972). Scholarships: Italy (1970, 1971 and 1990); Fulbright Scholarship, Grant no. 265, USA-Texas A&amp;M University, October 2003 &#8211; May 2004; DAAD Scholarship in Germany (December 2004 &#8211; February 2005) at the Universities of Hamburg and Bayreuth. <strong>Professional activity:<\/strong> scientific researcher at the Institute of Mathematics of the Romanian Academy-Ia\u015fi branch (1968-1975), assistant. univ. substitute, then assist. univ. holder, at the Ia\u015fi Polytechnic Institute (1975-1979), lecturer at the Ia\u015fi Polytechnic Institute (1979-1990), conf. univ. at the Technical University <em>Gh. Asachi<\/em> Iasi (1990-1994), prof. Univ. at the Technical University <em>Gh. Asachi<\/em> Iasi (since 1994). <strong>Teaching activity:<\/strong> course and seminar (Linear Algebra, Analytical and Differential Geometry and Programming, Mathematical Analysis, Special Mathematics for Economists, and Differential Equations). Three textbooks and two collections of problems for students. <strong>Member of the Editorial Boards of some journals<\/strong> (Member of the Editorial Board): <strong>a)<\/strong> Journal of Modern Physics (EBSCO indexed), ISSN 2153-1196; <strong>b)<\/strong> International Journal of Industrial Mathematics (indexed by EBSCO and INSPEC), ISSN 2008-5621; <strong>c)<\/strong> Communications in Numerical Analysis (indexed in <a href=\"http:\/\/www.zentralblatt-math.org\/zmath\/en\/journals\/search\/?bi=&amp;is=2193-4215&amp;serials_first=1\">Zentralblatt MATH<\/a> ), ISSN 2193-4215; <strong>d)<\/strong> Journal of Prime Research in Mathematics (indexed in <a href=\"..\/MEMBRI%20AOSR\/STRUCTURA%20MIHAI%20CARUTASU\/ANUAR%202013\/Zentralblatt%20MATH),\">Zentralblatt MATH),<\/a> ISSN 1817-2725; <strong>e)<\/strong> Bul. Inst. Nice. Iasi, Mathematics Section; <strong>f)<\/strong> ROMAI Journal. Associate Editor: <em>Communications in Nonlinear Science and Numerical Simulation<\/em> , ISSN 1007-5704, June 14, 2010-June 14, 2011, ISI Journal, Impact Factor 2,806. <strong>Journalism:<\/strong> 1 monograph in Romanian, Gh. Asachi (1995), (sole author); 1 monograph in English, Perfomantica Publishing House (2009), (in collaboration with Corina Fetecau, winner &#8211; \u201cScientific Book Award\u201d, Euro invention, European Exhibition of Creativity and Innovation, May 2010); <strong>118<\/strong> scientific papers published in ISI listed journals and <strong>1<\/strong> paper accepted; <strong>62<\/strong> scientific papers published in journals indexed in international databases; <strong>21<\/strong> scientific papers published in national journals, recognized by CNCSIS; <strong>21<\/strong> scientific papers published in conference volumes; <strong>2<\/strong> scientific papers published in foreign journals (unlisted ISI).<\/p>\n<p><strong>Awards:<\/strong> <em>Spiru Haret<\/em> Award of the Romanian Academy (2004); Best Ph.D. Supervisor, GC University, Lahore, Pakistan (2010); 2012 Excellence Award and \u201cGheorghe Asachi\u201d Medal of the Technical University <em>Gh. Asachi,<\/em> Iasi.<\/p>\n<p><strong>International recognition: a)<\/strong> Doctoral degree at GC University, Lahore, Pakistan since 2006; 9 (nine) PhD students defended their theses. <strong>b)<\/strong> External supervisor at University Teknologi Malaysia. <strong>c)<\/strong> 1225 citations in ISI-listed journals (from the Web of Knowledge), <strong>12<\/strong> citations in ISI Proceedings, <strong>8<\/strong> citations in monographs published abroad, <strong>173<\/strong> citations in papers published in journals indexed in databases (self-citations were excluded). <strong>d)<\/strong> Scientific reviewer in over 50 ISI journals. <strong>e)<\/strong> Member of international commissions: <strong>e1.<\/strong> Prof. Saleem Asghar from COMSAT University, Islamabad, Pakistan for the \u201cTWAS\u201d Award by The Academy of Sciences for the Developing World, c \/ o The Abdul Salam International Center for Theoretical Physics, Trieste, Italy, 2007; <strong>e2.<\/strong> Dr. T. Hayat and Dr. K. Saifulah for the position of Associate Professor of Mathematics &#8220;Pure \/ Applied Mathematics&#8221;, Quaid-I-Azam University, Islamabad, Pakistan (2007); <strong>e3.<\/strong> Prof. Shirley Abelman for South Africa&#8217;s National Research Foundation (NRF), University of the Witwatersrand, South Africa, 2009, <strong>e4.<\/strong> Prof. Shirley Abelman for the position of Department Director, University of the Witwatersrand, South Africa; <strong>e5.<\/strong> Dr. Muhammad Asif, Tenure Track Promotion Commission (TTS), Caspam, BZU, Multan, Pakistan (2012); <strong>e6.<\/strong> Prof. FM Mahomed, School of Computational and Applied Mathematics, University of the Witwatersrand, South Africa, for South Africa&#8217;s National Research Foundation (NRF), 2012; <strong>f)<\/strong> Member of doctoral commissions abroad: <strong>f1.<\/strong> One commission in 2007 and member of three commissions in 2008 at Quaid-i-Azam University in Islamabad, Pakistan; <strong>f2<\/strong> . Five commissions at the COMSATS Institute of Information Technology (CIIT) in Islamabad, Pakistan (2008, 2011, 2012); <strong>f3.<\/strong> Two commissions at the University of Engineering and Technology, Lahore, Pakistan (2011). <strong>g)<\/strong> Visiting professor at various universities abroad: Karlsruhe University (1993, 1995, 1999, 2008), Germany; Quaid-I-Azam University, Islamabad, Pakistan (1996); GC University Lahore, Pakistan (2007, 2008, 2009, 2010, 2011, 2012); Fuzhu University, China (2008), Shandong University, China (2008), Beijing University, China (2008); Universit\u00e4t f\u00fcr Bodenkultur, Wien, Austria (2008); Central Washington University (2009), Syracuse University (2009), University of Central Florida, Orlando, USA (2009). <strong>h)<\/strong> Member of the Scientific Committee of International Conferences: <strong>h1. <\/strong>The 3<sup>th<\/sup> and the 4<sup>th<\/sup> International Conferences on Mathematical Models and Methods in Fluid Mechanics, 2006, 2008, COMSATS Institute of Information Technology, Islamabad, Pakistan; <strong>h2.<\/strong> Member of the International Advisory Committee of the 1st, 2nd, 3rd and 4th International Conference Recent Developments in Fluid Mechanics (July 2007, August 2008, July 2009 and August 2010), Quaid-I-Azam University, Islamabad, Pakistan.<\/p>\n<p><strong>Member of scientific societies<\/strong> : member of AMS (The American Mathematical Society) for over 27 years; member ROMAI <em>(<\/em> Romanian Society of Applied and Industrial Mathematics <em>);<\/em> Ad Astra Register of Romanian Scientists &#8211; mechanical field; founding member of SRR (Romanian Society of Rheology).<\/p>\n","protected":false},"excerpt":{"rendered":"<p>Full member Prof. univ. dr., CS I, mathematician Date and place of birth: January 4, 1946, Scor\u0163oasa, Buz\u0103u County &nbsp; Education: Faculty of Mathematics, University Al. I. Cuza, Ia\u015fi (1963-1968), mathematics, specialization elasticity, doctor in mathematics (1979) with the thesis Study of the constitutive equations and of the motions of some particular continuous environments. Research [&hellip;]<\/p>\n","protected":false},"author":3,"featured_media":0,"parent":0,"menu_order":0,"comment_status":"closed","ping_status":"closed","template":"","meta":{"inline_featured_image":false,"footnotes":""},"class_list":["post-16295","page","type-page","status-publish"],"yoast_head":"<!-- This site is optimized with the Yoast SEO plugin v27.0 - https:\/\/yoast.com\/product\/yoast-seo-wordpress\/ -->\n<title>FETEC\u0102U CONSTANTIN - The Academy of Romanian Scientists<\/title>\n<meta name=\"robots\" content=\"index, follow, max-snippet:-1, max-image-preview:large, max-video-preview:-1\" \/>\n<link rel=\"canonical\" href=\"https:\/\/www.aosr.ro\/en\/fetecau-constantin\/\" \/>\n<meta property=\"og:locale\" content=\"en_US\" \/>\n<meta property=\"og:type\" content=\"article\" \/>\n<meta property=\"og:title\" content=\"FETEC\u0102U CONSTANTIN - The Academy of Romanian Scientists\" \/>\n<meta property=\"og:description\" content=\"Full member Prof. univ. dr., CS I, mathematician Date and place of birth: January 4, 1946, Scor\u0163oasa, Buz\u0103u County &nbsp; Education: Faculty of Mathematics, University Al. I. Cuza, Ia\u015fi (1963-1968), mathematics, specialization elasticity, doctor in mathematics (1979) with the thesis Study of the constitutive equations and of the motions of some particular continuous environments. Research [&hellip;]\" \/>\n<meta property=\"og:url\" content=\"https:\/\/www.aosr.ro\/en\/fetecau-constantin\/\" \/>\n<meta property=\"og:site_name\" content=\"The Academy of Romanian Scientists\" \/>\n<meta property=\"og:image\" content=\"https:\/\/www.aosr.ro\/wp-content\/uploads\/2016\/06\/Constantin-Fetecau-1.png\" \/>\n<meta name=\"twitter:card\" content=\"summary_large_image\" \/>\n<meta name=\"twitter:label1\" content=\"Est. reading time\" \/>\n\t<meta name=\"twitter:data1\" content=\"4 minutes\" \/>\n<script type=\"application\/ld+json\" class=\"yoast-schema-graph\">{\"@context\":\"https:\/\/schema.org\",\"@graph\":[{\"@type\":\"WebPage\",\"@id\":\"https:\/\/www.aosr.ro\/en\/fetecau-constantin\/\",\"url\":\"https:\/\/www.aosr.ro\/en\/fetecau-constantin\/\",\"name\":\"FETEC\u0102U CONSTANTIN - The Academy of Romanian Scientists\",\"isPartOf\":{\"@id\":\"\/#website\"},\"primaryImageOfPage\":{\"@id\":\"https:\/\/www.aosr.ro\/en\/fetecau-constantin\/#primaryimage\"},\"image\":{\"@id\":\"https:\/\/www.aosr.ro\/en\/fetecau-constantin\/#primaryimage\"},\"thumbnailUrl\":\"https:\/\/www.aosr.ro\/wp-content\/uploads\/2016\/06\/Constantin-Fetecau-1.png\",\"datePublished\":\"2022-01-16T23:53:39+00:00\",\"breadcrumb\":{\"@id\":\"https:\/\/www.aosr.ro\/en\/fetecau-constantin\/#breadcrumb\"},\"inLanguage\":\"en-US\",\"potentialAction\":[{\"@type\":\"ReadAction\",\"target\":[\"https:\/\/www.aosr.ro\/en\/fetecau-constantin\/\"]}]},{\"@type\":\"ImageObject\",\"inLanguage\":\"en-US\",\"@id\":\"https:\/\/www.aosr.ro\/en\/fetecau-constantin\/#primaryimage\",\"url\":\"https:\/\/www.aosr.ro\/wp-content\/uploads\/2016\/06\/Constantin-Fetecau-1.png\",\"contentUrl\":\"https:\/\/www.aosr.ro\/wp-content\/uploads\/2016\/06\/Constantin-Fetecau-1.png\"},{\"@type\":\"BreadcrumbList\",\"@id\":\"https:\/\/www.aosr.ro\/en\/fetecau-constantin\/#breadcrumb\",\"itemListElement\":[{\"@type\":\"ListItem\",\"position\":1,\"name\":\"Home\",\"item\":\"https:\/\/www.aosr.ro\/en\/\"},{\"@type\":\"ListItem\",\"position\":2,\"name\":\"FETEC\u0102U CONSTANTIN\"}]},{\"@type\":\"WebSite\",\"@id\":\"\/#website\",\"url\":\"\/\",\"name\":\"The Academy of Romanian Scientists\",\"description\":\"The Academy of Romanian Scientists | Official website of AOSR\",\"potentialAction\":[{\"@type\":\"SearchAction\",\"target\":{\"@type\":\"EntryPoint\",\"urlTemplate\":\"\/?s={search_term_string}\"},\"query-input\":{\"@type\":\"PropertyValueSpecification\",\"valueRequired\":true,\"valueName\":\"search_term_string\"}}],\"inLanguage\":\"en-US\"}]}<\/script>\n<!-- \/ Yoast SEO plugin. -->","yoast_head_json":{"title":"FETEC\u0102U CONSTANTIN - The Academy of Romanian Scientists","robots":{"index":"index","follow":"follow","max-snippet":"max-snippet:-1","max-image-preview":"max-image-preview:large","max-video-preview":"max-video-preview:-1"},"canonical":"https:\/\/www.aosr.ro\/en\/fetecau-constantin\/","og_locale":"en_US","og_type":"article","og_title":"FETEC\u0102U CONSTANTIN - The Academy of Romanian Scientists","og_description":"Full member Prof. univ. dr., CS I, mathematician Date and place of birth: January 4, 1946, Scor\u0163oasa, Buz\u0103u County &nbsp; Education: Faculty of Mathematics, University Al. I. Cuza, Ia\u015fi (1963-1968), mathematics, specialization elasticity, doctor in mathematics (1979) with the thesis Study of the constitutive equations and of the motions of some particular continuous environments. Research [&hellip;]","og_url":"https:\/\/www.aosr.ro\/en\/fetecau-constantin\/","og_site_name":"The Academy of Romanian Scientists","og_image":[{"url":"https:\/\/www.aosr.ro\/wp-content\/uploads\/2016\/06\/Constantin-Fetecau-1.png","type":"","width":"","height":""}],"twitter_card":"summary_large_image","twitter_misc":{"Est. reading time":"4 minutes"},"schema":{"@context":"https:\/\/schema.org","@graph":[{"@type":"WebPage","@id":"https:\/\/www.aosr.ro\/en\/fetecau-constantin\/","url":"https:\/\/www.aosr.ro\/en\/fetecau-constantin\/","name":"FETEC\u0102U CONSTANTIN - The Academy of Romanian Scientists","isPartOf":{"@id":"\/#website"},"primaryImageOfPage":{"@id":"https:\/\/www.aosr.ro\/en\/fetecau-constantin\/#primaryimage"},"image":{"@id":"https:\/\/www.aosr.ro\/en\/fetecau-constantin\/#primaryimage"},"thumbnailUrl":"https:\/\/www.aosr.ro\/wp-content\/uploads\/2016\/06\/Constantin-Fetecau-1.png","datePublished":"2022-01-16T23:53:39+00:00","breadcrumb":{"@id":"https:\/\/www.aosr.ro\/en\/fetecau-constantin\/#breadcrumb"},"inLanguage":"en-US","potentialAction":[{"@type":"ReadAction","target":["https:\/\/www.aosr.ro\/en\/fetecau-constantin\/"]}]},{"@type":"ImageObject","inLanguage":"en-US","@id":"https:\/\/www.aosr.ro\/en\/fetecau-constantin\/#primaryimage","url":"https:\/\/www.aosr.ro\/wp-content\/uploads\/2016\/06\/Constantin-Fetecau-1.png","contentUrl":"https:\/\/www.aosr.ro\/wp-content\/uploads\/2016\/06\/Constantin-Fetecau-1.png"},{"@type":"BreadcrumbList","@id":"https:\/\/www.aosr.ro\/en\/fetecau-constantin\/#breadcrumb","itemListElement":[{"@type":"ListItem","position":1,"name":"Home","item":"https:\/\/www.aosr.ro\/en\/"},{"@type":"ListItem","position":2,"name":"FETEC\u0102U CONSTANTIN"}]},{"@type":"WebSite","@id":"\/#website","url":"\/","name":"The Academy of Romanian Scientists","description":"The Academy of Romanian Scientists | Official website of AOSR","potentialAction":[{"@type":"SearchAction","target":{"@type":"EntryPoint","urlTemplate":"\/?s={search_term_string}"},"query-input":{"@type":"PropertyValueSpecification","valueRequired":true,"valueName":"search_term_string"}}],"inLanguage":"en-US"}]}},"_links":{"self":[{"href":"https:\/\/www.aosr.ro\/en\/wp-json\/wp\/v2\/pages\/16295","targetHints":{"allow":["GET"]}}],"collection":[{"href":"https:\/\/www.aosr.ro\/en\/wp-json\/wp\/v2\/pages"}],"about":[{"href":"https:\/\/www.aosr.ro\/en\/wp-json\/wp\/v2\/types\/page"}],"author":[{"embeddable":true,"href":"https:\/\/www.aosr.ro\/en\/wp-json\/wp\/v2\/users\/3"}],"replies":[{"embeddable":true,"href":"https:\/\/www.aosr.ro\/en\/wp-json\/wp\/v2\/comments?post=16295"}],"version-history":[{"count":0,"href":"https:\/\/www.aosr.ro\/en\/wp-json\/wp\/v2\/pages\/16295\/revisions"}],"wp:attachment":[{"href":"https:\/\/www.aosr.ro\/en\/wp-json\/wp\/v2\/media?parent=16295"}],"curies":[{"name":"wp","href":"https:\/\/api.w.org\/{rel}","templated":true}]}}