{"id":16253,"date":"2022-01-17T01:53:31","date_gmt":"2022-01-16T23:53:31","guid":{"rendered":"https:\/\/www.aosr.ro\/economic-legal-and-social-sciences\/"},"modified":"2022-01-17T01:53:31","modified_gmt":"2022-01-16T23:53:31","slug":"economic-legal-and-social-sciences","status":"publish","type":"page","link":"https:\/\/www.aosr.ro\/en\/economic-legal-and-social-sciences\/","title":{"rendered":"Economic, Legal and Social Sciences"},"content":{"rendered":"<p><em><strong>D\u0102NIL\u0102 NICOLAE <\/strong><\/em><\/p>\n<p><em><strong>BASGAN ION<\/strong><\/em><\/p>\n<p><em><strong>B\u0102CESCU MARIUS-OVIDIU<\/strong><\/em><\/p>\n<p><em><strong>BOGDAN IOAN<\/strong><\/em><\/p>\n<p><em><strong>BRATIANU CONSTANTIN<\/strong><\/em><\/p>\n<p><em><strong>CUCUI ION<\/strong><\/em><\/p>\n<p><em><strong>DOBRESCU EMILIAN<\/strong><\/em><\/p>\n<p><em><strong>GEANGALAU SUZANA<\/strong><\/em><\/p>\n<p><em><strong>ST\u0102NESCU VASILE<\/strong><\/em><\/p>\n<p><em><strong>B\u0102DESCU ILIE<\/strong><\/em><\/p>\n<p><em><strong>CHIROVICI EUGEN OVIDIU<\/strong><\/em><\/p>\n<p><em><strong>DUMITRESCU FLOREA<\/strong><\/em><\/p>\n<p><em><strong>MASTER STEPHAN<\/strong><\/em><\/p>\n<p><em><strong>PETRESCU ION<\/strong><\/em><\/p>\n<p><em><strong>VAINER AUREL<\/strong><\/em><\/p>\n<p><em><strong>VOICU MARIN<\/strong><\/em><\/p>\n<p><em><strong>BANCIU DOINA<\/strong><\/em><\/p>\n<p><em><strong>CARBUNARU BACESCU ANGELICA<\/strong><\/em><\/p>\n<p><em><strong>DUMBRAV\u0102 VASILE<\/strong><\/em><\/p>\n<p><em><strong>EPURE MANUELA<\/strong><\/em><\/p>\n<p><em><strong>IONASCU GHEORGHE<\/strong><\/em><\/p>\n<p><em><strong>IONESCU \u015eTEFAN CRISTIAN<\/strong><\/em><\/p>\n<p><em><strong>PETRESCU MARIUS<\/strong><\/em><\/p>\n<p><em><strong>PREDA ANA-MARIA<\/strong><\/em><\/p>\n<p><em><strong>SUCIU MARTA CRISTINA<\/strong><\/em><\/p>\n","protected":false},"excerpt":{"rendered":"<p>D\u0102NIL\u0102 NICOLAE BASGAN ION B\u0102CESCU MARIUS-OVIDIU BOGDAN IOAN BRATIANU CONSTANTIN CUCUI ION DOBRESCU EMILIAN GEANGALAU SUZANA ST\u0102NESCU VASILE B\u0102DESCU ILIE CHIROVICI EUGEN OVIDIU DUMITRESCU FLOREA MASTER STEPHAN PETRESCU ION VAINER AUREL VOICU MARIN BANCIU DOINA CARBUNARU BACESCU ANGELICA DUMBRAV\u0102 VASILE EPURE MANUELA IONASCU GHEORGHE IONESCU \u015eTEFAN CRISTIAN PETRESCU MARIUS PREDA ANA-MARIA SUCIU MARTA CRISTINA<\/p>\n","protected":false},"author":3,"featured_media":0,"parent":0,"menu_order":0,"comment_status":"closed","ping_status":"closed","template":"","meta":{"inline_featured_image":false,"footnotes":""},"class_list":["post-16253","page","type-page","status-publish"],"yoast_head":"<!-- This site is optimized with the Yoast SEO plugin v27.0 - https:\/\/yoast.com\/product\/yoast-seo-wordpress\/ -->\n<title>Economic, Legal and Social Sciences - The Academy of Romanian Scientists<\/title>\n<meta name=\"robots\" content=\"index, follow, max-snippet:-1, max-image-preview:large, max-video-preview:-1\" \/>\n<link rel=\"canonical\" href=\"https:\/\/www.aosr.ro\/en\/economic-legal-and-social-sciences\/\" \/>\n<meta property=\"og:locale\" content=\"en_US\" \/>\n<meta property=\"og:type\" content=\"article\" \/>\n<meta property=\"og:title\" content=\"Economic, Legal and Social Sciences - The Academy of Romanian Scientists\" \/>\n<meta property=\"og:description\" content=\"D\u0102NIL\u0102 NICOLAE BASGAN ION B\u0102CESCU MARIUS-OVIDIU BOGDAN IOAN BRATIANU CONSTANTIN CUCUI ION DOBRESCU EMILIAN GEANGALAU SUZANA ST\u0102NESCU VASILE B\u0102DESCU ILIE CHIROVICI EUGEN OVIDIU DUMITRESCU FLOREA MASTER STEPHAN PETRESCU ION VAINER AUREL VOICU MARIN BANCIU DOINA CARBUNARU BACESCU ANGELICA DUMBRAV\u0102 VASILE EPURE MANUELA IONASCU GHEORGHE IONESCU \u015eTEFAN CRISTIAN PETRESCU MARIUS PREDA ANA-MARIA SUCIU MARTA CRISTINA\" \/>\n<meta property=\"og:url\" content=\"https:\/\/www.aosr.ro\/en\/economic-legal-and-social-sciences\/\" \/>\n<meta property=\"og:site_name\" content=\"The Academy of Romanian Scientists\" \/>\n<meta name=\"twitter:card\" content=\"summary_large_image\" \/>\n<script type=\"application\/ld+json\" class=\"yoast-schema-graph\">{\"@context\":\"https:\/\/schema.org\",\"@graph\":[{\"@type\":\"WebPage\",\"@id\":\"https:\/\/www.aosr.ro\/en\/economic-legal-and-social-sciences\/\",\"url\":\"https:\/\/www.aosr.ro\/en\/economic-legal-and-social-sciences\/\",\"name\":\"Economic, Legal and Social Sciences - The Academy of Romanian Scientists\",\"isPartOf\":{\"@id\":\"\/#website\"},\"datePublished\":\"2022-01-16T23:53:31+00:00\",\"breadcrumb\":{\"@id\":\"https:\/\/www.aosr.ro\/en\/economic-legal-and-social-sciences\/#breadcrumb\"},\"inLanguage\":\"en-US\",\"potentialAction\":[{\"@type\":\"ReadAction\",\"target\":[\"https:\/\/www.aosr.ro\/en\/economic-legal-and-social-sciences\/\"]}]},{\"@type\":\"BreadcrumbList\",\"@id\":\"https:\/\/www.aosr.ro\/en\/economic-legal-and-social-sciences\/#breadcrumb\",\"itemListElement\":[{\"@type\":\"ListItem\",\"position\":1,\"name\":\"Home\",\"item\":\"https:\/\/www.aosr.ro\/en\/\"},{\"@type\":\"ListItem\",\"position\":2,\"name\":\"Economic, Legal and Social Sciences\"}]},{\"@type\":\"WebSite\",\"@id\":\"\/#website\",\"url\":\"\/\",\"name\":\"The Academy of Romanian Scientists\",\"description\":\"The Academy of Romanian Scientists | Official website of AOSR\",\"potentialAction\":[{\"@type\":\"SearchAction\",\"target\":{\"@type\":\"EntryPoint\",\"urlTemplate\":\"\/?s={search_term_string}\"},\"query-input\":{\"@type\":\"PropertyValueSpecification\",\"valueRequired\":true,\"valueName\":\"search_term_string\"}}],\"inLanguage\":\"en-US\"}]}<\/script>\n<!-- \/ Yoast SEO plugin. -->","yoast_head_json":{"title":"Economic, Legal and Social Sciences - The Academy of Romanian Scientists","robots":{"index":"index","follow":"follow","max-snippet":"max-snippet:-1","max-image-preview":"max-image-preview:large","max-video-preview":"max-video-preview:-1"},"canonical":"https:\/\/www.aosr.ro\/en\/economic-legal-and-social-sciences\/","og_locale":"en_US","og_type":"article","og_title":"Economic, Legal and Social Sciences - The Academy of Romanian Scientists","og_description":"D\u0102NIL\u0102 NICOLAE BASGAN ION B\u0102CESCU MARIUS-OVIDIU BOGDAN IOAN BRATIANU CONSTANTIN CUCUI ION DOBRESCU EMILIAN GEANGALAU SUZANA ST\u0102NESCU VASILE B\u0102DESCU ILIE CHIROVICI EUGEN OVIDIU DUMITRESCU FLOREA MASTER STEPHAN PETRESCU ION VAINER AUREL VOICU MARIN BANCIU DOINA CARBUNARU BACESCU ANGELICA DUMBRAV\u0102 VASILE EPURE MANUELA IONASCU GHEORGHE IONESCU \u015eTEFAN CRISTIAN PETRESCU MARIUS PREDA ANA-MARIA SUCIU MARTA CRISTINA","og_url":"https:\/\/www.aosr.ro\/en\/economic-legal-and-social-sciences\/","og_site_name":"The Academy of Romanian Scientists","twitter_card":"summary_large_image","schema":{"@context":"https:\/\/schema.org","@graph":[{"@type":"WebPage","@id":"https:\/\/www.aosr.ro\/en\/economic-legal-and-social-sciences\/","url":"https:\/\/www.aosr.ro\/en\/economic-legal-and-social-sciences\/","name":"Economic, Legal and Social Sciences - The Academy of Romanian Scientists","isPartOf":{"@id":"\/#website"},"datePublished":"2022-01-16T23:53:31+00:00","breadcrumb":{"@id":"https:\/\/www.aosr.ro\/en\/economic-legal-and-social-sciences\/#breadcrumb"},"inLanguage":"en-US","potentialAction":[{"@type":"ReadAction","target":["https:\/\/www.aosr.ro\/en\/economic-legal-and-social-sciences\/"]}]},{"@type":"BreadcrumbList","@id":"https:\/\/www.aosr.ro\/en\/economic-legal-and-social-sciences\/#breadcrumb","itemListElement":[{"@type":"ListItem","position":1,"name":"Home","item":"https:\/\/www.aosr.ro\/en\/"},{"@type":"ListItem","position":2,"name":"Economic, Legal and Social Sciences"}]},{"@type":"WebSite","@id":"\/#website","url":"\/","name":"The Academy of Romanian Scientists","description":"The Academy of Romanian Scientists | Official website of AOSR","potentialAction":[{"@type":"SearchAction","target":{"@type":"EntryPoint","urlTemplate":"\/?s={search_term_string}"},"query-input":{"@type":"PropertyValueSpecification","valueRequired":true,"valueName":"search_term_string"}}],"inLanguage":"en-US"}]}},"_links":{"self":[{"href":"https:\/\/www.aosr.ro\/en\/wp-json\/wp\/v2\/pages\/16253","targetHints":{"allow":["GET"]}}],"collection":[{"href":"https:\/\/www.aosr.ro\/en\/wp-json\/wp\/v2\/pages"}],"about":[{"href":"https:\/\/www.aosr.ro\/en\/wp-json\/wp\/v2\/types\/page"}],"author":[{"embeddable":true,"href":"https:\/\/www.aosr.ro\/en\/wp-json\/wp\/v2\/users\/3"}],"replies":[{"embeddable":true,"href":"https:\/\/www.aosr.ro\/en\/wp-json\/wp\/v2\/comments?post=16253"}],"version-history":[{"count":0,"href":"https:\/\/www.aosr.ro\/en\/wp-json\/wp\/v2\/pages\/16253\/revisions"}],"wp:attachment":[{"href":"https:\/\/www.aosr.ro\/en\/wp-json\/wp\/v2\/media?parent=16253"}],"curies":[{"name":"wp","href":"https:\/\/api.w.org\/{rel}","templated":true}]}}