{"id":16249,"date":"2022-01-17T01:53:30","date_gmt":"2022-01-16T23:53:30","guid":{"rendered":"https:\/\/www.aosr.ro\/technical-sciences\/"},"modified":"2022-01-17T01:53:30","modified_gmt":"2022-01-16T23:53:30","slug":"technical-sciences","status":"publish","type":"page","link":"https:\/\/www.aosr.ro\/en\/technical-sciences\/","title":{"rendered":"Technical Sciences"},"content":{"rendered":"<p><em><strong>CHIU\u0162\u0102 ION<\/strong><\/em><\/p>\n<p><em><strong>ANDEA PETRU<\/strong><\/em><\/p>\n<p><em><strong> BADEA ADRIAN ALEXANDRU<\/strong><\/em><\/p>\n<p><em><strong>CISMARU IVAN<\/strong><\/em><\/p>\n<p><em><strong>DAMIAN RADU MIRCEA<\/strong><\/em><\/p>\n<p><em><strong>DEGERATU MIRCEA<\/strong><\/em><\/p>\n<p><em><strong>GALETUSE STELIAN<\/strong><\/em><\/p>\n<p><em><strong>LEUCA TEODOR<\/strong><\/em><\/p>\n<p><em><strong>MIH\u0102I\u0162\u0102 MIHAI<\/strong><\/em><\/p>\n<p><em><strong>OPREA FLOREA<\/strong><\/em><\/p>\n<p><em><strong>PAU VALENTIN CORNELIU<\/strong><\/em><\/p>\n<p><em><strong>POPENTIU-VLADICESCU FLORIN<\/strong><\/em><\/p>\n<p><em><strong>POPOVICIU MIRCEA<\/strong><\/em><\/p>\n<p><em><strong>PRUNARIU DUMITRU DORIN<\/strong><\/em><\/p>\n<p><em><strong>STANCIU ANGHEL<\/strong><\/em><\/p>\n<p><em><strong> \u0162\u0102RANU NICOLAE<\/strong><\/em><\/p>\n<p><em><strong>ANTONESCU NICULAE NAPOLEON<\/strong><\/em><\/p>\n<p><em><strong>ILIESCU ION<\/strong><\/em><\/p>\n<p><em><strong>ROBU NICOLAE<\/strong><\/em><\/p>\n<p><em><strong>CANTARAGIU STEFAN<\/strong><\/em><\/p>\n<p><em><strong>SPIRIDON CREOLE<\/strong><\/em><\/p>\n<p><em><strong>DARIE GEORGE<\/strong><\/em><\/p>\n<p><em><strong>GIURMA ION<\/strong><\/em><\/p>\n<p><em><strong>HADAR ANTON<\/strong><\/em><\/p>\n<p><em><strong>NASTASE GABRIEL<\/strong><\/em><\/p>\n<p><em><strong>POPESCU DUMITRU<\/strong><\/em><\/p>\n<p><em><strong>PURICA IONUT<\/strong><\/em><\/p>\n<p><em><strong>VALECA \u015eERBAN-CONSTANTIN<\/strong><\/em><\/p>\n<p><em><strong>ZAPCIU MIRON<\/strong><\/em><\/p>\n","protected":false},"excerpt":{"rendered":"<p>CHIU\u0162\u0102 ION ANDEA PETRU BADEA ADRIAN ALEXANDRU CISMARU IVAN DAMIAN RADU MIRCEA DEGERATU MIRCEA GALETUSE STELIAN LEUCA TEODOR MIH\u0102I\u0162\u0102 MIHAI OPREA FLOREA PAU VALENTIN CORNELIU POPENTIU-VLADICESCU FLORIN POPOVICIU MIRCEA PRUNARIU DUMITRU DORIN STANCIU ANGHEL \u0162\u0102RANU NICOLAE ANTONESCU NICULAE NAPOLEON ILIESCU ION ROBU NICOLAE CANTARAGIU STEFAN SPIRIDON CREOLE DARIE GEORGE GIURMA ION HADAR ANTON NASTASE GABRIEL [&hellip;]<\/p>\n","protected":false},"author":3,"featured_media":0,"parent":0,"menu_order":0,"comment_status":"closed","ping_status":"closed","template":"","meta":{"inline_featured_image":false,"footnotes":""},"class_list":["post-16249","page","type-page","status-publish"],"yoast_head":"<!-- This site is optimized with the Yoast SEO plugin v27.0 - https:\/\/yoast.com\/product\/yoast-seo-wordpress\/ -->\n<title>Technical Sciences - The Academy of Romanian Scientists<\/title>\n<meta name=\"robots\" content=\"index, follow, max-snippet:-1, max-image-preview:large, max-video-preview:-1\" \/>\n<link rel=\"canonical\" href=\"https:\/\/www.aosr.ro\/en\/technical-sciences\/\" \/>\n<meta property=\"og:locale\" content=\"en_US\" \/>\n<meta property=\"og:type\" content=\"article\" \/>\n<meta property=\"og:title\" content=\"Technical Sciences - The Academy of Romanian Scientists\" \/>\n<meta property=\"og:description\" content=\"CHIU\u0162\u0102 ION ANDEA PETRU BADEA ADRIAN ALEXANDRU CISMARU IVAN DAMIAN RADU MIRCEA DEGERATU MIRCEA GALETUSE STELIAN LEUCA TEODOR MIH\u0102I\u0162\u0102 MIHAI OPREA FLOREA PAU VALENTIN CORNELIU POPENTIU-VLADICESCU FLORIN POPOVICIU MIRCEA PRUNARIU DUMITRU DORIN STANCIU ANGHEL \u0162\u0102RANU NICOLAE ANTONESCU NICULAE NAPOLEON ILIESCU ION ROBU NICOLAE CANTARAGIU STEFAN SPIRIDON CREOLE DARIE GEORGE GIURMA ION HADAR ANTON NASTASE GABRIEL [&hellip;]\" \/>\n<meta property=\"og:url\" content=\"https:\/\/www.aosr.ro\/en\/technical-sciences\/\" \/>\n<meta property=\"og:site_name\" content=\"The Academy of Romanian Scientists\" \/>\n<meta name=\"twitter:card\" content=\"summary_large_image\" \/>\n<script type=\"application\/ld+json\" class=\"yoast-schema-graph\">{\"@context\":\"https:\/\/schema.org\",\"@graph\":[{\"@type\":\"WebPage\",\"@id\":\"https:\/\/www.aosr.ro\/en\/technical-sciences\/\",\"url\":\"https:\/\/www.aosr.ro\/en\/technical-sciences\/\",\"name\":\"Technical Sciences - The Academy of Romanian Scientists\",\"isPartOf\":{\"@id\":\"\/#website\"},\"datePublished\":\"2022-01-16T23:53:30+00:00\",\"breadcrumb\":{\"@id\":\"https:\/\/www.aosr.ro\/en\/technical-sciences\/#breadcrumb\"},\"inLanguage\":\"en-US\",\"potentialAction\":[{\"@type\":\"ReadAction\",\"target\":[\"https:\/\/www.aosr.ro\/en\/technical-sciences\/\"]}]},{\"@type\":\"BreadcrumbList\",\"@id\":\"https:\/\/www.aosr.ro\/en\/technical-sciences\/#breadcrumb\",\"itemListElement\":[{\"@type\":\"ListItem\",\"position\":1,\"name\":\"Home\",\"item\":\"https:\/\/www.aosr.ro\/en\/\"},{\"@type\":\"ListItem\",\"position\":2,\"name\":\"Technical Sciences\"}]},{\"@type\":\"WebSite\",\"@id\":\"\/#website\",\"url\":\"\/\",\"name\":\"The Academy of Romanian Scientists\",\"description\":\"The Academy of Romanian Scientists | Official website of AOSR\",\"potentialAction\":[{\"@type\":\"SearchAction\",\"target\":{\"@type\":\"EntryPoint\",\"urlTemplate\":\"\/?s={search_term_string}\"},\"query-input\":{\"@type\":\"PropertyValueSpecification\",\"valueRequired\":true,\"valueName\":\"search_term_string\"}}],\"inLanguage\":\"en-US\"}]}<\/script>\n<!-- \/ Yoast SEO plugin. -->","yoast_head_json":{"title":"Technical Sciences - The Academy of Romanian Scientists","robots":{"index":"index","follow":"follow","max-snippet":"max-snippet:-1","max-image-preview":"max-image-preview:large","max-video-preview":"max-video-preview:-1"},"canonical":"https:\/\/www.aosr.ro\/en\/technical-sciences\/","og_locale":"en_US","og_type":"article","og_title":"Technical Sciences - The Academy of Romanian Scientists","og_description":"CHIU\u0162\u0102 ION ANDEA PETRU BADEA ADRIAN ALEXANDRU CISMARU IVAN DAMIAN RADU MIRCEA DEGERATU MIRCEA GALETUSE STELIAN LEUCA TEODOR MIH\u0102I\u0162\u0102 MIHAI OPREA FLOREA PAU VALENTIN CORNELIU POPENTIU-VLADICESCU FLORIN POPOVICIU MIRCEA PRUNARIU DUMITRU DORIN STANCIU ANGHEL \u0162\u0102RANU NICOLAE ANTONESCU NICULAE NAPOLEON ILIESCU ION ROBU NICOLAE CANTARAGIU STEFAN SPIRIDON CREOLE DARIE GEORGE GIURMA ION HADAR ANTON NASTASE GABRIEL [&hellip;]","og_url":"https:\/\/www.aosr.ro\/en\/technical-sciences\/","og_site_name":"The Academy of Romanian Scientists","twitter_card":"summary_large_image","schema":{"@context":"https:\/\/schema.org","@graph":[{"@type":"WebPage","@id":"https:\/\/www.aosr.ro\/en\/technical-sciences\/","url":"https:\/\/www.aosr.ro\/en\/technical-sciences\/","name":"Technical Sciences - The Academy of Romanian Scientists","isPartOf":{"@id":"\/#website"},"datePublished":"2022-01-16T23:53:30+00:00","breadcrumb":{"@id":"https:\/\/www.aosr.ro\/en\/technical-sciences\/#breadcrumb"},"inLanguage":"en-US","potentialAction":[{"@type":"ReadAction","target":["https:\/\/www.aosr.ro\/en\/technical-sciences\/"]}]},{"@type":"BreadcrumbList","@id":"https:\/\/www.aosr.ro\/en\/technical-sciences\/#breadcrumb","itemListElement":[{"@type":"ListItem","position":1,"name":"Home","item":"https:\/\/www.aosr.ro\/en\/"},{"@type":"ListItem","position":2,"name":"Technical Sciences"}]},{"@type":"WebSite","@id":"\/#website","url":"\/","name":"The Academy of Romanian Scientists","description":"The Academy of Romanian Scientists | Official website of AOSR","potentialAction":[{"@type":"SearchAction","target":{"@type":"EntryPoint","urlTemplate":"\/?s={search_term_string}"},"query-input":{"@type":"PropertyValueSpecification","valueRequired":true,"valueName":"search_term_string"}}],"inLanguage":"en-US"}]}},"_links":{"self":[{"href":"https:\/\/www.aosr.ro\/en\/wp-json\/wp\/v2\/pages\/16249","targetHints":{"allow":["GET"]}}],"collection":[{"href":"https:\/\/www.aosr.ro\/en\/wp-json\/wp\/v2\/pages"}],"about":[{"href":"https:\/\/www.aosr.ro\/en\/wp-json\/wp\/v2\/types\/page"}],"author":[{"embeddable":true,"href":"https:\/\/www.aosr.ro\/en\/wp-json\/wp\/v2\/users\/3"}],"replies":[{"embeddable":true,"href":"https:\/\/www.aosr.ro\/en\/wp-json\/wp\/v2\/comments?post=16249"}],"version-history":[{"count":0,"href":"https:\/\/www.aosr.ro\/en\/wp-json\/wp\/v2\/pages\/16249\/revisions"}],"wp:attachment":[{"href":"https:\/\/www.aosr.ro\/en\/wp-json\/wp\/v2\/media?parent=16249"}],"curies":[{"name":"wp","href":"https:\/\/api.w.org\/{rel}","templated":true}]}}