{"id":15905,"date":"2022-01-16T20:42:23","date_gmt":"2022-01-16T18:42:23","guid":{"rendered":"https:\/\/www.aosr.ro\/association-of-romanian-scientists-1956-1996\/"},"modified":"2022-01-16T20:42:23","modified_gmt":"2022-01-16T18:42:23","slug":"association-of-romanian-scientists-1956-1996","status":"publish","type":"page","link":"https:\/\/www.aosr.ro\/en\/association-of-romanian-scientists-1956-1996\/","title":{"rendered":"Association of Romanian Scientists (1956 &#8211; 1996)"},"content":{"rendered":"<p><strong>Establishment of the ASSOCIATION OF ROMANIAN SCIENTISTS (AORS) 1956<\/strong><\/p>\n<p>Starting from the reality created by the integration of the Academy of Sciences of Romania into the Academy of the People&#8217;s Republic of Romania and considering that in scientifically and industrially developed countries the existence of several academies or scientific societies is regarded as natural and normal, on March 23, 1956, the President of the Romanian Academy at that time, Traian S\u0103vulescu, organized the constitutive meeting of the Association of Romanian Scientists (AORS), as a reparatory measure for the dissolution of ASR in 1948.<br \/>\nThe Association of Romanian Scientists was established, as a legal entity, by the Decision of the Council of Ministers no. 1012 \/ May 30, 1956 with a view to supporting the scientific coordination at national level and aiming to represent research at international level. AORS was composed of collective members &#8211; scientific organizations &#8211; and individual members, prestigious scientists, who abode by the association&#8217;s statute.<\/p>\n<p><strong>Management of AORS<\/strong><br \/>\nThe supreme governing body of AORS was the general assembly of the delegates with voting rights and the governing body in the interval between general assemblies was a steering committee. <em>Subsequent to the constituting meeting, the steering committee of AORS was elected and had the following structure: President: academician Traian S\u0103vulescu, who was also President of the Romanian Academy, academicians \u015etefan B\u0103lan and Mihail Ralea, Vice Presidents, and Gheorghe Macovei, Grigore Moisil , Gheorghe Murgeanu and Constantin Budeanu, members.<\/em><\/p>\n<p>In 1968, Athanasie Joja, a member of the Academy, was elected President (1968-1973), and from 1973 to December 1994 Nicolaie Teodorescu was President of the AORS.<br \/>\nDuring the general assembly of December 9, 1994, Nicolaie Teodorescu became honorary President and General Professor Doctor Vasile C\u00e2ndea, member of the Academy of Medical Sciences, was elected President of AORS. Subsequently AORS continued its activity in tune with the new values adopted by the Romanian society after 1989.<\/p>\n<p><strong> <\/strong><\/p>\n<p><strong>Activity of AORS<\/strong><br \/>\nThe main goal of the Association of Romanian Scientists (since 1956) was to represent scientists, all Romanian scientific researchers in international non-governmental organizations (UNESCO, Pugwash Movement, World Federation of Scientists, etc).<br \/>\nThe Association of Romanian Scientists organized conferences, debates, exhibitions, study tours in the country and abroad and attended individually or collectively through its members domestic and international scientific events. Due to the way AORS fulfilled this objective (participation in scientific life and events, the relationships with the contemporary scientific society developed within these international organizations), Romania was highly appreciated for its outstanding delegations and their contributions.<br \/>\nAfter 1989, the Association of Romanian Scientists re-organized its activity thoroughly, and after the general assembly of October 1990, the management of AORS started a painstaking and consistent reconstruction work, reshaping its scientific objectives of general interest that stood before it.<\/p>\n","protected":false},"excerpt":{"rendered":"<p>Establishment of the ASSOCIATION OF ROMANIAN SCIENTISTS (AORS) 1956 Starting from the reality created by the integration of the Academy of Sciences of Romania into the Academy of the People&#8217;s Republic of Romania and considering that in scientifically and industrially developed countries the existence of several academies or scientific societies is regarded as natural and [&hellip;]<\/p>\n","protected":false},"author":3,"featured_media":0,"parent":0,"menu_order":0,"comment_status":"closed","ping_status":"open","template":"","meta":{"inline_featured_image":false,"footnotes":""},"class_list":["post-15905","page","type-page","status-publish"],"yoast_head":"<!-- This site is optimized with the Yoast SEO plugin v27.0 - https:\/\/yoast.com\/product\/yoast-seo-wordpress\/ -->\n<title>Association of Romanian Scientists (1956 - 1996) - The Academy of Romanian Scientists<\/title>\n<meta name=\"robots\" content=\"index, follow, max-snippet:-1, max-image-preview:large, max-video-preview:-1\" \/>\n<link rel=\"canonical\" href=\"https:\/\/www.aosr.ro\/en\/association-of-romanian-scientists-1956-1996\/\" \/>\n<meta property=\"og:locale\" content=\"en_US\" \/>\n<meta property=\"og:type\" content=\"article\" \/>\n<meta property=\"og:title\" content=\"Association of Romanian Scientists (1956 - 1996) - The Academy of Romanian Scientists\" \/>\n<meta property=\"og:description\" content=\"Establishment of the ASSOCIATION OF ROMANIAN SCIENTISTS (AORS) 1956 Starting from the reality created by the integration of the Academy of Sciences of Romania into the Academy of the People&#8217;s Republic of Romania and considering that in scientifically and industrially developed countries the existence of several academies or scientific societies is regarded as natural and [&hellip;]\" \/>\n<meta property=\"og:url\" content=\"https:\/\/www.aosr.ro\/en\/association-of-romanian-scientists-1956-1996\/\" \/>\n<meta property=\"og:site_name\" content=\"The Academy of Romanian Scientists\" \/>\n<meta name=\"twitter:card\" content=\"summary_large_image\" \/>\n<meta name=\"twitter:label1\" content=\"Est. reading time\" \/>\n\t<meta name=\"twitter:data1\" content=\"2 minutes\" \/>\n<script type=\"application\/ld+json\" class=\"yoast-schema-graph\">{\"@context\":\"https:\/\/schema.org\",\"@graph\":[{\"@type\":\"WebPage\",\"@id\":\"https:\/\/www.aosr.ro\/en\/association-of-romanian-scientists-1956-1996\/\",\"url\":\"https:\/\/www.aosr.ro\/en\/association-of-romanian-scientists-1956-1996\/\",\"name\":\"Association of Romanian Scientists (1956 - 1996) - The Academy of Romanian Scientists\",\"isPartOf\":{\"@id\":\"\/#website\"},\"datePublished\":\"2022-01-16T18:42:23+00:00\",\"breadcrumb\":{\"@id\":\"https:\/\/www.aosr.ro\/en\/association-of-romanian-scientists-1956-1996\/#breadcrumb\"},\"inLanguage\":\"en-US\",\"potentialAction\":[{\"@type\":\"ReadAction\",\"target\":[\"https:\/\/www.aosr.ro\/en\/association-of-romanian-scientists-1956-1996\/\"]}]},{\"@type\":\"BreadcrumbList\",\"@id\":\"https:\/\/www.aosr.ro\/en\/association-of-romanian-scientists-1956-1996\/#breadcrumb\",\"itemListElement\":[{\"@type\":\"ListItem\",\"position\":1,\"name\":\"Home\",\"item\":\"https:\/\/www.aosr.ro\/en\/\"},{\"@type\":\"ListItem\",\"position\":2,\"name\":\"Association of Romanian Scientists (1956 &#8211; 1996)\"}]},{\"@type\":\"WebSite\",\"@id\":\"\/#website\",\"url\":\"\/\",\"name\":\"The Academy of Romanian Scientists\",\"description\":\"The Academy of Romanian Scientists | Official website of AOSR\",\"potentialAction\":[{\"@type\":\"SearchAction\",\"target\":{\"@type\":\"EntryPoint\",\"urlTemplate\":\"\/?s={search_term_string}\"},\"query-input\":{\"@type\":\"PropertyValueSpecification\",\"valueRequired\":true,\"valueName\":\"search_term_string\"}}],\"inLanguage\":\"en-US\"}]}<\/script>\n<!-- \/ Yoast SEO plugin. -->","yoast_head_json":{"title":"Association of Romanian Scientists (1956 - 1996) - The Academy of Romanian Scientists","robots":{"index":"index","follow":"follow","max-snippet":"max-snippet:-1","max-image-preview":"max-image-preview:large","max-video-preview":"max-video-preview:-1"},"canonical":"https:\/\/www.aosr.ro\/en\/association-of-romanian-scientists-1956-1996\/","og_locale":"en_US","og_type":"article","og_title":"Association of Romanian Scientists (1956 - 1996) - The Academy of Romanian Scientists","og_description":"Establishment of the ASSOCIATION OF ROMANIAN SCIENTISTS (AORS) 1956 Starting from the reality created by the integration of the Academy of Sciences of Romania into the Academy of the People&#8217;s Republic of Romania and considering that in scientifically and industrially developed countries the existence of several academies or scientific societies is regarded as natural and [&hellip;]","og_url":"https:\/\/www.aosr.ro\/en\/association-of-romanian-scientists-1956-1996\/","og_site_name":"The Academy of Romanian Scientists","twitter_card":"summary_large_image","twitter_misc":{"Est. reading time":"2 minutes"},"schema":{"@context":"https:\/\/schema.org","@graph":[{"@type":"WebPage","@id":"https:\/\/www.aosr.ro\/en\/association-of-romanian-scientists-1956-1996\/","url":"https:\/\/www.aosr.ro\/en\/association-of-romanian-scientists-1956-1996\/","name":"Association of Romanian Scientists (1956 - 1996) - The Academy of Romanian Scientists","isPartOf":{"@id":"\/#website"},"datePublished":"2022-01-16T18:42:23+00:00","breadcrumb":{"@id":"https:\/\/www.aosr.ro\/en\/association-of-romanian-scientists-1956-1996\/#breadcrumb"},"inLanguage":"en-US","potentialAction":[{"@type":"ReadAction","target":["https:\/\/www.aosr.ro\/en\/association-of-romanian-scientists-1956-1996\/"]}]},{"@type":"BreadcrumbList","@id":"https:\/\/www.aosr.ro\/en\/association-of-romanian-scientists-1956-1996\/#breadcrumb","itemListElement":[{"@type":"ListItem","position":1,"name":"Home","item":"https:\/\/www.aosr.ro\/en\/"},{"@type":"ListItem","position":2,"name":"Association of Romanian Scientists (1956 &#8211; 1996)"}]},{"@type":"WebSite","@id":"\/#website","url":"\/","name":"The Academy of Romanian Scientists","description":"The Academy of Romanian Scientists | Official website of AOSR","potentialAction":[{"@type":"SearchAction","target":{"@type":"EntryPoint","urlTemplate":"\/?s={search_term_string}"},"query-input":{"@type":"PropertyValueSpecification","valueRequired":true,"valueName":"search_term_string"}}],"inLanguage":"en-US"}]}},"_links":{"self":[{"href":"https:\/\/www.aosr.ro\/en\/wp-json\/wp\/v2\/pages\/15905","targetHints":{"allow":["GET"]}}],"collection":[{"href":"https:\/\/www.aosr.ro\/en\/wp-json\/wp\/v2\/pages"}],"about":[{"href":"https:\/\/www.aosr.ro\/en\/wp-json\/wp\/v2\/types\/page"}],"author":[{"embeddable":true,"href":"https:\/\/www.aosr.ro\/en\/wp-json\/wp\/v2\/users\/3"}],"replies":[{"embeddable":true,"href":"https:\/\/www.aosr.ro\/en\/wp-json\/wp\/v2\/comments?post=15905"}],"version-history":[{"count":0,"href":"https:\/\/www.aosr.ro\/en\/wp-json\/wp\/v2\/pages\/15905\/revisions"}],"wp:attachment":[{"href":"https:\/\/www.aosr.ro\/en\/wp-json\/wp\/v2\/media?parent=15905"}],"curies":[{"name":"wp","href":"https:\/\/api.w.org\/{rel}","templated":true}]}}