{"id":15842,"date":"2022-01-12T21:29:01","date_gmt":"2022-01-12T19:29:01","guid":{"rendered":"https:\/\/www.aosr.ro\/piatra-neamt-spring-scientific-session-march-25-2015\/"},"modified":"2022-01-12T21:29:01","modified_gmt":"2022-01-12T19:29:01","slug":"piatra-neamt-spring-scientific-session-march-25-2015","status":"publish","type":"page","link":"https:\/\/www.aosr.ro\/en\/piatra-neamt-spring-scientific-session-march-25-2015\/","title":{"rendered":"Piatra Neam\u021b Spring Scientific Session March 25, 2015"},"content":{"rendered":"<div class=\"entry-content\">\n<p><strong>TIME SCHEDULE<\/strong><\/p>\n<p>9 <sup>30<\/sup> \u00f7 10 <sup>00<\/sup> &#8211; <strong>Receiving guests.<\/strong><\/p>\n<p>10 <sup>00<\/sup> \u00f7 10 <sup>15<\/sup> &#8211; <strong>Opening of the Scientific Session.<\/strong><\/p>\n<p>10 <sup>15<\/sup> \u00f7 12 <sup>00<\/sup> &#8211; <strong>Presentation of papers<\/strong><\/p>\n<p><strong><br \/>\n1._150 years from the elaboration and presentation of the laws of heredity.<\/strong><\/p>\n<p>Author: prof. Univ. Dr. Gogu Ghiorghi\u021b\u0103<\/p>\n<p><strong>2._Transmission of characters obtained from local populations to inbred lines and hybrids of corn.<\/strong><\/p>\n<p>Authors: drd. eng. Carmen Daniela Van\u0103, dr. eng. Ana Cop\u00e2ndean, dr. eng. Voichi\u0163a Ha\u015f, drd. eng. Roxana \u015eut Gherman, drd. Eng. Andrei Varga, Prof. Dr. Ioan Has.<\/p>\n<p><strong>3._Study of a set of spring barley genotypes in the &#8220;honeycomb&#8221; system.<\/strong><\/p>\n<p>Authors: drd. Eng. Florin Russu, Prof. Dr. Ioan Has, Dr. Eng. Vasile Moldovan, Dr. Rozalia Kadar.<\/p>\n<p><strong>4._Results of the research carried out at SCDP Ia\u015fi regarding the creation of varieties with ripening periods at the extremities of the cherry ripening season.<\/strong><\/p>\n<p>Authors: Elena Iurea, Sorina S\u00eerbu, Gelu Corneanu.<\/p>\n<p><strong>5._Evaluation of cherry and sour cherry varieties useful in genetic improvement.<\/strong><\/p>\n<p>Authors: Sorina S\u00eerbu, Elena Iurea, Margareta Corneanu.<\/p>\n<p><strong>6._Vegetable extracts with potential for use in organic farming<\/strong><\/p>\n<p>Authors: Dr. Eng. Carmen Tebrencu, Dr. Eng. Elena Ionescu, Dr. Ruxandra Cretu.<\/p>\n<p>12 <sup>00<\/sup> \u00f7 12 <sup>30<\/sup> &#8211; <strong>Pause<\/strong> &#8211; <strong>View posters<\/strong><\/p>\n<p>12 <sup>30<\/sup> \u00f7 14 <sup>00<\/sup> &#8211; <strong>Presentation of papers<\/strong><\/p>\n<p><strong>7._Economic efficiency of the application of chemical fertilizers to the cultivation of corn for grain.<\/strong><\/p>\n<p>Author: Dr. Eng. Cornelia Lupu.<\/p>\n<p><strong>8._The influence of the sowing density on some production elements, for different soybean varieties created at SCDA Turda and foreign varieties.<\/strong><\/p>\n<p>Authors: Dr. Eng. Raluca Rezi, Prof. Dr. Ioan Ha\u015f, Dr. Eng. Eugen Mure\u015fanu.<\/p>\n<p><strong>9._The influence of the nutrition space on the production of monoecious hemp for fiber.<\/strong><\/p>\n<p>Author: drd. Eng. Alexandra Leonte.<\/p>\n<p><strong>10._General aspects regarding the influence of some meteorological factors on the development of the Colorado potato beetle, in the Suceava conditions.<\/strong><\/p>\n<p>Authors: C\u0103t\u0103lin Ioan Enea, Dumitru Bodea.<\/p>\n<p><strong>11._<\/strong> <strong>Efficacy of plant metabolites, extracted from plants, on the larvae of the early ages in the Colorado potato beetle.<\/strong><\/p>\n<p>Authors: C\u0103t\u0103lin Ioan Enea, Dumitru Bodea.<\/p>\n<p><strong>12._Guarantee scheme for the integration on the labor market of young people from the institutionalized system.<\/strong><\/p>\n<p>Author: Dr. Suzana Geangal\u0103u.<\/p>\n<p>14 <sup>00<\/sup> \u00f7 14 <sup>15<\/sup> <strong>&#8211; Book launch:<\/strong> <\/p>\n<p><strong>&#8220;Mr. President&#8221; &#8211;<\/strong> <strong>Author: Dr. Virgil R\u0103ze\u0219u<\/strong><\/p>\n<p><img loading=\"lazy\" decoding=\"async\" src=\"http:\/\/aosr-neamt.ro\/wp-content\/uploads\/2015\/02\/carte-domnule-presedinte.jpg\" alt=\"\" width=\"168\" height=\"222\"><\/p>\n<p><strong>and <\/strong><\/p>\n<p>&#8220;Testimonies&#8221; &#8211; Author: Dr. Virgil R\u0103ze\u0219u<\/p>\n<p><img loading=\"lazy\" decoding=\"async\" src=\"http:\/\/aosr-neamt.ro\/wp-content\/uploads\/2015\/02\/carte-marturii.jpg\" alt=\"\" width=\"156\" height=\"215\"><\/p>\n<p>14 <sup>15<\/sup> \u00f7 15 <sup>00<\/sup> <strong>&#8211;<\/strong> <strong>Discussions, conclusions.<\/strong><\/p>\n<p>15 <sup>00<\/sup> &#8211; <strong>Lunch<\/strong><\/p>\n<\/div>\n","protected":false},"excerpt":{"rendered":"<p>TIME SCHEDULE 9 30 \u00f7 10 00 &#8211; Receiving guests. 10 00 \u00f7 10 15 &#8211; Opening of the Scientific Session. 10 15 \u00f7 12 00 &#8211; Presentation of papers 1._150 years from the elaboration and presentation of the laws of heredity. Author: prof. Univ. Dr. Gogu Ghiorghi\u021b\u0103 2._Transmission of characters obtained from local populations [&hellip;]<\/p>\n","protected":false},"author":1,"featured_media":0,"parent":0,"menu_order":0,"comment_status":"closed","ping_status":"open","template":"","meta":{"inline_featured_image":false,"footnotes":""},"class_list":["post-15842","page","type-page","status-publish"],"yoast_head":"<!-- This site is optimized with the Yoast SEO plugin v27.0 - https:\/\/yoast.com\/product\/yoast-seo-wordpress\/ -->\n<title>Piatra Neam\u021b Spring Scientific Session March 25, 2015 - The Academy of Romanian Scientists<\/title>\n<meta name=\"robots\" content=\"index, follow, max-snippet:-1, max-image-preview:large, max-video-preview:-1\" \/>\n<link rel=\"canonical\" href=\"https:\/\/www.aosr.ro\/en\/piatra-neamt-spring-scientific-session-march-25-2015\/\" \/>\n<meta property=\"og:locale\" content=\"en_US\" \/>\n<meta property=\"og:type\" content=\"article\" \/>\n<meta property=\"og:title\" content=\"Piatra Neam\u021b Spring Scientific Session March 25, 2015 - The Academy of Romanian Scientists\" \/>\n<meta property=\"og:description\" content=\"TIME SCHEDULE 9 30 \u00f7 10 00 &#8211; Receiving guests. 10 00 \u00f7 10 15 &#8211; Opening of the Scientific Session. 10 15 \u00f7 12 00 &#8211; Presentation of papers 1._150 years from the elaboration and presentation of the laws of heredity. Author: prof. Univ. Dr. Gogu Ghiorghi\u021b\u0103 2._Transmission of characters obtained from local populations [&hellip;]\" \/>\n<meta property=\"og:url\" content=\"https:\/\/www.aosr.ro\/en\/piatra-neamt-spring-scientific-session-march-25-2015\/\" \/>\n<meta property=\"og:site_name\" content=\"The Academy of Romanian Scientists\" \/>\n<meta property=\"og:image\" content=\"http:\/\/aosr-neamt.ro\/wp-content\/uploads\/2015\/02\/carte-domnule-presedinte.jpg\" \/>\n<meta name=\"twitter:card\" content=\"summary_large_image\" \/>\n<meta name=\"twitter:label1\" content=\"Est. reading time\" \/>\n\t<meta name=\"twitter:data1\" content=\"2 minutes\" \/>\n<script type=\"application\/ld+json\" class=\"yoast-schema-graph\">{\"@context\":\"https:\/\/schema.org\",\"@graph\":[{\"@type\":\"WebPage\",\"@id\":\"https:\/\/www.aosr.ro\/en\/piatra-neamt-spring-scientific-session-march-25-2015\/\",\"url\":\"https:\/\/www.aosr.ro\/en\/piatra-neamt-spring-scientific-session-march-25-2015\/\",\"name\":\"Piatra Neam\u021b Spring Scientific Session March 25, 2015 - The Academy of Romanian Scientists\",\"isPartOf\":{\"@id\":\"\/#website\"},\"primaryImageOfPage\":{\"@id\":\"https:\/\/www.aosr.ro\/en\/piatra-neamt-spring-scientific-session-march-25-2015\/#primaryimage\"},\"image\":{\"@id\":\"https:\/\/www.aosr.ro\/en\/piatra-neamt-spring-scientific-session-march-25-2015\/#primaryimage\"},\"thumbnailUrl\":\"http:\/\/aosr-neamt.ro\/wp-content\/uploads\/2015\/02\/carte-domnule-presedinte.jpg\",\"datePublished\":\"2022-01-12T19:29:01+00:00\",\"breadcrumb\":{\"@id\":\"https:\/\/www.aosr.ro\/en\/piatra-neamt-spring-scientific-session-march-25-2015\/#breadcrumb\"},\"inLanguage\":\"en-US\",\"potentialAction\":[{\"@type\":\"ReadAction\",\"target\":[\"https:\/\/www.aosr.ro\/en\/piatra-neamt-spring-scientific-session-march-25-2015\/\"]}]},{\"@type\":\"ImageObject\",\"inLanguage\":\"en-US\",\"@id\":\"https:\/\/www.aosr.ro\/en\/piatra-neamt-spring-scientific-session-march-25-2015\/#primaryimage\",\"url\":\"http:\/\/aosr-neamt.ro\/wp-content\/uploads\/2015\/02\/carte-domnule-presedinte.jpg\",\"contentUrl\":\"http:\/\/aosr-neamt.ro\/wp-content\/uploads\/2015\/02\/carte-domnule-presedinte.jpg\"},{\"@type\":\"BreadcrumbList\",\"@id\":\"https:\/\/www.aosr.ro\/en\/piatra-neamt-spring-scientific-session-march-25-2015\/#breadcrumb\",\"itemListElement\":[{\"@type\":\"ListItem\",\"position\":1,\"name\":\"Home\",\"item\":\"https:\/\/www.aosr.ro\/en\/\"},{\"@type\":\"ListItem\",\"position\":2,\"name\":\"Piatra Neam\u021b Spring Scientific Session March 25, 2015\"}]},{\"@type\":\"WebSite\",\"@id\":\"\/#website\",\"url\":\"\/\",\"name\":\"The Academy of Romanian Scientists\",\"description\":\"The Academy of Romanian Scientists | Official website of AOSR\",\"potentialAction\":[{\"@type\":\"SearchAction\",\"target\":{\"@type\":\"EntryPoint\",\"urlTemplate\":\"\/?s={search_term_string}\"},\"query-input\":{\"@type\":\"PropertyValueSpecification\",\"valueRequired\":true,\"valueName\":\"search_term_string\"}}],\"inLanguage\":\"en-US\"}]}<\/script>\n<!-- \/ Yoast SEO plugin. -->","yoast_head_json":{"title":"Piatra Neam\u021b Spring Scientific Session March 25, 2015 - The Academy of Romanian Scientists","robots":{"index":"index","follow":"follow","max-snippet":"max-snippet:-1","max-image-preview":"max-image-preview:large","max-video-preview":"max-video-preview:-1"},"canonical":"https:\/\/www.aosr.ro\/en\/piatra-neamt-spring-scientific-session-march-25-2015\/","og_locale":"en_US","og_type":"article","og_title":"Piatra Neam\u021b Spring Scientific Session March 25, 2015 - The Academy of Romanian Scientists","og_description":"TIME SCHEDULE 9 30 \u00f7 10 00 &#8211; Receiving guests. 10 00 \u00f7 10 15 &#8211; Opening of the Scientific Session. 10 15 \u00f7 12 00 &#8211; Presentation of papers 1._150 years from the elaboration and presentation of the laws of heredity. Author: prof. Univ. Dr. Gogu Ghiorghi\u021b\u0103 2._Transmission of characters obtained from local populations [&hellip;]","og_url":"https:\/\/www.aosr.ro\/en\/piatra-neamt-spring-scientific-session-march-25-2015\/","og_site_name":"The Academy of Romanian Scientists","og_image":[{"url":"http:\/\/aosr-neamt.ro\/wp-content\/uploads\/2015\/02\/carte-domnule-presedinte.jpg","type":"","width":"","height":""}],"twitter_card":"summary_large_image","twitter_misc":{"Est. reading time":"2 minutes"},"schema":{"@context":"https:\/\/schema.org","@graph":[{"@type":"WebPage","@id":"https:\/\/www.aosr.ro\/en\/piatra-neamt-spring-scientific-session-march-25-2015\/","url":"https:\/\/www.aosr.ro\/en\/piatra-neamt-spring-scientific-session-march-25-2015\/","name":"Piatra Neam\u021b Spring Scientific Session March 25, 2015 - The Academy of Romanian Scientists","isPartOf":{"@id":"\/#website"},"primaryImageOfPage":{"@id":"https:\/\/www.aosr.ro\/en\/piatra-neamt-spring-scientific-session-march-25-2015\/#primaryimage"},"image":{"@id":"https:\/\/www.aosr.ro\/en\/piatra-neamt-spring-scientific-session-march-25-2015\/#primaryimage"},"thumbnailUrl":"http:\/\/aosr-neamt.ro\/wp-content\/uploads\/2015\/02\/carte-domnule-presedinte.jpg","datePublished":"2022-01-12T19:29:01+00:00","breadcrumb":{"@id":"https:\/\/www.aosr.ro\/en\/piatra-neamt-spring-scientific-session-march-25-2015\/#breadcrumb"},"inLanguage":"en-US","potentialAction":[{"@type":"ReadAction","target":["https:\/\/www.aosr.ro\/en\/piatra-neamt-spring-scientific-session-march-25-2015\/"]}]},{"@type":"ImageObject","inLanguage":"en-US","@id":"https:\/\/www.aosr.ro\/en\/piatra-neamt-spring-scientific-session-march-25-2015\/#primaryimage","url":"http:\/\/aosr-neamt.ro\/wp-content\/uploads\/2015\/02\/carte-domnule-presedinte.jpg","contentUrl":"http:\/\/aosr-neamt.ro\/wp-content\/uploads\/2015\/02\/carte-domnule-presedinte.jpg"},{"@type":"BreadcrumbList","@id":"https:\/\/www.aosr.ro\/en\/piatra-neamt-spring-scientific-session-march-25-2015\/#breadcrumb","itemListElement":[{"@type":"ListItem","position":1,"name":"Home","item":"https:\/\/www.aosr.ro\/en\/"},{"@type":"ListItem","position":2,"name":"Piatra Neam\u021b Spring Scientific Session March 25, 2015"}]},{"@type":"WebSite","@id":"\/#website","url":"\/","name":"The Academy of Romanian Scientists","description":"The Academy of Romanian Scientists | Official website of AOSR","potentialAction":[{"@type":"SearchAction","target":{"@type":"EntryPoint","urlTemplate":"\/?s={search_term_string}"},"query-input":{"@type":"PropertyValueSpecification","valueRequired":true,"valueName":"search_term_string"}}],"inLanguage":"en-US"}]}},"_links":{"self":[{"href":"https:\/\/www.aosr.ro\/en\/wp-json\/wp\/v2\/pages\/15842","targetHints":{"allow":["GET"]}}],"collection":[{"href":"https:\/\/www.aosr.ro\/en\/wp-json\/wp\/v2\/pages"}],"about":[{"href":"https:\/\/www.aosr.ro\/en\/wp-json\/wp\/v2\/types\/page"}],"author":[{"embeddable":true,"href":"https:\/\/www.aosr.ro\/en\/wp-json\/wp\/v2\/users\/1"}],"replies":[{"embeddable":true,"href":"https:\/\/www.aosr.ro\/en\/wp-json\/wp\/v2\/comments?post=15842"}],"version-history":[{"count":0,"href":"https:\/\/www.aosr.ro\/en\/wp-json\/wp\/v2\/pages\/15842\/revisions"}],"wp:attachment":[{"href":"https:\/\/www.aosr.ro\/en\/wp-json\/wp\/v2\/media?parent=15842"}],"curies":[{"name":"wp","href":"https:\/\/api.w.org\/{rel}","templated":true}]}}