{"id":15822,"date":"2022-01-12T21:28:57","date_gmt":"2022-01-12T19:28:57","guid":{"rendered":"https:\/\/www.aosr.ro\/member-proposals-for-validation-in-the-general-assembly-march-26-2015\/"},"modified":"2022-01-12T21:28:57","modified_gmt":"2022-01-12T19:28:57","slug":"member-proposals-for-validation-in-the-general-assembly-march-26-2015","status":"publish","type":"page","link":"https:\/\/www.aosr.ro\/en\/member-proposals-for-validation-in-the-general-assembly-march-26-2015\/","title":{"rendered":"Member proposals for validation in the General Assembly March 26, 2015"},"content":{"rendered":"<div class=\"entry-content\">\n<p><strong>Proposals for Full Members<\/strong><\/p>\n<ul>\n<li><a href=\"http:\/\/www.aos.ro\/_new\/2015\/CandidatMTMariaGavrilescu.pdf\"><strong>GAVRILESCU Maria <\/strong><\/a><\/li>\n<li><a href=\"http:\/\/www.aos.ro\/_new\/2015\/CandidatMTRadulianMircea.pdf\"><strong>RADULIAN Mircea<\/strong><\/a><strong><br \/>\n<\/strong><\/li>\n<li><a href=\"http:\/\/www.aos.ro\/_new\/2015\/CandidatMTDobrescuEmilian.pdf\"><strong>DOBRESCU Emilian<\/strong><\/a><\/li>\n<li><a href=\"http:\/\/www.aos.ro\/_new\/2015\/CandidatMTDuraNicolae.pdf\"><strong>DUR<\/strong> <strong>Nicolae<\/strong> <strong>_<\/strong><\/a><\/li>\n<li><a href=\"http:\/\/www.aos.ro\/_new\/2015\/CandidatMTLunguCorneliu.pdf\"><strong>LUNGU Corneliu Mihai<\/strong><\/a><\/li>\n<li><a href=\"http:\/\/www.aos.ro\/_new\/2015\/CandidatMTNeculaiAndrei.pdf\"><strong>NECULAI Andrei<\/strong><\/a><\/li>\n<\/ul>\n<p><strong>Proposals for Corresponding Members<br \/>\n<\/strong><\/p>\n<ul>\n<li><a href=\"http:\/\/www.aos.ro\/_new\/2015\/CandidatMCMorticiCristinel.pdf\"><strong>MORTICI Cristinel<\/strong><\/a><\/li>\n<li><a href=\"http:\/\/www.aos.ro\/_new\/2015\/CandidatMCAntoheStefan.pdf\"><strong>ANTOHE Stefan<\/strong><\/a><\/li>\n<li><a href=\"http:\/\/www.aos.ro\/_new\/2015\/CandidatMCCopreanDragomir.pdf\"><strong>COPREAN Dragomir<\/strong><\/a><\/li>\n<li><a href=\"http:\/\/www.aos.ro\/_new\/2015\/CandidatMCHadarAnton.pdf\"><strong>HADAR Anton<\/strong><\/a><\/li>\n<li><a href=\"http:\/\/www.aos.ro\/_new\/2015\/CandidatMCDumbravaVasile.pdf\"><strong>DUMBRAV\u0102 Vasile<\/strong><\/a><\/li>\n<li><strong><a href=\"http:\/\/www.aos.ro\/_new\/2015\/CandidatMCBadescuMihai.pdf\">B\u0102DESCU Mihai<\/a><\/strong><\/li>\n<li><a href=\"http:\/\/www.aos.ro\/_new\/2015\/CandidatMCCandeaIonel.pdf\"><strong>WHEN Ionel<\/strong><\/a><\/li>\n<\/ul>\n<p><strong>Nominations for Honorary Members Abroad<\/strong><\/p>\n<ul>\n<li><a href=\"http:\/\/www.aos.ro\/_new\/2015\/CandidatMOSRocoMihail.pdf\"><strong>ROCO Mihail<\/strong><\/a><\/li>\n<li><a href=\"http:\/\/www.aos.ro\/_new\/2015\/CandidatMOSEnescuBogdan.pdf\"><strong>ENESCU Bogdan<\/strong><\/a><\/li>\n<li><a href=\"http:\/\/www.aos.ro\/_new\/2015\/CandidatMOSPepoPeter.pdf\"><strong>PEP\u00d3 P\u00e9ter<\/strong><\/a><\/li>\n<li><a href=\"http:\/\/www.aos.ro\/_new\/2015\/CandidatMOSBoussardJeanMarc.pdf\"><strong>BOUSSARD Jean-Marc<\/strong><\/a><\/li>\n<li><a href=\"http:\/\/www.aos.ro\/_new\/2015\/CandidatMOSHuguierMichel.pdf\"><strong>HUGUIER Michel<\/strong><\/a><\/li>\n<li><a href=\"http:\/\/www.aos.ro\/_new\/2015\/CandidatMOSKandzijaVinko.pdf\"><strong>KAND\u017dIJA Vinko<\/strong><\/a><\/li>\n<li><a href=\"http:\/\/www.aos.ro\/_new\/2015\/CandidatMOSMoraruVictor.pdf\"><strong>MORARU Victor<\/strong><\/a><\/li>\n<li><a href=\"http:\/\/www.aos.ro\/_new\/2015\/CandidatMOSAnceauEric.pdf\"><strong>ANCEAU Enric<\/strong><\/a><\/li>\n<li><a href=\"http:\/\/www.aos.ro\/_new\/2015\/CandidatMOSMiljkovichEma.pdf\"><strong>MILJKOVICH Ema<\/strong><\/a><\/li>\n<\/ul>\n<p><strong>Proposals for Honorary Members<br \/>\n<\/strong><\/p>\n<ul>\n<li><a href=\"http:\/\/www.aos.ro\/_new\/2015\/CandidatMOFBleahuMarcian.pdf\"><strong>BLEAHU Marcian<\/strong><\/a><\/li>\n<li><a href=\"http:\/\/www.aos.ro\/_new\/2015\/CandidatMOFNegutSilviu.pdf\"><strong>NEGUT Silviu<\/strong><\/a><\/li>\n<li><a href=\"http:\/\/www.aos.ro\/_new\/2015\/CandidatMOFTamasSergiu.pdf\"><strong>TAMA\u0218 Sergiu<\/strong><\/a><\/li>\n<li><a href=\"http:\/\/www.aos.ro\/_new\/2015\/CandidatMOFPetrisorMarin.pdf\"><strong>PETRI\u0218OR Marin<\/strong><\/a><\/li>\n<li><a href=\"http:\/\/www.aos.ro\/_new\/2015\/CandidatMOFTasinGemil.pdf\"><strong>TASIN Gemil<\/strong><\/a><\/li>\n<\/ul>\n<\/div>\n","protected":false},"excerpt":{"rendered":"<p>Proposals for Full Members GAVRILESCU Maria RADULIAN Mircea DOBRESCU Emilian DUR Nicolae _ LUNGU Corneliu Mihai NECULAI Andrei Proposals for Corresponding Members MORTICI Cristinel ANTOHE Stefan COPREAN Dragomir HADAR Anton DUMBRAV\u0102 Vasile B\u0102DESCU Mihai WHEN Ionel Nominations for Honorary Members Abroad ROCO Mihail ENESCU Bogdan PEP\u00d3 P\u00e9ter BOUSSARD Jean-Marc HUGUIER Michel KAND\u017dIJA Vinko MORARU Victor [&hellip;]<\/p>\n","protected":false},"author":1,"featured_media":0,"parent":0,"menu_order":0,"comment_status":"closed","ping_status":"open","template":"","meta":{"inline_featured_image":false,"footnotes":""},"class_list":["post-15822","page","type-page","status-publish"],"yoast_head":"<!-- This site is optimized with the Yoast SEO plugin v27.0 - https:\/\/yoast.com\/product\/yoast-seo-wordpress\/ -->\n<title>Member proposals for validation in the General Assembly March 26, 2015 - The Academy of Romanian Scientists<\/title>\n<meta name=\"robots\" content=\"index, follow, max-snippet:-1, max-image-preview:large, max-video-preview:-1\" \/>\n<link rel=\"canonical\" href=\"https:\/\/www.aosr.ro\/en\/member-proposals-for-validation-in-the-general-assembly-march-26-2015\/\" \/>\n<meta property=\"og:locale\" content=\"en_US\" \/>\n<meta property=\"og:type\" content=\"article\" \/>\n<meta property=\"og:title\" content=\"Member proposals for validation in the General Assembly March 26, 2015 - The Academy of Romanian Scientists\" \/>\n<meta property=\"og:description\" content=\"Proposals for Full Members GAVRILESCU Maria RADULIAN Mircea DOBRESCU Emilian DUR Nicolae _ LUNGU Corneliu Mihai NECULAI Andrei Proposals for Corresponding Members MORTICI Cristinel ANTOHE Stefan COPREAN Dragomir HADAR Anton DUMBRAV\u0102 Vasile B\u0102DESCU Mihai WHEN Ionel Nominations for Honorary Members Abroad ROCO Mihail ENESCU Bogdan PEP\u00d3 P\u00e9ter BOUSSARD Jean-Marc HUGUIER Michel KAND\u017dIJA Vinko MORARU Victor [&hellip;]\" \/>\n<meta property=\"og:url\" content=\"https:\/\/www.aosr.ro\/en\/member-proposals-for-validation-in-the-general-assembly-march-26-2015\/\" \/>\n<meta property=\"og:site_name\" content=\"The Academy of Romanian Scientists\" \/>\n<meta name=\"twitter:card\" content=\"summary_large_image\" \/>\n<script type=\"application\/ld+json\" class=\"yoast-schema-graph\">{\"@context\":\"https:\/\/schema.org\",\"@graph\":[{\"@type\":\"WebPage\",\"@id\":\"https:\/\/www.aosr.ro\/en\/member-proposals-for-validation-in-the-general-assembly-march-26-2015\/\",\"url\":\"https:\/\/www.aosr.ro\/en\/member-proposals-for-validation-in-the-general-assembly-march-26-2015\/\",\"name\":\"Member proposals for validation in the General Assembly March 26, 2015 - The Academy of Romanian Scientists\",\"isPartOf\":{\"@id\":\"\/#website\"},\"datePublished\":\"2022-01-12T19:28:57+00:00\",\"breadcrumb\":{\"@id\":\"https:\/\/www.aosr.ro\/en\/member-proposals-for-validation-in-the-general-assembly-march-26-2015\/#breadcrumb\"},\"inLanguage\":\"en-US\",\"potentialAction\":[{\"@type\":\"ReadAction\",\"target\":[\"https:\/\/www.aosr.ro\/en\/member-proposals-for-validation-in-the-general-assembly-march-26-2015\/\"]}]},{\"@type\":\"BreadcrumbList\",\"@id\":\"https:\/\/www.aosr.ro\/en\/member-proposals-for-validation-in-the-general-assembly-march-26-2015\/#breadcrumb\",\"itemListElement\":[{\"@type\":\"ListItem\",\"position\":1,\"name\":\"Home\",\"item\":\"https:\/\/www.aosr.ro\/en\/\"},{\"@type\":\"ListItem\",\"position\":2,\"name\":\"Member proposals for validation in the General Assembly March 26, 2015\"}]},{\"@type\":\"WebSite\",\"@id\":\"\/#website\",\"url\":\"\/\",\"name\":\"The Academy of Romanian Scientists\",\"description\":\"The Academy of Romanian Scientists | Official website of AOSR\",\"potentialAction\":[{\"@type\":\"SearchAction\",\"target\":{\"@type\":\"EntryPoint\",\"urlTemplate\":\"\/?s={search_term_string}\"},\"query-input\":{\"@type\":\"PropertyValueSpecification\",\"valueRequired\":true,\"valueName\":\"search_term_string\"}}],\"inLanguage\":\"en-US\"}]}<\/script>\n<!-- \/ Yoast SEO plugin. -->","yoast_head_json":{"title":"Member proposals for validation in the General Assembly March 26, 2015 - The Academy of Romanian Scientists","robots":{"index":"index","follow":"follow","max-snippet":"max-snippet:-1","max-image-preview":"max-image-preview:large","max-video-preview":"max-video-preview:-1"},"canonical":"https:\/\/www.aosr.ro\/en\/member-proposals-for-validation-in-the-general-assembly-march-26-2015\/","og_locale":"en_US","og_type":"article","og_title":"Member proposals for validation in the General Assembly March 26, 2015 - The Academy of Romanian Scientists","og_description":"Proposals for Full Members GAVRILESCU Maria RADULIAN Mircea DOBRESCU Emilian DUR Nicolae _ LUNGU Corneliu Mihai NECULAI Andrei Proposals for Corresponding Members MORTICI Cristinel ANTOHE Stefan COPREAN Dragomir HADAR Anton DUMBRAV\u0102 Vasile B\u0102DESCU Mihai WHEN Ionel Nominations for Honorary Members Abroad ROCO Mihail ENESCU Bogdan PEP\u00d3 P\u00e9ter BOUSSARD Jean-Marc HUGUIER Michel KAND\u017dIJA Vinko MORARU Victor [&hellip;]","og_url":"https:\/\/www.aosr.ro\/en\/member-proposals-for-validation-in-the-general-assembly-march-26-2015\/","og_site_name":"The Academy of Romanian Scientists","twitter_card":"summary_large_image","schema":{"@context":"https:\/\/schema.org","@graph":[{"@type":"WebPage","@id":"https:\/\/www.aosr.ro\/en\/member-proposals-for-validation-in-the-general-assembly-march-26-2015\/","url":"https:\/\/www.aosr.ro\/en\/member-proposals-for-validation-in-the-general-assembly-march-26-2015\/","name":"Member proposals for validation in the General Assembly March 26, 2015 - The Academy of Romanian Scientists","isPartOf":{"@id":"\/#website"},"datePublished":"2022-01-12T19:28:57+00:00","breadcrumb":{"@id":"https:\/\/www.aosr.ro\/en\/member-proposals-for-validation-in-the-general-assembly-march-26-2015\/#breadcrumb"},"inLanguage":"en-US","potentialAction":[{"@type":"ReadAction","target":["https:\/\/www.aosr.ro\/en\/member-proposals-for-validation-in-the-general-assembly-march-26-2015\/"]}]},{"@type":"BreadcrumbList","@id":"https:\/\/www.aosr.ro\/en\/member-proposals-for-validation-in-the-general-assembly-march-26-2015\/#breadcrumb","itemListElement":[{"@type":"ListItem","position":1,"name":"Home","item":"https:\/\/www.aosr.ro\/en\/"},{"@type":"ListItem","position":2,"name":"Member proposals for validation in the General Assembly March 26, 2015"}]},{"@type":"WebSite","@id":"\/#website","url":"\/","name":"The Academy of Romanian Scientists","description":"The Academy of Romanian Scientists | Official website of AOSR","potentialAction":[{"@type":"SearchAction","target":{"@type":"EntryPoint","urlTemplate":"\/?s={search_term_string}"},"query-input":{"@type":"PropertyValueSpecification","valueRequired":true,"valueName":"search_term_string"}}],"inLanguage":"en-US"}]}},"_links":{"self":[{"href":"https:\/\/www.aosr.ro\/en\/wp-json\/wp\/v2\/pages\/15822","targetHints":{"allow":["GET"]}}],"collection":[{"href":"https:\/\/www.aosr.ro\/en\/wp-json\/wp\/v2\/pages"}],"about":[{"href":"https:\/\/www.aosr.ro\/en\/wp-json\/wp\/v2\/types\/page"}],"author":[{"embeddable":true,"href":"https:\/\/www.aosr.ro\/en\/wp-json\/wp\/v2\/users\/1"}],"replies":[{"embeddable":true,"href":"https:\/\/www.aosr.ro\/en\/wp-json\/wp\/v2\/comments?post=15822"}],"version-history":[{"count":0,"href":"https:\/\/www.aosr.ro\/en\/wp-json\/wp\/v2\/pages\/15822\/revisions"}],"wp:attachment":[{"href":"https:\/\/www.aosr.ro\/en\/wp-json\/wp\/v2\/media?parent=15822"}],"curies":[{"name":"wp","href":"https:\/\/api.w.org\/{rel}","templated":true}]}}