{"id":15820,"date":"2022-01-12T21:28:57","date_gmt":"2022-01-12T19:28:57","guid":{"rendered":"https:\/\/www.aosr.ro\/20th-session-of-the-center-for-the-development-of-creativity-of-the-romanian-academy-of-scientists\/"},"modified":"2022-01-12T21:28:57","modified_gmt":"2022-01-12T19:28:57","slug":"20th-session-of-the-center-for-the-development-of-creativity-of-the-romanian-academy-of-scientists","status":"publish","type":"page","link":"https:\/\/www.aosr.ro\/en\/20th-session-of-the-center-for-the-development-of-creativity-of-the-romanian-academy-of-scientists\/","title":{"rendered":"20th Session of the Center for the Development of Creativity of the Academy of Romanian Scientists"},"content":{"rendered":"<p style=\"text-align: center;\"><a href=\"http:\/\/www.pub.ro\/\">www.pub.ro<\/a> <a href=\"http:\/\/www.energ.pub.ro\/\">www.energ.pub.ro<\/a><\/p>\n<p><strong><em>Saturday, May 9, 2015, in the EC 104 hall &#8211; \u201cConstantin Dinculescu<\/em><\/strong> <strong><em>\u201d Amphitheater,<\/em><\/strong> <em>at the POLITEHNICA University of Bucharest [via Iuliu Maniu Blvd., UPB Station (61, 62, 136, 236, 336) &#8211; POLITEHNICA Metro Station] between classes <strong>08.00 &#8211; 14.00<\/strong> , will take place<\/em> <\/p>\n<p><strong>20th Session of the Center for the Development of Creativity of the Academy of Romanian Scientists<\/strong><\/p>\n<p><strong>TIME SCHEDULE:<\/strong><\/p>\n<ul>\n<li><strong><em>08:00<\/em><\/strong> <em>&#8211; reception of guests<\/em><\/li>\n<li><strong><em>08:05<\/em><\/strong> <em>&#8211; presentation of the guests<\/em><\/li>\n<li><strong><em>08:10<\/em><\/strong> <em>&#8211; presentation of the activity of the UPB-Energetic\u0103 Student Scientific Circles<\/em>\n<ul>\n<li><strong><em>08:30<\/em><\/strong> <em>&#8211; Professional Contest &#8220;Creative Thinking &#8211; A Reckless Residency of School, Science and Country&#8221;<\/em> <\/li>\n<\/ul>\n<\/li>\n<\/ul>\n<ul>\n<li>\n<ul>\n<li>\n<ul>\n<li><em>02-1 Energy, <strong>Alexandru Ionu\u0163 Chiu\u0163\u0103<\/strong><\/em><\/li>\n<li><em>02-2 Engineering creativity, <strong>Ion N. Chiu\u0163\u0103<\/strong><\/em><\/li>\n<li><em>02-3 Electrical equipment, <strong>Ion N. Chiu\u0163\u0103<\/strong><\/em><\/li>\n<\/ul>\n<\/li>\n<\/ul>\n<\/li>\n<\/ul>\n<p><em>Dr. <strong>Alexandru Ionu\u0163 Chiu\u0163\u0103<\/strong> , PhD and <strong>Marian Dumitrescu<\/strong> , PhD<\/em><\/p>\n<ul>\n<li><strong><em>09:30<\/em><\/strong> <em>&#8211; &#8220;My past is a treasure!&#8221;<\/em><\/li>\n<li><strong><em>11:00<\/em><\/strong> <em>&#8211; Scientific debate &#8220;ENERGY-ENVIRONMENT&#8221;.<\/em> Presented by Dr. <strong>Alexandru Ionu\u0163 Chiu\u0163\u0103<\/strong> and <strong>Dr. Daniel Bo\u0163oag\u0103<\/strong><\/li>\n<li><strong><em>12:00 &#8211; presentation<\/em><\/strong> <em>of the Center for Science, Foresight, Creativity<\/em> <em>and<\/em> <em>Fiction:<\/em> <strong>STRING CENTER<\/strong> Presented by Eng. <strong>Mihai R\u0103u\u0163\u0103<\/strong><\/li>\n<li><strong><em>14:00 &#8211; Closing of the session<\/em><\/strong><\/li>\n<\/ul>\n<ul>\n<li>\n<ul>\n<li>\n<ul>\n<li><em>Professor Constantin N\u0103stase at the age of 100<\/em> . Presented by Prof. Dr. Eng. <strong>Ion N. Chiu\u0163\u0103<\/strong><\/li>\n<li><em>Commemoration Prof. Dr. Ionel PURICA<\/em> &#8211; 90 years old. Presented by Dr. Eng. <strong>Ionut Purica<\/strong><\/li>\n<\/ul>\n<\/li>\n<\/ul>\n<\/li>\n<\/ul>\n","protected":false},"excerpt":{"rendered":"<p>www.pub.ro www.energ.pub.ro Saturday, May 9, 2015, in the EC 104 hall &#8211; \u201cConstantin Dinculescu \u201d Amphitheater, at the POLITEHNICA University of Bucharest [via Iuliu Maniu Blvd., UPB Station (61, 62, 136, 236, 336) &#8211; POLITEHNICA Metro Station] between classes 08.00 &#8211; 14.00 , will take place 20th Session of the Center for the Development of [&hellip;]<\/p>\n","protected":false},"author":1,"featured_media":0,"parent":0,"menu_order":0,"comment_status":"closed","ping_status":"open","template":"","meta":{"inline_featured_image":false,"footnotes":""},"class_list":["post-15820","page","type-page","status-publish"],"yoast_head":"<!-- This site is optimized with the Yoast SEO plugin v27.0 - https:\/\/yoast.com\/product\/yoast-seo-wordpress\/ -->\n<title>20th Session of the Center for the Development of Creativity of the Academy of Romanian Scientists - The Academy of Romanian Scientists<\/title>\n<meta name=\"robots\" content=\"index, follow, max-snippet:-1, max-image-preview:large, max-video-preview:-1\" \/>\n<link rel=\"canonical\" href=\"https:\/\/www.aosr.ro\/en\/20th-session-of-the-center-for-the-development-of-creativity-of-the-romanian-academy-of-scientists\/\" \/>\n<meta property=\"og:locale\" content=\"en_US\" \/>\n<meta property=\"og:type\" content=\"article\" \/>\n<meta property=\"og:title\" content=\"20th Session of the Center for the Development of Creativity of the Academy of Romanian Scientists - The Academy of Romanian Scientists\" \/>\n<meta property=\"og:description\" content=\"www.pub.ro www.energ.pub.ro Saturday, May 9, 2015, in the EC 104 hall &#8211; \u201cConstantin Dinculescu \u201d Amphitheater, at the POLITEHNICA University of Bucharest [via Iuliu Maniu Blvd., UPB Station (61, 62, 136, 236, 336) &#8211; POLITEHNICA Metro Station] between classes 08.00 &#8211; 14.00 , will take place 20th Session of the Center for the Development of [&hellip;]\" \/>\n<meta property=\"og:url\" content=\"https:\/\/www.aosr.ro\/en\/20th-session-of-the-center-for-the-development-of-creativity-of-the-romanian-academy-of-scientists\/\" \/>\n<meta property=\"og:site_name\" content=\"The Academy of Romanian Scientists\" \/>\n<meta name=\"twitter:card\" content=\"summary_large_image\" \/>\n<meta name=\"twitter:label1\" content=\"Est. reading time\" \/>\n\t<meta name=\"twitter:data1\" content=\"1 minute\" \/>\n<script type=\"application\/ld+json\" class=\"yoast-schema-graph\">{\"@context\":\"https:\/\/schema.org\",\"@graph\":[{\"@type\":\"WebPage\",\"@id\":\"https:\/\/www.aosr.ro\/en\/20th-session-of-the-center-for-the-development-of-creativity-of-the-romanian-academy-of-scientists\/\",\"url\":\"https:\/\/www.aosr.ro\/en\/20th-session-of-the-center-for-the-development-of-creativity-of-the-romanian-academy-of-scientists\/\",\"name\":\"20th Session of the Center for the Development of Creativity of the Academy of Romanian Scientists - The Academy of Romanian Scientists\",\"isPartOf\":{\"@id\":\"\/#website\"},\"datePublished\":\"2022-01-12T19:28:57+00:00\",\"breadcrumb\":{\"@id\":\"https:\/\/www.aosr.ro\/en\/20th-session-of-the-center-for-the-development-of-creativity-of-the-romanian-academy-of-scientists\/#breadcrumb\"},\"inLanguage\":\"en-US\",\"potentialAction\":[{\"@type\":\"ReadAction\",\"target\":[\"https:\/\/www.aosr.ro\/en\/20th-session-of-the-center-for-the-development-of-creativity-of-the-romanian-academy-of-scientists\/\"]}]},{\"@type\":\"BreadcrumbList\",\"@id\":\"https:\/\/www.aosr.ro\/en\/20th-session-of-the-center-for-the-development-of-creativity-of-the-romanian-academy-of-scientists\/#breadcrumb\",\"itemListElement\":[{\"@type\":\"ListItem\",\"position\":1,\"name\":\"Home\",\"item\":\"https:\/\/www.aosr.ro\/en\/\"},{\"@type\":\"ListItem\",\"position\":2,\"name\":\"20th Session of the Center for the Development of Creativity of the Academy of Romanian Scientists\"}]},{\"@type\":\"WebSite\",\"@id\":\"\/#website\",\"url\":\"\/\",\"name\":\"The Academy of Romanian Scientists\",\"description\":\"The Academy of Romanian Scientists | Official website of AOSR\",\"potentialAction\":[{\"@type\":\"SearchAction\",\"target\":{\"@type\":\"EntryPoint\",\"urlTemplate\":\"\/?s={search_term_string}\"},\"query-input\":{\"@type\":\"PropertyValueSpecification\",\"valueRequired\":true,\"valueName\":\"search_term_string\"}}],\"inLanguage\":\"en-US\"}]}<\/script>\n<!-- \/ Yoast SEO plugin. -->","yoast_head_json":{"title":"20th Session of the Center for the Development of Creativity of the Academy of Romanian Scientists - The Academy of Romanian Scientists","robots":{"index":"index","follow":"follow","max-snippet":"max-snippet:-1","max-image-preview":"max-image-preview:large","max-video-preview":"max-video-preview:-1"},"canonical":"https:\/\/www.aosr.ro\/en\/20th-session-of-the-center-for-the-development-of-creativity-of-the-romanian-academy-of-scientists\/","og_locale":"en_US","og_type":"article","og_title":"20th Session of the Center for the Development of Creativity of the Academy of Romanian Scientists - The Academy of Romanian Scientists","og_description":"www.pub.ro www.energ.pub.ro Saturday, May 9, 2015, in the EC 104 hall &#8211; \u201cConstantin Dinculescu \u201d Amphitheater, at the POLITEHNICA University of Bucharest [via Iuliu Maniu Blvd., UPB Station (61, 62, 136, 236, 336) &#8211; POLITEHNICA Metro Station] between classes 08.00 &#8211; 14.00 , will take place 20th Session of the Center for the Development of [&hellip;]","og_url":"https:\/\/www.aosr.ro\/en\/20th-session-of-the-center-for-the-development-of-creativity-of-the-romanian-academy-of-scientists\/","og_site_name":"The Academy of Romanian Scientists","twitter_card":"summary_large_image","twitter_misc":{"Est. reading time":"1 minute"},"schema":{"@context":"https:\/\/schema.org","@graph":[{"@type":"WebPage","@id":"https:\/\/www.aosr.ro\/en\/20th-session-of-the-center-for-the-development-of-creativity-of-the-romanian-academy-of-scientists\/","url":"https:\/\/www.aosr.ro\/en\/20th-session-of-the-center-for-the-development-of-creativity-of-the-romanian-academy-of-scientists\/","name":"20th Session of the Center for the Development of Creativity of the Academy of Romanian Scientists - The Academy of Romanian Scientists","isPartOf":{"@id":"\/#website"},"datePublished":"2022-01-12T19:28:57+00:00","breadcrumb":{"@id":"https:\/\/www.aosr.ro\/en\/20th-session-of-the-center-for-the-development-of-creativity-of-the-romanian-academy-of-scientists\/#breadcrumb"},"inLanguage":"en-US","potentialAction":[{"@type":"ReadAction","target":["https:\/\/www.aosr.ro\/en\/20th-session-of-the-center-for-the-development-of-creativity-of-the-romanian-academy-of-scientists\/"]}]},{"@type":"BreadcrumbList","@id":"https:\/\/www.aosr.ro\/en\/20th-session-of-the-center-for-the-development-of-creativity-of-the-romanian-academy-of-scientists\/#breadcrumb","itemListElement":[{"@type":"ListItem","position":1,"name":"Home","item":"https:\/\/www.aosr.ro\/en\/"},{"@type":"ListItem","position":2,"name":"20th Session of the Center for the Development of Creativity of the Academy of Romanian Scientists"}]},{"@type":"WebSite","@id":"\/#website","url":"\/","name":"The Academy of Romanian Scientists","description":"The Academy of Romanian Scientists | Official website of AOSR","potentialAction":[{"@type":"SearchAction","target":{"@type":"EntryPoint","urlTemplate":"\/?s={search_term_string}"},"query-input":{"@type":"PropertyValueSpecification","valueRequired":true,"valueName":"search_term_string"}}],"inLanguage":"en-US"}]}},"_links":{"self":[{"href":"https:\/\/www.aosr.ro\/en\/wp-json\/wp\/v2\/pages\/15820","targetHints":{"allow":["GET"]}}],"collection":[{"href":"https:\/\/www.aosr.ro\/en\/wp-json\/wp\/v2\/pages"}],"about":[{"href":"https:\/\/www.aosr.ro\/en\/wp-json\/wp\/v2\/types\/page"}],"author":[{"embeddable":true,"href":"https:\/\/www.aosr.ro\/en\/wp-json\/wp\/v2\/users\/1"}],"replies":[{"embeddable":true,"href":"https:\/\/www.aosr.ro\/en\/wp-json\/wp\/v2\/comments?post=15820"}],"version-history":[{"count":0,"href":"https:\/\/www.aosr.ro\/en\/wp-json\/wp\/v2\/pages\/15820\/revisions"}],"wp:attachment":[{"href":"https:\/\/www.aosr.ro\/en\/wp-json\/wp\/v2\/media?parent=15820"}],"curies":[{"name":"wp","href":"https:\/\/api.w.org\/{rel}","templated":true}]}}