{"id":15813,"date":"2022-01-12T21:28:56","date_gmt":"2022-01-12T19:28:56","guid":{"rendered":"https:\/\/www.aosr.ro\/romanian-academy-of-scientists-1996-present\/"},"modified":"2023-05-02T13:29:33","modified_gmt":"2023-05-02T10:29:33","slug":"romanian-academy-of-scientists-1996-present","status":"publish","type":"page","link":"https:\/\/www.aosr.ro\/en\/romanian-academy-of-scientists-1996-present\/","title":{"rendered":"Academy of Romanian Scientists (1996 &#8211; present)"},"content":{"rendered":"<p><strong>Academy of Romanian Scientists (1996 &#8211; present)<\/strong><\/p>\n<p><strong>ACADEMY OF SCIENTISTS OF ROMANIA (AOSR) &#8211; 1996<\/strong><\/p>\n<p>At the first AOS congress, organized on the occasion of the 40th anniversary of the Romanian Association of Scientists, with the theme &#8220;Science at the end of the millennium&#8221;, Mr.  <strong>Grl. Prof. Vasile C\u00e2ndea<\/strong>  proposed the return of the institution to the title of 1935-1948, namely that of &#8220;ACADEMIE&#8221;, with the preservation of certain elements of the name of the association and thus the title became &#8220;Academy of Romanian Scientists&#8221;, hereinafter abbreviated AOSR.<\/p>\n<p>The adoption of the name &#8220;Academy of Romanian Scientists (AOSR)&#8221; was approved by the AOSR General Assembly on 22-24 May 1996, which took place during the First AOSR Congress at the Palace of Parliament, in the presence of many members of the Romanian Academy (Eugen Simion, Vice-President of the Romanian Academy, Marius Sabin Peculea, Secretary General of the Romanian Academy, N.N. Constantinescu, former Secretary General of the Romanian Academy between 1990-1994, Alexandru Balaci, Mihnea Gheorghiu, President of the Arts, Architecture and Audiovisual Section of the Romanian Academy, Nicolae Cajal, President of the Medical Sciences Section of the Romanian Academy, Cristofor Simionescu, Vasile St\u0103nescu, Toma Dordea, Constantin B\u0103l\u0103ceanu-Stolnici, Gabriel \u021aepelea, R\u0103zvan Teodorescu, Dorel Zugr\u0103vescu), some prominent members of the AOSR (Dan Amedeo L\u0103z\u0103rescu, Corneliu Coposu) and 40 scientists from abroad. Academician Eugen Simion, Vice-President of the Romanian Academy at that time, participated as a member of the Presidium of the General Assembly. There were no objections from the participants when the name change was debated and the decision was adopted unanimously.<\/p>\n<p><em>The Academy of Romanian Scientists is the successor and sole legatee of the Romanian Academy of Sciences (1936-1948) and of the Romanian Association of Scientists, established by HCM no.1012\/30 May 1956, which in 1996 changed its title from Romanian Association of Scientists to Academy of Romanian Scientists (Court decision of 3 October 1996, adopted by the Court of Sector 1 Bucharest, Case 231\/P.J.\/1996).<\/em><\/p>\n<p>The Academy of Romanian Scientists functioned as an NGO until the advent of Law no. 31\/2007, when it became an institution of public interest. Draft Law of the Academy of Romanian Scientists, initiated by Gen. (r) Prof. univ. dr. Vasile C\u00c2NDEA and Senator Ion BASGAN (for which the Bureau of the Presidium of the Romanian Academy and the President Ionel Haiduc gave their consent, with the mention that the newly created institution would be called &#8220;Academy of Romanian Scientists&#8221; and the title would be translated into English &#8220;Academy of Romanian Scientists&#8221;), was supported before the Romanian Parliament and approved almost unanimously by both the Chamber of Deputies and the Senate. The law was submitted to the President of Romania for promulgation and entered into force on 15 January 2007 (Law 31\/15 Jan. 2007, published in the Official Gazette no. 35 of 18 Jan. 2007).<\/p>\n<p>AOSR organised the 2nd AOSR Congress (27-29 Sept. 1998) in Bucharest &#8211; &#8220;Development on the Threshold of the Third Millennium&#8221;, the 3rd AOSR Congress (1-4 June 2004) in Constanta &#8211; &#8220;Water &#8211; a Miracle&#8221;, the 4th AOSR Congress (15-17 October 2009) in Timi\u0219oara &#8211; &#8220;Quality of Life&#8221; &#8211; and the 5th AOSR Congress (30-31 May 2013) in Bucharest &#8211; &#8220;Earth &#8211; Our Home&#8221;.<\/p>\n<p>Having been elected President of the Academy of Scientists, Mr. General Prof. Dr. Vasile C\u00e2ndea, together with the members of the Board of Directors, evaluated the members according to selective scientific, internal and international criteria. In this respect, in 2003, the number of full members was reduced from around 4500 to 312, and the list of members was communicated to the Ministry of Education and Research, although at the time the Academy had NGO status. Their number was subsequently reduced to around 100, based on internationally recognised scientific visibility criteria.<\/p>\n<p><strong>OBJECTIVES<br \/>\n<\/strong>The Academy of Romanian Scientists is a national forum of scientific consecration, which brings together representative personalities of science. The main aims of the AOSR are to promote, develop, support, protect science in all its forms, actions and methods, direct, indirect or adjacent. The main objectives of AOSR are:<\/p>\n<ul>\n<li>National promotion of interdisciplinary research in natural sciences, engineering and applied sciences, medical disciplines, etc. Organise two national interdisciplinary conferences annually.<\/li>\n<li>Initiating international contacts, by creating links with academic, research and higher education bodies abroad, with Romanian scientists abroad, as well as with foreign ones.<\/li>\n<li>Providing a suitable framework for scientists from different fields to meet, thus contributing, through information, to the creation of interdisciplinary teams to solve complex issues.<\/li>\n<li>Promoting young researchers by supporting their participation in scientific events in the country and abroad and by helping them to obtain scholarships, etc.<\/li>\n<li>Carrying out, on a contractual basis, through specialised structures, scientific research work, participation in governmental and non-governmental scientific research programmes, preparation of reviews, references and bibliographical syntheses.<\/li>\n<li>Annual awards to the best books published in various fields of science and culture.<strong style=\"color: initial;\"> <\/strong><\/li>\n<\/ul>\n<p><strong>AOSR STRUCTURE<br \/>\n<\/strong>AOSR has 13 scientific sections and 9 branches located in university cities or in other cities with significant scientific potential: Bucharest &#8211; headquarters, Brasov, Cluj-Napoca, Constanta, Iasi, Piatra-Neamt, Targoviste, Timisoara, Chisinau and one in New York (USA).<\/p>\n<p>The AOSR has a Publishing House and a Library, and under its aegis operate scientific research units, the Institute for Advanced Interdisciplinary Research &#8220;Constantin Angelescu&#8221; and the &#8220;Scientica&#8221; Foundation. The AOSR has 134 full members, 34 honorary members and 82 corresponding members, selected on the basis of internationally recognised criteria of scientific and cultural visibility. 15 AOSR members are simultaneously members of the Romanian Academy. It also includes 97 honorary members from abroad, outstanding personalities of international scientific life.<\/p>\n<p>Throughout its history, the ASR has had 8 laureates and the AOSR one Nobel Prize winner.<strong> <\/strong><\/p>\n<p><strong>CURRENT AOSR MANAGEMENT<\/strong><\/p>\n<p><em>President:<\/em> Prof. Dr. Ing. <strong>Adrian BADEA<\/strong><\/p>\n<p><em>Vice President: <\/em> Prof. Dr. Ing. <strong>Doina BANCIU<\/strong><\/p>\n<p><em>Vice President: <\/em> CS1 Dr<strong> Doru-Sabin DELION<\/strong><\/p>\n<p><em>Scientific Secretary:<\/em> Prof. univ. dr. eng. <strong>Petru ANDEA<\/strong><\/p>\n<p><strong>Honorary Council<\/strong><\/p>\n<p>Honorary President: &#8211;<\/p>\n<p>Dr. Eng. <strong>Ion BASGAN<\/strong><\/p>\n<p>Writer and sociologist <strong>Dinu S\u0102RARU<\/strong><\/p>\n<p>Acad.  <strong>Constantin B\u0102L\u0102CEANU-STOLNICI<\/strong><\/p>\n<p>H.E. Prof. Dr. <strong>TEODOSIE<\/strong>, Archbishop of Tomisului<\/p>\n<p>Prof. univ. dr. gen. (r) <strong>Constantin MINCU<\/strong><strong> <\/strong><\/p>\n<p><strong>SCIENTIFIC SPECIALIZED SCIENCE SECTIONS:<br \/>\n<\/strong>Section I &#8211; Mathematical Sciences<br \/>\nSection II &#8211; Physical Sciences<br \/>\nSection III &#8211; Chemical Sciences<br \/>\nSection IV &#8211; Biological Sciences<br \/>\nSection V &#8211; Geonomic Sciences<br \/>\nSection VI &#8211; Technical sciences<br \/>\nSection VII &#8211; Agricultural, forestry and veterinary sciences<br \/>\nSection VIII &#8211; Medical sciences<br \/>\nSection IX &#8211; Economic, legal and sociological sciences<br \/>\nSection X &#8211; Philosophy, theology, psychology<br \/>\nSection XI &#8211; Historical and archaeological sciences<br \/>\nSection XII &#8211; Information science and technology<br \/>\nSection XIII &#8211; Military Sciences<\/p>\n<p><strong>AOSR PUBLICATIONS<br \/>\n<\/strong>AOSR has a Publishing House that publishes about 50 titles annually. Under its aegis operate scientific journals, the most important of which are:<\/p>\n<p><em>Annals of the Academy of Romanian Scientists<\/em> (11 biannual series):<\/p>\n<table style=\"width: 100%;\">\n<tbody>\n<tr>\n<td style=\"width: 17.8728%;\" width=\"84\"><strong><em>01<\/em><\/strong><\/td>\n<td style=\"width: 81.3596%;\" width=\"383\"><em>Mathematics<\/em><\/td>\n<\/tr>\n<tr>\n<td style=\"width: 17.8728%;\" width=\"84\"><em><strong>02<\/strong><\/em><\/td>\n<td style=\"width: 81.3596%;\" width=\"383\"><em>Physics and Chemistry<\/em><\/td>\n<\/tr>\n<tr>\n<td style=\"width: 17.8728%;\" width=\"84\"><em><strong>03<\/strong><\/em><\/td>\n<td style=\"width: 81.3596%;\" width=\"383\"><em>Biology<\/em><\/td>\n<\/tr>\n<tr>\n<td style=\"width: 17.8728%;\" width=\"84\"><em><strong>04<\/strong><\/em><\/td>\n<td style=\"width: 81.3596%;\" width=\"383\"><em>Technical sciences<\/em><\/td>\n<\/tr>\n<tr>\n<td style=\"width: 17.8728%;\" width=\"84\"><em><strong>05<\/strong><\/em><\/td>\n<td style=\"width: 81.3596%;\" width=\"383\"><em>Agriculture, Forestry and Veterinary Medicine<\/em><\/td>\n<\/tr>\n<tr>\n<td style=\"width: 17.8728%;\" width=\"84\"><em><strong>06<\/strong><\/em><\/td>\n<td style=\"width: 81.3596%;\" width=\"383\"><em>Medicine<\/em><\/td>\n<\/tr>\n<tr>\n<td style=\"width: 17.8728%;\" width=\"84\"><em><strong>07<\/strong><\/em><\/td>\n<td style=\"width: 81.3596%;\" width=\"383\"><em>Economic, legal and sociological sciences<\/em><\/td>\n<\/tr>\n<tr>\n<td style=\"width: 17.8728%;\" width=\"84\"><em><strong>08<\/strong><\/em><\/td>\n<td style=\"width: 81.3596%;\" width=\"383\"><em>Philosophy, theology and psychology<\/em><\/td>\n<\/tr>\n<tr>\n<td style=\"width: 17.8728%;\" width=\"84\"><em><strong>09<\/strong><\/em><\/td>\n<td style=\"width: 81.3596%;\" width=\"383\"><em>History and archaeology<\/em><\/td>\n<\/tr>\n<tr>\n<td style=\"width: 17.8728%;\" width=\"84\"><em><strong>10<\/strong><\/em><\/td>\n<td style=\"width: 81.3596%;\" width=\"383\"><em>Information science and technology<\/em><\/td>\n<\/tr>\n<tr>\n<td style=\"width: 17.8728%;\" width=\"84\"><em><strong>11<\/strong><\/em><\/td>\n<td style=\"width: 81.3596%;\" width=\"383\"><em>Military science<\/em><\/td>\n<\/tr>\n<\/tbody>\n<\/table>\n<p><em>Digest Journal of Nanomaterials and Biostructures<\/em> (ISI impact factor=0.963)<br \/>\n<a href=\"http:\/\/chalcogen.ro\/index.php\/journals\/digest-journal-of-nanomaterials-and-biostructures\">http:\/\/chalcogen.ro\/index.php\/journals\/digest-journal-of-nanomaterials-and-biostructures<\/a><\/p>\n<p><em>International Journal of Medical Dentistry<\/em><br \/>\n<a href=\"http:\/\/ijmd.ro\/\">http:\/\/ijmd.ro\/<\/a><\/p>\n<p><em>International Journal of Communication Research<\/em><br \/>\n<a href=\"http:\/\/www.ijcr.eu\/\">http:\/\/www.ijcr.eu\/<\/a><\/p>\n<p><em>EVRIKA Physics Magazine<\/em><br \/>\n<a href=\"http:\/\/ro-ro.facebook.com\/revistaevrikabraila\/\">http:\/\/ro-ro.facebook.com\/revistaevrikabraila\/<\/a><\/p>\n","protected":false},"excerpt":{"rendered":"<p>Academy of Romanian Scientists (1996 &#8211; present) ACADEMY OF SCIENTISTS OF ROMANIA (AOSR) &#8211; 1996 At the first AOS congress, organized on the occasion of the 40th anniversary of the Romanian Association of Scientists, with the theme &#8220;Science at the end of the millennium&#8221;, Mr. Grl. Prof. Vasile C\u00e2ndea proposed the return of the institution [&hellip;]<\/p>\n","protected":false},"author":3,"featured_media":0,"parent":0,"menu_order":0,"comment_status":"closed","ping_status":"open","template":"","meta":{"inline_featured_image":false,"footnotes":""},"class_list":["post-15813","page","type-page","status-publish"],"yoast_head":"<!-- This site is optimized with the Yoast SEO plugin v27.0 - https:\/\/yoast.com\/product\/yoast-seo-wordpress\/ -->\n<title>Academy of Romanian Scientists (1996 - present) - The Academy of Romanian Scientists<\/title>\n<meta name=\"robots\" content=\"index, follow, max-snippet:-1, max-image-preview:large, max-video-preview:-1\" \/>\n<link rel=\"canonical\" href=\"https:\/\/www.aosr.ro\/en\/romanian-academy-of-scientists-1996-present\/\" \/>\n<meta property=\"og:locale\" content=\"en_US\" \/>\n<meta property=\"og:type\" content=\"article\" \/>\n<meta property=\"og:title\" content=\"Academy of Romanian Scientists (1996 - present) - The Academy of Romanian Scientists\" \/>\n<meta property=\"og:description\" content=\"Academy of Romanian Scientists (1996 &#8211; present) ACADEMY OF SCIENTISTS OF ROMANIA (AOSR) &#8211; 1996 At the first AOS congress, organized on the occasion of the 40th anniversary of the Romanian Association of Scientists, with the theme &#8220;Science at the end of the millennium&#8221;, Mr. Grl. Prof. Vasile C\u00e2ndea proposed the return of the institution [&hellip;]\" \/>\n<meta property=\"og:url\" content=\"https:\/\/www.aosr.ro\/en\/romanian-academy-of-scientists-1996-present\/\" \/>\n<meta property=\"og:site_name\" content=\"The Academy of Romanian Scientists\" \/>\n<meta property=\"article:modified_time\" content=\"2023-05-02T10:29:33+00:00\" \/>\n<meta name=\"twitter:card\" content=\"summary_large_image\" \/>\n<meta name=\"twitter:label1\" content=\"Est. reading time\" \/>\n\t<meta name=\"twitter:data1\" content=\"6 minutes\" \/>\n<script type=\"application\/ld+json\" class=\"yoast-schema-graph\">{\"@context\":\"https:\/\/schema.org\",\"@graph\":[{\"@type\":\"WebPage\",\"@id\":\"https:\/\/www.aosr.ro\/en\/romanian-academy-of-scientists-1996-present\/\",\"url\":\"https:\/\/www.aosr.ro\/en\/romanian-academy-of-scientists-1996-present\/\",\"name\":\"Academy of Romanian Scientists (1996 - present) - The Academy of Romanian Scientists\",\"isPartOf\":{\"@id\":\"\/#website\"},\"datePublished\":\"2022-01-12T19:28:56+00:00\",\"dateModified\":\"2023-05-02T10:29:33+00:00\",\"breadcrumb\":{\"@id\":\"https:\/\/www.aosr.ro\/en\/romanian-academy-of-scientists-1996-present\/#breadcrumb\"},\"inLanguage\":\"en-US\",\"potentialAction\":[{\"@type\":\"ReadAction\",\"target\":[\"https:\/\/www.aosr.ro\/en\/romanian-academy-of-scientists-1996-present\/\"]}]},{\"@type\":\"BreadcrumbList\",\"@id\":\"https:\/\/www.aosr.ro\/en\/romanian-academy-of-scientists-1996-present\/#breadcrumb\",\"itemListElement\":[{\"@type\":\"ListItem\",\"position\":1,\"name\":\"Home\",\"item\":\"https:\/\/www.aosr.ro\/en\/\"},{\"@type\":\"ListItem\",\"position\":2,\"name\":\"Academy of Romanian Scientists (1996 &#8211; present)\"}]},{\"@type\":\"WebSite\",\"@id\":\"\/#website\",\"url\":\"\/\",\"name\":\"The Academy of Romanian Scientists\",\"description\":\"The Academy of Romanian Scientists | Official website of AOSR\",\"potentialAction\":[{\"@type\":\"SearchAction\",\"target\":{\"@type\":\"EntryPoint\",\"urlTemplate\":\"\/?s={search_term_string}\"},\"query-input\":{\"@type\":\"PropertyValueSpecification\",\"valueRequired\":true,\"valueName\":\"search_term_string\"}}],\"inLanguage\":\"en-US\"}]}<\/script>\n<!-- \/ Yoast SEO plugin. -->","yoast_head_json":{"title":"Academy of Romanian Scientists (1996 - present) - The Academy of Romanian Scientists","robots":{"index":"index","follow":"follow","max-snippet":"max-snippet:-1","max-image-preview":"max-image-preview:large","max-video-preview":"max-video-preview:-1"},"canonical":"https:\/\/www.aosr.ro\/en\/romanian-academy-of-scientists-1996-present\/","og_locale":"en_US","og_type":"article","og_title":"Academy of Romanian Scientists (1996 - present) - The Academy of Romanian Scientists","og_description":"Academy of Romanian Scientists (1996 &#8211; present) ACADEMY OF SCIENTISTS OF ROMANIA (AOSR) &#8211; 1996 At the first AOS congress, organized on the occasion of the 40th anniversary of the Romanian Association of Scientists, with the theme &#8220;Science at the end of the millennium&#8221;, Mr. Grl. Prof. Vasile C\u00e2ndea proposed the return of the institution [&hellip;]","og_url":"https:\/\/www.aosr.ro\/en\/romanian-academy-of-scientists-1996-present\/","og_site_name":"The Academy of Romanian Scientists","article_modified_time":"2023-05-02T10:29:33+00:00","twitter_card":"summary_large_image","twitter_misc":{"Est. reading time":"6 minutes"},"schema":{"@context":"https:\/\/schema.org","@graph":[{"@type":"WebPage","@id":"https:\/\/www.aosr.ro\/en\/romanian-academy-of-scientists-1996-present\/","url":"https:\/\/www.aosr.ro\/en\/romanian-academy-of-scientists-1996-present\/","name":"Academy of Romanian Scientists (1996 - present) - The Academy of Romanian Scientists","isPartOf":{"@id":"\/#website"},"datePublished":"2022-01-12T19:28:56+00:00","dateModified":"2023-05-02T10:29:33+00:00","breadcrumb":{"@id":"https:\/\/www.aosr.ro\/en\/romanian-academy-of-scientists-1996-present\/#breadcrumb"},"inLanguage":"en-US","potentialAction":[{"@type":"ReadAction","target":["https:\/\/www.aosr.ro\/en\/romanian-academy-of-scientists-1996-present\/"]}]},{"@type":"BreadcrumbList","@id":"https:\/\/www.aosr.ro\/en\/romanian-academy-of-scientists-1996-present\/#breadcrumb","itemListElement":[{"@type":"ListItem","position":1,"name":"Home","item":"https:\/\/www.aosr.ro\/en\/"},{"@type":"ListItem","position":2,"name":"Academy of Romanian Scientists (1996 &#8211; present)"}]},{"@type":"WebSite","@id":"\/#website","url":"\/","name":"The Academy of Romanian Scientists","description":"The Academy of Romanian Scientists | Official website of AOSR","potentialAction":[{"@type":"SearchAction","target":{"@type":"EntryPoint","urlTemplate":"\/?s={search_term_string}"},"query-input":{"@type":"PropertyValueSpecification","valueRequired":true,"valueName":"search_term_string"}}],"inLanguage":"en-US"}]}},"_links":{"self":[{"href":"https:\/\/www.aosr.ro\/en\/wp-json\/wp\/v2\/pages\/15813","targetHints":{"allow":["GET"]}}],"collection":[{"href":"https:\/\/www.aosr.ro\/en\/wp-json\/wp\/v2\/pages"}],"about":[{"href":"https:\/\/www.aosr.ro\/en\/wp-json\/wp\/v2\/types\/page"}],"author":[{"embeddable":true,"href":"https:\/\/www.aosr.ro\/en\/wp-json\/wp\/v2\/users\/3"}],"replies":[{"embeddable":true,"href":"https:\/\/www.aosr.ro\/en\/wp-json\/wp\/v2\/comments?post=15813"}],"version-history":[{"count":1,"href":"https:\/\/www.aosr.ro\/en\/wp-json\/wp\/v2\/pages\/15813\/revisions"}],"predecessor-version":[{"id":27479,"href":"https:\/\/www.aosr.ro\/en\/wp-json\/wp\/v2\/pages\/15813\/revisions\/27479"}],"wp:attachment":[{"href":"https:\/\/www.aosr.ro\/en\/wp-json\/wp\/v2\/media?parent=15813"}],"curies":[{"name":"wp","href":"https:\/\/api.w.org\/{rel}","templated":true}]}}