{"id":15808,"date":"2022-01-12T21:28:55","date_gmt":"2022-01-12T19:28:55","guid":{"rendered":"https:\/\/www.aosr.ro\/symposium-dedicated-to-the-union-of-romanian-principalities\/"},"modified":"2022-01-12T21:28:55","modified_gmt":"2022-01-12T19:28:55","slug":"symposium-dedicated-to-the-union-of-romanian-principalities","status":"publish","type":"page","link":"https:\/\/www.aosr.ro\/en\/symposium-dedicated-to-the-union-of-romanian-principalities\/","title":{"rendered":"Symposium dedicated to the Union of Romanian Principalities"},"content":{"rendered":"<div class=\"entry-content\">\n<div id=\"yui_3_16_0_1_1422259372683_25410\">Dedicated <strong>symposium<\/strong><strong> <em>Union of the Romanian Principalities,<\/em> Sunday, January 25, 2015, 3 PM after St. Liturgy at the Church \u201cSt. Apostles Peter and Paul \u201d.<br \/>\n<\/strong><\/div>\n<div id=\"yui_3_16_0_1_1422259372683_25419\">(St. George&#8217;s Episcopal Church) in Astoria, 27th Ave. corner with 14th Street Subway Q or N at Astoria Boulevard Station, Bus Q 18<\/div>\n<div><\/div>\n<div id=\"yui_3_16_0_1_1422259372683_25425\">Time schedule<\/div>\n<div id=\"yui_3_16_0_1_1422259372683_25429\"><strong>Part<\/strong> <strong>Ia<\/strong><\/div>\n<div id=\"yui_3_16_0_1_1422259372683_25433\">Symposium Protocol:<\/div>\n<div id=\"yui_3_16_0_1_1422259372683_25437\">Pr. Prof. Dr. Theodor Damian<\/div>\n<div id=\"yui_3_16_0_1_1422259372683_25439\">Opening of the event<\/div>\n<div id=\"yui_3_16_0_1_1422259372683_30565\">Her Excellency Consul General Ioana Gabriela Costache<\/div>\n<div>Welcome word<\/div>\n<div><strong><em>Wake up novels<\/em><\/strong> <strong>by Andrei Muresanu<\/strong><\/div>\n<div>Pr. Dr. Theodor Damian<\/div>\n<div id=\"yui_3_16_0_1_1422259372683_25449\">Writer, President of the Romanian Institute of Orthodox Theology and Spirituality, New York, Professor of Philosophy and Ethics at Metropolitan College of New York<\/div>\n<div id=\"yui_3_16_0_1_1422259372683_25447\"><em>The role of the Romanian Orthodox Church in the act of union<\/em><\/div>\n<div id=\"yui_3_16_0_1_1422259372683_25441\">Dr. Doru Tsaganea,<\/div>\n<div>Professor of Mathematics at Metropolitan College of New York<\/div>\n<div id=\"yui_3_16_0_1_1422259372683_30577\"><em>Union of Principalities from the Perspective of European Unification<\/em><\/div>\n<div id=\"yui_3_16_0_1_1422259372683_30573\"><\/div>\n<div id=\"yui_3_16_0_1_1422259372683_30571\">MN Russian<\/div>\n<div id=\"yui_3_16_0_1_1422259372683_25555\">Literary critic and historian, Editor-in-Chief of <em>Lumin\u0103 Lin\u0103<\/em><\/div>\n<div id=\"yui_3_16_0_1_1422259372683_30568\"><em>Radu Theodoru and his poem<\/em> Hora Unirii<\/div>\n<div id=\"yui_3_16_0_1_1422259372683_25459\">Part II<\/div>\n<div id=\"yui_3_16_0_1_1422259372683_25455\">Piano and poetry music recital<\/div>\n<div id=\"yui_3_16_0_1_1422259372683_25466\">Natalie Pascu (9 years old) and Isabella Pascu (7 years old)<\/div>\n<div id=\"yui_3_16_0_1_1422259372683_25453\"><em>Union Hour, Danube Waves, Turkey on the Straw<\/em><\/div>\n<div id=\"yiv3110073847yui_3_16_0_1_1422260083428_35151\">Music recital<\/div>\n<div id=\"yiv3110073847yui_3_16_0_1_1422260083428_35149\">Berti Samovici, L\u0103cr\u0103mioara R\u0103ileanu, Romanian music performers, accompanied by Mario Dumitriu<\/div>\n<div id=\"yiv3110073847yui_3_16_0_1_1422260083428_34879\">Poetry recital by Mariana Terra, Valentina Ciaprazi, MN Rusu, Maria Ralee, Elena Mitru, Paul Murariu<\/div>\n<div id=\"yiv3110073847yui_3_16_0_1_1422260083428_34886\"><em>Decebal to the people<\/em> by George Co\u015fbuc<\/div>\n<div id=\"yiv3110073847yui_3_16_0_1_1422260083428_34888\"><em>The Union of the Principalities<\/em> by Grigore Alexandrescu<\/div>\n<div id=\"yiv3110073847yui_3_16_0_1_1422260083428_34890\"><em>UNIRE by Andrei B\u00e2rseanu is written on our flag<\/em><\/div>\n<div id=\"yiv3110073847yui_3_16_0_1_1422260083428_34892\"><em>Cuza Voda<\/em> by Vasile Alecsandri<\/div>\n<div id=\"yiv3110073847yui_3_16_0_1_1422260083428_34947\"><em>I announced a new world<\/em> by Octavian Goga<\/div>\n<div id=\"yiv3110073847yui_3_16_0_1_1422260083428_34932\"><em>A land called Romania<\/em> by Nichita St\u0103nescu<\/div>\n<div id=\"yiv3110073847yui_3_16_0_1_1422260083428_34945\"><em>In your language, Letter from Bessarabia<\/em> by Grigore Vieru<\/div>\n<div id=\"yiv3110073847yui_3_16_0_1_1422260083428_34943\"><em>The Romanian language<\/em> by Dumitru Matcovschi<\/div>\n<div id=\"yiv3110073847yui_3_16_0_1_1422260083428_34941\"><em>I miss the brothers<\/em> Liviu Sergiu Manolache<\/div>\n<div id=\"yiv3110073847yui_3_16_0_1_1422260083428_34939\"><em>My Country Beyond the Prut<\/em> by Diana Enachii<\/div>\n<div id=\"yiv3110073847yui_3_16_0_1_1422260083428_34933\"><em>Unforgettable flowers by<\/em> Gheorghe Ion P\u0103un<\/div>\n<div id=\"yiv3110073847yui_3_16_0_1_1422260083428_34935\">Poets from the Cenacle \u201cM. Eminescu \u201d, New York presents a recital of his own creation<\/div>\n<div id=\"yiv3110073847yui_3_16_0_1_1422260083428_34937\">Spiritus Art Gallery<\/div>\n<div id=\"yiv3110073847yui_3_16_0_1_1422260083428_35196\">Director Viorica Colpacci<\/div>\n<div id=\"yiv3110073847yui_3_16_0_1_1422260083428_35175\">Works by visual artists from our community and from the country<\/div>\n<div id=\"yiv3110073847yui_3_16_0_1_1422260083428_35181\">Mariana Orza and Alex Orza<\/div>\n<div id=\"yiv3110073847yui_3_16_0_1_1422260083428_35184\">Dance program in national costumes, performed by young people from our community<\/div>\n<div id=\"yiv3110073847yui_3_16_0_1_1422260083428_35190\">Union Hour<\/div>\n<div id=\"yiv3110073847yui_3_16_0_1_1422260083428_35194\">Reception<\/div>\n<\/div>\n","protected":false},"excerpt":{"rendered":"<p>Dedicated symposium Union of the Romanian Principalities, Sunday, January 25, 2015, 3 PM after St. Liturgy at the Church \u201cSt. Apostles Peter and Paul \u201d. (St. George&#8217;s Episcopal Church) in Astoria, 27th Ave. corner with 14th Street Subway Q or N at Astoria Boulevard Station, Bus Q 18 Time schedule Part Ia Symposium Protocol: Pr. [&hellip;]<\/p>\n","protected":false},"author":1,"featured_media":0,"parent":0,"menu_order":0,"comment_status":"closed","ping_status":"open","template":"","meta":{"inline_featured_image":false,"footnotes":""},"class_list":["post-15808","page","type-page","status-publish"],"yoast_head":"<!-- This site is optimized with the Yoast SEO plugin v27.0 - https:\/\/yoast.com\/product\/yoast-seo-wordpress\/ -->\n<title>Symposium dedicated to the Union of Romanian Principalities - The Academy of Romanian Scientists<\/title>\n<meta name=\"robots\" content=\"index, follow, max-snippet:-1, max-image-preview:large, max-video-preview:-1\" \/>\n<link rel=\"canonical\" href=\"https:\/\/www.aosr.ro\/en\/symposium-dedicated-to-the-union-of-romanian-principalities\/\" \/>\n<meta property=\"og:locale\" content=\"en_US\" \/>\n<meta property=\"og:type\" content=\"article\" \/>\n<meta property=\"og:title\" content=\"Symposium dedicated to the Union of Romanian Principalities - The Academy of Romanian Scientists\" \/>\n<meta property=\"og:description\" content=\"Dedicated symposium Union of the Romanian Principalities, Sunday, January 25, 2015, 3 PM after St. Liturgy at the Church \u201cSt. Apostles Peter and Paul \u201d. (St. George&#8217;s Episcopal Church) in Astoria, 27th Ave. corner with 14th Street Subway Q or N at Astoria Boulevard Station, Bus Q 18 Time schedule Part Ia Symposium Protocol: Pr. [&hellip;]\" \/>\n<meta property=\"og:url\" content=\"https:\/\/www.aosr.ro\/en\/symposium-dedicated-to-the-union-of-romanian-principalities\/\" \/>\n<meta property=\"og:site_name\" content=\"The Academy of Romanian Scientists\" \/>\n<meta name=\"twitter:card\" content=\"summary_large_image\" \/>\n<meta name=\"twitter:label1\" content=\"Est. reading time\" \/>\n\t<meta name=\"twitter:data1\" content=\"2 minutes\" \/>\n<script type=\"application\/ld+json\" class=\"yoast-schema-graph\">{\"@context\":\"https:\/\/schema.org\",\"@graph\":[{\"@type\":\"WebPage\",\"@id\":\"https:\/\/www.aosr.ro\/en\/symposium-dedicated-to-the-union-of-romanian-principalities\/\",\"url\":\"https:\/\/www.aosr.ro\/en\/symposium-dedicated-to-the-union-of-romanian-principalities\/\",\"name\":\"Symposium dedicated to the Union of Romanian Principalities - The Academy of Romanian Scientists\",\"isPartOf\":{\"@id\":\"\/#website\"},\"datePublished\":\"2022-01-12T19:28:55+00:00\",\"breadcrumb\":{\"@id\":\"https:\/\/www.aosr.ro\/en\/symposium-dedicated-to-the-union-of-romanian-principalities\/#breadcrumb\"},\"inLanguage\":\"en-US\",\"potentialAction\":[{\"@type\":\"ReadAction\",\"target\":[\"https:\/\/www.aosr.ro\/en\/symposium-dedicated-to-the-union-of-romanian-principalities\/\"]}]},{\"@type\":\"BreadcrumbList\",\"@id\":\"https:\/\/www.aosr.ro\/en\/symposium-dedicated-to-the-union-of-romanian-principalities\/#breadcrumb\",\"itemListElement\":[{\"@type\":\"ListItem\",\"position\":1,\"name\":\"Home\",\"item\":\"https:\/\/www.aosr.ro\/en\/\"},{\"@type\":\"ListItem\",\"position\":2,\"name\":\"Symposium dedicated to the Union of Romanian Principalities\"}]},{\"@type\":\"WebSite\",\"@id\":\"\/#website\",\"url\":\"\/\",\"name\":\"The Academy of Romanian Scientists\",\"description\":\"The Academy of Romanian Scientists | Official website of AOSR\",\"potentialAction\":[{\"@type\":\"SearchAction\",\"target\":{\"@type\":\"EntryPoint\",\"urlTemplate\":\"\/?s={search_term_string}\"},\"query-input\":{\"@type\":\"PropertyValueSpecification\",\"valueRequired\":true,\"valueName\":\"search_term_string\"}}],\"inLanguage\":\"en-US\"}]}<\/script>\n<!-- \/ Yoast SEO plugin. -->","yoast_head_json":{"title":"Symposium dedicated to the Union of Romanian Principalities - The Academy of Romanian Scientists","robots":{"index":"index","follow":"follow","max-snippet":"max-snippet:-1","max-image-preview":"max-image-preview:large","max-video-preview":"max-video-preview:-1"},"canonical":"https:\/\/www.aosr.ro\/en\/symposium-dedicated-to-the-union-of-romanian-principalities\/","og_locale":"en_US","og_type":"article","og_title":"Symposium dedicated to the Union of Romanian Principalities - The Academy of Romanian Scientists","og_description":"Dedicated symposium Union of the Romanian Principalities, Sunday, January 25, 2015, 3 PM after St. Liturgy at the Church \u201cSt. Apostles Peter and Paul \u201d. (St. George&#8217;s Episcopal Church) in Astoria, 27th Ave. corner with 14th Street Subway Q or N at Astoria Boulevard Station, Bus Q 18 Time schedule Part Ia Symposium Protocol: Pr. [&hellip;]","og_url":"https:\/\/www.aosr.ro\/en\/symposium-dedicated-to-the-union-of-romanian-principalities\/","og_site_name":"The Academy of Romanian Scientists","twitter_card":"summary_large_image","twitter_misc":{"Est. reading time":"2 minutes"},"schema":{"@context":"https:\/\/schema.org","@graph":[{"@type":"WebPage","@id":"https:\/\/www.aosr.ro\/en\/symposium-dedicated-to-the-union-of-romanian-principalities\/","url":"https:\/\/www.aosr.ro\/en\/symposium-dedicated-to-the-union-of-romanian-principalities\/","name":"Symposium dedicated to the Union of Romanian Principalities - The Academy of Romanian Scientists","isPartOf":{"@id":"\/#website"},"datePublished":"2022-01-12T19:28:55+00:00","breadcrumb":{"@id":"https:\/\/www.aosr.ro\/en\/symposium-dedicated-to-the-union-of-romanian-principalities\/#breadcrumb"},"inLanguage":"en-US","potentialAction":[{"@type":"ReadAction","target":["https:\/\/www.aosr.ro\/en\/symposium-dedicated-to-the-union-of-romanian-principalities\/"]}]},{"@type":"BreadcrumbList","@id":"https:\/\/www.aosr.ro\/en\/symposium-dedicated-to-the-union-of-romanian-principalities\/#breadcrumb","itemListElement":[{"@type":"ListItem","position":1,"name":"Home","item":"https:\/\/www.aosr.ro\/en\/"},{"@type":"ListItem","position":2,"name":"Symposium dedicated to the Union of Romanian Principalities"}]},{"@type":"WebSite","@id":"\/#website","url":"\/","name":"The Academy of Romanian Scientists","description":"The Academy of Romanian Scientists | Official website of AOSR","potentialAction":[{"@type":"SearchAction","target":{"@type":"EntryPoint","urlTemplate":"\/?s={search_term_string}"},"query-input":{"@type":"PropertyValueSpecification","valueRequired":true,"valueName":"search_term_string"}}],"inLanguage":"en-US"}]}},"_links":{"self":[{"href":"https:\/\/www.aosr.ro\/en\/wp-json\/wp\/v2\/pages\/15808","targetHints":{"allow":["GET"]}}],"collection":[{"href":"https:\/\/www.aosr.ro\/en\/wp-json\/wp\/v2\/pages"}],"about":[{"href":"https:\/\/www.aosr.ro\/en\/wp-json\/wp\/v2\/types\/page"}],"author":[{"embeddable":true,"href":"https:\/\/www.aosr.ro\/en\/wp-json\/wp\/v2\/users\/1"}],"replies":[{"embeddable":true,"href":"https:\/\/www.aosr.ro\/en\/wp-json\/wp\/v2\/comments?post=15808"}],"version-history":[{"count":0,"href":"https:\/\/www.aosr.ro\/en\/wp-json\/wp\/v2\/pages\/15808\/revisions"}],"wp:attachment":[{"href":"https:\/\/www.aosr.ro\/en\/wp-json\/wp\/v2\/media?parent=15808"}],"curies":[{"name":"wp","href":"https:\/\/api.w.org\/{rel}","templated":true}]}}