{"id":15804,"date":"2022-01-12T21:28:55","date_gmt":"2022-01-12T19:28:55","guid":{"rendered":"https:\/\/www.aosr.ro\/new-members-validated-in-the-general-assembly-and-in-the-meeting-of-the-scientific-council-on-march-26-2015\/"},"modified":"2022-01-12T21:28:55","modified_gmt":"2022-01-12T19:28:55","slug":"new-members-validated-in-the-general-assembly-and-in-the-meeting-of-the-scientific-council-on-march-26-2015","status":"publish","type":"page","link":"https:\/\/www.aosr.ro\/en\/new-members-validated-in-the-general-assembly-and-in-the-meeting-of-the-scientific-council-on-march-26-2015\/","title":{"rendered":"New members validated in the General Assembly and in the meeting of the Scientific Council on March 26, 2015"},"content":{"rendered":"<div class=\"entry-content\">\n<p><strong>Full Members<\/strong><\/p>\n<table style=\"height: 194px;\" border=\"1\" width=\"462\" cellspacing=\"0\" cellpadding=\"0\">\n<tbody>\n<tr>\n<td style=\"text-align: center;\" valign=\"top\" width=\"91\"><strong><a href=\"http:\/\/www.aos.ro\/site_mod\/Primapagina\/CV-uriMembri\/s3-Maria-Gavrilescu.pdf\"><img loading=\"lazy\" decoding=\"async\" title=\"Maria Gavrilescu\" src=\"http:\/\/aos.ro\/_new\/wp-content\/uploads\/2015\/03\/Maria-Gavrilescu1-232x300.jpg\" alt=\"\" width=\"100\" height=\"128\"><br \/>\nincrease<br \/>\nGAVRILESCU<\/a><\/strong><\/td>\n<td style=\"text-align: center;\" valign=\"top\" width=\"91\"><strong><a href=\"http:\/\/www.aos.ro\/site_mod\/Primapagina\/CV-uriMembri\/s5-Mircea-Radulian.pdf\"><img loading=\"lazy\" decoding=\"async\" title=\"Mircea Radulian\" src=\"http:\/\/aos.ro\/_new\/wp-content\/uploads\/2015\/03\/Mircea-Radulian.jpg\" alt=\"\" width=\"101\" height=\"128\"><br \/>\nMIRC<br \/>\nRADULIAN<\/a><br \/>\n<\/strong><\/td>\n<td valign=\"top\" width=\"91\"><strong> <a href=\"http:\/\/www.aos.ro\/site_mod\/Primapagina\/CV-uriMembri\/s9-Emilian-Dobrescu.pdf\"><img loading=\"lazy\" decoding=\"async\" title=\"Emilian M. Dobrescu\" src=\"http:\/\/aos.ro\/_new\/wp-content\/uploads\/2015\/03\/Emilian-M.-Dobrescu1.jpg\" alt=\"\" width=\"117\" height=\"128\"><br \/>\nEmilian M. DOBRESCU<br \/>\n<\/a><\/strong><\/td>\n<td style=\"text-align: center;\" valign=\"top\" width=\"91\"><strong><a href=\"http:\/\/www.aos.ro\/site_mod\/Primapagina\/CV-uriMembri\/s10-Nicolae-Dura.pdf\"><img loading=\"lazy\" decoding=\"async\" title=\"Nicolae Dura\" src=\"http:\/\/aos.ro\/_new\/wp-content\/uploads\/2015\/03\/Nicolae-Dura1.jpg\" alt=\"\" width=\"100\" height=\"128\"><br \/>\nNicolae<br \/>\ntough<\/a><\/strong><\/td>\n<\/tr>\n<\/tbody>\n<\/table>\n<table style=\"height: 190px;\" border=\"1\" width=\"333\" cellspacing=\"0\" cellpadding=\"0\">\n<tbody>\n<tr>\n<td valign=\"top\" width=\"91\"><strong> <a href=\"http:\/\/www.aos.ro\/site_mod\/Primapagina\/CV-uriMembri\/s11-Corneliu-Lungu.pdf\"><img loading=\"lazy\" decoding=\"async\" title=\"Mihai Corneliu LUNGU\" src=\"http:\/\/aos.ro\/_new\/wp-content\/uploads\/2015\/03\/Mihai-Corneliu-LUNGU.jpg\" alt=\"\" width=\"86\" height=\"128\"><br \/>\nMihai Corneliu LUNGU<br \/>\n<\/a><\/strong><\/td>\n<td style=\"text-align: center;\" valign=\"top\" width=\"91\"><strong><a href=\"http:\/\/www.aos.ro\/site_mod\/Primapagina\/CV-uriMembri\/s12-Neculai-Andrei.pdf\"><img loading=\"lazy\" decoding=\"async\" class=\"aligncenter\" title=\"Neculai Andrei\" src=\"http:\/\/aos.ro\/_new\/wp-content\/uploads\/2015\/03\/Neculai-Andrei.jpg\" alt=\"\" width=\"121\" height=\"128\"><br \/>\nNecula<br \/>\nANDREW<\/a><\/strong><\/td>\n<\/tr>\n<\/tbody>\n<\/table>\n<p><strong>Corresponding Members<\/strong><\/p>\n<table border=\"1\" cellspacing=\"0\" cellpadding=\"0\">\n<tbody>\n<tr>\n<td style=\"text-align: center;\" valign=\"top\" width=\"91\"><a href=\"http:\/\/www.aos.ro\/site_mod\/Primapagina\/CV-uriMembri\/s1-Cristinel-Mortici.pdf\"><strong><img loading=\"lazy\" decoding=\"async\" class=\"aligncenter\" title=\"Mortici\" src=\"http:\/\/aos.ro\/_new\/wp-content\/uploads\/2015\/03\/Mortici.jpg\" alt=\"\" width=\"128\" height=\"128\">Cristinel MORTICI<\/strong><\/a><\/td>\n<td style=\"text-align: center;\" valign=\"top\" width=\"91\"><strong><a href=\"http:\/\/aos.ro\/_new\/wp-content\/uploads\/2015\/03\/Antohe2.jpg\"><img loading=\"lazy\" decoding=\"async\" class=\"size-full wp-image-2700 aligncenter\" title=\"Antohe\" src=\"http:\/\/aos.ro\/_new\/wp-content\/uploads\/2015\/03\/Antohe2.jpg\" alt=\"\" width=\"116\" height=\"128\"><\/a><\/strong><strong><a href=\"http:\/\/www.aos.ro\/site_mod\/Primapagina\/CV-uriMembri\/s2-Stefan-Antohe.pdf\">STEFAN<br \/>\nANTOHE<\/a><br \/>\n<\/strong><\/td>\n<td style=\"text-align: center;\" valign=\"top\" width=\"91\"><img loading=\"lazy\" decoding=\"async\" class=\"size-medium wp-image-2682 aligncenter\" title=\"Coprean\" src=\"http:\/\/aos.ro\/_new\/wp-content\/uploads\/2015\/03\/Coprean-225x300.jpg\" alt=\"\" width=\"96\" height=\"128\"><strong><a href=\"http:\/\/www.aos.ro\/site_mod\/Primapagina\/CV-uriMembri\/s4-Dragomir-Coprean.pdf\">Dragomir COPREAN<\/a><br \/>\n<\/strong><\/td>\n<td style=\"text-align: center;\" valign=\"top\" width=\"91\"><img loading=\"lazy\" decoding=\"async\" class=\"size-full wp-image-2695 aligncenter\" title=\"hadar\" src=\"http:\/\/aos.ro\/_new\/wp-content\/uploads\/2015\/03\/hadar1.jpg\" alt=\"\" width=\"106\" height=\"128\"><a href=\"http:\/\/www.aos.ro\/site_mod\/Primapagina\/CV-uriMembri\/s6-Anton-Hadar.pdf\">antonym<br \/>\nHADAR<\/a><\/td>\n<\/tr>\n<\/tbody>\n<\/table>\n<table style=\"height: 201px;\" border=\"1\" width=\"340\" cellspacing=\"0\" cellpadding=\"0\">\n<tbody>\n<tr>\n<td style=\"text-align: left;\" valign=\"top\" width=\"91\"><img loading=\"lazy\" decoding=\"async\" class=\"size-medium wp-image-2685\" title=\"vasile_dumbrava\" src=\"http:\/\/aos.ro\/_new\/wp-content\/uploads\/2015\/03\/vasile_dumbrava1-257x300.jpg\" alt=\"\" width=\"110\" height=\"128\"><strong><a href=\"http:\/\/www.aos.ro\/site_mod\/Primapagina\/CV-uriMembri\/s9-Vasile-Dumbrava.pdf\">Vasile DUMBRAV\u0102<\/a><br \/>\n<\/strong><\/td>\n<td style=\"text-align: center;\" valign=\"top\" width=\"91\"><img loading=\"lazy\" decoding=\"async\" class=\"size-medium wp-image-2687 aligncenter\" title=\"BADESCU\" src=\"http:\/\/aos.ro\/_new\/wp-content\/uploads\/2015\/03\/BADESCU1-215x300.jpg\" alt=\"\" width=\"92\" height=\"128\"><strong><a href=\"http:\/\/www.aos.ro\/site_mod\/Primapagina\/CV-uriMembri\/s10-Mihai-Badescu.pdf\">Mihai B\u0102DESCU<\/a><br \/>\n<\/strong><\/td>\n<td style=\"text-align: center;\" valign=\"top\" width=\"91\"><img loading=\"lazy\" decoding=\"async\" class=\"size-full wp-image-2688 aligncenter\" title=\"Visarion Neagoe\" src=\"http:\/\/aos.ro\/_new\/wp-content\/uploads\/2015\/03\/Visarion-Neagoe.jpg\" alt=\"\" width=\"132\" height=\"128\"><strong><a href=\"http:\/\/www.aos.ro\/site_mod\/Primapagina\/CV-uriMembri\/s13-Visarion-Neagoe.pdf\">Vissarion<br \/>\nNEAGOE<\/a><\/strong><\/td>\n<\/tr>\n<\/tbody>\n<\/table>\n<p><strong>Honorary Members Abroad<\/strong><\/p>\n<table border=\"1\" cellspacing=\"0\" cellpadding=\"0\">\n<tbody>\n<tr>\n<td valign=\"top\" width=\"91\"><strong><a href=\"http:\/\/www.aos.ro\/site_mod\/Primapagina\/CV-uriMembri\/s5-Mircea-Radulian.pdf\"><img loading=\"lazy\" decoding=\"async\" title=\"Mircea Radulian\" src=\"http:\/\/aos.ro\/_new\/wp-content\/uploads\/2015\/03\/Mircea-Radulian.jpg\" alt=\"\" width=\"101\" height=\"128\"><br \/>\nMichael<br \/>\nROCO<\/a><br \/>\n<\/strong><\/td>\n<td valign=\"top\" width=\"91\"><strong><a href=\"https:\/\/www.aosr.ro\/wp-content\/uploads\/2015\/07\/ENESCU-Bogdan.jpg\"><img loading=\"lazy\" decoding=\"async\" class=\"alignnone wp-image-10323\" src=\"https:\/\/www.aosr.ro\/wp-content\/uploads\/2015\/07\/ENESCU-Bogdan.jpg\" alt=\"ENESCU-Bogdan\" width=\"101\" height=\"128\" srcset=\"https:\/\/www.aosr.ro\/wp-content\/uploads\/2015\/07\/ENESCU-Bogdan.jpg 179w, https:\/\/www.aosr.ro\/wp-content\/uploads\/2015\/07\/ENESCU-Bogdan-126x160.jpg 126w\" sizes=\"auto, (max-width: 101px) 100vw, 101px\" \/><\/a><a href=\"http:\/\/www.aos.ro\/_new\/2015\/CandidatMOSEnescuBogdan.pdf\"><br \/>\nBogdan<br \/>\nENESCU<br \/>\n<\/a><\/strong><\/td>\n<td valign=\"top\" width=\"91\"><strong><a href=\"http:\/\/www.aos.ro\/site_mod\/Primapagina\/CV-uriMembri\/s10-Nicolae-Dura.pdf\"><img loading=\"lazy\" decoding=\"async\" title=\"Nicolae Dura\" src=\"http:\/\/aos.ro\/_new\/wp-content\/uploads\/2015\/03\/Nicolae-Dura1.jpg\" alt=\"\" width=\"100\" height=\"128\"><br \/>\n<\/a> <a href=\"http:\/\/www.aos.ro\/_new\/2015\/CandidatMOSPepoPeter.pdf\">Peter<\/a><br \/>\n<a href=\"http:\/\/www.aos.ro\/_new\/2015\/CandidatMOSPepoPeter.pdf\"> PEP\u00d3 <\/a><\/strong><\/td>\n<td valign=\"top\" width=\"91\"><strong><a href=\"https:\/\/www.aosr.ro\/wp-content\/uploads\/2015\/04\/BOUSSARD-Jean-Marc.jpg\"><img loading=\"lazy\" decoding=\"async\" class=\"alignnone wp-image-10325\" src=\"https:\/\/www.aosr.ro\/wp-content\/uploads\/2015\/04\/BOUSSARD-Jean-Marc.jpg\" alt=\"BOUSSARD-Jean-Marc\" width=\"115\" height=\"124\" srcset=\"https:\/\/www.aosr.ro\/wp-content\/uploads\/2015\/04\/BOUSSARD-Jean-Marc.jpg 166w, https:\/\/www.aosr.ro\/wp-content\/uploads\/2015\/04\/BOUSSARD-Jean-Marc-149x160.jpg 149w\" sizes=\"auto, (max-width: 115px) 100vw, 115px\" \/><\/a><a href=\"http:\/\/www.aos.ro\/site_mod\/Primapagina\/CV-uriMembri\/s11-Corneliu-Lungu.pdf\"><br \/>\n<\/a><a href=\"http:\/\/www.aos.ro\/_new\/2015\/CandidatMOSBoussardJeanMarc.pdf\">Jean-Marc<\/a><br \/>\n<a href=\"http:\/\/www.aos.ro\/_new\/2015\/CandidatMOSBoussardJeanMarc.pdf\"> BOUSSARD<\/a><\/strong><\/td>\n<\/tr>\n<\/tbody>\n<\/table>\n<table border=\"1\" cellspacing=\"0\" cellpadding=\"0\">\n<tbody>\n<tr>\n<td valign=\"top\" width=\"91\"><strong> <a href=\"http:\/\/www.aos.ro\/site_mod\/Primapagina\/CV-uriMembri\/s9-Emilian-Dobrescu.pdf\"><img loading=\"lazy\" decoding=\"async\" title=\"Emilian M. Dobrescu\" src=\"http:\/\/aos.ro\/_new\/wp-content\/uploads\/2015\/03\/Emilian-M.-Dobrescu1.jpg\" alt=\"\" width=\"117\" height=\"128\"><br \/>\nEmilian M. DOBRESCU<br \/>\n<\/a><\/strong><\/td>\n<td valign=\"top\" width=\"91\"><strong><a href=\"http:\/\/www.aos.ro\/site_mod\/Primapagina\/CV-uriMembri\/s10-Nicolae-Dura.pdf\"><img loading=\"lazy\" decoding=\"async\" title=\"Nicolae Dura\" src=\"http:\/\/aos.ro\/_new\/wp-content\/uploads\/2015\/03\/Nicolae-Dura1.jpg\" alt=\"\" width=\"100\" height=\"128\"><br \/>\nNicolae<br \/>\ntough <\/a><\/strong><\/td>\n<td valign=\"top\" width=\"91\"><strong> <a href=\"http:\/\/www.aos.ro\/site_mod\/Primapagina\/CV-uriMembri\/s11-Corneliu-Lungu.pdf\"><img loading=\"lazy\" decoding=\"async\" title=\"Mihai Corneliu LUNGU\" src=\"http:\/\/aos.ro\/_new\/wp-content\/uploads\/2015\/03\/Mihai-Corneliu-LUNGU.jpg\" alt=\"\" width=\"86\" height=\"128\"><br \/>\nMihai Corneliu LUNGU<br \/>\n<\/a><\/strong><\/td>\n<td valign=\"top\" width=\"91\"><strong><a href=\"http:\/\/www.aos.ro\/site_mod\/Primapagina\/CV-uriMembri\/s12-Neculai-Andrei.pdf\"><img loading=\"lazy\" decoding=\"async\" title=\"Neculai Andrei\" src=\"http:\/\/aos.ro\/_new\/wp-content\/uploads\/2015\/03\/Neculai-Andrei.jpg\" alt=\"\" width=\"121\" height=\"128\"><br \/>\nNecula<br \/>\nANDREW<\/a><\/strong><\/td>\n<\/tr>\n<\/tbody>\n<\/table>\n<ul>\n<li><a href=\"http:\/\/www.aos.ro\/_new\/2015\/CandidatMOSRocoMihail.pdf\"><strong>ROCO Mihail<\/strong><\/a><\/li>\n<li><a href=\"http:\/\/www.aos.ro\/_new\/2015\/CandidatMOSEnescuBogdan.pdf\"><strong>ENESCU Bogdan<\/strong><\/a><\/li>\n<li><a href=\"http:\/\/www.aos.ro\/_new\/2015\/CandidatMOSPepoPeter.pdf\"><strong>PEP\u00d3 P\u00e9ter<\/strong><\/a><\/li>\n<li><a href=\"http:\/\/www.aos.ro\/_new\/2015\/CandidatMOSBoussardJeanMarc.pdf\"><strong>BOUSSARD Jean-Marc<\/strong><\/a><\/li>\n<li><a href=\"http:\/\/www.aos.ro\/_new\/2015\/CandidatMOSHuguierMichel.pdf\"><strong>HUGUIER Michel<\/strong><\/a><\/li>\n<li><a href=\"http:\/\/www.aos.ro\/_new\/2015\/CandidatMOSKandzijaVinko.pdf\"><strong>KAND\u017dIJA Vinko<\/strong><\/a><\/li>\n<li><a href=\"http:\/\/www.aos.ro\/_new\/2015\/CandidatMOSMoraruVictor.pdf\"><strong>MORARU Victor<\/strong><\/a><\/li>\n<li><a href=\"http:\/\/www.aos.ro\/_new\/2015\/CandidatMOSAnceauEric.pdf\"><strong>ANCEAU Enric<\/strong><\/a><\/li>\n<li><a href=\"http:\/\/www.aos.ro\/_new\/2015\/CandidatMOSMiljkovichEma.pdf\"><strong>MILJKOVICH Ema<\/strong><\/a><\/li>\n<\/ul>\n<p><strong>Honorary Members<br \/>\n<\/strong><\/p>\n<ul>\n<li><a href=\"http:\/\/www.aos.ro\/_new\/2015\/CandidatMOFBleahuMarcian.pdf\"><strong>BLEAHU Marcian<\/strong><\/a><\/li>\n<li><a href=\"http:\/\/www.aos.ro\/_new\/2015\/CandidatMOFNegutSilviu.pdf\"><strong>NEGUT Silviu<\/strong><\/a><\/li>\n<li><a href=\"http:\/\/www.aos.ro\/_new\/2015\/CandidatMOFTamasSergiu.pdf\"><strong>TAMA\u0218 Sergiu<\/strong><\/a><\/li>\n<li><a href=\"http:\/\/www.aos.ro\/_new\/2015\/CandidatMOFPetrisorMarin.pdf\"><strong>PETRI\u0218OR Marin<\/strong><\/a><\/li>\n<li><a href=\"http:\/\/www.aos.ro\/_new\/2015\/CandidatMOFTasinGemil.pdf\"><strong>TASIN Gemil<\/strong><\/a><\/li>\n<\/ul>\n<\/div>\n","protected":false},"excerpt":{"rendered":"<p>Full Members increase GAVRILESCU MIRC RADULIAN Emilian M. DOBRESCU Nicolae tough Mihai Corneliu LUNGU Necula ANDREW Corresponding Members Cristinel MORTICI STEFAN ANTOHE Dragomir COPREAN antonym HADAR Vasile DUMBRAV\u0102 Mihai B\u0102DESCU Vissarion NEAGOE Honorary Members Abroad Michael ROCO Bogdan ENESCU Peter PEP\u00d3 Jean-Marc BOUSSARD Emilian M. DOBRESCU Nicolae tough Mihai Corneliu LUNGU Necula ANDREW ROCO Mihail [&hellip;]<\/p>\n","protected":false},"author":1,"featured_media":0,"parent":0,"menu_order":0,"comment_status":"closed","ping_status":"closed","template":"","meta":{"inline_featured_image":false,"footnotes":""},"class_list":["post-15804","page","type-page","status-publish"],"yoast_head":"<!-- This site is optimized with the Yoast SEO plugin v27.0 - https:\/\/yoast.com\/product\/yoast-seo-wordpress\/ -->\n<title>New members validated in the General Assembly and in the meeting of the Scientific Council on March 26, 2015 - The Academy of Romanian Scientists<\/title>\n<meta name=\"robots\" content=\"index, follow, max-snippet:-1, max-image-preview:large, max-video-preview:-1\" \/>\n<link rel=\"canonical\" href=\"https:\/\/www.aosr.ro\/en\/new-members-validated-in-the-general-assembly-and-in-the-meeting-of-the-scientific-council-on-march-26-2015\/\" \/>\n<meta property=\"og:locale\" content=\"en_US\" \/>\n<meta property=\"og:type\" content=\"article\" \/>\n<meta property=\"og:title\" content=\"New members validated in the General Assembly and in the meeting of the Scientific Council on March 26, 2015 - The Academy of Romanian Scientists\" \/>\n<meta property=\"og:description\" content=\"Full Members increase GAVRILESCU MIRC RADULIAN Emilian M. DOBRESCU Nicolae tough Mihai Corneliu LUNGU Necula ANDREW Corresponding Members Cristinel MORTICI STEFAN ANTOHE Dragomir COPREAN antonym HADAR Vasile DUMBRAV\u0102 Mihai B\u0102DESCU Vissarion NEAGOE Honorary Members Abroad Michael ROCO Bogdan ENESCU Peter PEP\u00d3 Jean-Marc BOUSSARD Emilian M. DOBRESCU Nicolae tough Mihai Corneliu LUNGU Necula ANDREW ROCO Mihail [&hellip;]\" \/>\n<meta property=\"og:url\" content=\"https:\/\/www.aosr.ro\/en\/new-members-validated-in-the-general-assembly-and-in-the-meeting-of-the-scientific-council-on-march-26-2015\/\" \/>\n<meta property=\"og:site_name\" content=\"The Academy of Romanian Scientists\" \/>\n<meta property=\"og:image\" content=\"http:\/\/aos.ro\/_new\/wp-content\/uploads\/2015\/03\/Maria-Gavrilescu1-232x300.jpg\" \/>\n<meta name=\"twitter:card\" content=\"summary_large_image\" \/>\n<script type=\"application\/ld+json\" class=\"yoast-schema-graph\">{\"@context\":\"https:\/\/schema.org\",\"@graph\":[{\"@type\":\"WebPage\",\"@id\":\"https:\/\/www.aosr.ro\/en\/new-members-validated-in-the-general-assembly-and-in-the-meeting-of-the-scientific-council-on-march-26-2015\/\",\"url\":\"https:\/\/www.aosr.ro\/en\/new-members-validated-in-the-general-assembly-and-in-the-meeting-of-the-scientific-council-on-march-26-2015\/\",\"name\":\"New members validated in the General Assembly and in the meeting of the Scientific Council on March 26, 2015 - The Academy of Romanian Scientists\",\"isPartOf\":{\"@id\":\"\/#website\"},\"primaryImageOfPage\":{\"@id\":\"https:\/\/www.aosr.ro\/en\/new-members-validated-in-the-general-assembly-and-in-the-meeting-of-the-scientific-council-on-march-26-2015\/#primaryimage\"},\"image\":{\"@id\":\"https:\/\/www.aosr.ro\/en\/new-members-validated-in-the-general-assembly-and-in-the-meeting-of-the-scientific-council-on-march-26-2015\/#primaryimage\"},\"thumbnailUrl\":\"http:\/\/aos.ro\/_new\/wp-content\/uploads\/2015\/03\/Maria-Gavrilescu1-232x300.jpg\",\"datePublished\":\"2022-01-12T19:28:55+00:00\",\"breadcrumb\":{\"@id\":\"https:\/\/www.aosr.ro\/en\/new-members-validated-in-the-general-assembly-and-in-the-meeting-of-the-scientific-council-on-march-26-2015\/#breadcrumb\"},\"inLanguage\":\"en-US\",\"potentialAction\":[{\"@type\":\"ReadAction\",\"target\":[\"https:\/\/www.aosr.ro\/en\/new-members-validated-in-the-general-assembly-and-in-the-meeting-of-the-scientific-council-on-march-26-2015\/\"]}]},{\"@type\":\"ImageObject\",\"inLanguage\":\"en-US\",\"@id\":\"https:\/\/www.aosr.ro\/en\/new-members-validated-in-the-general-assembly-and-in-the-meeting-of-the-scientific-council-on-march-26-2015\/#primaryimage\",\"url\":\"http:\/\/aos.ro\/_new\/wp-content\/uploads\/2015\/03\/Maria-Gavrilescu1-232x300.jpg\",\"contentUrl\":\"http:\/\/aos.ro\/_new\/wp-content\/uploads\/2015\/03\/Maria-Gavrilescu1-232x300.jpg\"},{\"@type\":\"BreadcrumbList\",\"@id\":\"https:\/\/www.aosr.ro\/en\/new-members-validated-in-the-general-assembly-and-in-the-meeting-of-the-scientific-council-on-march-26-2015\/#breadcrumb\",\"itemListElement\":[{\"@type\":\"ListItem\",\"position\":1,\"name\":\"Home\",\"item\":\"https:\/\/www.aosr.ro\/en\/\"},{\"@type\":\"ListItem\",\"position\":2,\"name\":\"New members validated in the General Assembly and in the meeting of the Scientific Council on March 26, 2015\"}]},{\"@type\":\"WebSite\",\"@id\":\"\/#website\",\"url\":\"\/\",\"name\":\"The Academy of Romanian Scientists\",\"description\":\"The Academy of Romanian Scientists | Official website of AOSR\",\"potentialAction\":[{\"@type\":\"SearchAction\",\"target\":{\"@type\":\"EntryPoint\",\"urlTemplate\":\"\/?s={search_term_string}\"},\"query-input\":{\"@type\":\"PropertyValueSpecification\",\"valueRequired\":true,\"valueName\":\"search_term_string\"}}],\"inLanguage\":\"en-US\"}]}<\/script>\n<!-- \/ Yoast SEO plugin. -->","yoast_head_json":{"title":"New members validated in the General Assembly and in the meeting of the Scientific Council on March 26, 2015 - The Academy of Romanian Scientists","robots":{"index":"index","follow":"follow","max-snippet":"max-snippet:-1","max-image-preview":"max-image-preview:large","max-video-preview":"max-video-preview:-1"},"canonical":"https:\/\/www.aosr.ro\/en\/new-members-validated-in-the-general-assembly-and-in-the-meeting-of-the-scientific-council-on-march-26-2015\/","og_locale":"en_US","og_type":"article","og_title":"New members validated in the General Assembly and in the meeting of the Scientific Council on March 26, 2015 - The Academy of Romanian Scientists","og_description":"Full Members increase GAVRILESCU MIRC RADULIAN Emilian M. DOBRESCU Nicolae tough Mihai Corneliu LUNGU Necula ANDREW Corresponding Members Cristinel MORTICI STEFAN ANTOHE Dragomir COPREAN antonym HADAR Vasile DUMBRAV\u0102 Mihai B\u0102DESCU Vissarion NEAGOE Honorary Members Abroad Michael ROCO Bogdan ENESCU Peter PEP\u00d3 Jean-Marc BOUSSARD Emilian M. DOBRESCU Nicolae tough Mihai Corneliu LUNGU Necula ANDREW ROCO Mihail [&hellip;]","og_url":"https:\/\/www.aosr.ro\/en\/new-members-validated-in-the-general-assembly-and-in-the-meeting-of-the-scientific-council-on-march-26-2015\/","og_site_name":"The Academy of Romanian Scientists","og_image":[{"url":"http:\/\/aos.ro\/_new\/wp-content\/uploads\/2015\/03\/Maria-Gavrilescu1-232x300.jpg","type":"","width":"","height":""}],"twitter_card":"summary_large_image","schema":{"@context":"https:\/\/schema.org","@graph":[{"@type":"WebPage","@id":"https:\/\/www.aosr.ro\/en\/new-members-validated-in-the-general-assembly-and-in-the-meeting-of-the-scientific-council-on-march-26-2015\/","url":"https:\/\/www.aosr.ro\/en\/new-members-validated-in-the-general-assembly-and-in-the-meeting-of-the-scientific-council-on-march-26-2015\/","name":"New members validated in the General Assembly and in the meeting of the Scientific Council on March 26, 2015 - The Academy of Romanian Scientists","isPartOf":{"@id":"\/#website"},"primaryImageOfPage":{"@id":"https:\/\/www.aosr.ro\/en\/new-members-validated-in-the-general-assembly-and-in-the-meeting-of-the-scientific-council-on-march-26-2015\/#primaryimage"},"image":{"@id":"https:\/\/www.aosr.ro\/en\/new-members-validated-in-the-general-assembly-and-in-the-meeting-of-the-scientific-council-on-march-26-2015\/#primaryimage"},"thumbnailUrl":"http:\/\/aos.ro\/_new\/wp-content\/uploads\/2015\/03\/Maria-Gavrilescu1-232x300.jpg","datePublished":"2022-01-12T19:28:55+00:00","breadcrumb":{"@id":"https:\/\/www.aosr.ro\/en\/new-members-validated-in-the-general-assembly-and-in-the-meeting-of-the-scientific-council-on-march-26-2015\/#breadcrumb"},"inLanguage":"en-US","potentialAction":[{"@type":"ReadAction","target":["https:\/\/www.aosr.ro\/en\/new-members-validated-in-the-general-assembly-and-in-the-meeting-of-the-scientific-council-on-march-26-2015\/"]}]},{"@type":"ImageObject","inLanguage":"en-US","@id":"https:\/\/www.aosr.ro\/en\/new-members-validated-in-the-general-assembly-and-in-the-meeting-of-the-scientific-council-on-march-26-2015\/#primaryimage","url":"http:\/\/aos.ro\/_new\/wp-content\/uploads\/2015\/03\/Maria-Gavrilescu1-232x300.jpg","contentUrl":"http:\/\/aos.ro\/_new\/wp-content\/uploads\/2015\/03\/Maria-Gavrilescu1-232x300.jpg"},{"@type":"BreadcrumbList","@id":"https:\/\/www.aosr.ro\/en\/new-members-validated-in-the-general-assembly-and-in-the-meeting-of-the-scientific-council-on-march-26-2015\/#breadcrumb","itemListElement":[{"@type":"ListItem","position":1,"name":"Home","item":"https:\/\/www.aosr.ro\/en\/"},{"@type":"ListItem","position":2,"name":"New members validated in the General Assembly and in the meeting of the Scientific Council on March 26, 2015"}]},{"@type":"WebSite","@id":"\/#website","url":"\/","name":"The Academy of Romanian Scientists","description":"The Academy of Romanian Scientists | Official website of AOSR","potentialAction":[{"@type":"SearchAction","target":{"@type":"EntryPoint","urlTemplate":"\/?s={search_term_string}"},"query-input":{"@type":"PropertyValueSpecification","valueRequired":true,"valueName":"search_term_string"}}],"inLanguage":"en-US"}]}},"_links":{"self":[{"href":"https:\/\/www.aosr.ro\/en\/wp-json\/wp\/v2\/pages\/15804","targetHints":{"allow":["GET"]}}],"collection":[{"href":"https:\/\/www.aosr.ro\/en\/wp-json\/wp\/v2\/pages"}],"about":[{"href":"https:\/\/www.aosr.ro\/en\/wp-json\/wp\/v2\/types\/page"}],"author":[{"embeddable":true,"href":"https:\/\/www.aosr.ro\/en\/wp-json\/wp\/v2\/users\/1"}],"replies":[{"embeddable":true,"href":"https:\/\/www.aosr.ro\/en\/wp-json\/wp\/v2\/comments?post=15804"}],"version-history":[{"count":0,"href":"https:\/\/www.aosr.ro\/en\/wp-json\/wp\/v2\/pages\/15804\/revisions"}],"wp:attachment":[{"href":"https:\/\/www.aosr.ro\/en\/wp-json\/wp\/v2\/media?parent=15804"}],"curies":[{"name":"wp","href":"https:\/\/api.w.org\/{rel}","templated":true}]}}