{"id":15791,"date":"2022-01-12T21:28:51","date_gmt":"2022-01-12T19:28:51","guid":{"rendered":"https:\/\/www.aosr.ro\/romanian-association-of-scientists-1956-1996\/"},"modified":"2022-01-12T21:28:51","modified_gmt":"2022-01-12T19:28:51","slug":"romanian-association-of-scientists-1956-1996","status":"publish","type":"page","link":"https:\/\/www.aosr.ro\/en\/romanian-association-of-scientists-1956-1996\/","title":{"rendered":"Romanian Association of Scientists (1956 &#8211; 1996)"},"content":{"rendered":"<p><strong>Romanian Association of Scientists (1956 &#8211; 1996)<\/strong><\/p>\n<p><strong>Establishment of the ROMANIAN SCIENCES ASSOCIATION (AOS) &#8211; 1956<\/strong><\/p>\n<p>Starting from the reality created by the integration of the Romanian Academy of Sciences in the Academy of the Romanian People&#8217;s Republic and taking into account that in scientifically and industrially developed countries it is considered natural and normal for several academies or societies to exist in a state. scientific knowledge of scientists, <em>The president of the Romanian Academy at that time, academician Traian S\u0103vulescu, organized on March 23, 1956 the founding meeting of the Association of Romanian Scientists (AOS), as a reparative gesture towards the abolition of ASR in 1948<\/em> .<\/p>\n<p>The Romanian Association of Scientists was established, as a legal entity, by HCM no. 1012\/30 May 1956 in order to support the coordination of scientific work at the national level and the representation of this research at the international level. The AOS consisted of collective members &#8211; scientific organizations &#8211; and individual members, prestigious scientists, who adhered to the statute of the association.<\/p>\n<p><strong>AOS management<\/strong><\/p>\n<p>The supreme governing body of the AOS was the general meeting of voting delegates, and the governing body in the interval between general meetings was a steering committee. <em>Following the constituent meeting, the AOS steering committee was elected, consisting of the President of the Romanian Academy, academician Traian S\u0103vulescu, President, academics \u015etefan B\u0103lan and Mihail Ralea, Vice Presidents, and academics Gheorghe Macovei, Grigore Moisil, Gheorghe Murgeanu and Constantin Budeanu, members<\/em> .<\/p>\n<p>In 1968, Academician Athanasie Joja (1968-1973) was elected President, and from 1973 to December 1994, AOS President was Academician Nicolaie Teodorescu.<\/p>\n<p>At the general assembly of December 9, 1994, academician Nicolae Teodorescu became Honorary President, and AOS President was elected Grl. Prof. Univ. Dr. Vasile C\u00e2ndea, full member of the Academy of Medical Sciences. Furthermore, AOS &#8216;s own activity has seen new values along the lines of 1989.<\/p>\n<p><strong>AOS activity<\/strong><\/p>\n<p>The first objective of the activity of the Romanian Scientists Association (since 1956) was to represent scientists, all Romanian scientific researchers in international non-governmental organizations (UNESCO, Pugwash Movement, World Federation of Scientists, etc.).<\/p>\n<p>The Romanian Association of Scientists has organized conferences, debates, exhibitions, documentary visits in the country and abroad and has participated through its collective or individual members in domestic and international scientific events. Through the way in which AOS fulfilled this objective (participation in the actions regarding the scientific life and the relations of science with the contemporary society carried out by these international organizations), Romania was appreciated for the value of the delegations and their contributions.<\/p>\n<p>After 1989, the Romanian Association of Scientists deeply reorganized its activity, and after the general assembly in October 1990, the AOS leadership began a meticulous and constant work of reconstitution, of re-establishing on its own tracks the scientific objectives of general interest that stood. in front of.<\/p>\n","protected":false},"excerpt":{"rendered":"<p>Romanian Association of Scientists (1956 &#8211; 1996) Establishment of the ROMANIAN SCIENCES ASSOCIATION (AOS) &#8211; 1956 Starting from the reality created by the integration of the Romanian Academy of Sciences in the Academy of the Romanian People&#8217;s Republic and taking into account that in scientifically and industrially developed countries it is considered natural and normal [&hellip;]<\/p>\n","protected":false},"author":3,"featured_media":0,"parent":0,"menu_order":0,"comment_status":"closed","ping_status":"open","template":"","meta":{"inline_featured_image":false,"footnotes":""},"class_list":["post-15791","page","type-page","status-publish"],"yoast_head":"<!-- This site is optimized with the Yoast SEO plugin v27.0 - https:\/\/yoast.com\/product\/yoast-seo-wordpress\/ -->\n<title>Romanian Association of Scientists (1956 - 1996) - The Academy of Romanian Scientists<\/title>\n<meta name=\"robots\" content=\"index, follow, max-snippet:-1, max-image-preview:large, max-video-preview:-1\" \/>\n<link rel=\"canonical\" href=\"https:\/\/www.aosr.ro\/en\/romanian-association-of-scientists-1956-1996\/\" \/>\n<meta property=\"og:locale\" content=\"en_US\" \/>\n<meta property=\"og:type\" content=\"article\" \/>\n<meta property=\"og:title\" content=\"Romanian Association of Scientists (1956 - 1996) - The Academy of Romanian Scientists\" \/>\n<meta property=\"og:description\" content=\"Romanian Association of Scientists (1956 &#8211; 1996) Establishment of the ROMANIAN SCIENCES ASSOCIATION (AOS) &#8211; 1956 Starting from the reality created by the integration of the Romanian Academy of Sciences in the Academy of the Romanian People&#8217;s Republic and taking into account that in scientifically and industrially developed countries it is considered natural and normal [&hellip;]\" \/>\n<meta property=\"og:url\" content=\"https:\/\/www.aosr.ro\/en\/romanian-association-of-scientists-1956-1996\/\" \/>\n<meta property=\"og:site_name\" content=\"The Academy of Romanian Scientists\" \/>\n<meta name=\"twitter:card\" content=\"summary_large_image\" \/>\n<meta name=\"twitter:label1\" content=\"Est. reading time\" \/>\n\t<meta name=\"twitter:data1\" content=\"2 minutes\" \/>\n<script type=\"application\/ld+json\" class=\"yoast-schema-graph\">{\"@context\":\"https:\/\/schema.org\",\"@graph\":[{\"@type\":\"WebPage\",\"@id\":\"https:\/\/www.aosr.ro\/en\/romanian-association-of-scientists-1956-1996\/\",\"url\":\"https:\/\/www.aosr.ro\/en\/romanian-association-of-scientists-1956-1996\/\",\"name\":\"Romanian Association of Scientists (1956 - 1996) - The Academy of Romanian Scientists\",\"isPartOf\":{\"@id\":\"\/#website\"},\"datePublished\":\"2022-01-12T19:28:51+00:00\",\"breadcrumb\":{\"@id\":\"https:\/\/www.aosr.ro\/en\/romanian-association-of-scientists-1956-1996\/#breadcrumb\"},\"inLanguage\":\"en-US\",\"potentialAction\":[{\"@type\":\"ReadAction\",\"target\":[\"https:\/\/www.aosr.ro\/en\/romanian-association-of-scientists-1956-1996\/\"]}]},{\"@type\":\"BreadcrumbList\",\"@id\":\"https:\/\/www.aosr.ro\/en\/romanian-association-of-scientists-1956-1996\/#breadcrumb\",\"itemListElement\":[{\"@type\":\"ListItem\",\"position\":1,\"name\":\"Home\",\"item\":\"https:\/\/www.aosr.ro\/en\/\"},{\"@type\":\"ListItem\",\"position\":2,\"name\":\"Romanian Association of Scientists (1956 &#8211; 1996)\"}]},{\"@type\":\"WebSite\",\"@id\":\"\/#website\",\"url\":\"\/\",\"name\":\"The Academy of Romanian Scientists\",\"description\":\"The Academy of Romanian Scientists | Official website of AOSR\",\"potentialAction\":[{\"@type\":\"SearchAction\",\"target\":{\"@type\":\"EntryPoint\",\"urlTemplate\":\"\/?s={search_term_string}\"},\"query-input\":{\"@type\":\"PropertyValueSpecification\",\"valueRequired\":true,\"valueName\":\"search_term_string\"}}],\"inLanguage\":\"en-US\"}]}<\/script>\n<!-- \/ Yoast SEO plugin. -->","yoast_head_json":{"title":"Romanian Association of Scientists (1956 - 1996) - The Academy of Romanian Scientists","robots":{"index":"index","follow":"follow","max-snippet":"max-snippet:-1","max-image-preview":"max-image-preview:large","max-video-preview":"max-video-preview:-1"},"canonical":"https:\/\/www.aosr.ro\/en\/romanian-association-of-scientists-1956-1996\/","og_locale":"en_US","og_type":"article","og_title":"Romanian Association of Scientists (1956 - 1996) - The Academy of Romanian Scientists","og_description":"Romanian Association of Scientists (1956 &#8211; 1996) Establishment of the ROMANIAN SCIENCES ASSOCIATION (AOS) &#8211; 1956 Starting from the reality created by the integration of the Romanian Academy of Sciences in the Academy of the Romanian People&#8217;s Republic and taking into account that in scientifically and industrially developed countries it is considered natural and normal [&hellip;]","og_url":"https:\/\/www.aosr.ro\/en\/romanian-association-of-scientists-1956-1996\/","og_site_name":"The Academy of Romanian Scientists","twitter_card":"summary_large_image","twitter_misc":{"Est. reading time":"2 minutes"},"schema":{"@context":"https:\/\/schema.org","@graph":[{"@type":"WebPage","@id":"https:\/\/www.aosr.ro\/en\/romanian-association-of-scientists-1956-1996\/","url":"https:\/\/www.aosr.ro\/en\/romanian-association-of-scientists-1956-1996\/","name":"Romanian Association of Scientists (1956 - 1996) - The Academy of Romanian Scientists","isPartOf":{"@id":"\/#website"},"datePublished":"2022-01-12T19:28:51+00:00","breadcrumb":{"@id":"https:\/\/www.aosr.ro\/en\/romanian-association-of-scientists-1956-1996\/#breadcrumb"},"inLanguage":"en-US","potentialAction":[{"@type":"ReadAction","target":["https:\/\/www.aosr.ro\/en\/romanian-association-of-scientists-1956-1996\/"]}]},{"@type":"BreadcrumbList","@id":"https:\/\/www.aosr.ro\/en\/romanian-association-of-scientists-1956-1996\/#breadcrumb","itemListElement":[{"@type":"ListItem","position":1,"name":"Home","item":"https:\/\/www.aosr.ro\/en\/"},{"@type":"ListItem","position":2,"name":"Romanian Association of Scientists (1956 &#8211; 1996)"}]},{"@type":"WebSite","@id":"\/#website","url":"\/","name":"The Academy of Romanian Scientists","description":"The Academy of Romanian Scientists | Official website of AOSR","potentialAction":[{"@type":"SearchAction","target":{"@type":"EntryPoint","urlTemplate":"\/?s={search_term_string}"},"query-input":{"@type":"PropertyValueSpecification","valueRequired":true,"valueName":"search_term_string"}}],"inLanguage":"en-US"}]}},"_links":{"self":[{"href":"https:\/\/www.aosr.ro\/en\/wp-json\/wp\/v2\/pages\/15791","targetHints":{"allow":["GET"]}}],"collection":[{"href":"https:\/\/www.aosr.ro\/en\/wp-json\/wp\/v2\/pages"}],"about":[{"href":"https:\/\/www.aosr.ro\/en\/wp-json\/wp\/v2\/types\/page"}],"author":[{"embeddable":true,"href":"https:\/\/www.aosr.ro\/en\/wp-json\/wp\/v2\/users\/3"}],"replies":[{"embeddable":true,"href":"https:\/\/www.aosr.ro\/en\/wp-json\/wp\/v2\/comments?post=15791"}],"version-history":[{"count":0,"href":"https:\/\/www.aosr.ro\/en\/wp-json\/wp\/v2\/pages\/15791\/revisions"}],"wp:attachment":[{"href":"https:\/\/www.aosr.ro\/en\/wp-json\/wp\/v2\/media?parent=15791"}],"curies":[{"name":"wp","href":"https:\/\/api.w.org\/{rel}","templated":true}]}}