{"id":15751,"date":"2022-01-12T21:28:37","date_gmt":"2022-01-12T19:28:37","guid":{"rendered":"https:\/\/www.aosr.ro\/shops\/"},"modified":"2023-08-28T14:52:58","modified_gmt":"2023-08-28T11:52:58","slug":"sections-2","status":"publish","type":"page","link":"https:\/\/www.aosr.ro\/en\/sections-2\/","title":{"rendered":"Sections"},"content":{"rendered":"<div class=\"entry-content\">\n<h4><strong><a title=\"Activit\u0103\u021bi sec\u021bia \u0218tiin\u021be Matematice\" href=\"https:\/\/www.aosr.ro\/membrii-sectiei-stiinte-matematice\/\">Section I &#8211; Mathematical Sciences<br \/>\n<\/a><a title=\"Activit\u0103\u021bi Sec\u021bia \u0218tiin\u021be Fizice\" href=\"https:\/\/www.aosr.ro\/sectii\/stiinte-fizice\/\"><\/p>\n<p><\/a><a href=\"https:\/\/www.aosr.ro\/membrii-sectiei-stiinte-fizice\/\">Section II &#8211; Physical Sciences<\/a><br \/>\n<\/strong><strong><a title=\"Activit\u0103\u021bi Sec\u021bia \u0218tiin\u021be Chimice\" href=\"https:\/\/www.aosr.ro\/membrii-sectiei-stiinte-chimice\/\"><br \/>\nSection III &#8211; Chemical Sciences<\/a><a title=\"Activit\u0103\u021bi Sec\u021bia \u0218tiin\u021be Chimice\"><\/p>\n<p><\/a><a title=\"Activit\u0103\u021bi Sec\u021bia \u0218tiin\u021be Biologice\" href=\"https:\/\/www.aosr.ro\/wp-content\/uploads\/2022\/05\/sectia04.pdf\"><\/p>\n<p><\/a><a href=\"https:\/\/www.aosr.ro\/membrii-sectiei-stiinte-biologice\/\">Section IV &#8211; Biological Sciences<\/a><a title=\"Activit\u0103\u021bi Sec\u021bia \u0218tiin\u021be Biologice\" href=\"https:\/\/www.aosr.ro\/wp-content\/uploads\/2022\/05\/sectia04.pdf\"><br \/>\n<\/a><\/strong><br \/>\n<strong> <a href=\"https:\/\/www.aosr.ro\/membrii-sectiei-stiinte-geonomice\/\">Section V &#8211; Geonomic Sciences<\/a><\/strong><\/h4>\n<h4><strong><a href=\"https:\/\/www.aosr.ro\/membrii-sectiei-stiinte-tehnice\/\">Section VI &#8211; Technical Sciences<\/a><a title=\"Activit\u0103\u021bi Sec\u021bia \u0218tiin\u021be Tehnice\" href=\"https:\/\/www.aosr.ro\/wp-content\/uploads\/2022\/05\/sectia06.pdf\"><br \/>\n<\/a><a title=\"Activit\u0103\u021bi Sec\u021bia \u015etiin\u0163e Agricole, Silvice \u015fi Medicin\u0103 Veterinar\u0103\" href=\"https:\/\/www.aosr.ro\/stiinte-agricole-silvice-si-medicina-veterinara\"><br \/>\n<\/a><a href=\"https:\/\/www.aosr.ro\/membrii-sectiei-stiinte-agricole-silvice-si-medicina-veterinara\/\">Section VII &#8211; Agricultural, Forestry and Veterinary Sciences<\/a><a title=\"Activit\u0103\u021bi Sec\u021bia \u015etiin\u0163e Agricole, Silvice \u015fi Medicin\u0103 Veterinar\u0103\" href=\"https:\/\/www.aosr.ro\/stiinte-agricole-silvice-si-medicina-veterinara\"><br \/>\n<\/a><a title=\"Activit\u0103\u021bi Sec\u021bia \u015etiin\u0163e Medicale\" href=\"https:\/\/www.aosr.ro\/wp-content\/uploads\/2022\/05\/sectia08-.pdf\"><br \/>\n<\/a><a href=\"https:\/\/www.aosr.ro\/membrii-sectiei-stiinte-medicale\/\">Section VIII &#8211; Medical Sciences<\/a><a title=\"Activit\u0103\u021bi Sec\u021bia \u015etiin\u0163e Medicale\" href=\"https:\/\/www.aosr.ro\/sections\/medical-science\/\"><br \/>\n<\/a><a title=\"Activit\u0103\u021bi Sec\u021bia \u015etiin\u0163e Economice, Juridice \u015fi Sociologice\" href=\"https:\/\/www.aosr.ro\/membrii-sectiei-stiinte-economice-juridice-si-sociologice\/\"><br \/>\n<\/a><a href=\"https:\/\/www.aosr.ro\/membrii-sectiei-stiinte-economice-juridice-si-sociologice\/\">Section IX &#8211; Economic, Legal and Sociological Sciences<\/a><\/strong><\/h4>\n<h4><strong><a href=\"https:\/\/www.aosr.ro\/membrii-sectiei-filosofie-teologie-si-psihologie\/\">Section X &#8211; Philosophy, Theology and Psychology<\/a><\/strong><\/h4>\n<h4><strong><a href=\"https:\/\/www.aosr.ro\/membrii-sectiei-stiinte-istorice-si-arheologice\/\"> Section XI &#8211; Historical and Archaeological Sciences <\/a><\/strong><br \/>\n<strong> <a title=\"Activit\u0103\u021bi Sec\u021bia \u015etiin\u0163a \u015fi Tehnologia Informa\u0163iei\" href=\"https:\/\/www.aosr.ro\/sectii\/sectia-stiinta-si-tehnologia-informatiei\/\" target=\"_blank\" rel=\"noopener\"><br \/>\n<\/a><a href=\"https:\/\/www.aosr.ro\/membrii-sectiei-stiinta-si-tehnologia-informatiei\/\">Section XII &#8211; Information Science and Technology<\/a><\/strong><\/h4>\n<h4><strong><a href=\"https:\/\/www.aosr.ro\/membrii-sectiei-stiinte-militare\/\">Section XIII &#8211; Military Sciences<\/a><\/strong><\/h4>\n<p><strong><a href=\"https:\/\/www.aosr.ro\/wp-content\/uploads\/2015\/04\/Cod_etica_AOSR.pdf\">CODE OF ETHICS<\/a> <a href=\"https:\/\/www.aosr.ro\/wp-content\/uploads\/2015\/04\/Cod_etica_AOSR.pdf\">OF THE ROMANIAN ACADEMY OF SCIENTISTS (AO\u0218R)<\/a><\/strong><\/p>\n<\/div>\n","protected":false},"excerpt":{"rendered":"<p>Section I &#8211; Mathematical Sciences Section II &#8211; Physical Sciences Section III &#8211; Chemical Sciences Section IV &#8211; Biological Sciences Section V &#8211; Geonomic Sciences Section VI &#8211; Technical Sciences Section VII &#8211; Agricultural, Forestry and Veterinary Sciences Section VIII &#8211; Medical Sciences Section IX &#8211; Economic, Legal and Sociological Sciences Section X &#8211; Philosophy, [&hellip;]<\/p>\n","protected":false},"author":1,"featured_media":0,"parent":0,"menu_order":0,"comment_status":"closed","ping_status":"open","template":"","meta":{"inline_featured_image":false,"footnotes":""},"class_list":["post-15751","page","type-page","status-publish"],"yoast_head":"<!-- This site is optimized with the Yoast SEO plugin v27.0 - https:\/\/yoast.com\/product\/yoast-seo-wordpress\/ -->\n<title>Sections - The Academy of Romanian Scientists<\/title>\n<meta name=\"robots\" content=\"index, follow, max-snippet:-1, max-image-preview:large, max-video-preview:-1\" \/>\n<link rel=\"canonical\" href=\"https:\/\/www.aosr.ro\/en\/sections-2\/\" \/>\n<meta property=\"og:locale\" content=\"en_US\" \/>\n<meta property=\"og:type\" content=\"article\" \/>\n<meta property=\"og:title\" content=\"Sections - The Academy of Romanian Scientists\" \/>\n<meta property=\"og:description\" content=\"Section I &#8211; Mathematical Sciences Section II &#8211; Physical Sciences Section III &#8211; Chemical Sciences Section IV &#8211; Biological Sciences Section V &#8211; Geonomic Sciences Section VI &#8211; Technical Sciences Section VII &#8211; Agricultural, Forestry and Veterinary Sciences Section VIII &#8211; Medical Sciences Section IX &#8211; Economic, Legal and Sociological Sciences Section X &#8211; Philosophy, [&hellip;]\" \/>\n<meta property=\"og:url\" content=\"https:\/\/www.aosr.ro\/en\/sections-2\/\" \/>\n<meta property=\"og:site_name\" content=\"The Academy of Romanian Scientists\" \/>\n<meta property=\"article:modified_time\" content=\"2023-08-28T11:52:58+00:00\" \/>\n<meta name=\"twitter:card\" content=\"summary_large_image\" \/>\n<script type=\"application\/ld+json\" class=\"yoast-schema-graph\">{\"@context\":\"https:\/\/schema.org\",\"@graph\":[{\"@type\":\"WebPage\",\"@id\":\"https:\/\/www.aosr.ro\/en\/sections-2\/\",\"url\":\"https:\/\/www.aosr.ro\/en\/sections-2\/\",\"name\":\"Sections - The Academy of Romanian Scientists\",\"isPartOf\":{\"@id\":\"\/#website\"},\"datePublished\":\"2022-01-12T19:28:37+00:00\",\"dateModified\":\"2023-08-28T11:52:58+00:00\",\"breadcrumb\":{\"@id\":\"https:\/\/www.aosr.ro\/en\/sections-2\/#breadcrumb\"},\"inLanguage\":\"en-US\",\"potentialAction\":[{\"@type\":\"ReadAction\",\"target\":[\"https:\/\/www.aosr.ro\/en\/sections-2\/\"]}]},{\"@type\":\"BreadcrumbList\",\"@id\":\"https:\/\/www.aosr.ro\/en\/sections-2\/#breadcrumb\",\"itemListElement\":[{\"@type\":\"ListItem\",\"position\":1,\"name\":\"Home\",\"item\":\"https:\/\/www.aosr.ro\/en\/\"},{\"@type\":\"ListItem\",\"position\":2,\"name\":\"Sections\"}]},{\"@type\":\"WebSite\",\"@id\":\"\/#website\",\"url\":\"\/\",\"name\":\"The Academy of Romanian Scientists\",\"description\":\"The Academy of Romanian Scientists | Official website of AOSR\",\"potentialAction\":[{\"@type\":\"SearchAction\",\"target\":{\"@type\":\"EntryPoint\",\"urlTemplate\":\"\/?s={search_term_string}\"},\"query-input\":{\"@type\":\"PropertyValueSpecification\",\"valueRequired\":true,\"valueName\":\"search_term_string\"}}],\"inLanguage\":\"en-US\"}]}<\/script>\n<!-- \/ Yoast SEO plugin. -->","yoast_head_json":{"title":"Sections - The Academy of Romanian Scientists","robots":{"index":"index","follow":"follow","max-snippet":"max-snippet:-1","max-image-preview":"max-image-preview:large","max-video-preview":"max-video-preview:-1"},"canonical":"https:\/\/www.aosr.ro\/en\/sections-2\/","og_locale":"en_US","og_type":"article","og_title":"Sections - The Academy of Romanian Scientists","og_description":"Section I &#8211; Mathematical Sciences Section II &#8211; Physical Sciences Section III &#8211; Chemical Sciences Section IV &#8211; Biological Sciences Section V &#8211; Geonomic Sciences Section VI &#8211; Technical Sciences Section VII &#8211; Agricultural, Forestry and Veterinary Sciences Section VIII &#8211; Medical Sciences Section IX &#8211; Economic, Legal and Sociological Sciences Section X &#8211; Philosophy, [&hellip;]","og_url":"https:\/\/www.aosr.ro\/en\/sections-2\/","og_site_name":"The Academy of Romanian Scientists","article_modified_time":"2023-08-28T11:52:58+00:00","twitter_card":"summary_large_image","schema":{"@context":"https:\/\/schema.org","@graph":[{"@type":"WebPage","@id":"https:\/\/www.aosr.ro\/en\/sections-2\/","url":"https:\/\/www.aosr.ro\/en\/sections-2\/","name":"Sections - The Academy of Romanian Scientists","isPartOf":{"@id":"\/#website"},"datePublished":"2022-01-12T19:28:37+00:00","dateModified":"2023-08-28T11:52:58+00:00","breadcrumb":{"@id":"https:\/\/www.aosr.ro\/en\/sections-2\/#breadcrumb"},"inLanguage":"en-US","potentialAction":[{"@type":"ReadAction","target":["https:\/\/www.aosr.ro\/en\/sections-2\/"]}]},{"@type":"BreadcrumbList","@id":"https:\/\/www.aosr.ro\/en\/sections-2\/#breadcrumb","itemListElement":[{"@type":"ListItem","position":1,"name":"Home","item":"https:\/\/www.aosr.ro\/en\/"},{"@type":"ListItem","position":2,"name":"Sections"}]},{"@type":"WebSite","@id":"\/#website","url":"\/","name":"The Academy of Romanian Scientists","description":"The Academy of Romanian Scientists | Official website of AOSR","potentialAction":[{"@type":"SearchAction","target":{"@type":"EntryPoint","urlTemplate":"\/?s={search_term_string}"},"query-input":{"@type":"PropertyValueSpecification","valueRequired":true,"valueName":"search_term_string"}}],"inLanguage":"en-US"}]}},"_links":{"self":[{"href":"https:\/\/www.aosr.ro\/en\/wp-json\/wp\/v2\/pages\/15751","targetHints":{"allow":["GET"]}}],"collection":[{"href":"https:\/\/www.aosr.ro\/en\/wp-json\/wp\/v2\/pages"}],"about":[{"href":"https:\/\/www.aosr.ro\/en\/wp-json\/wp\/v2\/types\/page"}],"author":[{"embeddable":true,"href":"https:\/\/www.aosr.ro\/en\/wp-json\/wp\/v2\/users\/1"}],"replies":[{"embeddable":true,"href":"https:\/\/www.aosr.ro\/en\/wp-json\/wp\/v2\/comments?post=15751"}],"version-history":[{"count":37,"href":"https:\/\/www.aosr.ro\/en\/wp-json\/wp\/v2\/pages\/15751\/revisions"}],"predecessor-version":[{"id":29607,"href":"https:\/\/www.aosr.ro\/en\/wp-json\/wp\/v2\/pages\/15751\/revisions\/29607"}],"wp:attachment":[{"href":"https:\/\/www.aosr.ro\/en\/wp-json\/wp\/v2\/media?parent=15751"}],"curies":[{"name":"wp","href":"https:\/\/api.w.org\/{rel}","templated":true}]}}